{"id":1061,"date":"2021-06-11T08:24:57","date_gmt":"2021-06-11T08:24:57","guid":{"rendered":"https:\/\/epa.de\/filter\/en\/?page_id=1061"},"modified":"2023-05-23T13:02:39","modified_gmt":"2023-05-23T13:02:39","slug":"leakage-current-compensation-leakcomp-1p","status":"publish","type":"page","link":"https:\/\/epa.de\/filter\/en\/products\/leakage-current-compensation-leakcomp-1p\/","title":{"rendered":"Leakage current compensation <strong>LEAK<\/strong>COMP<sup>\u00ae<\/sup> <em><strong>1P<\/strong><\/em>"},"content":{"rendered":"<h2>In summary:<\/h2>\n<ul>\n<li>Fixed compensation of operational leakage currents up to 50 mA (RMS)!<\/li>\n<li>Increases the operational safety of plants<\/li>\n<li>Use of single-phase inverters \/ VFDs on RCD with 30 mA or higher<\/li>\n<\/ul>\n<p>In industry, residual current circuit breakers (RCCB) are used more and more for personal and fire protection. The modern components in automation technology (such as frequency inverters, line filters, switched-mode power supplies, shielded motor cables, etc.) generate system-related leakage currents. These so-called &#8220;operational&#8221; leakage currents are recognized by the RCD protective devices as residual currents and so often lead to unsafe operating states or their shutdown. The RCD cannot differentiate between operational leakage currents and fault currents.<\/p>\n<p>The EPA <strong>LEAK<\/strong>COMP<sup>\u00ae<\/sup> <strong><i>1P<\/i><\/strong> compensates the operational leakage currents that occur in the system \/ machine and thus prevents false tripping of residual current protective devices, which are caused by excessively high 50 Hz leakage currents. The functionality is given with all commercially available residual current circuit breakers of types A, F, B and B +.<\/p>\n<hr \/>\n<h2>The problem<\/h2>\n<p><a href=\"http:\/\/localhost\/epa-filter\/de\/wp-content\/uploads\/sites\/3\/2017\/08\/leakcomp_1p_ohne.png\" data-rel=\"lightbox-image-0\" data-rl_title=\"\" data-rl_caption=\"\" title=\"\"><img loading=\"lazy\" decoding=\"async\" src=\"http:\/\/localhost\/epa-filter\/de\/wp-content\/uploads\/sites\/3\/2017\/08\/leakcomp_1p_ohne-720x553.png\" alt=\"\" width=\"720\" height=\"553\" class=\"alignnone size-medium wp-image-1880\" \/><\/a><\/p>\n<p><strong>The protective conductors in systems with servo drives and frequency inverters is not currentless.<\/strong><\/p>\n<p>Various measures (use of line filters, shielded motor cables, etc.) must be taken in order to meet CE conformity and the binding protection goals of the low-voltage, EMC and machine directive. Cable shields, interference suppression capacitors and motor windings represent parasitic capacitances. In a fault-free system state, operational leakage currents flow through these parasitic capacitances to the protective conductor or via other conductive parts to the earth potential.<\/p>\n<p>Manufacturers and operators of devices and systems are fundamentally obliged to protect people against electric shock and to switch off sources of danger that could cause fires. Exactly these hazards can be caused by fault currents and must therefore be included in the safety considerations.<\/p>\n<p>For personal and fire protection in these systems, AC\/DC sensitive residual current circuit breakers with rated residual currents of 30 mA are used. These rated residual currents are reached or even exceeded in many electrical systems during normal operation. In the past, the response to such problems was the impermissible expansion \/ bridging of the protective device or the lowering of the prescribed protective goals through the use of RCDs with higher rated residual currents (e.g. 300 mA instead of 30 mA).<\/p>\n<p>Currents that are caused by insulation faults or by the human body (e.g. through contact) are fault currents. Only these currents should trigger the RCCB and lead to the shutdown of a system.<\/p>\n<p>This important distinction between operational leakage currents on the one hand and fault currents due to human contact or insulation problems on the other hand cannot be made by today&#8217;s residual current protective devices. Therefore, unwanted shutdowns by the protective device very often occur without an actual fault. The consequences can be expensive downtimes and restart times as well as production scrap.<\/p>\n<hr \/>\n<h2>The solution<\/h2>\n<p><a href=\"http:\/\/localhost\/epa-filter\/de\/wp-content\/uploads\/sites\/3\/2017\/08\/leakcomp_1p_mit.png\" data-rel=\"lightbox-image-1\" data-rl_title=\"\" data-rl_caption=\"\" title=\"\"><img loading=\"lazy\" decoding=\"async\" src=\"http:\/\/localhost\/epa-filter\/de\/wp-content\/uploads\/sites\/3\/2017\/08\/leakcomp_1p_mit-720x553.png\" alt=\"\" width=\"720\" height=\"553\" class=\"alignnone size-medium wp-image-1881\" \/><\/a><\/p>\n<p>The leakage current compensation device <strong>LEAK<\/strong>COMP<sup>\u00ae<\/sup> <strong><i>1P<\/i><\/strong> is used in electrical systems or machines in which single-phase frequency inverters and\/or SERVO controllers are to be operated on residual current devices (RCD) or residual current circuit breakers (RCCB).<\/p>\n<p>The level of the compensation current can be set using a potentiometer in the front cover. The level of the compensation current can be increased by turning the potentiometer clockwise. With an optimal adjustment the compensated 50 Hz leakage current is almost zero. If the potentiometer is turned completely to the left, there is no compensation.<\/p>\n<p>Leakage current peaks, which occur when the converter is switched on due to the charging of the capacitors, are prevented by the integrated soft start function.<\/p>\n<p>The interchanging of phase and neutral conductor is recognized by <strong>LEAK<\/strong>COMP<sup>\u00ae<\/sup> <strong><i>1P<\/i><\/strong> during the start-up process and corrected if necessary.<\/p>\n<p>The <strong>LEAK<\/strong>COMP<sup>\u00ae<\/sup> <strong><i>1P<\/i><\/strong> has three light-emitting diodes as display elements. The green LED serves as an operating indicator and signals the presence of mains voltage. During the soft start process, the red LED first flashes quickly (1st level) and then more slowly (2nd level). When the soft start process is complete, the red LED lights up continuously (operation). If an error occurs during the soft start process, the red LED flashes (see chapter &#8220;Troubleshooting&#8221;). The level of the leakage current is indicated by the yellow LED. The darker the yellow LED lights up, the lower the compensated leakage current. The yellow LED is therefore also used to manually adjust the compensation.<\/p>\n<hr \/>\n<h3><strong>LEAK<\/strong>COMP<sup>\u00ae<\/sup> <strong><i>HP<\/i><\/strong> eco <span class=\"label label-info\">Neu!<\/span><\/h3>\n<p><a href=\"http:\/\/epa.de\/filter\/de\/wp-content\/uploads\/sites\/3\/2015\/06\/lc_eco.jpg\" data-rel=\"lightbox-image-2\" data-rl_title=\"\" data-rl_caption=\"\" title=\"\"><img loading=\"lazy\" decoding=\"async\" class=\"alignnone size-full wp-image-1344\" src=\"http:\/\/epa.de\/filter\/de\/wp-content\/uploads\/sites\/3\/2015\/06\/lc_eco.jpg\" alt=\"lc_eco\" width=\"900\" height=\"900\" \/><\/a><\/p>\n<p><strong>Die Basisversion<\/strong><\/p>\n<p>Mit den Grundfunktionen des <strong>LEAK<\/strong>COMP<sup>\u00ae<\/sup> <strong><i>HP<\/i><\/strong> ausgestattet, kompensiert der <strong>LEAK<\/strong>COMP<sup>\u00ae<\/sup> <strong><i>HP<\/i><\/strong> <strong>eco<\/strong> betriebsbedingte Ableitstr\u00f6me bis 300 mA (RMS) und erm\u00f6glicht so den Einsatz von FIs \u2013 gem\u00e4\u00df DIN VDE 0100-530 \u2013 mit einem Differenzstrom von 30 mA oder h\u00f6her.<\/p>\n<hr \/>\n<h3><strong>LEAK<\/strong>COMP<sup>\u00ae<\/sup> <strong><i>HP<\/i><\/strong> eco ext <span class=\"label label-info\">Neu!<\/span><\/h3>\n<p><a href=\"http:\/\/epa.de\/filter\/de\/wp-content\/uploads\/sites\/3\/2015\/06\/lc_eco_ext.jpg\" data-rel=\"lightbox-image-3\" data-rl_title=\"\" data-rl_caption=\"\" title=\"\"><img loading=\"lazy\" decoding=\"async\" class=\"alignnone size-full wp-image-1345\" src=\"http:\/\/epa.de\/filter\/de\/wp-content\/uploads\/sites\/3\/2015\/06\/lc_eco_ext.jpg\" alt=\"lc_eco_ext\" width=\"900\" height=\"900\" \/><\/a><\/p>\n<p><strong>Wenn es etwas mehr sein darf<\/strong><\/p>\n<p>Neben dem selben Funktionsumfang wie der <strong>LEAK<\/strong>COMP<sup>\u00ae<\/sup> <strong>eco<\/strong>, verf\u00fcgt der <strong>LEAK<\/strong>COMP<sup>\u00ae<\/sup> <strong>eco ext<\/strong> \u00fcber einen Anschluss f\u00fcr einen externen Wandler, mit welchem sich gr\u00f6\u00dfere Kabelquerschnitte messen lassen. Es stehen verschiedene Wandlergr\u00f6\u00dfen zur Auswahl.<\/p>\n<hr \/>\n<h2>Downloads<\/h2>\n<ul>\n<li><a href=\"http:\/\/epa.de\/download\/de\/04_Betriebsanleitungen\/04.03_Ableitstrom\/EPA_LEAKCOMP_1P_Betriebsanleitung.pdf\">Betriebsanleitung EPA <strong>LEAK<\/strong>COMP<sup>\u00ae<\/sup> <strong><i>1P<\/i><\/strong><\/a> <span class=\"label label-primary\">neu!<\/span><\/li>\n<\/ul>\n<hr \/>\n<hr \/>\n<h2>Contact<\/h2>\n<p>For inquiries and consultation, please contact:<\/p>\n<address><strong>EPA GmbH<\/strong><br \/>\nFliederstra\u00dfe 8<br \/>\nD-63486 Bruchk\u00f6bel<br \/>\nGermany<\/address>\n<p><strong>Tel.:<\/strong> +49 (0) 6181 &#8211; 9704 &#8211; 0<br \/>\n<strong>Fax:<\/strong> +49 (0) 6181 &#8211; 9704 &#8211; 99<\/p>\n<p><strong>E-Mail:<\/strong> <a href=\"mailto:info@epa.de\">info@epa.de<\/a><\/p>\n","protected":false},"excerpt":{"rendered":"<p>In summary: Fixed compensation of operational leakage currents up to 50 mA (RMS)! Increases the operational safety of plants Use of single-phase inverters \/ VFDs on RCD with 30 mA or higher In industry, residual current circuit breakers (RCCB) are used more and more for personal and fire protection. The modern components in automation technology [&hellip;]<\/p>\n","protected":false},"author":1,"featured_media":1073,"parent":103,"menu_order":0,"comment_status":"closed","ping_status":"closed","template":"page-leakcomp-1p.php","meta":{"footnotes":""},"class_list":["post-1061","page","type-page","status-publish","has-post-thumbnail","hentry"],"publishpress_future_action":{"enabled":false,"date":"2026-04-30 18:01:42","action":"change-status","newStatus":"draft","terms":[],"taxonomy":"","extraData":[]},"publishpress_future_workflow_manual_trigger":{"enabledWorkflows":[]},"_links":{"self":[{"href":"https:\/\/epa.de\/filter\/en\/wp-json\/wp\/v2\/pages\/1061","targetHints":{"allow":["GET"]}}],"collection":[{"href":"https:\/\/epa.de\/filter\/en\/wp-json\/wp\/v2\/pages"}],"about":[{"href":"https:\/\/epa.de\/filter\/en\/wp-json\/wp\/v2\/types\/page"}],"author":[{"embeddable":true,"href":"https:\/\/epa.de\/filter\/en\/wp-json\/wp\/v2\/users\/1"}],"replies":[{"embeddable":true,"href":"https:\/\/epa.de\/filter\/en\/wp-json\/wp\/v2\/comments?post=1061"}],"version-history":[{"count":3,"href":"https:\/\/epa.de\/filter\/en\/wp-json\/wp\/v2\/pages\/1061\/revisions"}],"predecessor-version":[{"id":1215,"href":"https:\/\/epa.de\/filter\/en\/wp-json\/wp\/v2\/pages\/1061\/revisions\/1215"}],"up":[{"embeddable":true,"href":"https:\/\/epa.de\/filter\/en\/wp-json\/wp\/v2\/pages\/103"}],"wp:featuredmedia":[{"embeddable":true,"href":"https:\/\/epa.de\/filter\/en\/wp-json\/wp\/v2\/media\/1073"}],"wp:attachment":[{"href":"https:\/\/epa.de\/filter\/en\/wp-json\/wp\/v2\/media?parent=1061"}],"curies":[{"name":"wp","href":"https:\/\/api.w.org\/{rel}","templated":true}]}}