{"id":97,"date":"2015-02-24T10:34:35","date_gmt":"2015-02-24T09:34:35","guid":{"rendered":"https:\/\/epa.de\/filter\/de\/?page_id=97"},"modified":"2016-09-13T14:30:20","modified_gmt":"2016-09-13T12:30:20","slug":"emv-beratung","status":"publish","type":"page","link":"https:\/\/epa.de\/filter\/de\/dienstleistungen\/emv-beratung\/","title":{"rendered":"EMV-Beratung"},"content":{"rendered":"<p><strong>Individuelle Beratung zu Ihren Projekten<\/strong><\/p>\n<h3>Pre-Design:<\/h3>\n<p>Sie sind dabei, ein neues Projekt zu beginnen und m\u00f6chten alles richtig machen? Entsprechend unserer Philosophie des \u201eEMV-gerechten Schaltschrankdesigns\u201d geh\u00f6ren diverse EMV-\u00dcberlegungen unbedingt an den Anfang Ihres Projektes! Im Rahmen einer individuellen Beratung in Ihrem Hause unterst\u00fctzen wir Sie dabei, in dieser wichtigen Phase des Projektes die Weichen richtig zu stellen. Fehler, welche bereits in der Entwurfsphase gemacht werden, lassen sich zum Ende des Projektes nur sehr schwer (und damit teuer) beheben.<\/p>\n<p><a href=\"https:\/\/epa.de\/filter\/de\/wp-content\/uploads\/sites\/3\/2015\/03\/emv_jp_pz.jpg\" data-rel=\"lightbox-gallery-0dluaxvC\" data-rl_title=\"\" data-rl_caption=\"\" title=\"\"><img loading=\"lazy\" decoding=\"async\" class=\"alignnone wp-image-297\" src=\"https:\/\/epa.de\/filter\/de\/wp-content\/uploads\/sites\/3\/2015\/03\/emv_jp_pz-1024x543.jpg\" alt=\"emv_jp_pz\" width=\"600\" height=\"318\" srcset=\"https:\/\/epa.de\/filter\/de\/wp-content\/uploads\/sites\/3\/2015\/03\/emv_jp_pz-1024x543.jpg 1024w, https:\/\/epa.de\/filter\/de\/wp-content\/uploads\/sites\/3\/2015\/03\/emv_jp_pz-300x159.jpg 300w, https:\/\/epa.de\/filter\/de\/wp-content\/uploads\/sites\/3\/2015\/03\/emv_jp_pz.jpg 1895w\" sizes=\"auto, (max-width: 600px) 100vw, 600px\" \/><\/a><\/p>\n<h3>Post-Design:<\/h3>\n<p>Sie haben gerade die erste EMV-Untersuchung hinter sich gebracht und haben leider ein negatives Ergebnis. Auch in dieser Situation bieten wir Ihnen unsere Hilfe an. Wir erarbeiten gemeinsam mit Ihnen praktische L\u00f6sungsvorschl\u00e4ge. Gerade in dieser meist terminkritischen Phase eines Projektes gilt es eine schnelle und unkomplizierte L\u00f6sung des EMV-Problems zu finden.<\/p>\n<p><strong>Sprechen Sie uns an!<\/strong><\/p>\n<p><a href=\"https:\/\/epa.de\/filter\/de\/wp-content\/uploads\/sites\/3\/2015\/02\/EPA_EMV-Messung_1.jpg\" data-rel=\"lightbox-gallery-0dluaxvC\" data-rl_title=\"\" data-rl_caption=\"\" title=\"\"><img loading=\"lazy\" decoding=\"async\" class=\"alignnone wp-image-140\" src=\"https:\/\/epa.de\/filter\/de\/wp-content\/uploads\/sites\/3\/2015\/02\/EPA_EMV-Messung_1.jpg\" alt=\"EPA_EMV-Messung_1\" width=\"600\" height=\"450\" srcset=\"https:\/\/epa.de\/filter\/de\/wp-content\/uploads\/sites\/3\/2015\/02\/EPA_EMV-Messung_1.jpg 610w, https:\/\/epa.de\/filter\/de\/wp-content\/uploads\/sites\/3\/2015\/02\/EPA_EMV-Messung_1-300x225.jpg 300w, https:\/\/epa.de\/filter\/de\/wp-content\/uploads\/sites\/3\/2015\/02\/EPA_EMV-Messung_1-600x450.jpg 600w\" sizes=\"auto, (max-width: 600px) 100vw, 600px\" \/><\/a><\/p>\n","protected":false},"excerpt":{"rendered":"<p>Individuelle Beratung zu Ihren Projekten Pre-Design: Sie sind dabei, ein neues Projekt zu beginnen und m\u00f6chten alles richtig machen? Entsprechend unserer Philosophie des \u201eEMV-gerechten Schaltschrankdesigns\u201d geh\u00f6ren diverse EMV-\u00dcberlegungen unbedingt an den Anfang Ihres Projektes! Im Rahmen einer individuellen Beratung in Ihrem Hause unterst\u00fctzen wir Sie dabei, in dieser wichtigen Phase des Projektes die Weichen richtig [&hellip;]<\/p>\n","protected":false},"author":2,"featured_media":154,"parent":74,"menu_order":0,"comment_status":"open","ping_status":"open","template":"page-downloads.php","meta":{"footnotes":""},"class_list":["post-97","page","type-page","status-publish","has-post-thumbnail","hentry"],"publishpress_future_action":{"enabled":false,"date":"2026-04-29 09:02:05","action":"change-status","newStatus":"draft","terms":[],"taxonomy":"","extraData":[]},"publishpress_future_workflow_manual_trigger":{"enabledWorkflows":[]},"_links":{"self":[{"href":"https:\/\/epa.de\/filter\/de\/wp-json\/wp\/v2\/pages\/97","targetHints":{"allow":["GET"]}}],"collection":[{"href":"https:\/\/epa.de\/filter\/de\/wp-json\/wp\/v2\/pages"}],"about":[{"href":"https:\/\/epa.de\/filter\/de\/wp-json\/wp\/v2\/types\/page"}],"author":[{"embeddable":true,"href":"https:\/\/epa.de\/filter\/de\/wp-json\/wp\/v2\/users\/2"}],"replies":[{"embeddable":true,"href":"https:\/\/epa.de\/filter\/de\/wp-json\/wp\/v2\/comments?post=97"}],"version-history":[{"count":5,"href":"https:\/\/epa.de\/filter\/de\/wp-json\/wp\/v2\/pages\/97\/revisions"}],"predecessor-version":[{"id":306,"href":"https:\/\/epa.de\/filter\/de\/wp-json\/wp\/v2\/pages\/97\/revisions\/306"}],"up":[{"embeddable":true,"href":"https:\/\/epa.de\/filter\/de\/wp-json\/wp\/v2\/pages\/74"}],"wp:featuredmedia":[{"embeddable":true,"href":"https:\/\/epa.de\/filter\/de\/wp-json\/wp\/v2\/media\/154"}],"wp:attachment":[{"href":"https:\/\/epa.de\/filter\/de\/wp-json\/wp\/v2\/media?parent=97"}],"curies":[{"name":"wp","href":"https:\/\/api.w.org\/{rel}","templated":true}]}}