{"id":958,"date":"2015-06-16T13:17:09","date_gmt":"2015-06-16T11:17:09","guid":{"rendered":"https:\/\/epa.de\/filter\/de\/?page_id=958"},"modified":"2024-10-09T15:39:41","modified_gmt":"2024-10-09T13:39:41","slug":"leakcomp-hp","status":"publish","type":"page","link":"https:\/\/epa.de\/filter\/de\/leakcomp-hp\/","title":{"rendered":"Ableitstromkompensation <strong>LEAK<\/strong>COMP<sup>\u00ae<\/sup> <em><strong>HP<\/strong><\/em>"},"content":{"rendered":"<h2>Kurz:<\/h2>\n<ul>\n<li>Kompensation betriebsbedingter Ableitstr\u00f6me bis zu 500 mA (RMS)<\/li>\n<li>Erh\u00f6ht die Betriebssicherheit von Anlagen<\/li>\n<li>Einsatz von FI-Schutzschaltern mit einem Differenzstrom von 30 mA oder h\u00f6her nach DIN VDE 0100-530 m\u00f6glich<\/li>\n<li>Kompatibel zu RCDs vom Typ B und B+<\/li>\n<\/ul>\n<p><strong>Betriebsbedingte Ableitstr\u00f6me<\/strong> werden durch verschiedene elektrische Ger\u00e4te und Bauteilschaltungen hervorgerufen. Zu den bekanntesten Verursachern z\u00e4hlen Komponenten der Antriebstechnik wie zum Beispiel Frequenzumrichter, Servoantriebe, Leitungsschirme und weitere EMV-Komponenten. Andere Verursacher sind Schaltnetzteile, USV-Anlagen, elektronische Vorschaltger\u00e4te und Netz-, Ein- und R\u00fcckspeisesysteme.<\/p>\n<p>Der geforderte Einsatz der allstromsensitiven FI-Schutzschalter wird in diesen Anwendungen nahezu unm\u00f6glich, da heutige Fehlerstromschutzeinrichtungen nicht zwischen betriebsbedingten Ableitstr\u00f6men und Fehlerstr\u00f6men durch menschliche Ber\u00fchrung oder Isolationsprobleme unterscheiden k\u00f6nnen.<\/p>\n<p>Mit der Ableitstromkompensation <strong>LEAK<\/strong>COMP<sup>\u00ae<\/sup> <strong><i>HP<\/i><\/strong> k\u00f6nnen Frequenzumrichter und Servoantriebe <strong>sicher<\/strong> an allstromsensitiven FI-Schutzschaltern mit einem Bemessungsfehlerstrom von 30mA oder h\u00f6her betrieben werden.*<\/p>\n<p><strong>Ein zuverl\u00e4ssiger Personen- und Brandschutz ist so gew\u00e4hrleistet!<\/strong><\/p>\n<hr \/>\n<h2>Das Problem<\/h2>\n<p><a href=\"https:\/\/epa.de\/filter\/de\/wp-content\/uploads\/sites\/3\/2015\/06\/leakcomp-ohne.png\" data-rel=\"lightbox-gallery-V2FnlHvN\" data-rl_title=\"\" data-rl_caption=\"\" title=\"\"><img loading=\"lazy\" decoding=\"async\" class=\"alignnone size-large wp-image-964\" src=\"https:\/\/epa.de\/filter\/de\/wp-content\/uploads\/sites\/3\/2015\/06\/leakcomp-ohne-1024x786.png\" alt=\"leakcomp-ohne\" width=\"640\" height=\"491\" srcset=\"https:\/\/epa.de\/filter\/de\/wp-content\/uploads\/sites\/3\/2015\/06\/leakcomp-ohne-1024x786.png 1024w, https:\/\/epa.de\/filter\/de\/wp-content\/uploads\/sites\/3\/2015\/06\/leakcomp-ohne-300x230.png 300w, https:\/\/epa.de\/filter\/de\/wp-content\/uploads\/sites\/3\/2015\/06\/leakcomp-ohne.png 1326w\" sizes=\"auto, (max-width: 640px) 100vw, 640px\" \/><\/a><\/p>\n<p><strong>Die Schutzleiter in Anlagen mit Servo- und Frequenzumrichtern sind nicht stromlos.<\/strong><\/p>\n<p>Um die CE-Konformit\u00e4t und deren verbindliche Schutzziele der Niederspannungs-, EMV- und Maschinenrichtlinie zu erf\u00fcllen, sind verschiedene Ma\u00dfnahmen (Einsatz von Netzfiltern, Verwendung von geschirmten Motorleitungen, u. v. m.) zu treffen. Leitungsschirme, Entst\u00f6rkondensatoren und Motorwicklungen stellen parasit\u00e4re Kapazit\u00e4ten dar. \u00dcber diese parasit\u00e4ren Kapazit\u00e4ten flie\u00dfen in einem fehlerfreien Anlagenzustand betriebsbedingte Ableitstr\u00f6me zum Schutzleiter oder \u00fcber andere leitf\u00e4hige Teile zum Erdpotential.<\/p>\n<p>Hersteller und Betreiber von Ger\u00e4ten und Anlagen sind grunds\u00e4tzlich verpflichtet, Personen gegen einen elektrischen Schlag zu sch\u00fctzen und Gefahrenquellen, die Br\u00e4nde verursachen k\u00f6nnen, abzustellen bzw. entsprechend abzusichern. Durch Fehlerstr\u00f6me k\u00f6nnen genau diese Gef\u00e4hrdungen hervorgerufen werden und m\u00fcssen daher bei den Sicherheitsbetrachtungen zwingend mit einbezogen werden.<\/p>\n<p>F\u00fcr den Personen- und Brandschutz in diesen Anlagen werden allstromsensitive FI-Schutzschalter mit Bemessungsfehlerstr\u00f6men ab 30 mA eingesetzt. Diese Bemessungsfehlerstr\u00f6me werden in vielen elektrischen Anlagen bereits im normalen Betrieb erreicht oder sogar \u00fcberschritten. Bisher reagierte man bei solchen Problemen mit dem unzul\u00e4ssigen Ausbau\/\u00dcberbr\u00fcckung der Schutzeinrichtung oder mit der Herabsetzung der vorgeschriebenen Schutzziele durch den Einsatz von FI-Schutzschaltern mit h\u00f6heren Bemessungsfehlerstr\u00f6men (z. B. 300mA statt 30mA).<\/p>\n<p>Ableitstr\u00f6me, die durch Isolationsfehler oder durch den menschlichen K\u00f6rper (z. B. durch Ber\u00fchren) verursacht werden, sind Fehlerstr\u00f6me. Nur diese Str\u00f6me sollten einen allstromsensitiven FI-Schutzschalter ausl\u00f6sen und zur Abschaltung einer Anlage f\u00fchren.<\/p>\n<p>Diese wichtige Unterscheidung zwischen betriebsbedingten Ableitstr\u00f6men einerseits und Fehlerstr\u00f6men durch menschliche Ber\u00fchrung oder Isolationsprobleme andererseits, k\u00f6nnen die heutigen Fehlerstromschutzeinrichtungen nicht leisten. Es kommt daher sehr h\u00e4ufig zu ungewollten Abschaltungen durch die Schutzeinrichtung ohne einen tats\u00e4chlichen Fehlerfall. Die Folge k\u00f6nnen teure Stillstands- und Wiederanlaufzeiten sowie Produktionsausschuss sein.<\/p>\n<hr \/>\n<h2>Die L\u00f6sung<\/h2>\n<p><a href=\"https:\/\/epa.de\/filter\/de\/wp-content\/uploads\/sites\/3\/2015\/06\/leakcomp-mit.png\" data-rel=\"lightbox-gallery-V2FnlHvN\" data-rl_title=\"\" data-rl_caption=\"\" title=\"\"><img loading=\"lazy\" decoding=\"async\" class=\"alignnone size-large wp-image-965\" src=\"https:\/\/epa.de\/filter\/de\/wp-content\/uploads\/sites\/3\/2015\/06\/leakcomp-mit-1024x786.png\" alt=\"leakcomp-mit\" width=\"640\" height=\"491\" srcset=\"https:\/\/epa.de\/filter\/de\/wp-content\/uploads\/sites\/3\/2015\/06\/leakcomp-mit-1024x786.png 1024w, https:\/\/epa.de\/filter\/de\/wp-content\/uploads\/sites\/3\/2015\/06\/leakcomp-mit-300x230.png 300w, https:\/\/epa.de\/filter\/de\/wp-content\/uploads\/sites\/3\/2015\/06\/leakcomp-mit.png 1326w\" sizes=\"auto, (max-width: 640px) 100vw, 640px\" \/><\/a><\/p>\n<p>Mit dem <strong>LEAK<\/strong>COMP<sup>\u00ae<\/sup> <strong><i>HP<\/i><\/strong> werden die betriebsbedingten Ableitstr\u00f6me messtechnisch ermittelt und in einem aufw\u00e4ndigen und patentrechtlich gesch\u00fctzten Verfahren f\u00fcr den FI-Schutzschalter kompensiert. Dabei wird zwischen Ableit- und Fehlerstr\u00f6men pr\u00e4zise differenziert. Der allstromsensitive FI-Schutzschalter gewinnt seine klare Ausl\u00f6seschwelle zur\u00fcck.<\/p>\n<p>In der derzeitigen Ausf\u00fchrung k\u00f6nnen bis zu 500 mA (RMS) kompensiert werden. Der <strong>LEAK<\/strong>COMP<sup>\u00ae<\/sup> <strong><i>HP<\/i><\/strong> stellt die perfekte Erg\u00e4nzung zum allstromsensitiven FI-Schutzschalter (z. B. EPA RCCB-Reihe) dar und erm\u00f6glicht seinen betriebssicheren Einsatz. Seine Geh\u00e4useform (5 Teilungseinheiten (TE) breit) und die M\u00f6glichkeit der Hutschienenmontage machen ihn leicht einsetzbar.<\/p>\n<p><strong>Auftretende Fehlerstr\u00f6me werden nicht kompensiert!<\/strong><\/p>\n<h3>So einfach!<\/h3>\n<p><a href=\"https:\/\/epa.de\/filter\/de\/wp-content\/uploads\/sites\/3\/2015\/06\/leakcomp-so-easy.png\" data-rel=\"lightbox-gallery-V2FnlHvN\" data-rl_title=\"\" data-rl_caption=\"\" title=\"\"><img loading=\"lazy\" decoding=\"async\" class=\"so-easy alignright size-full wp-image-1001\" src=\"https:\/\/epa.de\/filter\/de\/wp-content\/uploads\/sites\/3\/2015\/06\/leakcomp-so-easy.png\" alt=\"leakcomp-so-easy\" width=\"720\" height=\"1210\" srcset=\"https:\/\/epa.de\/filter\/de\/wp-content\/uploads\/sites\/3\/2015\/06\/leakcomp-so-easy.png 720w, https:\/\/epa.de\/filter\/de\/wp-content\/uploads\/sites\/3\/2015\/06\/leakcomp-so-easy-179x300.png 179w, https:\/\/epa.de\/filter\/de\/wp-content\/uploads\/sites\/3\/2015\/06\/leakcomp-so-easy-609x1024.png 609w\" sizes=\"auto, (max-width: 720px) 100vw, 720px\" \/><\/a>Der <strong>LEAK<\/strong>COMP<sup>\u00ae<\/sup> <strong><i>HP<\/i><\/strong> kann direkt neben dem allstromsensitiven FI-Schutzschalter oder in der Anlage platziert werden. Die am FI-Schutzschalter angeschlossenen, abgehenden Netzphasen (L1, L2, L3) und der Neutralleiter (N) werden einfach mit flexiblen Leitungen durch den Wandler in der Mitte des <strong>LEAK<\/strong>COMP<sup>\u00ae<\/sup> <strong><i>HP<\/i><\/strong> gef\u00fchrt. Eine separate 24 VAC-\/DC Netzversorgung speist die Elektronik des <strong>LEAK<\/strong>COMP<sup>\u00ae<\/sup> <strong><i>HP<\/i><\/strong>. Die Klemmen N (1) und COMP (2) des <strong>LEAK<\/strong>COMP<sup>\u00ae<\/sup> <strong><i>HP<\/i><\/strong> werden zur Kompensation genutzt und je nach Einbauort des <strong>LEAK<\/strong>COMP<sup>\u00ae<\/sup> <strong><i>HP<\/i><\/strong> (in der Maschine oder in der Unterverteilung) verdrahtet. Fertig!<\/p>\n<p><a href=\"https:\/\/www.youtube.com\/playlist?list=PLkYk09UDJlnWb6zJjV4L0Lcp7tLMLA2ep\">F\u00fcr die Verdrahtungsvarianten gibt es einfache und verst\u00e4ndliche Anschluss-Videos.<\/a><\/p>\n<p>Eine gr\u00fcne LED auf der Frontseite signalisiert eine intakte Netzversorgung. Die LCD-Anzeige zeigt den Ableitstrom, sowie wahlweise das Resultat aus Ableitstrom und Kompensation, an.<\/p>\n<hr \/>\n<h3><strong>LEAK<\/strong>COMP<sup>\u00ae<\/sup> <strong><i>HP<\/i><\/strong> eco<\/h3>\n<p><a href=\"https:\/\/epa.de\/filter\/de\/wp-content\/uploads\/sites\/3\/2015\/06\/lc_eco.jpg\" data-rel=\"lightbox-gallery-V2FnlHvN\" data-rl_title=\"\" data-rl_caption=\"\" title=\"\"><img loading=\"lazy\" decoding=\"async\" class=\"alignnone size-full wp-image-1344\" src=\"https:\/\/epa.de\/filter\/de\/wp-content\/uploads\/sites\/3\/2015\/06\/lc_eco.jpg\" alt=\"lc_eco\" width=\"900\" height=\"900\" srcset=\"https:\/\/epa.de\/filter\/de\/wp-content\/uploads\/sites\/3\/2015\/06\/lc_eco.jpg 900w, https:\/\/epa.de\/filter\/de\/wp-content\/uploads\/sites\/3\/2015\/06\/lc_eco-150x150.jpg 150w, https:\/\/epa.de\/filter\/de\/wp-content\/uploads\/sites\/3\/2015\/06\/lc_eco-300x300.jpg 300w\" sizes=\"auto, (max-width: 900px) 100vw, 900px\" \/><\/a><\/p>\n<p><strong>Die Basisversion<\/strong><\/p>\n<p>Mit den Grundfunktionen des <strong>LEAK<\/strong>COMP<sup>\u00ae<\/sup> <strong><i>HP<\/i><\/strong> ausgestattet, kompensiert der <strong>LEAK<\/strong>COMP<sup>\u00ae<\/sup> <strong><i>HP<\/i><\/strong> <strong>eco<\/strong> betriebsbedingte Ableitstr\u00f6me bis 300 mA (RMS) und erm\u00f6glicht so den Einsatz von FIs \u2013 gem\u00e4\u00df DIN VDE 0100-530 \u2013 mit einem Differenzstrom von 30 mA oder h\u00f6her.<\/p>\n<hr \/>\n<h3><strong>LEAK<\/strong>COMP<sup>\u00ae<\/sup> <strong><i>HP<\/i><\/strong> eco ext<\/h3>\n<p><a href=\"https:\/\/epa.de\/filter\/de\/wp-content\/uploads\/sites\/3\/2024\/10\/lchp_eco_ext_091024.jpg\" data-rel=\"lightbox-gallery-V2FnlHvN\" data-rl_title=\"\" data-rl_caption=\"\" title=\"\"><img loading=\"lazy\" decoding=\"async\" class=\"alignnone size-full wp-image-1345\" src=\"https:\/\/epa.de\/filter\/de\/wp-content\/uploads\/sites\/3\/2024\/10\/lchp_eco_ext_091024.jpg\" alt=\"lc_eco_ext\" width=\"900\" height=\"900\" \/><\/a><\/p>\n<p><strong>Wenn es etwas mehr sein darf<\/strong><\/p>\n<p>Neben dem selben Funktionsumfang wie der <strong>LEAK<\/strong>COMP<sup>\u00ae<\/sup> <strong>eco<\/strong>, verf\u00fcgt der <strong>LEAK<\/strong>COMP<sup>\u00ae<\/sup> <strong>eco ext<\/strong> \u00fcber einen Anschluss f\u00fcr einen externen Wandler, mit welchem sich gr\u00f6\u00dfere Kabelquerschnitte messen lassen. Es stehen verschiedene Wandlergr\u00f6\u00dfen zur Auswahl.<\/p>\n<hr \/>\n<h2>Downloads<\/h2>\n<ul>\n<li><a href=\"https:\/\/epa.de\/download\/de\/01_Prospekte\/01.03_Ableitstrom\/EPA_LEAKCOMP_HP_Ableitstrom-Kompensation_Prospekt.pdf\">Prospekt EPA <strong>LEAK<\/strong>COMP<sup>\u00ae<\/sup> <strong><i>HP<\/i><\/strong><\/a><\/li>\n<li><a href=\"https:\/\/epa.de\/download\/de\/04_Betriebsanleitungen\/04.03_Ableitstrom\/EPA_LEAKCOMP_HP_HPeco_HPecoext_Betriebsanleitung.pdf\">Betriebsanleitung EPA <strong>LEAK<\/strong>COMP<sup>\u00ae<\/sup> <strong><i>HP<\/i><\/strong><br \/>\n(inklusive der Varianten <strong><i>eco<\/i><\/strong> \/ <strong><i>eco ext<\/i><\/strong>)<\/a><\/li>\n<li><a href=\"https:\/\/epa.de\/download\/de\/07_Dokumente\/07.03_Ableitstrom\/Prinzipschaltbild_LCHP_RCCB.pdf\">Prinzipschaltbild EPA <strong>LEAK<\/strong>COMP<sup>\u00ae<\/sup> <strong><i>HP<\/i><\/strong> mit RCCB<\/a><\/li>\n<li><a href=\"https:\/\/epa.de\/download\/de\/01_Prospekte\/01.03_Ableitstrom\/EPA_LCHP-4CEE_Ableitstrom-Kompensation_Produktinformation.pdf\">Infoblatt Stromverteiler LCHP-4CEE mit <strong>LEAK<\/strong>COMP<sup>\u00ae<\/sup> <strong><i>HP<\/i><\/strong><\/a><\/li>\n<li><a href=\"https:\/\/epa.de\/download\/de\/01_Prospekte\/01.03_Ableitstrom\/EPA_LEAKWATCH_Prospekt.pdf\">Ableitstrom Mess- und Analysesystem LEAKWATCH<\/a><\/li>\n<\/ul>\n<hr \/>\n<h2>Auch als Mietger\u00e4t erh\u00e4ltlich!<\/h2>\n<p class=\"rent-a-system-claim\">Mieten, testen, \u00fcberzeugen!<\/p>\n<p><img loading=\"lazy\" decoding=\"async\" class=\"alignnone size-full wp-image-1031\" src=\"https:\/\/epa.de\/filter\/de\/wp-content\/uploads\/sites\/3\/2015\/06\/Leakwatch-freigestellt.png\" alt=\"Leakwatch-freigestellt\" width=\"800\" height=\"800\" srcset=\"https:\/\/epa.de\/filter\/de\/wp-content\/uploads\/sites\/3\/2015\/06\/Leakwatch-freigestellt.png 800w, https:\/\/epa.de\/filter\/de\/wp-content\/uploads\/sites\/3\/2015\/06\/Leakwatch-freigestellt-150x150.png 150w, https:\/\/epa.de\/filter\/de\/wp-content\/uploads\/sites\/3\/2015\/06\/Leakwatch-freigestellt-300x300.png 300w\" sizes=\"auto, (max-width: 800px) 100vw, 800px\" \/><\/p>\n<hr \/>\n<h2>Kontakt<\/h2>\n<p><figure id=\"attachment_969\" aria-describedby=\"caption-attachment-969\" style=\"width: 400px\" class=\"wp-caption alignright\"><a href=\"https:\/\/epa.de\"><img loading=\"lazy\" decoding=\"async\" class=\"size-full wp-image-969\" src=\"https:\/\/epa.de\/filter\/de\/wp-content\/uploads\/sites\/3\/2015\/06\/logo_ohne_r.png\" alt=\"www.epa.de\" width=\"400\" height=\"483\" srcset=\"https:\/\/epa.de\/filter\/de\/wp-content\/uploads\/sites\/3\/2015\/06\/logo_ohne_r.png 400w, https:\/\/epa.de\/filter\/de\/wp-content\/uploads\/sites\/3\/2015\/06\/logo_ohne_r-248x300.png 248w\" sizes=\"auto, (max-width: 400px) 100vw, 400px\" \/><\/a><figcaption id=\"caption-attachment-969\" class=\"wp-caption-text\"><a href=\"https:\/\/epa.de\" target=\"blank\" rel=\"noopener noreferrer\">www.epa.de<\/a><\/figcaption><\/figure><\/p>\n<p>F\u00fcr Anfragen und Beratung wenden\u00a0Sie sich bitte direkt an:<\/p>\n<address><strong>EPA GmbH<\/strong><br \/>\nFliederstra\u00dfe 8<br \/>\nD-63486 Bruchk\u00f6bel<\/address>\n<p><strong>Tel.:<\/strong> +49 (0) 6181 &#8211; 9704 &#8211; 0<br \/>\n<strong>Fax:<\/strong> +49 (0) 6181 &#8211; 9704 &#8211; 99<\/p>\n<p><strong>E-Mail:<\/strong> <a href=\"mailto:info@epa.de\">info@epa.de<\/a><\/p>\n","protected":false},"excerpt":{"rendered":"<p>Kurz: Kompensation betriebsbedingter Ableitstr\u00f6me bis zu 500 mA (RMS) Erh\u00f6ht die Betriebssicherheit von Anlagen Einsatz von FI-Schutzschaltern mit einem Differenzstrom von 30 mA oder h\u00f6her nach DIN VDE 0100-530 m\u00f6glich Kompatibel zu RCDs vom Typ B und B+ Betriebsbedingte Ableitstr\u00f6me werden durch verschiedene elektrische Ger\u00e4te und Bauteilschaltungen hervorgerufen. Zu den bekanntesten Verursachern z\u00e4hlen Komponenten der [&hellip;]<\/p>\n","protected":false},"author":1,"featured_media":1077,"parent":0,"menu_order":0,"comment_status":"open","ping_status":"open","template":"page-leakcomp.php","meta":{"footnotes":""},"class_list":["post-958","page","type-page","status-publish","has-post-thumbnail","hentry"],"publishpress_future_action":{"enabled":false,"date":"2026-05-02 12:00:58","action":"change-status","newStatus":"draft","terms":[],"taxonomy":"","extraData":[]},"publishpress_future_workflow_manual_trigger":{"enabledWorkflows":[]},"_links":{"self":[{"href":"https:\/\/epa.de\/filter\/de\/wp-json\/wp\/v2\/pages\/958","targetHints":{"allow":["GET"]}}],"collection":[{"href":"https:\/\/epa.de\/filter\/de\/wp-json\/wp\/v2\/pages"}],"about":[{"href":"https:\/\/epa.de\/filter\/de\/wp-json\/wp\/v2\/types\/page"}],"author":[{"embeddable":true,"href":"https:\/\/epa.de\/filter\/de\/wp-json\/wp\/v2\/users\/1"}],"replies":[{"embeddable":true,"href":"https:\/\/epa.de\/filter\/de\/wp-json\/wp\/v2\/comments?post=958"}],"version-history":[{"count":85,"href":"https:\/\/epa.de\/filter\/de\/wp-json\/wp\/v2\/pages\/958\/revisions"}],"predecessor-version":[{"id":4692,"href":"https:\/\/epa.de\/filter\/de\/wp-json\/wp\/v2\/pages\/958\/revisions\/4692"}],"wp:featuredmedia":[{"embeddable":true,"href":"https:\/\/epa.de\/filter\/de\/wp-json\/wp\/v2\/media\/1077"}],"wp:attachment":[{"href":"https:\/\/epa.de\/filter\/de\/wp-json\/wp\/v2\/media?parent=958"}],"curies":[{"name":"wp","href":"https:\/\/api.w.org\/{rel}","templated":true}]}}