{"id":64,"date":"2015-02-24T09:44:18","date_gmt":"2015-02-24T08:44:18","guid":{"rendered":"https:\/\/epa.de\/filter\/de\/?page_id=64"},"modified":"2023-03-10T15:28:28","modified_gmt":"2023-03-10T14:28:28","slug":"ableitstrom-reduktionsfilter","status":"publish","type":"page","link":"https:\/\/epa.de\/filter\/de\/produkte\/ableitstrom-reduktionsfilter\/","title":{"rendered":"Ableitstrom-Reduktionsfilter"},"content":{"rendered":"<p><strong>Ableitstr\u00f6me im Frequenzbereich 2 bis 16 kHz effektiv reduzieren mit dem Ableitstrom-Absorptionsfilter NF-DAR oder dem Kombi-Netzfilter NF-KC-DAR<\/strong><\/p>\n<p>Wer als Anlagenbetreiber oder Hersteller zum Personen- oder Brandschutz einen Fehlerstromschutzschalter (RCCB, FI, RCD) vor seinen Antrieben (Frequenzumrichter, Servoumrichter) einsetzen muss, st\u00f6\u00dft gezwungenerma\u00dfen auf das Thema Ableitstrom.<\/p>\n<p>H\u00e4ufig sind schon bei ein oder zwei Frequenzumrichtern die Ableitstr\u00f6me so hoch, dass diese zu ungew\u00fcnschten Abschaltungen der Fehlerstromschutzeinrichtung f\u00fchren. Dies kann mehrere Ursachen haben. Ein Grund k\u00f6nnen die in den Frequenzumrichtern integrierten EMV-Filter oder externe EMV-Filter sein (Ableitstrom mit Frequenz typischerweise &lt; 1 kHz). Ein anderer Grund k\u00f6nnen lange, geschirmte Motorleitungen sein (Ableitstrom mit Frequenz typischerweise &gt; 1 kHz). Die Ableitstr\u00f6me unterscheiden sich also in Ihrer Frequenz und lassen sich dadurch eindeutig zuordnen. Visualisieren l\u00e4sst sich das sehr einfach mit Hilfe des Ableitstromanalyse-Tools EPA LEAKWATCH (Infos auf <a href=\"http:\/\/leakwatch.de\" target=\"_blank\" rel=\"noopener\">www.leakwatch.de<\/a>).<\/p>\n<p><div class=\"products\"><br \/>\n<img loading=\"lazy\" decoding=\"async\" class=\"alignnone wp-image-1399 size-full\" src=\"https:\/\/epa.de\/filter\/de\/wp-content\/uploads\/sites\/3\/2015\/02\/nf-dar.jpg\" alt=\"\" width=\"1100\" height=\"1021\" srcset=\"https:\/\/epa.de\/filter\/de\/wp-content\/uploads\/sites\/3\/2015\/02\/nf-dar.jpg 1100w, https:\/\/epa.de\/filter\/de\/wp-content\/uploads\/sites\/3\/2015\/02\/nf-dar-300x278.jpg 300w, https:\/\/epa.de\/filter\/de\/wp-content\/uploads\/sites\/3\/2015\/02\/nf-dar-768x713.jpg 768w, https:\/\/epa.de\/filter\/de\/wp-content\/uploads\/sites\/3\/2015\/02\/nf-dar-1024x950.jpg 1024w\" sizes=\"auto, (max-width: 1100px) 100vw, 1100px\" \/><\/p>\n<h2>NF-DAR<\/h2>\n<p><strong>Ableitstromreduktionsfilter <\/strong><\/p>\n<ul>\n<li>Speziell f\u00fcr Anlagen mit FI-Schutzschalter 30 mA \/ 300 mA<\/li>\n<li>Zur Unterdr\u00fcckung unerw\u00fcnschter Ableitstr\u00f6me \u2265 2kHz<\/li>\n<li>Unterst\u00fctzt die Wirkung vorhandener EMV-Filter<\/li>\n<li>Geeignet f\u00fcr Frequenzumrichter und Servoregler mit langer Motorleitung<\/li>\n<li>Ohne Y-Kondensator (kein Ableitstrom)<\/li>\n<li>Ber\u00fchrungssichere Klemmen<\/li>\n<li>Varianten: dreiphasig oder dreiphasig + N<\/li>\n<li>Nennstr\u00f6me 10 A &#8211; 800 A (NF-DAR-3)<\/li>\n<li>Nennstr\u00f6me 16 A &#8211; 400 A (NF-DAR-4)<\/li>\n<\/ul>\n<p><a class=\"jump_to_downloads\" href=\"#downloads\"><i class=\"oi oi-data-transfer-download\"><\/i> Zu Downloads springen<\/a><\/div><\/p>\n<p><div class=\"products\"><br \/>\n<img loading=\"lazy\" decoding=\"async\" id=\"nf-kc-dar\" class=\"alignnone wp-image-1396 size-full\" src=\"https:\/\/epa.de\/filter\/de\/wp-content\/uploads\/sites\/3\/2015\/02\/nf-kc-dar.jpg\" alt=\"\" width=\"1100\" height=\"1021\" srcset=\"https:\/\/epa.de\/filter\/de\/wp-content\/uploads\/sites\/3\/2015\/02\/nf-kc-dar.jpg 1100w, https:\/\/epa.de\/filter\/de\/wp-content\/uploads\/sites\/3\/2015\/02\/nf-kc-dar-300x278.jpg 300w, https:\/\/epa.de\/filter\/de\/wp-content\/uploads\/sites\/3\/2015\/02\/nf-kc-dar-768x713.jpg 768w, https:\/\/epa.de\/filter\/de\/wp-content\/uploads\/sites\/3\/2015\/02\/nf-kc-dar-1024x950.jpg 1024w\" sizes=\"auto, (max-width: 1100px) 100vw, 1100px\" \/><\/p>\n<h2>NF-KC-DAR<\/h2>\n<p><strong>Netzfilter + Ableitstromreduktion in Einem<\/strong><\/p>\n<ul>\n<li>Speziell f\u00fcr Anlagen mit FI-Schutzschalter 30 mA \/ 300 mA<\/li>\n<li>Kombiniertes EMV- und Ableitstromreduktions-Filter<\/li>\n<li>Zur Unterdr\u00fcckung unerw\u00fcnschter Ableitstr\u00f6me \u2265 2kHz<\/li>\n<li>Einhaltung der Grenzwerte nach EN 61800-3 Kat. C1 \/ C2<\/li>\n<li>Geeignet f\u00fcr Frequenzumrichter und Servoregler mit langer Motorleitung<\/li>\n<li>Ber\u00fchrungssichere Klemmen<\/li>\n<li>Niedriger Ableitstrom<\/li>\n<li>Hohe S\u00e4ttigungsfestigkeit<\/li>\n<li>Varianten: dreiphasig oder dreiphasig + N<\/li>\n<li>Nennstr\u00f6me 16 A &#8211; 800 A (NF-KC-DAR-3)<\/li>\n<li>Nennstr\u00f6me 16 A &#8211; 180 A (NF-KC-DAR-4)<\/li>\n<\/ul>\n<p><a class=\"jump_to_downloads\" href=\"#downloads\"><i class=\"oi oi-data-transfer-download\"><\/i> Zu Downloads springen<\/a><\/div><\/p>\n<p><a href=\"https:\/\/epa.de\/filter\/de\/wp-content\/uploads\/sites\/3\/2015\/02\/Ableitstrom-reduzieren-NF-DAR-1.jpg\" data-rel=\"lightbox-gallery-zPqZlmws\" data-rl_title=\"\" data-rl_caption=\"\" title=\"\"><img loading=\"lazy\" decoding=\"async\" src=\"https:\/\/epa.de\/filter\/de\/wp-content\/uploads\/sites\/3\/2015\/02\/Ableitstrom-reduzieren-NF-DAR-1.jpg\" alt=\"\" width=\"1401\" height=\"674\" class=\"alignnone size-full wp-image-2429\" srcset=\"https:\/\/epa.de\/filter\/de\/wp-content\/uploads\/sites\/3\/2015\/02\/Ableitstrom-reduzieren-NF-DAR-1.jpg 1401w, https:\/\/epa.de\/filter\/de\/wp-content\/uploads\/sites\/3\/2015\/02\/Ableitstrom-reduzieren-NF-DAR-1-480x231.jpg 480w, https:\/\/epa.de\/filter\/de\/wp-content\/uploads\/sites\/3\/2015\/02\/Ableitstrom-reduzieren-NF-DAR-1-768x369.jpg 768w, https:\/\/epa.de\/filter\/de\/wp-content\/uploads\/sites\/3\/2015\/02\/Ableitstrom-reduzieren-NF-DAR-1-1024x493.jpg 1024w\" sizes=\"auto, (max-width: 1401px) 100vw, 1401px\" \/><\/a><\/p>\n<h2><strong>Einen Frequenzumrichter an einem FI-Schutzschalter zu betreiben, kann schon eine Herausforderung sein!<\/strong><\/h2>\n<p>EMV-Ma\u00dfnahmen (wie Netzfilter, Motorfilter, Schirmung der Motorleitung) erh\u00f6hen den Ableitstrom auf Werte, die nicht selten den FI-Schutzschalter zur Ausl\u00f6sung zwingen. FI-Schutzschalter k\u00f6nnen nicht zwischen betriebsbedingten Ableitstr\u00f6men und echten Fehlerstr\u00f6men unterscheiden. F\u00fcr den Personenschutz sind FI-Schutzschalter mit einem Bemessungsdifferenzstrom von 30 mA (VDE 0100-410) und f\u00fcr den Brandschutz 300 mA bzw. 420 mA (VDE 0100-482) vorgeschrieben.<\/p>\n<p>Seit der Einf\u00fchrung des allstromsensitiven FI-Schutzschalters (Typ B) und des Inkrafttretens verbindlicher Normen und Richtlinien, die zu dessen Einsatz verpflichten, suchen viele Anlagenbetreiber nach L\u00f6sungsans\u00e4tzen, die das ungewollte Ausl\u00f6sen der Schutzeinrichtung<br \/>\nverhindern. Selbst FI-Schutzschalter mit einem Bemessungsdifferenzstrom von 300 mA k\u00f6nnen nicht immer problemlos eingesetzt werden, dies zeigen die Abbildungen 1 und 2. In unserem Beispiel wurde ein 1,5 kW Drehstrommotor an einem Frequenzumrichter mit 50 Meter geschirmter Motorleitung betrieben. Im Zeitsignal des Ableitstroms (Bild 1), kann man deutlich erkennen, dass Spitzen bis 1500 mA auftreten. Die Taktfrequenzen der Frequenzumrichter, die meist im Bereich zwischen 2 kHz und 16 kHz liegen, spielen gerade bei langen Motorleitungsl\u00e4ngen eine entscheidende Rolle. Mit Hilfe einer Fourieranalyse wird deutlich, dass die Umrichter-Taktfrequenz auf einen Wert von 6 kHz eingestellt wurde. Die Amplitude erreicht hier 450 mA rms (Bild 2), was deutlich \u00fcber der Ausl\u00f6seschwelle des allstromsensitiven FI-Schutzschalters (rote Linie) liegt. W\u00e4hrend des Anfahrens oder Stoppens des Antriebs, liegt dieser Wert sogar noch viel h\u00f6her.<\/p>\n<p>Abhilfe schafft hier das Ableitstromreduktionsfilter NF-DAR. Schaltet man zwischen FI-Schutzschalter und Frequenzumrichter ein NF-DAR Filter, so werden die Ableitstr\u00f6me im Taktfrequenzbereich auf ein Minimum reduziert (Bild 3 + 4). Der Betrieb von einem oder mehreren Frequenzumrichtern an einem FI-Schutzschalter ist somit wieder problemlos m\u00f6glich!<\/p>\n","protected":false},"excerpt":{"rendered":"<p>Ableitstr\u00f6me im Frequenzbereich 2 bis 16 kHz effektiv reduzieren mit dem Ableitstrom-Absorptionsfilter NF-DAR oder dem Kombi-Netzfilter NF-KC-DAR Wer als Anlagenbetreiber oder Hersteller zum Personen- oder Brandschutz einen Fehlerstromschutzschalter (RCCB, FI, RCD) vor seinen Antrieben (Frequenzumrichter, Servoumrichter) einsetzen muss, st\u00f6\u00dft gezwungenerma\u00dfen auf das Thema Ableitstrom. H\u00e4ufig sind schon bei ein oder zwei Frequenzumrichtern die Ableitstr\u00f6me so [&hellip;]<\/p>\n","protected":false},"author":2,"featured_media":1280,"parent":26,"menu_order":11,"comment_status":"open","ping_status":"closed","template":"page-downloads.php","meta":{"footnotes":""},"class_list":["post-64","page","type-page","status-publish","has-post-thumbnail","hentry"],"publishpress_future_action":{"enabled":false,"date":"2026-04-11 16:11:00","action":"change-status","newStatus":"draft","terms":[],"taxonomy":"","extraData":[]},"publishpress_future_workflow_manual_trigger":{"enabledWorkflows":[]},"_links":{"self":[{"href":"https:\/\/epa.de\/filter\/de\/wp-json\/wp\/v2\/pages\/64","targetHints":{"allow":["GET"]}}],"collection":[{"href":"https:\/\/epa.de\/filter\/de\/wp-json\/wp\/v2\/pages"}],"about":[{"href":"https:\/\/epa.de\/filter\/de\/wp-json\/wp\/v2\/types\/page"}],"author":[{"embeddable":true,"href":"https:\/\/epa.de\/filter\/de\/wp-json\/wp\/v2\/users\/2"}],"replies":[{"embeddable":true,"href":"https:\/\/epa.de\/filter\/de\/wp-json\/wp\/v2\/comments?post=64"}],"version-history":[{"count":16,"href":"https:\/\/epa.de\/filter\/de\/wp-json\/wp\/v2\/pages\/64\/revisions"}],"predecessor-version":[{"id":4323,"href":"https:\/\/epa.de\/filter\/de\/wp-json\/wp\/v2\/pages\/64\/revisions\/4323"}],"up":[{"embeddable":true,"href":"https:\/\/epa.de\/filter\/de\/wp-json\/wp\/v2\/pages\/26"}],"wp:featuredmedia":[{"embeddable":true,"href":"https:\/\/epa.de\/filter\/de\/wp-json\/wp\/v2\/media\/1280"}],"wp:attachment":[{"href":"https:\/\/epa.de\/filter\/de\/wp-json\/wp\/v2\/media?parent=64"}],"curies":[{"name":"wp","href":"https:\/\/api.w.org\/{rel}","templated":true}]}}