{"id":61,"date":"2015-02-24T09:43:53","date_gmt":"2015-02-24T08:43:53","guid":{"rendered":"https:\/\/epa.de\/filter\/de\/?page_id=61"},"modified":"2025-09-24T09:15:15","modified_gmt":"2025-09-24T07:15:15","slug":"harmonic-filter-oberschwingungsfilter","status":"publish","type":"page","link":"https:\/\/epa.de\/filter\/de\/produkte\/harmonic-filter-oberschwingungsfilter\/","title":{"rendered":"Harmonic-Filter \/ Oberschwingungsfilter"},"content":{"rendered":"<ul>\n<li>Hocheffiziente mehrstufige passive Filterung<\/li>\n<li>Reduzierung der Oberschwingungen und niederfrequenten Netzr\u00fcckwirkungen<\/li>\n<li>Verbesserung der THDi-Werte (&lt;5% m\u00f6glich)<\/li>\n<li>Optimiert f\u00fcr B6-Br\u00fcckengleichrichter<\/li>\n<li>Einhaltung der Oberschwingungsgrenzwerte nach EN 61000-3-12<\/li>\n<li>Kosteng\u00fcnstiger gegen\u00fcber aktiven Harmonicfiltern<\/li>\n<li>Eingangsstrom wird deutlich reduziert<\/li>\n<\/ul>\n<p><div class=\"products\"><br \/>\n<img loading=\"lazy\" decoding=\"async\" class=\"alignnone wp-image-1446 size-full\" src=\"https:\/\/epa.de\/filter\/de\/wp-content\/uploads\/sites\/3\/2015\/02\/hfe-a.jpg\" alt=\"\" width=\"1100\" height=\"1021\" srcset=\"https:\/\/epa.de\/filter\/de\/wp-content\/uploads\/sites\/3\/2015\/02\/hfe-a.jpg 1100w, https:\/\/epa.de\/filter\/de\/wp-content\/uploads\/sites\/3\/2015\/02\/hfe-a-300x278.jpg 300w, https:\/\/epa.de\/filter\/de\/wp-content\/uploads\/sites\/3\/2015\/02\/hfe-a-768x713.jpg 768w, https:\/\/epa.de\/filter\/de\/wp-content\/uploads\/sites\/3\/2015\/02\/hfe-a-1024x950.jpg 1024w\" sizes=\"auto, (max-width: 1100px) 100vw, 1100px\" \/><\/p>\n<h2>HFE-5P (THDi &lt;5%*)<br \/>\nHFE-8P (THDi &lt;8%*)<\/h2>\n<p>High Performance Harmonicfilter<\/p>\n<ul>\n<li>Nennstr\u00f6me von 10 A bis 410 A<\/li>\n<li>F\u00fcr Leistungen bis 250 kW<\/li>\n<li>380 V bis 690 V (50 \/ 60 Hz), 3-phasig<\/li>\n<li>THDi bis 5 % m\u00f6glich<\/li>\n<li>Speziell f\u00fcr Ger\u00e4te mit B6-Br\u00fcckengleichrichter<\/li>\n<li>Oberschwingungsreduktion bis zur 50. Harmonischen (2,5 bzw. 3,0 kHz)<\/li>\n<li>Abschaltbare Kondensatoren<\/li>\n<li>Kein Ableitstrom<\/li>\n<li>F\u00fcr erh\u00f6hte Anforderungen<\/li>\n<\/ul>\n<p>* bei R<em><sub>SCE<\/sub><\/em> \u2265 66, THDu \u2264 2%<br \/>\n<a class=\"jump_to_downloads\" href=\"#downloads\"><i class=\"oi oi-data-transfer-download\"><\/i> Zu Downloads springen<\/a><\/div><\/p>\n<p><a href=\"https:\/\/epa.de\/filter\/de\/wp-content\/uploads\/sites\/3\/2015\/02\/fourieranalyse_de.png\" data-rel=\"lightbox-gallery-lqh8Tw5Y\" data-rl_title=\"\" data-rl_caption=\"\" title=\"\"><img loading=\"lazy\" decoding=\"async\" class=\"alignnone size-full wp-image-1180\" src=\"https:\/\/epa.de\/filter\/de\/wp-content\/uploads\/sites\/3\/2015\/02\/fourieranalyse_de.png\" alt=\"fourieranalyse_de\" width=\"1600\" height=\"696\" data-wp-editing=\"1\" srcset=\"https:\/\/epa.de\/filter\/de\/wp-content\/uploads\/sites\/3\/2015\/02\/fourieranalyse_de.png 1600w, https:\/\/epa.de\/filter\/de\/wp-content\/uploads\/sites\/3\/2015\/02\/fourieranalyse_de-300x131.png 300w, https:\/\/epa.de\/filter\/de\/wp-content\/uploads\/sites\/3\/2015\/02\/fourieranalyse_de-1024x445.png 1024w\" sizes=\"auto, (max-width: 1600px) 100vw, 1600px\" \/><\/a><\/p>\n<h2>Vergleichsbeispiel THDi-Werte (Klirrfaktor des Netzstromes):<\/h2>\n<table class=\"table table-bordered\">\n<thead>\n<tr>\n<td>Unverdrosselter Gleichrichter<\/td>\n<td>Mit 4 % uk verdrosselter Gleichrichter<\/td>\n<td>Gleichrichter mit HFE-8P<\/td>\n<td>Gleichrichter mit HFE-5P<\/td>\n<td>Gleichrichter mit HFE-8P und Zwischenkreisdrossel<\/td>\n<td>Gleichrichter mit HFE-5P und Zwischenkreisdrossel<\/td>\n<\/tr>\n<\/thead>\n<tbody>\n<tr>\n<td>&gt;100 %<\/td>\n<td>ca. 40 %<\/td>\n<td>&lt;16 %<\/td>\n<td>&lt;10 %<\/td>\n<td>&lt;8 %<\/td>\n<td>&lt;5 %<\/td>\n<\/tr>\n<\/tbody>\n<\/table>\n<table class=\"table\">\n<tbody>\n<tr>\n<td><strong>Stromform ohne Harmonicfilter<\/strong><\/td>\n<td><strong>Stromform mit Harmonicfilter HFE<\/strong><\/td>\n<\/tr>\n<tr>\n<td><a href=\"https:\/\/epa.de\/filter\/de\/wp-content\/uploads\/sites\/3\/2015\/02\/ohne_hfe.png\" data-rel=\"lightbox-gallery-lqh8Tw5Y\" data-rl_title=\"\" data-rl_caption=\"\" title=\"\"><img loading=\"lazy\" decoding=\"async\" width=\"689\" height=\"415\" class=\"alignnone size-full wp-image-1181\" style=\"width: 100%; height: auto;\" src=\"https:\/\/epa.de\/filter\/de\/wp-content\/uploads\/sites\/3\/2015\/02\/ohne_hfe.png\" alt=\"ohne_hfe\" srcset=\"https:\/\/epa.de\/filter\/de\/wp-content\/uploads\/sites\/3\/2015\/02\/ohne_hfe.png 689w, https:\/\/epa.de\/filter\/de\/wp-content\/uploads\/sites\/3\/2015\/02\/ohne_hfe-300x181.png 300w\" sizes=\"auto, (max-width: 689px) 100vw, 689px\" \/><\/a><\/td>\n<td><a href=\"https:\/\/epa.de\/filter\/de\/wp-content\/uploads\/sites\/3\/2015\/02\/mit_hfe.png\" data-rel=\"lightbox-gallery-lqh8Tw5Y\" data-rl_title=\"\" data-rl_caption=\"\" title=\"\"><img loading=\"lazy\" decoding=\"async\" width=\"689\" height=\"415\" class=\"alignnone size-full wp-image-1182\" style=\"width: 100%; height: auto;\" src=\"https:\/\/epa.de\/filter\/de\/wp-content\/uploads\/sites\/3\/2015\/02\/mit_hfe.png\" alt=\"mit_hfe\" srcset=\"https:\/\/epa.de\/filter\/de\/wp-content\/uploads\/sites\/3\/2015\/02\/mit_hfe.png 689w, https:\/\/epa.de\/filter\/de\/wp-content\/uploads\/sites\/3\/2015\/02\/mit_hfe-300x181.png 300w\" sizes=\"auto, (max-width: 689px) 100vw, 689px\" \/><\/a><\/td>\n<\/tr>\n<\/tbody>\n<\/table>\n<p><strong>Normative Anforderungen<\/strong>, die den Einsatz eines Oberschwingungsfilters notwendig machen:<br \/>\n\u00b7 IEC\/EN 61000-3-2<br \/>\n\u00b7 IEC\/EN 61000-3-12<br \/>\n\u00b7 IEC\/EN 61000-3-4<br \/>\n\u00b7 IEC 61000-2-2<br \/>\n\u00b7 IEC 61000-2-4<\/p>\n","protected":false},"excerpt":{"rendered":"<p>Hocheffiziente mehrstufige passive Filterung Reduzierung der Oberschwingungen und niederfrequenten Netzr\u00fcckwirkungen Verbesserung der THDi-Werte (&lt;5% m\u00f6glich) Optimiert f\u00fcr B6-Br\u00fcckengleichrichter Einhaltung der Oberschwingungsgrenzwerte nach EN 61000-3-12 Kosteng\u00fcnstiger gegen\u00fcber aktiven Harmonicfiltern Eingangsstrom wird deutlich reduziert Vergleichsbeispiel THDi-Werte (Klirrfaktor des Netzstromes): Unverdrosselter Gleichrichter Mit 4 % uk verdrosselter Gleichrichter Gleichrichter mit HFE-8P Gleichrichter mit HFE-5P Gleichrichter mit HFE-8P und [&hellip;]<\/p>\n","protected":false},"author":2,"featured_media":1279,"parent":26,"menu_order":10,"comment_status":"open","ping_status":"open","template":"page-downloads.php","meta":{"footnotes":""},"class_list":["post-61","page","type-page","status-publish","has-post-thumbnail","hentry"],"publishpress_future_action":{"enabled":false,"date":"2026-04-12 14:01:29","action":"change-status","newStatus":"draft","terms":[],"taxonomy":"","extraData":[]},"publishpress_future_workflow_manual_trigger":{"enabledWorkflows":[]},"_links":{"self":[{"href":"https:\/\/epa.de\/filter\/de\/wp-json\/wp\/v2\/pages\/61","targetHints":{"allow":["GET"]}}],"collection":[{"href":"https:\/\/epa.de\/filter\/de\/wp-json\/wp\/v2\/pages"}],"about":[{"href":"https:\/\/epa.de\/filter\/de\/wp-json\/wp\/v2\/types\/page"}],"author":[{"embeddable":true,"href":"https:\/\/epa.de\/filter\/de\/wp-json\/wp\/v2\/users\/2"}],"replies":[{"embeddable":true,"href":"https:\/\/epa.de\/filter\/de\/wp-json\/wp\/v2\/comments?post=61"}],"version-history":[{"count":26,"href":"https:\/\/epa.de\/filter\/de\/wp-json\/wp\/v2\/pages\/61\/revisions"}],"predecessor-version":[{"id":4923,"href":"https:\/\/epa.de\/filter\/de\/wp-json\/wp\/v2\/pages\/61\/revisions\/4923"}],"up":[{"embeddable":true,"href":"https:\/\/epa.de\/filter\/de\/wp-json\/wp\/v2\/pages\/26"}],"wp:featuredmedia":[{"embeddable":true,"href":"https:\/\/epa.de\/filter\/de\/wp-json\/wp\/v2\/media\/1279"}],"wp:attachment":[{"href":"https:\/\/epa.de\/filter\/de\/wp-json\/wp\/v2\/media?parent=61"}],"curies":[{"name":"wp","href":"https:\/\/api.w.org\/{rel}","templated":true}]}}