{"id":56,"date":"2015-02-24T09:42:26","date_gmt":"2015-02-24T08:42:26","guid":{"rendered":"https:\/\/epa.de\/filter\/de\/?page_id=56"},"modified":"2024-04-17T15:34:35","modified_gmt":"2024-04-17T13:34:35","slug":"sonderloesungen-kundenspezifische-filter","status":"publish","type":"page","link":"https:\/\/epa.de\/filter\/de\/produkte\/sonderloesungen-kundenspezifische-filter\/","title":{"rendered":"Sonderl\u00f6sungen (kundenspezifische Filter)"},"content":{"rendered":"<h2>Entwicklung kundenspezifischer Filterl\u00f6sungen<\/h2>\n<p>Um einer anwendungsoptimierten L\u00f6sung hinsichtlich Funkentst\u00f6rung und Funkst\u00f6rfestigkeit gerecht zu werden, m\u00fcssen viele Kriterien beachtet werden. Aus diesem Grund bieten wir neben unseren Standardl\u00f6sungen, welche die meisten Anforderungen erf\u00fcllen, auch Sonderfilter an. Diese werden unter Ber\u00fccksichtigung der geltenden Normen hinsichtlich elektrischer Wirkung und mechanischer Handhabung auf die Applikation bezogen, entwickelt und auf Wunsch auch gerne von uns an der Anlage bzw. im Ger\u00e4t messtechnisch \u00fcberpr\u00fcft.<\/p>\n<p>EPA entwickelt st\u00e4ndig neue kundenspezifische Filterl\u00f6sungen, die sowohl mechanisch, als auch elektrisch optimiert werden und somit genau auf die Applikation unseres Kunden abgestimmt werden.<\/p>\n<p>Sie finden auf unseren Webseiten einen Gro\u00dfteil des Gesamtprogramms der Entst\u00f6rkomponenten von EPA. Sollte ein EMV-Problem mechanisch oder elektrisch nicht mit einem Standardfilter gel\u00f6st werden k\u00f6nnen, so steht unseren Kunden eine gro\u00dfe Anzahl von bereits erprobten Sonderfiltern zur Verf\u00fcgung.<\/p>\n<p>So werden auch f\u00fcr Anwendungen, in denen nur wenig Montageplatz zur Verf\u00fcgung steht oder die H\u00f6he der Ableitstr\u00f6me gegen Erde eine wesentliche Rolle spielen (z. B. beim Einsatz von FI-Schutzschaltern) passende L\u00f6sungen angeboten. Netzfilter f\u00fcr 690V- und IT-Netze sind ab Lager verf\u00fcgbar. EPA ber\u00e4t Sie gerne bei der Auswahl der Filterma\u00dfnahmen f\u00fcr Ihre Applikation!<\/p>\n<p>Sollten Sie \u00fcber keine eigenen Messm\u00f6glichkeiten verf\u00fcgen, k\u00f6nnen Sie die erforderlichen Messungen jederzeit in unserem Labor von qualifiziertem Fachpersonal zuverl\u00e4ssig und ohne lange Wartezeiten durchf\u00fchren lassen.<\/p>\n<p><strong>Wir helfen Ihnen gerne, die f\u00fcr Ihre Anwendung beste und kosteng\u00fcnstigste L\u00f6sung zu finden! <\/strong><\/p>\n<p><div class=\"products\"><br \/>\n<img loading=\"lazy\" decoding=\"async\" class=\"alignnone wp-image-1431 size-full\" src=\"https:\/\/epa.de\/filter\/de\/wp-content\/uploads\/sites\/3\/2015\/02\/nf-s.jpg\" alt=\"\" width=\"1100\" height=\"1021\" srcset=\"https:\/\/epa.de\/filter\/de\/wp-content\/uploads\/sites\/3\/2015\/02\/nf-s.jpg 1100w, https:\/\/epa.de\/filter\/de\/wp-content\/uploads\/sites\/3\/2015\/02\/nf-s-300x278.jpg 300w, https:\/\/epa.de\/filter\/de\/wp-content\/uploads\/sites\/3\/2015\/02\/nf-s-768x713.jpg 768w, https:\/\/epa.de\/filter\/de\/wp-content\/uploads\/sites\/3\/2015\/02\/nf-s-1024x950.jpg 1024w\" sizes=\"auto, (max-width: 1100px) 100vw, 1100px\" \/><\/p>\n<h2>NF-S<\/h2>\n<p>Kundenspezifische Filter<\/p>\n<ul>\n<li>Nennstr\u00f6me 1 &#8211; 2500 A<\/li>\n<li>Individuelle D\u00e4mpfungen<\/li>\n<li>Sonderspannungen<\/li>\n<li>Niedriger Ableitstrom<\/li>\n<li>Anschl\u00fcsse frei w\u00e4hlbar<\/li>\n<li>Mechanische Sonderl\u00f6sungen<\/li>\n<\/ul>\n<p><a class=\"jump_to_downloads\" href=\"#downloads\"><i class=\"oi oi-data-transfer-download\"><\/i> Zu Downloads springen<\/a><\/div><\/p>\n<p><div class=\"products\"><br \/>\n<img loading=\"lazy\" decoding=\"async\" class=\"alignnone size-full wp-image-3479\" src=\"https:\/\/epa.de\/filter\/de\/wp-content\/uploads\/sites\/3\/2021\/03\/NF-250-DC.jpg\" alt=\"\" width=\"1100\" height=\"1021\" srcset=\"https:\/\/epa.de\/filter\/de\/wp-content\/uploads\/sites\/3\/2021\/03\/NF-250-DC.jpg 1100w, https:\/\/epa.de\/filter\/de\/wp-content\/uploads\/sites\/3\/2021\/03\/NF-250-DC-480x446.jpg 480w, https:\/\/epa.de\/filter\/de\/wp-content\/uploads\/sites\/3\/2021\/03\/NF-250-DC-1024x950.jpg 1024w, https:\/\/epa.de\/filter\/de\/wp-content\/uploads\/sites\/3\/2021\/03\/NF-250-DC-768x713.jpg 768w\" sizes=\"auto, (max-width: 1100px) 100vw, 1100px\" \/><\/p>\n<h2>NF-DC<\/h2>\n<p>Gleichstromfilter<\/p>\n<ul>\n<li>Nennstro\u0308me von 25 A bis 1000 A<\/li>\n<li>Konzipiert fu\u0308r industrielle Starkstromanlagen im Gleichstrombereich<\/li>\n<li>Haupteinsatzgebiete: Bahn, Solar- und Windenergie sowie industrielle Gleichstromanwendungen<\/li>\n<li>Mechanisch kompakter Aufbau mit geringem Gewicht und guter Wa\u0308rmeableitung<\/li>\n<\/ul>\n<p><a class=\"jump_to_downloads\" href=\"#downloads\"><i class=\"oi oi-data-transfer-download\"><\/i> Zu Downloads springen<\/a><\/div><\/p>\n<p><div class=\"products\"><br \/>\n<img loading=\"lazy\" decoding=\"async\" class=\"alignnone size-full wp-image-3481\" src=\"https:\/\/epa.de\/filter\/de\/wp-content\/uploads\/sites\/3\/2021\/03\/NF-1ph-PLC.jpg\" alt=\"\" width=\"1100\" height=\"1021\" srcset=\"https:\/\/epa.de\/filter\/de\/wp-content\/uploads\/sites\/3\/2021\/03\/NF-1ph-PLC.jpg 1100w, https:\/\/epa.de\/filter\/de\/wp-content\/uploads\/sites\/3\/2021\/03\/NF-1ph-PLC-480x446.jpg 480w, https:\/\/epa.de\/filter\/de\/wp-content\/uploads\/sites\/3\/2021\/03\/NF-1ph-PLC-1024x950.jpg 1024w, https:\/\/epa.de\/filter\/de\/wp-content\/uploads\/sites\/3\/2021\/03\/NF-1ph-PLC-768x713.jpg 768w\" sizes=\"auto, (max-width: 1100px) 100vw, 1100px\" \/><\/p>\n<h2>NF-1ph-PLC<\/h2>\n<p>Netzfilter f\u00fcr Power Line Communication (PLC)<\/p>\n<ul>\n<li>Anwendung Smart Meter, Heimautomation, Sicherheitssysteme<\/li>\n<li>Reduziert St\u00f6rungen im CENELEC EN50065 Frequenzband (35-95 kHz)<\/li>\n<li>Nennstrom 63 A<\/li>\n<li>Nennspannung 250 VAC (110 &#8211; 250)<\/li>\n<li>Nennfrequenz 50 \/ 60 Hz<\/li>\n<li>Nennquerschnitt 6 &#8211; 16 mm\u00b2<\/li>\n<\/ul>\n<p><a class=\"jump_to_downloads\" href=\"#downloads\"><i class=\"oi oi-data-transfer-download\"><\/i> Zu Downloads springen<\/a><\/div><\/p>\n<p><div class=\"products\"><br \/>\n<img loading=\"lazy\" decoding=\"async\" class=\"alignnone size-full wp-image-3480\" src=\"https:\/\/epa.de\/filter\/de\/wp-content\/uploads\/sites\/3\/2021\/03\/NF-10-1ph-LED.jpg\" alt=\"\" width=\"1100\" height=\"1021\" srcset=\"https:\/\/epa.de\/filter\/de\/wp-content\/uploads\/sites\/3\/2021\/03\/NF-10-1ph-LED.jpg 1100w, https:\/\/epa.de\/filter\/de\/wp-content\/uploads\/sites\/3\/2021\/03\/NF-10-1ph-LED-480x446.jpg 480w, https:\/\/epa.de\/filter\/de\/wp-content\/uploads\/sites\/3\/2021\/03\/NF-10-1ph-LED-1024x950.jpg 1024w, https:\/\/epa.de\/filter\/de\/wp-content\/uploads\/sites\/3\/2021\/03\/NF-10-1ph-LED-768x713.jpg 768w\" sizes=\"auto, (max-width: 1100px) 100vw, 1100px\" \/><\/p>\n<h2>NF-1ph-LED<\/h2>\n<p>Netzfilter f\u00fcr Beleuchtungsanwendungen<\/p>\n<ul>\n<li>Nennstr\u00f6me von 1 A bis 10 A<\/li>\n<li>D\u00e4mpfungskurve optimiert f\u00fcr Beleuchtungsaufgaben<\/li>\n<li>Zus\u00e4tzliche Gegentaktstufe<\/li>\n<li>Kompaktes Kunststoffgeh\u00e4use<\/li>\n<li>Flachstecker f\u00fcr schnelle, sichere Verbindung<\/li>\n<\/ul>\n<p><a class=\"jump_to_downloads\" href=\"#downloads\"><i class=\"oi oi-data-transfer-download\"><\/i> Zu Downloads springen<\/a><\/div><\/p>\n<p><div class=\"products\"><br \/>\n<img loading=\"lazy\" decoding=\"async\" class=\"alignnone wp-image-1434 size-full\" src=\"https:\/\/epa.de\/filter\/de\/wp-content\/uploads\/sites\/3\/2015\/02\/nf-click-on.jpg\" alt=\"\" width=\"1122\" height=\"1042\" srcset=\"https:\/\/epa.de\/filter\/de\/wp-content\/uploads\/sites\/3\/2015\/02\/nf-click-on.jpg 1122w, https:\/\/epa.de\/filter\/de\/wp-content\/uploads\/sites\/3\/2015\/02\/nf-click-on-300x279.jpg 300w, https:\/\/epa.de\/filter\/de\/wp-content\/uploads\/sites\/3\/2015\/02\/nf-click-on-768x713.jpg 768w, https:\/\/epa.de\/filter\/de\/wp-content\/uploads\/sites\/3\/2015\/02\/nf-click-on-1024x951.jpg 1024w\" sizes=\"auto, (max-width: 1122px) 100vw, 1122px\" \/><\/p>\n<h2>NF-Click-on<\/h2>\n<p>Funkentst\u00f6rfilter f\u00fcr Sammelschiene<\/p>\n<ul>\n<li>Nennstr\u00f6me 50 &#8211; 80 A<\/li>\n<li>Schnelle Installation<\/li>\n<li>F\u00fcr Schienensystem bis 60 mm<\/li>\n<li>Einspeisungsfilter<\/li>\n<\/ul>\n<p><a class=\"jump_to_downloads\" href=\"#downloads\"><i class=\"oi oi-data-transfer-download\"><\/i> Zu Downloads springen<\/a><\/div><\/p>\n<p><div class=\"products\"><br \/>\n<img loading=\"lazy\" decoding=\"async\" class=\"alignnone size-full wp-image-3512\" src=\"https:\/\/epa.de\/filter\/de\/wp-content\/uploads\/sites\/3\/2021\/04\/NF-SchuKoPlus_130421.jpg\" alt=\"\" width=\"1100\" height=\"1021\" srcset=\"https:\/\/epa.de\/filter\/de\/wp-content\/uploads\/sites\/3\/2021\/04\/NF-SchuKoPlus_130421.jpg 1100w, https:\/\/epa.de\/filter\/de\/wp-content\/uploads\/sites\/3\/2021\/04\/NF-SchuKoPlus_130421-480x446.jpg 480w, https:\/\/epa.de\/filter\/de\/wp-content\/uploads\/sites\/3\/2021\/04\/NF-SchuKoPlus_130421-1024x950.jpg 1024w, https:\/\/epa.de\/filter\/de\/wp-content\/uploads\/sites\/3\/2021\/04\/NF-SchuKoPlus_130421-768x713.jpg 768w\" sizes=\"auto, (max-width: 1100px) 100vw, 1100px\" \/><\/p>\n<h2>NF-SchuKo<\/h2>\n<p>Funkentst\u00f6rfilter mit Schuko-Stecker \/ -Buchse<\/p>\n<ul>\n<li>115\/230V 50\/60Hz 16A<\/li>\n<li>sehr niedriger Ableitstrom 1,5\u00b5A<\/li>\n<li>Abmessungen: 100x105x57mm<\/li>\n<li>2-stufige Filterschaltung<\/li>\n<\/ul>\n<p><a class=\"jump_to_downloads\" href=\"#downloads\"><i class=\"oi oi-data-transfer-download\"><\/i> Zu Downloads springen<\/a><\/div><\/p>\n<p><div class=\"products\"><br \/>\n<img loading=\"lazy\" decoding=\"async\" class=\"alignnone wp-image-1432 size-full\" src=\"https:\/\/epa.de\/filter\/de\/wp-content\/uploads\/sites\/3\/2015\/02\/nf-switch-1.jpg\" alt=\"\" width=\"1100\" height=\"1021\" srcset=\"https:\/\/epa.de\/filter\/de\/wp-content\/uploads\/sites\/3\/2015\/02\/nf-switch-1.jpg 1100w, https:\/\/epa.de\/filter\/de\/wp-content\/uploads\/sites\/3\/2015\/02\/nf-switch-1-300x278.jpg 300w, https:\/\/epa.de\/filter\/de\/wp-content\/uploads\/sites\/3\/2015\/02\/nf-switch-1-768x713.jpg 768w, https:\/\/epa.de\/filter\/de\/wp-content\/uploads\/sites\/3\/2015\/02\/nf-switch-1-1024x950.jpg 1024w\" sizes=\"auto, (max-width: 1100px) 100vw, 1100px\" \/><\/p>\n<h2>NF-Switch<\/h2>\n<p>Sammelentst\u00f6rfilter passend zum Hauptschalter<\/p>\n<ul>\n<li>Nennstr\u00f6me 50 &#8211; 64 A<\/li>\n<li>Schnelle Installation<\/li>\n<li>Ideal f\u00fcr Schaltschr\u00e4nke<\/li>\n<li>Passend zum Hauptschalter<\/li>\n<\/ul>\n<p><a class=\"jump_to_downloads\" href=\"#downloads\"><i class=\"oi oi-data-transfer-download\"><\/i> Zu Downloads springen<\/a><\/div><\/p>\n<p><div class=\"products\"><br \/>\n<img loading=\"lazy\" decoding=\"async\" class=\"alignnone wp-image-1433 size-full\" src=\"https:\/\/epa.de\/filter\/de\/wp-content\/uploads\/sites\/3\/2015\/02\/nf-switch-2.jpg\" alt=\"\" width=\"1100\" height=\"1021\" srcset=\"https:\/\/epa.de\/filter\/de\/wp-content\/uploads\/sites\/3\/2015\/02\/nf-switch-2.jpg 1100w, https:\/\/epa.de\/filter\/de\/wp-content\/uploads\/sites\/3\/2015\/02\/nf-switch-2-300x278.jpg 300w, https:\/\/epa.de\/filter\/de\/wp-content\/uploads\/sites\/3\/2015\/02\/nf-switch-2-768x713.jpg 768w, https:\/\/epa.de\/filter\/de\/wp-content\/uploads\/sites\/3\/2015\/02\/nf-switch-2-1024x950.jpg 1024w\" sizes=\"auto, (max-width: 1100px) 100vw, 1100px\" \/><\/p>\n<h2>NF-Switch<\/h2>\n<p>Sammelentst\u00f6rfilter passend zum Hauptschalter<\/p>\n<ul>\n<li>Nennstr\u00f6me 250 &#8211; 800 A<\/li>\n<li>Schnelle Installation<\/li>\n<li>Ideal f\u00fcr Schaltschr\u00e4nke<\/li>\n<li>Passend zum Hauptschalter<\/li>\n<\/ul>\n<p><a class=\"jump_to_downloads\" href=\"#downloads\"><i class=\"oi oi-data-transfer-download\"><\/i> Zu Downloads springen<\/a><\/div><\/p>\n","protected":false},"excerpt":{"rendered":"<p>Entwicklung kundenspezifischer Filterl\u00f6sungen Um einer anwendungsoptimierten L\u00f6sung hinsichtlich Funkentst\u00f6rung und Funkst\u00f6rfestigkeit gerecht zu werden, m\u00fcssen viele Kriterien beachtet werden. Aus diesem Grund bieten wir neben unseren Standardl\u00f6sungen, welche die meisten Anforderungen erf\u00fcllen, auch Sonderfilter an. Diese werden unter Ber\u00fccksichtigung der geltenden Normen hinsichtlich elektrischer Wirkung und mechanischer Handhabung auf die Applikation bezogen, entwickelt und auf [&hellip;]<\/p>\n","protected":false},"author":2,"featured_media":1277,"parent":26,"menu_order":8,"comment_status":"open","ping_status":"open","template":"page-downloads.php","meta":{"footnotes":""},"class_list":["post-56","page","type-page","status-publish","has-post-thumbnail","hentry"],"publishpress_future_action":{"enabled":false,"date":"2026-04-11 15:00:10","action":"change-status","newStatus":"draft","terms":[],"taxonomy":"","extraData":[]},"publishpress_future_workflow_manual_trigger":{"enabledWorkflows":[]},"_links":{"self":[{"href":"https:\/\/epa.de\/filter\/de\/wp-json\/wp\/v2\/pages\/56","targetHints":{"allow":["GET"]}}],"collection":[{"href":"https:\/\/epa.de\/filter\/de\/wp-json\/wp\/v2\/pages"}],"about":[{"href":"https:\/\/epa.de\/filter\/de\/wp-json\/wp\/v2\/types\/page"}],"author":[{"embeddable":true,"href":"https:\/\/epa.de\/filter\/de\/wp-json\/wp\/v2\/users\/2"}],"replies":[{"embeddable":true,"href":"https:\/\/epa.de\/filter\/de\/wp-json\/wp\/v2\/comments?post=56"}],"version-history":[{"count":13,"href":"https:\/\/epa.de\/filter\/de\/wp-json\/wp\/v2\/pages\/56\/revisions"}],"predecessor-version":[{"id":1168,"href":"https:\/\/epa.de\/filter\/de\/wp-json\/wp\/v2\/pages\/56\/revisions\/1168"}],"up":[{"embeddable":true,"href":"https:\/\/epa.de\/filter\/de\/wp-json\/wp\/v2\/pages\/26"}],"wp:featuredmedia":[{"embeddable":true,"href":"https:\/\/epa.de\/filter\/de\/wp-json\/wp\/v2\/media\/1277"}],"wp:attachment":[{"href":"https:\/\/epa.de\/filter\/de\/wp-json\/wp\/v2\/media?parent=56"}],"curies":[{"name":"wp","href":"https:\/\/api.w.org\/{rel}","templated":true}]}}