{"id":4604,"date":"2024-06-05T15:26:32","date_gmt":"2024-06-05T13:26:32","guid":{"rendered":"https:\/\/epa.de\/filter\/de\/?page_id=4604"},"modified":"2024-06-05T15:50:59","modified_gmt":"2024-06-05T13:50:59","slug":"unternehmensleitsaetze","status":"publish","type":"page","link":"https:\/\/epa.de\/filter\/de\/unternehmen\/unternehmensleitsaetze\/","title":{"rendered":"Unternehmensleits\u00e4tze"},"content":{"rendered":"<p>Als Resultat der Bem\u00fchungen hinsichtlich Qualit\u00e4ts- und Umweltpolitik der EPA GmbH ergeben sich folgende Unternehmensleits\u00e4tze:<\/p>\n<ul class=\"wp-block-list\">\n<li>Wir erf\u00fcllen die Erwartungen und erreichen die Zufriedenheit unserer Kunden sowie sonstiger interessierter Parteien in Bezug auf unsere Produkte und Leistungen in jeder Phase.<\/li>\n<li>Wir erkennen die Risiken f\u00fcr unsere Mitarbeiter, unser Unternehmen und Produkte rechtzeitig und minimieren diese bestm\u00f6glich. Ebenso erkennen wir Chancen und nehmen diese wahr.<\/li>\n<li>Wir verbessern definierte Prozesse, Schnittstellen und Verfahren kontinuierlich. Die Bewertung nach qualitativen-, arbeitsschutz- und umweltrelevanten Aspekten erfolgt regelm\u00e4\u00dfig.<\/li>\n<li>Die Einhaltung der gesetzlichen und beh\u00f6rdlichen Vorschriften in allen Bereichen des Unternehmens sind f\u00fcr uns bindend.<\/li>\n<li>Die Ressourcen unseres Unternehmens, insbesondere das Engagement unserer Mitarbeiter ist unser Garant f\u00fcr zuk\u00fcnftigen Erfolg.<\/li>\n<li>Die Sicherheit und der Gesundheitsschutz werden m\u00f6glichst gleichrangig zu wirtschaftlichen \u00dcberlegungen betrachtet. Unsere F\u00fchrungskr\u00e4fte beachten diesen Grundsatz in verantwortungsvoller Vorbildfunktion zur Vermeidung von Unf\u00e4llen und Gefahrensituationen.<\/li>\n<li>Wir streben den Schutz und den Erhalt der Natur durch unseren aktiven Beitrag im Rahmen des Umweltmanagementsystems an.<\/li>\n<li>Wir versuchen, Emissionen, Abf\u00e4lle und Rohstoffverbr\u00e4uche, soweit dies in unserem Verantwortungsbereich beeinflussbar ist, zu minimieren.<\/li>\n<li>Die Beachtung relevanter Umweltaspekte und Themen im Rahmen unseres Unternehmenskontextes ist f\u00fcr uns selbstverst\u00e4ndlich. Ebenso ein achtsamer Umgang mit Ressourcen.<\/li>\n<li>Die anfallenden Wertstoffe werden gewissenhaft in stofflich verwertbare und nicht wiederverwertbare Stoffe getrennt (Wertstoffsammelplatz). Wir arbeiten mit Fachentsorgern zusammen.<\/li>\n<li>In den Firmenr\u00e4umlichkeiten wird darauf geachtet, dass bei l\u00e4ngerer Abwesenheit bzw. nach Arbeitsende die genutzte Energie auf ein erforderliches Minimum reduziert wird (Abschaltung).<\/li>\n<li>Im Rahmen des Einkaufs bzw. bei den verwendeten Stoffen achten wir darauf, dass diese m\u00f6glichst nicht umweltgef\u00e4hrdend sind und den geforderten gesetzlichen Anforderungen entsprechen bzw. ein entsprechendes G\u00fctesiegel tragen.<\/li>\n<li>Bei den eingekauften Verpackungsmaterialien und Holzprodukten, wie beispielsweise Paletten, achten wir darauf, dass diese nach PEFC oder gleichwertig zertifiziert sind.<\/li>\n<\/ul>\n<h2>Verhaltenskodex \/ Code of Conduct<\/h2>\n<p>Der Code of Conduct definiert die Grunds\u00e4tze und Anforderungen der EPA GmbH an sich<br \/>selbst, gleicherma\u00dfen an ihre Gesch\u00e4ftspartner bez\u00fcglich deren Verantwortung f\u00fcr Mensch<br \/>und Umwelt. Diese Grunds\u00e4tze stehen im Einklang mit unseren Werten und unserem<br \/>Selbstverst\u00e4ndnis.<\/p>\n<p>Unseren vollst\u00e4ndigen Verhaltenskodex <a href=\"https:\/\/epa.de\/download\/de\/07_Dokumente\/07.04_QM\/Verhaltenskodex_COC.pdf\">finden Sie hier zum Download<\/a>.<\/p>\n<p>&nbsp;<\/p>\n","protected":false},"excerpt":{"rendered":"<p>Als Resultat der Bem\u00fchungen hinsichtlich Qualit\u00e4ts- und Umweltpolitik der EPA GmbH ergeben sich folgende Unternehmensleits\u00e4tze:<\/p>\n","protected":false},"author":1,"featured_media":0,"parent":71,"menu_order":0,"comment_status":"closed","ping_status":"closed","template":"","meta":{"footnotes":""},"class_list":["post-4604","page","type-page","status-publish","hentry"],"publishpress_future_action":{"enabled":false,"date":"2026-04-30 19:19:01","action":"change-status","newStatus":"draft","terms":[],"taxonomy":"","extraData":[]},"publishpress_future_workflow_manual_trigger":{"enabledWorkflows":[]},"_links":{"self":[{"href":"https:\/\/epa.de\/filter\/de\/wp-json\/wp\/v2\/pages\/4604","targetHints":{"allow":["GET"]}}],"collection":[{"href":"https:\/\/epa.de\/filter\/de\/wp-json\/wp\/v2\/pages"}],"about":[{"href":"https:\/\/epa.de\/filter\/de\/wp-json\/wp\/v2\/types\/page"}],"author":[{"embeddable":true,"href":"https:\/\/epa.de\/filter\/de\/wp-json\/wp\/v2\/users\/1"}],"replies":[{"embeddable":true,"href":"https:\/\/epa.de\/filter\/de\/wp-json\/wp\/v2\/comments?post=4604"}],"version-history":[{"count":5,"href":"https:\/\/epa.de\/filter\/de\/wp-json\/wp\/v2\/pages\/4604\/revisions"}],"predecessor-version":[{"id":4614,"href":"https:\/\/epa.de\/filter\/de\/wp-json\/wp\/v2\/pages\/4604\/revisions\/4614"}],"up":[{"embeddable":true,"href":"https:\/\/epa.de\/filter\/de\/wp-json\/wp\/v2\/pages\/71"}],"wp:attachment":[{"href":"https:\/\/epa.de\/filter\/de\/wp-json\/wp\/v2\/media?parent=4604"}],"curies":[{"name":"wp","href":"https:\/\/api.w.org\/{rel}","templated":true}]}}