{"id":4228,"date":"2022-11-22T16:11:53","date_gmt":"2022-11-22T15:11:53","guid":{"rendered":"https:\/\/epa.de\/filter\/de\/?page_id=4228"},"modified":"2023-12-22T13:33:07","modified_gmt":"2023-12-22T12:33:07","slug":"differenzstrom-diagnosesystem-diffdi","status":"publish","type":"page","link":"https:\/\/epa.de\/filter\/de\/differenzstrom-diagnosesystem-diffdi\/","title":{"rendered":"Differenzstrom-Diagnosesystem DiffDi<sup>\u00ae<\/sup>"},"content":{"rendered":"<p class=\"lead\">Warum ist ein Motor zum wiederholten Mal defekt? Wie kann man eine extrem hohe Anlagenverf\u00fcgbarkeit gew\u00e4hrleisten? Womit kann man Motorlagersch\u00e4den an schwer zug\u00e4nglichen Einsatzorten vorbeugen?<\/p>\n<p>Fragen, die sich viele Maschinenhersteller und Serviceunternehmen sicherlich schon mehr als einmal gestellt haben. Besonders wenn die Gegebenheiten herausfordernd sind, sind ursachenorientierte Ma\u00dfnahmen gefragt. Mittels des DiffDi<sup>\u00ae<\/sup> Diagnosesystems ist die Erfassung, Analyse und Bewertung hochfrequenter Differenzstr\u00f6me sowie deren Auswirkungen auf umrichterbetriebene Motoren schnell und unkompliziert m\u00f6glich.<\/p>\n<p>Nach einer kurzen men\u00fcgef\u00fchrten Software- und Ger\u00e4tetreiberinstallation unter Windows werden \u00fcber die Messeinrichtung die Str\u00f6me im kHz- bis MHz-Bereich motorseitig erfasst. Die Anwendung ist simpel: Man legt die Rogowski-Messspule um die drei Motorphasen \u2013 ein Auftrennen des Strompfades ist nicht n\u00f6tig.<\/p>\n<p>Im ersten Schritt der Messung wird der Istzustand der Maschine aufgezeichnet. Die speziell daf\u00fcr entwickelte Software DiffDi-Soft erm\u00f6glicht Momentaufnahmen der im Antriebssystem vorhandenen hochfrequenten Str\u00f6me. (Spitzen-) Werte k\u00f6nne analysiert, evaluiert und dokumentiert werden. Die Auswahl z. B. eines Motor-Filters f\u00fcr Schritt zwei erfolgt auf Grundlage der zuvor gewonnen Daten.<\/p>\n<p>Nach der Installation der Filterma\u00dfnahme wird Schritt eins wiederholt und so der Effekt der Methode messtechnisch ermittelt.<\/p>\n<p>Im letzten Schritt k\u00f6nnen die aufgezeichneten Messungen 1 und 2 per Knopfdruck einander gegen\u00fcbergestellt werden. So lassen sich die aufgezeichneten Zeitr\u00e4ume vergleichen und bewerten. Eine Vorher-Nachher-Betrachtung der Messwerte liefert wichtige Informationen \u00fcber die Wirksamkeit der getroffenen EMV- \/ Filterma\u00dfnahmen, wie z. B. die Reduzierung der Differenzstr\u00f6me.<\/p>\n<hr \/>\n<p><div id='gallery-1' class='gallery galleryid-4228 gallery-columns-3 gallery-size-medium'><figure class='gallery-item'>\n\t\t\t<div class='gallery-icon landscape'>\n\t\t\t\t<a href='https:\/\/epa.de\/filter\/de\/wp-content\/uploads\/sites\/3\/2022\/11\/01_Screenshot_Signal.png' title=\"\" data-rl_title=\"\" class=\"rl-gallery-link\" data-rl_caption=\"\" data-rel=\"lightbox-gallery-1\"><img loading=\"lazy\" decoding=\"async\" width=\"480\" height=\"284\" src=\"https:\/\/epa.de\/filter\/de\/wp-content\/uploads\/sites\/3\/2022\/11\/01_Screenshot_Signal-480x284.png\" class=\"attachment-medium size-medium\" alt=\"\" aria-describedby=\"gallery-1-4231\" srcset=\"https:\/\/epa.de\/filter\/de\/wp-content\/uploads\/sites\/3\/2022\/11\/01_Screenshot_Signal-480x284.png 480w, https:\/\/epa.de\/filter\/de\/wp-content\/uploads\/sites\/3\/2022\/11\/01_Screenshot_Signal-1024x606.png 1024w, https:\/\/epa.de\/filter\/de\/wp-content\/uploads\/sites\/3\/2022\/11\/01_Screenshot_Signal-768x454.png 768w, https:\/\/epa.de\/filter\/de\/wp-content\/uploads\/sites\/3\/2022\/11\/01_Screenshot_Signal.png 1532w\" sizes=\"auto, (max-width: 480px) 100vw, 480px\" \/><\/a>\n\t\t\t<\/div>\n\t\t\t\t<figcaption class='wp-caption-text gallery-caption' id='gallery-1-4231'>\n\t\t\t\tZuerst sollte diese Messung durchgef\u00fchrt werden, um die korrekte Funktion der Hard- und Software sicherzustellen. Au\u00dferdem kann hier die H\u00f6he des Differenzstroms festgestellt und der entsprechende Messbereich ausgew\u00e4hlt werden. Die Zeitachse ist standardm\u00e4\u00dfig auf 300 \u00b5s eingestellt.\n\t\t\t\t<\/figcaption><\/figure><figure class='gallery-item'>\n\t\t\t<div class='gallery-icon landscape'>\n\t\t\t\t<a href='https:\/\/epa.de\/filter\/de\/wp-content\/uploads\/sites\/3\/2022\/11\/02_Screenshot_Trend.png' title=\"\" data-rl_title=\"\" class=\"rl-gallery-link\" data-rl_caption=\"\" data-rel=\"lightbox-gallery-1\"><img loading=\"lazy\" decoding=\"async\" width=\"480\" height=\"284\" src=\"https:\/\/epa.de\/filter\/de\/wp-content\/uploads\/sites\/3\/2022\/11\/02_Screenshot_Trend-480x284.png\" class=\"attachment-medium size-medium\" alt=\"\" aria-describedby=\"gallery-1-4232\" srcset=\"https:\/\/epa.de\/filter\/de\/wp-content\/uploads\/sites\/3\/2022\/11\/02_Screenshot_Trend-480x284.png 480w, https:\/\/epa.de\/filter\/de\/wp-content\/uploads\/sites\/3\/2022\/11\/02_Screenshot_Trend-1024x606.png 1024w, https:\/\/epa.de\/filter\/de\/wp-content\/uploads\/sites\/3\/2022\/11\/02_Screenshot_Trend-768x454.png 768w, https:\/\/epa.de\/filter\/de\/wp-content\/uploads\/sites\/3\/2022\/11\/02_Screenshot_Trend.png 1532w\" sizes=\"auto, (max-width: 480px) 100vw, 480px\" \/><\/a>\n\t\t\t<\/div>\n\t\t\t\t<figcaption class='wp-caption-text gallery-caption' id='gallery-1-4232'>\n\t\t\t\tDie Trend-Anzeige ist vergleichbar mit der Signal-Anzeige, allerdings ist die Darstellung \u00fcber einen l\u00e4ngeren Zeitraum (Zeitachse hier auf 9,5 ms), somit kann die H\u00e4ufigkeit der Stromspitzen besser beurteilt werden.\n\t\t\t\t<\/figcaption><\/figure><figure class='gallery-item'>\n\t\t\t<div class='gallery-icon landscape'>\n\t\t\t\t<a href='https:\/\/epa.de\/filter\/de\/wp-content\/uploads\/sites\/3\/2022\/11\/03_Screenshot_Initial_Measurement.png' title=\"\" data-rl_title=\"\" class=\"rl-gallery-link\" data-rl_caption=\"\" data-rel=\"lightbox-gallery-1\"><img loading=\"lazy\" decoding=\"async\" width=\"480\" height=\"284\" src=\"https:\/\/epa.de\/filter\/de\/wp-content\/uploads\/sites\/3\/2022\/11\/03_Screenshot_Initial_Measurement-480x284.png\" class=\"attachment-medium size-medium\" alt=\"\" aria-describedby=\"gallery-1-4233\" srcset=\"https:\/\/epa.de\/filter\/de\/wp-content\/uploads\/sites\/3\/2022\/11\/03_Screenshot_Initial_Measurement-480x284.png 480w, https:\/\/epa.de\/filter\/de\/wp-content\/uploads\/sites\/3\/2022\/11\/03_Screenshot_Initial_Measurement-1024x606.png 1024w, https:\/\/epa.de\/filter\/de\/wp-content\/uploads\/sites\/3\/2022\/11\/03_Screenshot_Initial_Measurement-768x454.png 768w, https:\/\/epa.de\/filter\/de\/wp-content\/uploads\/sites\/3\/2022\/11\/03_Screenshot_Initial_Measurement-1536x908.png 1536w, https:\/\/epa.de\/filter\/de\/wp-content\/uploads\/sites\/3\/2022\/11\/03_Screenshot_Initial_Measurement.png 1916w\" sizes=\"auto, (max-width: 480px) 100vw, 480px\" \/><\/a>\n\t\t\t<\/div>\n\t\t\t\t<figcaption class='wp-caption-text gallery-caption' id='gallery-1-4233'>\n\t\t\t\tDiese Messung dient zur Erfassung des Istzustands. Im Men\u00fc \u201eInitial Measurement\u201c wird \u00fcber den Button \u201eMeasurement\u201c eine 10 Sekunden andauernde Messung gestartet und aufgezeichnet. Die Spitzenwerte k\u00f6nnen in der Tabelle auf der rechten Seite abgelesen werden. Bei Bedarf kann das Messergebnis in einer Datei abgespeichert und sp\u00e4ter erneut aufgerufen werden.\n\t\t\t\t<\/figcaption><\/figure><figure class='gallery-item'>\n\t\t\t<div class='gallery-icon landscape'>\n\t\t\t\t<a href='https:\/\/epa.de\/filter\/de\/wp-content\/uploads\/sites\/3\/2022\/11\/04_Screenshot_Final_Measurement.png' title=\"\" data-rl_title=\"\" class=\"rl-gallery-link\" data-rl_caption=\"\" data-rel=\"lightbox-gallery-1\"><img loading=\"lazy\" decoding=\"async\" width=\"480\" height=\"284\" src=\"https:\/\/epa.de\/filter\/de\/wp-content\/uploads\/sites\/3\/2022\/11\/04_Screenshot_Final_Measurement-480x284.png\" class=\"attachment-medium size-medium\" alt=\"\" aria-describedby=\"gallery-1-4234\" srcset=\"https:\/\/epa.de\/filter\/de\/wp-content\/uploads\/sites\/3\/2022\/11\/04_Screenshot_Final_Measurement-480x284.png 480w, https:\/\/epa.de\/filter\/de\/wp-content\/uploads\/sites\/3\/2022\/11\/04_Screenshot_Final_Measurement-1024x606.png 1024w, https:\/\/epa.de\/filter\/de\/wp-content\/uploads\/sites\/3\/2022\/11\/04_Screenshot_Final_Measurement-768x454.png 768w, https:\/\/epa.de\/filter\/de\/wp-content\/uploads\/sites\/3\/2022\/11\/04_Screenshot_Final_Measurement-1536x908.png 1536w, https:\/\/epa.de\/filter\/de\/wp-content\/uploads\/sites\/3\/2022\/11\/04_Screenshot_Final_Measurement.png 1916w\" sizes=\"auto, (max-width: 480px) 100vw, 480px\" \/><\/a>\n\t\t\t<\/div>\n\t\t\t\t<figcaption class='wp-caption-text gallery-caption' id='gallery-1-4234'>\n\t\t\t\tNach der Installation der Filterma\u00dfnahme wird im Men\u00fc \u201eFinal Measurement\u201c \u00fcber den Button \u201eMeasurement\u201c erneut eine 10 Sekunden andauernde Messung gestartet und aufgezeichnet. Auch hier k\u00f6nnen die Spitzenwerte in der Tabelle auf der rechten Seite abgelesen werden. Bei Bedarf kann das Messergebnis auch in einer Datei abgespeichert und sp\u00e4ter erneut aufgerufen werden.\n\t\t\t\t<\/figcaption><\/figure><figure class='gallery-item'>\n\t\t\t<div class='gallery-icon landscape'>\n\t\t\t\t<a href='https:\/\/epa.de\/filter\/de\/wp-content\/uploads\/sites\/3\/2022\/11\/05_Screenshot_Compare_Measurements.png' title=\"\" data-rl_title=\"\" class=\"rl-gallery-link\" data-rl_caption=\"\" data-rel=\"lightbox-gallery-1\"><img loading=\"lazy\" decoding=\"async\" width=\"480\" height=\"284\" src=\"https:\/\/epa.de\/filter\/de\/wp-content\/uploads\/sites\/3\/2022\/11\/05_Screenshot_Compare_Measurements-480x284.png\" class=\"attachment-medium size-medium\" alt=\"\" aria-describedby=\"gallery-1-4235\" srcset=\"https:\/\/epa.de\/filter\/de\/wp-content\/uploads\/sites\/3\/2022\/11\/05_Screenshot_Compare_Measurements-480x284.png 480w, https:\/\/epa.de\/filter\/de\/wp-content\/uploads\/sites\/3\/2022\/11\/05_Screenshot_Compare_Measurements-1024x606.png 1024w, https:\/\/epa.de\/filter\/de\/wp-content\/uploads\/sites\/3\/2022\/11\/05_Screenshot_Compare_Measurements-768x454.png 768w, https:\/\/epa.de\/filter\/de\/wp-content\/uploads\/sites\/3\/2022\/11\/05_Screenshot_Compare_Measurements-1536x908.png 1536w, https:\/\/epa.de\/filter\/de\/wp-content\/uploads\/sites\/3\/2022\/11\/05_Screenshot_Compare_Measurements.png 1916w\" sizes=\"auto, (max-width: 480px) 100vw, 480px\" \/><\/a>\n\t\t\t<\/div>\n\t\t\t\t<figcaption class='wp-caption-text gallery-caption' id='gallery-1-4235'>\n\t\t\t\tIm Men\u00fc \u201eCompare\u201c ist der Button \u201eGet Measurements\u201c zu finden. Mit einem Klick darauf beginnt die Software, die beiden zuvor aufgezeichneten Messungen zu laden und diese in dem Graph darunter anzuzeigen. Die Darstellung dient als direkter Vergleich zwischen \u201eInitial Measurement\u201c und \u201eFinal Measurement\u201c. Die Unterschiede werden in der Tabelle rechts angezeigt.\n\t\t\t\t<\/figcaption><\/figure><figure class='gallery-item'>\n\t\t\t<div class='gallery-icon landscape'>\n\t\t\t\t<a href='https:\/\/epa.de\/filter\/de\/wp-content\/uploads\/sites\/3\/2022\/11\/06_Screenshot_Compare_Measurements_Envelope_Curves.png' title=\"\" data-rl_title=\"\" class=\"rl-gallery-link\" data-rl_caption=\"\" data-rel=\"lightbox-gallery-1\"><img loading=\"lazy\" decoding=\"async\" width=\"480\" height=\"284\" src=\"https:\/\/epa.de\/filter\/de\/wp-content\/uploads\/sites\/3\/2022\/11\/06_Screenshot_Compare_Measurements_Envelope_Curves-480x284.png\" class=\"attachment-medium size-medium\" alt=\"\" aria-describedby=\"gallery-1-4236\" srcset=\"https:\/\/epa.de\/filter\/de\/wp-content\/uploads\/sites\/3\/2022\/11\/06_Screenshot_Compare_Measurements_Envelope_Curves-480x284.png 480w, https:\/\/epa.de\/filter\/de\/wp-content\/uploads\/sites\/3\/2022\/11\/06_Screenshot_Compare_Measurements_Envelope_Curves-1024x606.png 1024w, https:\/\/epa.de\/filter\/de\/wp-content\/uploads\/sites\/3\/2022\/11\/06_Screenshot_Compare_Measurements_Envelope_Curves-768x454.png 768w, https:\/\/epa.de\/filter\/de\/wp-content\/uploads\/sites\/3\/2022\/11\/06_Screenshot_Compare_Measurements_Envelope_Curves-1536x908.png 1536w, https:\/\/epa.de\/filter\/de\/wp-content\/uploads\/sites\/3\/2022\/11\/06_Screenshot_Compare_Measurements_Envelope_Curves.png 1916w\" sizes=\"auto, (max-width: 480px) 100vw, 480px\" \/><\/a>\n\t\t\t<\/div>\n\t\t\t\t<figcaption class='wp-caption-text gallery-caption' id='gallery-1-4236'>\n\t\t\t\t\u00dcber die Auswahl \u201eEnvelope\u201c werden die H\u00fcllkurven der beiden Vergleichsmessungen angezeigt. Hier\u00fcber l\u00e4sst sich die H\u00e4ufigkeit der Stromspitzen in Bezug auf den h\u00f6chsten Spitzenwert (rot gestrichelte Linie) besser beurteilen.\n\t\t\t\t<\/figcaption><\/figure><figure class='gallery-item'>\n\t\t\t<div class='gallery-icon landscape'>\n\t\t\t\t<a href='https:\/\/epa.de\/filter\/de\/wp-content\/uploads\/sites\/3\/2022\/11\/07_Screenshot_Compare_Columns.png' title=\"\" data-rl_title=\"\" class=\"rl-gallery-link\" data-rl_caption=\"\" data-rel=\"lightbox-gallery-1\"><img loading=\"lazy\" decoding=\"async\" width=\"480\" height=\"284\" src=\"https:\/\/epa.de\/filter\/de\/wp-content\/uploads\/sites\/3\/2022\/11\/07_Screenshot_Compare_Columns-480x284.png\" class=\"attachment-medium size-medium\" alt=\"\" aria-describedby=\"gallery-1-4237\" srcset=\"https:\/\/epa.de\/filter\/de\/wp-content\/uploads\/sites\/3\/2022\/11\/07_Screenshot_Compare_Columns-480x284.png 480w, https:\/\/epa.de\/filter\/de\/wp-content\/uploads\/sites\/3\/2022\/11\/07_Screenshot_Compare_Columns-1024x606.png 1024w, https:\/\/epa.de\/filter\/de\/wp-content\/uploads\/sites\/3\/2022\/11\/07_Screenshot_Compare_Columns-768x454.png 768w, https:\/\/epa.de\/filter\/de\/wp-content\/uploads\/sites\/3\/2022\/11\/07_Screenshot_Compare_Columns-1536x908.png 1536w, https:\/\/epa.de\/filter\/de\/wp-content\/uploads\/sites\/3\/2022\/11\/07_Screenshot_Compare_Columns.png 1916w\" sizes=\"auto, (max-width: 480px) 100vw, 480px\" \/><\/a>\n\t\t\t<\/div>\n\t\t\t\t<figcaption class='wp-caption-text gallery-caption' id='gallery-1-4237'>\n\t\t\t\tIm Men\u00fc \u201eCompare\u201c lassen sich \u00fcber den Button \u201eColumns\u201c beide Messungen in S\u00e4ulenform miteinander vergleichen. Es werden jeweils die Spitzen- und die RMS-Werte sowie die Differenz graphisch dargestellt.\n\t\t\t\t<\/figcaption><\/figure>\n\t\t<\/div>\n<\/p>\n<hr \/>\n<h2>Auch als Mietger\u00e4t erh\u00e4ltlich!<\/h2>\n<p class=\"rent-a-system-claim\">Mieten, testen, \u00fcberzeugen!<\/p>\n<p><img loading=\"lazy\" decoding=\"async\" class=\"alignnone wp-image-4244 size-full\" src=\"https:\/\/epa.de\/filter\/de\/wp-content\/uploads\/sites\/3\/2022\/11\/DiffDi-v2_freigestellt.png\" alt=\"\" width=\"800\" height=\"800\" srcset=\"https:\/\/epa.de\/filter\/de\/wp-content\/uploads\/sites\/3\/2022\/11\/DiffDi-v2_freigestellt.png 800w, https:\/\/epa.de\/filter\/de\/wp-content\/uploads\/sites\/3\/2022\/11\/DiffDi-v2_freigestellt-480x480.png 480w, https:\/\/epa.de\/filter\/de\/wp-content\/uploads\/sites\/3\/2022\/11\/DiffDi-v2_freigestellt-360x360.png 360w, https:\/\/epa.de\/filter\/de\/wp-content\/uploads\/sites\/3\/2022\/11\/DiffDi-v2_freigestellt-768x768.png 768w\" sizes=\"auto, (max-width: 800px) 100vw, 800px\" \/><\/p>\n<hr \/>\n<h2>Kontakt<\/h2>\n<p><figure id=\"attachment_969\" aria-describedby=\"caption-attachment-969\" style=\"width: 400px\" class=\"wp-caption alignright\"><a href=\"https:\/\/epa.de\"><img loading=\"lazy\" decoding=\"async\" class=\"size-full wp-image-969\" src=\"https:\/\/epa.de\/filter\/de\/wp-content\/uploads\/sites\/3\/2015\/06\/logo_ohne_r.png\" alt=\"www.epa.de\" width=\"400\" height=\"483\" srcset=\"https:\/\/epa.de\/filter\/de\/wp-content\/uploads\/sites\/3\/2015\/06\/logo_ohne_r.png 400w, https:\/\/epa.de\/filter\/de\/wp-content\/uploads\/sites\/3\/2015\/06\/logo_ohne_r-248x300.png 248w\" sizes=\"auto, (max-width: 400px) 100vw, 400px\" \/><\/a><figcaption id=\"caption-attachment-969\" class=\"wp-caption-text\"><a href=\"https:\/\/epa.de\" target=\"blank\" rel=\"noopener noreferrer\">www.epa.de<\/a><\/figcaption><\/figure><\/p>\n<p>F\u00fcr Anfragen und Beratung wenden\u00a0Sie sich bitte direkt an:<\/p>\n<address><strong>EPA GmbH<\/strong><br \/>\nFliederstra\u00dfe 8<br \/>\nD-63486 Bruchk\u00f6bel<\/address>\n<p><strong>Tel.:<\/strong> +49 (0) 6181 &#8211; 9704 &#8211; 0<br \/>\n<strong>Fax:<\/strong> +49 (0) 6181 &#8211; 9704 &#8211; 99<\/p>\n<p><strong>E-Mail:<\/strong> <a href=\"mailto:info@epa.de\">info@epa.de<\/a><\/p>\n","protected":false},"excerpt":{"rendered":"<p>Warum ist ein Motor zum wiederholten Mal defekt? Wie kann man eine extrem hohe Anlagenverf\u00fcgbarkeit gew\u00e4hrleisten? Womit kann man Motorlagersch\u00e4den an schwer zug\u00e4nglichen Einsatzorten vorbeugen? Fragen, die sich viele Maschinenhersteller und Serviceunternehmen sicherlich schon mehr als einmal gestellt haben. Besonders wenn die Gegebenheiten herausfordernd sind, sind ursachenorientierte Ma\u00dfnahmen gefragt. Mittels des DiffDi\u00ae Diagnosesystems ist die [&hellip;]<\/p>\n","protected":false},"author":1,"featured_media":4230,"parent":0,"menu_order":0,"comment_status":"closed","ping_status":"closed","template":"page-diffdi.php","meta":{"footnotes":""},"class_list":["post-4228","page","type-page","status-publish","has-post-thumbnail","hentry"],"publishpress_future_action":{"enabled":false,"date":"2026-04-28 12:41:38","action":"change-status","newStatus":"draft","terms":[],"taxonomy":"","extraData":[]},"publishpress_future_workflow_manual_trigger":{"enabledWorkflows":[]},"_links":{"self":[{"href":"https:\/\/epa.de\/filter\/de\/wp-json\/wp\/v2\/pages\/4228","targetHints":{"allow":["GET"]}}],"collection":[{"href":"https:\/\/epa.de\/filter\/de\/wp-json\/wp\/v2\/pages"}],"about":[{"href":"https:\/\/epa.de\/filter\/de\/wp-json\/wp\/v2\/types\/page"}],"author":[{"embeddable":true,"href":"https:\/\/epa.de\/filter\/de\/wp-json\/wp\/v2\/users\/1"}],"replies":[{"embeddable":true,"href":"https:\/\/epa.de\/filter\/de\/wp-json\/wp\/v2\/comments?post=4228"}],"version-history":[{"count":5,"href":"https:\/\/epa.de\/filter\/de\/wp-json\/wp\/v2\/pages\/4228\/revisions"}],"predecessor-version":[{"id":4245,"href":"https:\/\/epa.de\/filter\/de\/wp-json\/wp\/v2\/pages\/4228\/revisions\/4245"}],"wp:featuredmedia":[{"embeddable":true,"href":"https:\/\/epa.de\/filter\/de\/wp-json\/wp\/v2\/media\/4230"}],"wp:attachment":[{"href":"https:\/\/epa.de\/filter\/de\/wp-json\/wp\/v2\/media?parent=4228"}],"curies":[{"name":"wp","href":"https:\/\/api.w.org\/{rel}","templated":true}]}}