{"id":3896,"date":"2021-10-08T15:31:50","date_gmt":"2021-10-08T13:31:50","guid":{"rendered":"https:\/\/epa.de\/filter\/de\/?page_id=3896"},"modified":"2021-12-22T11:54:40","modified_gmt":"2021-12-22T10:54:40","slug":"epa-nf-kc-lky","status":"publish","type":"page","link":"https:\/\/epa.de\/filter\/de\/produkte\/netzfilter-dreiphasig-ohne-neutralleiter\/epa-nf-kc-lky\/","title":{"rendered":"EPA NF-KC-LKY"},"content":{"rendered":"<section id=\"intro-continuation\">\n<article role=\"complementary\">\n<div class=\"container-fluid container-fluid-max-width\">\n<div class=\"row\">\n<div class=\"col-sm-12 col-md-8 col-md-offset-2\">\n<h2 class=\"wp-block-heading\">\u201eKlack!\u201c<\/h2>\n<p>Dieses Ger\u00e4usch kennen und \u2013 je nach H\u00e4ufigkeit des H\u00f6rens \u2013 f\u00fcrchten viele Maschinen- und Anlagenbetreiber\/innen, denn es bedeutet, dass der Fehlerstromschutzschalter wieder einmal ausgel\u00f6st hat. Die Gr\u00fcnde hierf\u00fcr k\u00f6nnen so vielf\u00e4ltig sein wie das Einsatzgebiet der jeweiligen Maschine oder Anlage. Doch vernimmt man das unliebsame Ger\u00e4usch direkt nach dem Einstecken des CEE-Steckers oder der Bet\u00e4tigung des Hauptschalters, so liegt der berechtigte Verdacht nahe, dass diese Handlung etwas damit zu tun haben k\u00f6nnte. Wenn dem so ist, ergibt sich daraus leider noch ein zweites Problem: denn was einmal eingesteckt oder eingeschaltet wurde, muss zwangsweise auch irgendwann wieder ausgesteckt oder ausgeschaltet werden und konfrontiert die verantwortliche Person potentiell ein weiteres Mal mit einem ungewollt ausl\u00f6senden FI und der damit einhergehenden St\u00f6rung des Betriebs.<\/p>\n<p><strong>Doch das muss nicht so sein!<\/strong><\/p>\n<h2 class=\"wp-block-heading\">Ursachenforschung<\/h2>\n<p>Doch was genau ist die Ursache des Problems? Das Symptom ist der \u2013 seiner Funktion nach zwar richtig, jedoch \u2013 ungewollt ausl\u00f6sende Fehlerstromschutzschalter. Das ist offensichtlich. Macht man sich klar, dass er dann ausl\u00f6st, wenn er sich mit zu hohen Differenzstr\u00f6men konfrontiert sieht, ist auch der n\u00e4chste Schritt der Fehlersuche klar: die H\u00f6he dieser Str\u00f6me muss messtechnisch ermittelt werden, um sich ein konkreteres Bild der Situation machen zu k\u00f6nnen.<\/p>\n<p>\u00dcblicherweise w\u00fcrde man f\u00fcr die Messung des Differenzstroms zu einer Strom- oder Leckagezange greifen. Da Messzangen aber nur einen Istwert anzeigen, welcher einer gewissen Tr\u00e4gheit unterliegt, ist es mit ihnen nicht m\u00f6glich der Ursache der Ausl\u00f6sung im Moment des Kontaktherstellens von Stecker oder Schalter n\u00e4her zu kommen.<\/p>\n<p>Ein geeignetes Mittel f\u00fcr solch eine Messung w\u00e4re ein Oszilloskop \u2013 hier ist der Messaufbau allerdings vergleichsweise aufw\u00e4ndig. Deutlich einfacher geht es mit dem LEAKWATCH Mess- und Analysesystem der EPA GmbH \u2013 es verf\u00fcgt \u00fcber eine sogenannte Trigger-Funktion, mit welcher eben jener Ausl\u00f6semoment aufgezeichnet und im Anschluss analysiert werden kann.<\/p>\n<h2 class=\"wp-block-heading\">Das Problem: ein Probleml\u00f6ser<\/h2>\n<p>Betrachtet man eine solche Aufzeichnung, wird man feststellen, dass der Problemverursacher ein Bauteil ist, welches eigentlich ein Probleml\u00f6ser sein sollte: das EMV-Filter. Von diesem k\u00f6nnen Ableitstr\u00f6me ausgehen, die sogar Fehlerstromschutzschalter mit Nennfehlerstr\u00f6men von 300 mA oder 500 mA ausl\u00f6sen lassen. Doch wie kommt das? Hierzu ist etwas Theorie n\u00f6tig:<\/p>\n<p>Bei einem Netzfilter ist es wie bei anderen Filtern auch. Das Nutzmedium \u2013 hier der Strom \u2013 wird gefiltert und kann danach \u201eges\u00e4ubert\u201c weiterverwendet werden. Das Filtergut \u2013 der herausgefilterte Teil (die St\u00f6rstr\u00f6me) \u2013 muss irgendwo hintransportiert werden, damit das Filter dauerhaft arbeiten kann.<\/p>\n<p>Beim Netzfilter erfolgt diese \u201eEntsorgung\u201c \u00fcber die permanente Ableitung zur Erde, wodurch ein Differenzstrom erzeugt wird. W\u00e4hrend des Betriebs ist dieser erzeugte Strom so klein, dass er vernachl\u00e4ssigt werden kann. Beim Zu- bzw. Abschalten jedoch, entsteht durch den mechanischen und niemals vollst\u00e4ndig synchronen Vorgang des Kontaktherstellens in Kombination mit der Phasenasymmetrie des Netzes ein kurzer Impuls, der den Fehlerstromschutzschalter zum Ausl\u00f6sen bringen kann.<\/p>\n<\/p><\/div>\n<\/p><\/div>\n<\/p><\/div>\n<\/article>\n<\/section>\n<section id=\"intro-solution\">\n<article role=\"complementary\">\n<div class=\"container-fluid container-fluid-max-width\">\n<div class=\"row\">\n<div class=\"col-sm-12 col-md-10 col-md-offset-1\">\n<h2 class=\"wp-block-heading\">Die L\u00f6sung: PreLEAK Technology<\/h2>\n<p>Die PreLEAK Technology ist eine Entwicklung der EPA GmbH. Mit dieser weltweit einmaligen Technologie ist es gelungen, eine komplett neue Generation von Netzfiltern zu entwickeln, welche weder beim Zu-, noch beim Abschalten einen Differenzstromimpuls erzeugen. Sporadisch ausl\u00f6sende Fehlerstromschutzschalter geh\u00f6ren mit ihnen der Vergangenheit an und dem gef\u00fcrchteten \u201eKlack!\u201c wurde ein gro\u00dfer Teil seines Schreckens genommen.<\/p>\n<\/p><\/div>\n<\/p><\/div>\n<\/p><\/div>\n<\/article>\n<\/section>\n","protected":false},"excerpt":{"rendered":"<p>\u201eKlack!\u201c Dieses Ger\u00e4usch kennen und \u2013 je nach H\u00e4ufigkeit des H\u00f6rens \u2013 f\u00fcrchten viele Maschinen- und Anlagenbetreiber\/innen, denn es bedeutet, dass der Fehlerstromschutzschalter wieder einmal ausgel\u00f6st hat. Die Gr\u00fcnde hierf\u00fcr k\u00f6nnen so vielf\u00e4ltig sein wie das Einsatzgebiet der jeweiligen Maschine oder Anlage. Doch vernimmt man das unliebsame Ger\u00e4usch direkt nach dem Einstecken des CEE-Steckers oder [&hellip;]<\/p>\n","protected":false},"author":1,"featured_media":0,"parent":23,"menu_order":0,"comment_status":"closed","ping_status":"closed","template":"page-nf-kc-lky.php","meta":{"footnotes":""},"class_list":["post-3896","page","type-page","status-publish","hentry"],"publishpress_future_action":{"enabled":false,"date":"2026-04-21 23:39:46","action":"change-status","newStatus":"draft","terms":[],"taxonomy":"","extraData":[]},"publishpress_future_workflow_manual_trigger":{"enabledWorkflows":[]},"_links":{"self":[{"href":"https:\/\/epa.de\/filter\/de\/wp-json\/wp\/v2\/pages\/3896","targetHints":{"allow":["GET"]}}],"collection":[{"href":"https:\/\/epa.de\/filter\/de\/wp-json\/wp\/v2\/pages"}],"about":[{"href":"https:\/\/epa.de\/filter\/de\/wp-json\/wp\/v2\/types\/page"}],"author":[{"embeddable":true,"href":"https:\/\/epa.de\/filter\/de\/wp-json\/wp\/v2\/users\/1"}],"replies":[{"embeddable":true,"href":"https:\/\/epa.de\/filter\/de\/wp-json\/wp\/v2\/comments?post=3896"}],"version-history":[{"count":1,"href":"https:\/\/epa.de\/filter\/de\/wp-json\/wp\/v2\/pages\/3896\/revisions"}],"predecessor-version":[{"id":3897,"href":"https:\/\/epa.de\/filter\/de\/wp-json\/wp\/v2\/pages\/3896\/revisions\/3897"}],"up":[{"embeddable":true,"href":"https:\/\/epa.de\/filter\/de\/wp-json\/wp\/v2\/pages\/23"}],"wp:attachment":[{"href":"https:\/\/epa.de\/filter\/de\/wp-json\/wp\/v2\/media?parent=3896"}],"curies":[{"name":"wp","href":"https:\/\/api.w.org\/{rel}","templated":true}]}}