{"id":307,"date":"2015-03-02T12:32:23","date_gmt":"2015-03-02T11:32:23","guid":{"rendered":"https:\/\/epa.de\/filter\/de\/?page_id=307"},"modified":"2016-09-15T10:25:48","modified_gmt":"2016-09-15T08:25:48","slug":"entwicklung-kundenspezifischer-emv-filter","status":"publish","type":"page","link":"https:\/\/epa.de\/filter\/de\/dienstleistungen\/entwicklung-kundenspezifischer-emv-filter\/","title":{"rendered":"Entwicklung kundenspezifischer EMV-Filter"},"content":{"rendered":"<p>Um einer anwendungsoptimierten L\u00f6sung hinsichtlich Funkentst\u00f6rung und Funkst\u00f6rfestigkeit gerecht zu werden, m\u00fcssen viele Kriterien beachtet werden. Aus diesem Grund bieten wir neben unseren Standardl\u00f6sungen, welche die meisten Anforderungen erf\u00fcllen, auch Sonderfilter an. Diese werden unter Ber\u00fccksichtigung der geltenden Normen hinsichtlich elektrischer Wirkung und mechanischer Handhabung auf die Applikation bezogen, entwickelt und auf Wunsch auch gerne von uns an der Anlage bzw. im Ger\u00e4t messtechnisch \u00fcberpr\u00fcft.<\/p>\n<p><img loading=\"lazy\" decoding=\"async\" width=\"1883\" height=\"903\" class=\" size-large wp-image-298 alignnone\" src=\"https:\/\/epa.de\/filter\/de\/wp-content\/uploads\/sites\/3\/2015\/03\/filter_konstruktion_cs.jpg\" alt=\"filter_konstruktion_cs\" srcset=\"https:\/\/epa.de\/filter\/de\/wp-content\/uploads\/sites\/3\/2015\/03\/filter_konstruktion_cs.jpg 1883w, https:\/\/epa.de\/filter\/de\/wp-content\/uploads\/sites\/3\/2015\/03\/filter_konstruktion_cs-300x144.jpg 300w, https:\/\/epa.de\/filter\/de\/wp-content\/uploads\/sites\/3\/2015\/03\/filter_konstruktion_cs-1024x491.jpg 1024w\" sizes=\"auto, (max-width: 1883px) 100vw, 1883px\" \/><\/p>\n<p>EPA entwickelt st\u00e4ndig neue kundenspezifische Filterl\u00f6sungen, die sowohl mechanisch, als auch elektrisch optimiert werden und somit genau auf die Applikation unseres Kunden abgestimmt werden. Sollte ein EMV-Problem mechanisch oder elektrisch nicht mit einem Standardfilter gel\u00f6st werden k\u00f6nnen, so steht unseren Kunden eine gro\u00dfe Anzahl von bereits erprobten Sonderfiltern zur Verf\u00fcgung.<\/p>\n<p><img loading=\"lazy\" decoding=\"async\" width=\"1920\" height=\"1080\" class=\"alignleft wp-image-1056 size-large\" src=\"https:\/\/epa.de\/filter\/de\/wp-content\/uploads\/sites\/3\/2015\/03\/04_Footage_England-2895.jpg\" alt=\"04_Footage_England 2895\" srcset=\"https:\/\/epa.de\/filter\/de\/wp-content\/uploads\/sites\/3\/2015\/03\/04_Footage_England-2895.jpg 1920w, https:\/\/epa.de\/filter\/de\/wp-content\/uploads\/sites\/3\/2015\/03\/04_Footage_England-2895-300x169.jpg 300w, https:\/\/epa.de\/filter\/de\/wp-content\/uploads\/sites\/3\/2015\/03\/04_Footage_England-2895-1024x576.jpg 1024w\" sizes=\"auto, (max-width: 1920px) 100vw, 1920px\" \/><\/p>\n","protected":false},"excerpt":{"rendered":"<p>Um einer anwendungsoptimierten L\u00f6sung hinsichtlich Funkentst\u00f6rung und Funkst\u00f6rfestigkeit gerecht zu werden, m\u00fcssen viele Kriterien beachtet werden. Aus diesem Grund bieten wir neben unseren Standardl\u00f6sungen, welche die meisten Anforderungen erf\u00fcllen, auch Sonderfilter an. Diese werden unter Ber\u00fccksichtigung der geltenden Normen hinsichtlich elektrischer Wirkung und mechanischer Handhabung auf die Applikation bezogen, entwickelt und auf Wunsch auch gerne [&hellip;]<\/p>\n","protected":false},"author":2,"featured_media":140,"parent":74,"menu_order":0,"comment_status":"open","ping_status":"open","template":"page-downloads.php","meta":{"footnotes":""},"class_list":["post-307","page","type-page","status-publish","has-post-thumbnail","hentry"],"publishpress_future_action":{"enabled":false,"date":"2026-04-28 12:40:25","action":"change-status","newStatus":"draft","terms":[],"taxonomy":"","extraData":[]},"publishpress_future_workflow_manual_trigger":{"enabledWorkflows":[]},"_links":{"self":[{"href":"https:\/\/epa.de\/filter\/de\/wp-json\/wp\/v2\/pages\/307","targetHints":{"allow":["GET"]}}],"collection":[{"href":"https:\/\/epa.de\/filter\/de\/wp-json\/wp\/v2\/pages"}],"about":[{"href":"https:\/\/epa.de\/filter\/de\/wp-json\/wp\/v2\/types\/page"}],"author":[{"embeddable":true,"href":"https:\/\/epa.de\/filter\/de\/wp-json\/wp\/v2\/users\/2"}],"replies":[{"embeddable":true,"href":"https:\/\/epa.de\/filter\/de\/wp-json\/wp\/v2\/comments?post=307"}],"version-history":[{"count":4,"href":"https:\/\/epa.de\/filter\/de\/wp-json\/wp\/v2\/pages\/307\/revisions"}],"predecessor-version":[{"id":2173,"href":"https:\/\/epa.de\/filter\/de\/wp-json\/wp\/v2\/pages\/307\/revisions\/2173"}],"up":[{"embeddable":true,"href":"https:\/\/epa.de\/filter\/de\/wp-json\/wp\/v2\/pages\/74"}],"wp:featuredmedia":[{"embeddable":true,"href":"https:\/\/epa.de\/filter\/de\/wp-json\/wp\/v2\/media\/140"}],"wp:attachment":[{"href":"https:\/\/epa.de\/filter\/de\/wp-json\/wp\/v2\/media?parent=307"}],"curies":[{"name":"wp","href":"https:\/\/api.w.org\/{rel}","templated":true}]}}