{"id":26,"date":"2015-02-23T10:28:03","date_gmt":"2015-02-23T09:28:03","guid":{"rendered":"https:\/\/epa.de\/filter\/de\/?page_id=26"},"modified":"2018-07-11T15:22:47","modified_gmt":"2018-07-11T13:22:47","slug":"produkte","status":"publish","type":"page","link":"https:\/\/epa.de\/filter\/de\/produkte\/","title":{"rendered":"Produkte"},"content":{"rendered":"<h2>EMV-Qualit\u00e4tsprodukte \u2013 EMV-Technik von 1A bis 2500A<\/h2>\r\n\r\n<div class=\"product_categories\"><div class=\"product_category\"><img loading=\"lazy\" decoding=\"async\" width=\"360\" height=\"360\" src=\"https:\/\/epa.de\/filter\/de\/wp-content\/uploads\/sites\/3\/2015\/02\/header_nf-1phasig-360x360.jpg\" class=\"attachment-thumbnail size-thumbnail wp-post-image\" alt=\"\" \/><a href=\"https:\/\/epa.de\/filter\/de\/produkte\/netzfilter-einphasig\/\"><span><h3 class=\"product_category_title\">Netzfilter einphasig<\/h3><\/span><\/a><\/div><div class=\"product_category\"><img loading=\"lazy\" decoding=\"async\" width=\"360\" height=\"360\" src=\"https:\/\/epa.de\/filter\/de\/wp-content\/uploads\/sites\/3\/2015\/02\/header_nf-3phasig-360x360.jpg\" class=\"attachment-thumbnail size-thumbnail wp-post-image\" alt=\"\" \/><a href=\"https:\/\/epa.de\/filter\/de\/produkte\/netzfilter-dreiphasig-ohne-neutralleiter\/\"><span><h3 class=\"product_category_title\">Netzfilter dreiphasig<\/h3><\/span><\/a><\/div><div class=\"product_category\"><img loading=\"lazy\" decoding=\"async\" width=\"360\" height=\"360\" src=\"https:\/\/epa.de\/filter\/de\/wp-content\/uploads\/sites\/3\/2015\/02\/header_nf-3phasig_mit_neutral-360x360.jpg\" class=\"attachment-thumbnail size-thumbnail wp-post-image\" alt=\"\" \/><a href=\"https:\/\/epa.de\/filter\/de\/produkte\/netzfilter-dreiphasig-mit-neutralleiter\/\"><span><h3 class=\"product_category_title\">Netzfilter dreiphasig (mit Neutralleiter)<\/h3><\/span><\/a><\/div><div class=\"product_category\"><img loading=\"lazy\" decoding=\"async\" width=\"360\" height=\"360\" src=\"https:\/\/epa.de\/filter\/de\/wp-content\/uploads\/sites\/3\/2015\/02\/header_netzdrosseln-360x360.jpg\" class=\"attachment-thumbnail size-thumbnail wp-post-image\" alt=\"\" \/><a href=\"https:\/\/epa.de\/filter\/de\/produkte\/netzdrosseln\/\"><span><h3 class=\"product_category_title\">Netzdrosseln<\/h3><\/span><\/a><\/div><div class=\"product_category\"><img loading=\"lazy\" decoding=\"async\" width=\"360\" height=\"360\" src=\"https:\/\/epa.de\/filter\/de\/wp-content\/uploads\/sites\/3\/2015\/02\/header_sinusfilter-360x360.jpg\" class=\"attachment-thumbnail size-thumbnail wp-post-image\" alt=\"\" \/><a href=\"https:\/\/epa.de\/filter\/de\/produkte\/sinusfilter\/\"><span><h3 class=\"product_category_title\">Sinusfilter<\/h3><\/span><\/a><\/div><div class=\"product_category\"><img loading=\"lazy\" decoding=\"async\" width=\"360\" height=\"360\" src=\"https:\/\/epa.de\/filter\/de\/wp-content\/uploads\/sites\/3\/2015\/02\/header_motordrosseln-360x360.jpg\" class=\"attachment-thumbnail size-thumbnail wp-post-image\" alt=\"\" \/><a href=\"https:\/\/epa.de\/filter\/de\/produkte\/motordrosseln_dudt-drosseln\/\"><span><h3 class=\"product_category_title\">Motordrosseln<\/h3><\/span><\/a><\/div><div class=\"product_category\"><img loading=\"lazy\" decoding=\"async\" width=\"360\" height=\"360\" src=\"https:\/\/epa.de\/filter\/de\/wp-content\/uploads\/sites\/3\/2015\/02\/header_sonderfilter-360x360.jpg\" class=\"attachment-thumbnail size-thumbnail wp-post-image\" alt=\"\" \/><a href=\"https:\/\/epa.de\/filter\/de\/produkte\/sonderloesungen-kundenspezifische-filter\/\"><span><h3 class=\"product_category_title\">Sonderl\u00f6sungen (kundenspezifische Filter)<\/h3><\/span><\/a><\/div><div class=\"product_category\"><img loading=\"lazy\" decoding=\"async\" width=\"360\" height=\"360\" src=\"https:\/\/epa.de\/filter\/de\/wp-content\/uploads\/sites\/3\/2015\/02\/header_nf-u-360x360.jpg\" class=\"attachment-thumbnail size-thumbnail wp-post-image\" alt=\"\" \/><a href=\"https:\/\/epa.de\/filter\/de\/produkte\/unterbau-netzfilter\/\"><span><h3 class=\"product_category_title\">Unterbau-Netzfilter<\/h3><\/span><\/a><\/div><div class=\"product_category\"><img loading=\"lazy\" decoding=\"async\" width=\"360\" height=\"360\" src=\"https:\/\/epa.de\/filter\/de\/wp-content\/uploads\/sites\/3\/2015\/02\/header_harmonic-360x360.jpg\" class=\"attachment-thumbnail size-thumbnail wp-post-image\" alt=\"\" \/><a href=\"https:\/\/epa.de\/filter\/de\/produkte\/harmonic-filter-oberschwingungsfilter\/\"><span><h3 class=\"product_category_title\">Harmonic-Filter \/ Oberschwingungsfilter<\/h3><\/span><\/a><\/div><div class=\"product_category\"><img loading=\"lazy\" decoding=\"async\" width=\"360\" height=\"360\" src=\"https:\/\/epa.de\/filter\/de\/wp-content\/uploads\/sites\/3\/2015\/02\/header_ableitstrom_reduktionsfilter-360x360.jpg\" class=\"attachment-thumbnail size-thumbnail wp-post-image\" alt=\"\" \/><a href=\"https:\/\/epa.de\/filter\/de\/produkte\/ableitstrom-reduktionsfilter\/\"><span><h3 class=\"product_category_title\">Ableitstrom-Reduktionsfilter<\/h3><\/span><\/a><\/div><div class=\"product_category\"><img loading=\"lazy\" decoding=\"async\" width=\"360\" height=\"360\" src=\"https:\/\/epa.de\/filter\/de\/wp-content\/uploads\/sites\/3\/2016\/12\/header_rccb-360x360.jpeg\" class=\"attachment-thumbnail size-thumbnail wp-post-image\" alt=\"\" \/><a href=\"https:\/\/epa.de\/filter\/de\/produkte\/fi-schutzschalter-typ-b\/\"><span><h3 class=\"product_category_title\">FI-Schutzschalter Typ B \/ B+<\/h3><\/span><\/a><\/div><div class=\"product_category\"><img loading=\"lazy\" decoding=\"async\" width=\"360\" height=\"360\" src=\"https:\/\/epa.de\/filter\/de\/wp-content\/uploads\/sites\/3\/2016\/12\/AF-BCR_Header-360x360.jpg\" class=\"attachment-thumbnail size-thumbnail wp-post-image\" alt=\"\" \/><a href=\"https:\/\/epa.de\/filter\/de\/produkte\/absorptionsfilter\/\"><span><h3 class=\"product_category_title\">Absorptionsfilter<\/h3><\/span><\/a><\/div><div class=\"product_category\"><img loading=\"lazy\" decoding=\"async\" width=\"360\" height=\"360\" src=\"https:\/\/epa.de\/filter\/de\/wp-content\/uploads\/sites\/3\/2017\/03\/header_pecon-360x360.jpg\" class=\"attachment-thumbnail size-thumbnail wp-post-image\" alt=\"\" \/><a href=\"https:\/\/epa.de\/filter\/de\/produkte\/schutzleiterueberwachung-pecon\/\"><span><h3 class=\"product_category_title\">Schutzleiter\u00fcberwachung PECON+<\/h3><\/span><\/a><\/div><div class=\"product_category\"><img loading=\"lazy\" decoding=\"async\" width=\"360\" height=\"360\" src=\"https:\/\/epa.de\/filter\/de\/wp-content\/uploads\/sites\/3\/2020\/03\/header_rccb_typ_f-360x360.jpg\" class=\"attachment-thumbnail size-thumbnail wp-post-image\" alt=\"\" \/><a href=\"https:\/\/epa.de\/filter\/de\/produkte\/fi-schutzschalter-typ-f\/\"><span><h3 class=\"product_category_title\">FI-Schutzschalter Typ F<\/h3><\/span><\/a><\/div><\/div>\r\n\r\n<h3 style=\"clear: both; padding-top: 2em;\"><strong>Entwicklung kundenspezifischer Filterl\u00f6sungen<\/strong><\/h3>\r\n\r\n<p>Um einer anwendungsoptimierten L\u00f6sung hinsichtlich Funkentst\u00f6rung und Funkst\u00f6rfestigkeit gerecht zu werden, m\u00fcssen viele Kriterien beachtet werden. Aus diesem Grund bieten wir neben unseren Standardl\u00f6sungen, welche die meisten Anforderungen erf\u00fcllen, auch Sonder\ufb01lter an. Diese werden unter Ber\u00fccksichtigung der geltenden Normen hinsichtlich elektrischer Wirkung und mechanischer Handhabung auf die Applikation bezogen, entwickelt und auf Wunsch auch gerne von\r\nuns an der Anlage bzw. im Ger\u00e4t messtechnisch \u00fcberpr\u00fcft.<\/p>\r\n\r\n<p>EPA entwickelt st\u00e4ndig neue kundenspezi\ufb01sche Filterl\u00f6sungen, die sowohl mechanisch, als auch elektrisch optimiert werden und somit genau auf die Applikation unseres Kunden abgestimmt werden.<\/p>\r\n\r\n<p>Sie finden auf unseren Webseiten einen Gro\u00dfteil des Gesamtprogramms der Entst\u00f6rkomponenten von EPA. Sollte ein EMV-Problem mechanisch oder elektrisch nicht mit einem Standard\ufb01lter gel\u00f6st werden k\u00f6nnen, so steht unseren Kunden eine gro\u00dfe Anzahl von bereits erprobten Sonder\ufb01ltern zur Verf\u00fcgung.<\/p>\r\n\r\n<p>So werden auch f\u00fcr Anwendungen, in denen nur wenig Montageplatz zur Verf\u00fcgung steht oder die H\u00f6he der Ableitstr\u00f6me gegen Erde eine wesentliche Rolle spielen (z. B. beim Einsatz von FI-Schutzschaltern) passende L\u00f6sungen angeboten. Netz\ufb01lter f\u00fcr 690V- und IT-Netze sind ab Lager verf\u00fcgbar. EPA ber\u00e4t Sie gerne bei der Auswahl der Filterma\u00dfnahmen f\u00fcr Ihre Applikation!<\/p>\r\n\r\n<p>Sollten Sie \u00fcber keine eigenen Messm\u00f6glichkeiten verf\u00fcgen, k\u00f6nnen Sie die erforderlichen Messungen jederzeit in unserem Labor von quali\ufb01ziertem Fachpersonal zuverl\u00e4ssig und ohne lange Wartezeiten durchf\u00fchren lassen.<\/p>\r\n\r\n<p><strong>Wir helfen Ihnen gerne, die f\u00fcr Ihre Anwendung beste und kosteng\u00fcnstigste L\u00f6sung zu \ufb01nden!<\/strong><\/p>","protected":false},"excerpt":{"rendered":"<p>EMV-Qualit\u00e4tsprodukte \u2013 EMV-Technik von 1A bis 2500A Entwicklung kundenspezifischer Filterl\u00f6sungen Um einer anwendungsoptimierten L\u00f6sung hinsichtlich Funkentst\u00f6rung und Funkst\u00f6rfestigkeit gerecht zu werden, m\u00fcssen viele Kriterien beachtet werden. Aus diesem Grund bieten wir neben unseren Standardl\u00f6sungen, welche die meisten Anforderungen erf\u00fcllen, auch Sonder\ufb01lter an. Diese werden unter Ber\u00fccksichtigung der geltenden Normen hinsichtlich elektrischer Wirkung und mechanischer Handhabung [&hellip;]<\/p>\n","protected":false},"author":1,"featured_media":0,"parent":0,"menu_order":0,"comment_status":"open","ping_status":"open","template":"page-products.php","meta":{"footnotes":""},"class_list":["post-26","page","type-page","status-publish","hentry"],"publishpress_future_action":{"enabled":false,"date":"2026-05-03 19:01:52","action":"change-status","newStatus":"draft","terms":[],"taxonomy":"","extraData":[]},"publishpress_future_workflow_manual_trigger":{"enabledWorkflows":[]},"_links":{"self":[{"href":"https:\/\/epa.de\/filter\/de\/wp-json\/wp\/v2\/pages\/26","targetHints":{"allow":["GET"]}}],"collection":[{"href":"https:\/\/epa.de\/filter\/de\/wp-json\/wp\/v2\/pages"}],"about":[{"href":"https:\/\/epa.de\/filter\/de\/wp-json\/wp\/v2\/types\/page"}],"author":[{"embeddable":true,"href":"https:\/\/epa.de\/filter\/de\/wp-json\/wp\/v2\/users\/1"}],"replies":[{"embeddable":true,"href":"https:\/\/epa.de\/filter\/de\/wp-json\/wp\/v2\/comments?post=26"}],"version-history":[{"count":10,"href":"https:\/\/epa.de\/filter\/de\/wp-json\/wp\/v2\/pages\/26\/revisions"}],"predecessor-version":[{"id":2675,"href":"https:\/\/epa.de\/filter\/de\/wp-json\/wp\/v2\/pages\/26\/revisions\/2675"}],"wp:attachment":[{"href":"https:\/\/epa.de\/filter\/de\/wp-json\/wp\/v2\/media?parent=26"}],"curies":[{"name":"wp","href":"https:\/\/api.w.org\/{rel}","templated":true}]}}