{"id":2500,"date":"2018-02-01T15:24:24","date_gmt":"2018-02-01T14:24:24","guid":{"rendered":"https:\/\/epa.de\/filter\/de\/?page_id=2500"},"modified":"2024-07-25T15:33:17","modified_gmt":"2024-07-25T13:33:17","slug":"ableitstromkompensation-leakcomp-1c","status":"publish","type":"page","link":"https:\/\/epa.de\/filter\/de\/ableitstromkompensation-leakcomp-1c\/","title":{"rendered":"Ableitstromkompensation <strong>LEAK<\/strong>COMP<sup>\u00ae<\/sup> <strong><em>1C<\/em><\/strong>"},"content":{"rendered":"<h2>Kurz:<\/h2>\n<ul>\n<li>Festkompensation betriebsbedingter 50 Hz Ableitstr\u00f6me von 5 mA bzw. 11 mA<\/li>\n<li>Erho\u0308ht die Betriebssicherheit von Anlagen<\/li>\n<li>Betrieb einphasiger Verbraucher an FI-Schutzschaltern mit Bemessungsfehlerstro\u0308men von 30 mA oder ho\u0308her nach DIN VDE 0100-530 mo\u0308glich \u2192 Einhaltung der Anforderungen zum Personen- und Brandschutz<\/li>\n<\/ul>\n<p>Der EPA <strong>LEAK<\/strong>COMP<sup>\u00ae<\/sup> <strong><i>1C<\/i><\/strong> dient der Kompensation kapazitiver Ableitstro\u0308me mit einer Frequenz von 50 Hz, die durch EMV-Filterma\u00dfnahmen bei einphasigen Verbrauchern (wie z. B. bei Netzgera\u0308ten, Frequenzumrichtern, USVs, Leuchten, Netzfiltern usw.) entstehen.<\/p>\n<p>Diese sogenannten <strong>\u201ebetriebsbedingten\u201c Ableitstro\u0308me<\/strong> werden von den RCD-Schutzeinrichtungen als Differenzstro\u0308me erkannt und fu\u0308hren so ha\u0308ufig zu <strong>unsicheren Betriebszusta\u0308nden<\/strong> oder zur <strong>Abschaltung der Maschine oder Anlage<\/strong>!<\/p>\n<p><!--\n\n\n<h2>Unterschiede [Leakcomp] <strong><em>1P<\/em><\/strong> und <strong><em>1C<\/em><\/strong><\/h2>\n\n\n\n\n<ul>\n \t\n\n<li>A vs. B<\/li>\n\n\n \t\n\n<li>C vs. D<\/li>\n\n\n \t\n\n<li>E vs. F<\/li>\n\n\n<\/ul>\n\n\n--><\/p>\n<hr \/>\n<h2>Das Problem<\/h2>\n<p><a href=\"https:\/\/epa.de\/filter\/de\/wp-content\/uploads\/sites\/3\/2018\/02\/Leakcomp_1C_Auslo\u0308sekennlinie_ohne.png\" data-rel=\"lightbox-gallery-gt6qIpJc\" data-rl_title=\"\" data-rl_caption=\"\" title=\"\"><img loading=\"lazy\" decoding=\"async\" class=\"alignnone size-large wp-image-2518\" src=\"https:\/\/epa.de\/filter\/de\/wp-content\/uploads\/sites\/3\/2018\/02\/Leakcomp_1C_Auslo\u0308sekennlinie_ohne-1024x783.png\" alt=\"\" width=\"640\" height=\"489\" srcset=\"https:\/\/epa.de\/filter\/de\/wp-content\/uploads\/sites\/3\/2018\/02\/Leakcomp_1C_Auslo\u0308sekennlinie_ohne-1024x783.png 1024w, https:\/\/epa.de\/filter\/de\/wp-content\/uploads\/sites\/3\/2018\/02\/Leakcomp_1C_Auslo\u0308sekennlinie_ohne-480x367.png 480w, https:\/\/epa.de\/filter\/de\/wp-content\/uploads\/sites\/3\/2018\/02\/Leakcomp_1C_Auslo\u0308sekennlinie_ohne-768x587.png 768w, https:\/\/epa.de\/filter\/de\/wp-content\/uploads\/sites\/3\/2018\/02\/Leakcomp_1C_Auslo\u0308sekennlinie_ohne.png 1326w\" sizes=\"auto, (max-width: 640px) 100vw, 640px\" \/><\/a><\/p>\n<p>In der Industrie werden <strong>immer h\u00e4ufiger Fehlerstrom-Schutzschalter<\/strong> (FI-Schutzschalter) fu\u0308r den <strong>Personen- und Brandschutz<\/strong> eingesetzt. Die modernen Komponenten in der Automatisierungstechnik (wie z. B. Frequenzumrichter, Netzfilter, Schaltnetzteile, geschirmte Motorleitungen usw.) erzeugen systembedingt Ableitstro\u0308me. Diese sogenannten <strong>\u201ebetriebsbedingten\u201c Ableitstro\u0308me<\/strong> werden von den RCD-Schutzeinrichtungen als Differenzstro\u0308me erkannt und fu\u0308hren so ha\u0308ufig zu <strong>unsicheren Betriebszusta\u0308nden<\/strong> oder zur <strong>Abschaltung der Anlage<\/strong>.<\/p>\n<p class=\"lead\">Der Fehlerstrom-Schutzschalter kann nicht zwischen den betriebsma\u0308\u00dfigen Ableitstro\u0308men und den echten Fehlerstro\u0308men unterscheiden.<\/p>\n<p>Um ein unerwu\u0308nschtes Auslo\u0308sen des Fehlerstrom-Schutzschalters zu vermeiden, wird ein Gera\u0308t beno\u0308tigt, das kapazitive Ableitstro\u0308me mit einer Frequenz von 50 Hz kompensieren kann.<\/p>\n<hr \/>\n<h2>Die L\u00f6sung<\/h2>\n<p><a href=\"https:\/\/epa.de\/filter\/de\/wp-content\/uploads\/sites\/3\/2018\/05\/Leakcomp_1C_Auslo\u0308sekennlinie_mit.png\" data-rel=\"lightbox-gallery-gt6qIpJc\" data-rl_title=\"\" data-rl_caption=\"\" title=\"\"><img loading=\"lazy\" decoding=\"async\" class=\"wp-image-2617 size-large alignnone\" src=\"https:\/\/epa.de\/filter\/de\/wp-content\/uploads\/sites\/3\/2018\/05\/Leakcomp_1C_Auslo\u0308sekennlinie_mit-1024x783.png\" alt=\"\" width=\"640\" height=\"489\" srcset=\"https:\/\/epa.de\/filter\/de\/wp-content\/uploads\/sites\/3\/2018\/05\/Leakcomp_1C_Auslo\u0308sekennlinie_mit-1024x783.png 1024w, https:\/\/epa.de\/filter\/de\/wp-content\/uploads\/sites\/3\/2018\/05\/Leakcomp_1C_Auslo\u0308sekennlinie_mit-480x367.png 480w, https:\/\/epa.de\/filter\/de\/wp-content\/uploads\/sites\/3\/2018\/05\/Leakcomp_1C_Auslo\u0308sekennlinie_mit-768x587.png 768w, https:\/\/epa.de\/filter\/de\/wp-content\/uploads\/sites\/3\/2018\/05\/Leakcomp_1C_Auslo\u0308sekennlinie_mit.png 1326w\" sizes=\"auto, (max-width: 640px) 100vw, 640px\" \/><\/a><\/p>\n<p>Das auswa\u0308hlbare (5 oder 11 mA) Ableitstrom-Festkompensationsgera\u0308t LEAKCOMP\u00ae 1C wurde speziell fu\u0308r diesen Zweck entwickelt. Es kommt in elektrischen Anlagen oder Maschinen zum Einsatz, in denen (meist einphasige) Gera\u0308te mit integriertem EMV-Filter an Fehlerstromschutzeinrichtungen (RCD) oder Fehlerstrom-Schutzschaltern (RCCB, FI) mit Bemessungsfehlerstro\u0308men I\u2206n = 30 mA oder ho\u0308her nach DIN VDE 0100-530 betrieben werden.<\/p>\n<p>Der LEAKCOMP\u00ae 1C kompensiert die in der Anlage \/ Maschine auftretenden betriebsbedingten Ableitstro\u0308me und verhindert somit Fehlauslo\u0308sungen von Fehlerstrom-Schutzeinrichtungen, welche durch zu hohe 50 Hz Ableitstro\u0308me hervorgerufen werden. Diese Funktionalita\u0308t ist bei allen handelsu\u0308blichen Fehlerstrom-Schutzschaltern vom Typ A, F, B und B+ gegeben (kurzzeitverzo\u0308gerte (KV) Ausfu\u0308hrung empfohlen).<\/p>\n<p>Die Ho\u0308he des 50-Hz-Kompensationsstroms liegt bei 5 mA und kann u\u0308ber eine Drahtbru\u0308cke auf 11 mA erho\u0308ht werden. Reicht der Kompensationsstrom nicht aus, um den Ableitstrom ausreichend zu kompensieren, ko\u0308nnen weitere LEAKCOMP\u00ae 1C parallel geschaltet werden.<\/p>\n<p><strong>Wie einfach die Installation des <strong>LEAK<\/strong>COMP<sup>\u00ae<\/sup> <em>1C<\/em> ist, <a href=\"https:\/\/www.youtube.com\/watch?v=LdWDTjX4hmY\" rel=\"noopener\" target=\"_blank\">sehen Sie in diesem YouTube Video<\/a>!<\/strong><\/p>\n<hr \/>\n<h3><strong>LEAK<\/strong>COMP<sup>\u00ae<\/sup> <strong><i>HP<\/i><\/strong> eco <span class=\"label label-info\">Neu!<\/span><\/h3>\n<p><a href=\"http:\/\/epa.de\/filter\/de\/wp-content\/uploads\/sites\/3\/2015\/06\/lc_eco.jpg\" data-rel=\"lightbox-gallery-gt6qIpJc\" data-rl_title=\"\" data-rl_caption=\"\" title=\"\"><img loading=\"lazy\" decoding=\"async\" class=\"alignnone size-full wp-image-1344\" src=\"http:\/\/epa.de\/filter\/de\/wp-content\/uploads\/sites\/3\/2015\/06\/lc_eco.jpg\" alt=\"lc_eco\" width=\"900\" height=\"900\" srcset=\"https:\/\/epa.de\/filter\/de\/wp-content\/uploads\/sites\/3\/2015\/06\/lc_eco.jpg 900w, https:\/\/epa.de\/filter\/de\/wp-content\/uploads\/sites\/3\/2015\/06\/lc_eco-150x150.jpg 150w, https:\/\/epa.de\/filter\/de\/wp-content\/uploads\/sites\/3\/2015\/06\/lc_eco-300x300.jpg 300w\" sizes=\"auto, (max-width: 900px) 100vw, 900px\" \/><\/a><\/p>\n<p><strong>Die Basisversion<\/strong><\/p>\n<p>Mit den Grundfunktionen des <strong>LEAK<\/strong>COMP<sup>\u00ae<\/sup> <strong><i>HP<\/i><\/strong> ausgestattet, kompensiert der <strong>LEAK<\/strong>COMP<sup>\u00ae<\/sup> <strong><i>HP<\/i><\/strong> <strong>eco<\/strong> betriebsbedingte Ableitstr\u00f6me bis 300 mA (RMS) und erm\u00f6glicht so den Einsatz von FIs \u2013 gem\u00e4\u00df DIN VDE 0100-530 \u2013 mit einem Differenzstrom von 30 mA oder h\u00f6her.<\/p>\n<hr \/>\n<h3><strong>LEAK<\/strong>COMP<sup>\u00ae<\/sup> <strong><i>HP<\/i><\/strong> eco ext <span class=\"label label-info\">Neu!<\/span><\/h3>\n<p><a href=\"http:\/\/epa.de\/filter\/de\/wp-content\/uploads\/sites\/3\/2015\/06\/lc_eco_ext.jpg\" data-rel=\"lightbox-gallery-gt6qIpJc\" data-rl_title=\"\" data-rl_caption=\"\" title=\"\"><img loading=\"lazy\" decoding=\"async\" class=\"alignnone size-full wp-image-1345\" src=\"http:\/\/epa.de\/filter\/de\/wp-content\/uploads\/sites\/3\/2015\/06\/lc_eco_ext.jpg\" alt=\"lc_eco_ext\" width=\"900\" height=\"900\" srcset=\"https:\/\/epa.de\/filter\/de\/wp-content\/uploads\/sites\/3\/2015\/06\/lc_eco_ext.jpg 900w, https:\/\/epa.de\/filter\/de\/wp-content\/uploads\/sites\/3\/2015\/06\/lc_eco_ext-150x150.jpg 150w, https:\/\/epa.de\/filter\/de\/wp-content\/uploads\/sites\/3\/2015\/06\/lc_eco_ext-300x300.jpg 300w\" sizes=\"auto, (max-width: 900px) 100vw, 900px\" \/><\/a><\/p>\n<p><strong>Wenn es etwas mehr sein darf<\/strong><\/p>\n<p>Neben dem selben Funktionsumfang wie der <strong>LEAK<\/strong>COMP<sup>\u00ae<\/sup> <strong>eco<\/strong>, verf\u00fcgt der <strong>LEAK<\/strong>COMP<sup>\u00ae<\/sup> <strong>eco ext<\/strong> \u00fcber einen Anschluss f\u00fcr einen externen Wandler, mit welchem sich gr\u00f6\u00dfere Kabelquerschnitte messen lassen. Es stehen verschiedene Wandlergr\u00f6\u00dfen zur Auswahl.<\/p>\n<hr \/>\n<h2>Downloads<\/h2>\n<ul>\n<li><strong>DE<\/strong>\n<ul>\n<li><a href=\"https:\/\/epa.de\/download\/de\/01_Prospekte\/01.03_Ableitstrom\/EPA_LEAKCOMP_1C_Produktinformation.pdf\">Prospekt EPA <strong>LEAK<\/strong>COMP<sup>\u00ae<\/sup> <strong><i>1C<\/i><\/strong><\/a> <span class=\"label label-primary\">neu!<\/span><\/li>\n<li><a href=\"https:\/\/epa.de\/download\/de\/04_Betriebsanleitungen\/04.03_Ableitstrom\/EPA_LEAKCOMP_1C_Betriebsanleitung.pdf\">Betriebsanleitung EPA <strong>LEAK<\/strong>COMP<sup>\u00ae<\/sup> <strong><i>1C<\/i><\/strong><\/a> <span class=\"label label-primary\">neu!<\/span><\/li>\n<\/ul>\n<\/li>\n<\/ul>\n<ul>\n<li><strong>EN<\/strong>\n<ul>\n<li><a href=\"https:\/\/epa.de\/download\/en\/01_Brochures\/01.03_LC\/EPA_LEAKCOMP_1C_Leakage_Current_Compensation_Brochure.pdf\">Product information EPA <strong>LEAK<\/strong>COMP<sup>\u00ae<\/sup> <strong><i>1C<\/i><\/strong><\/a> <span class=\"label label-primary\">new!<\/span><\/li>\n<li><a href=\"https:\/\/epa.de\/download\/en\/04_Manuals\/04.03_LC\/EPA_LEAKCOMP_1C_Leakage_Current_Compensation_Instruction_User_Manual.pdf\">Instruction manual <strong>LEAK<\/strong>COMP<sup>\u00ae<\/sup> <strong><i>1C<\/i><\/strong><\/a> <span class=\"label label-primary\">new!<\/span><\/li>\n<\/ul>\n<\/ul>\n<hr \/>\n<hr \/>\n<h2>Kontakt<\/h2>\n<p>F\u00fcr Anfragen und Beratung wenden Sie sich bitte direkt an:<\/p>\n<address><strong>EPA GmbH<\/strong><br \/>\nFliederstra\u00dfe 8<br \/>\nD-63486 Bruchk\u00f6bel<\/address>\n<p><strong>Tel.:<\/strong> +49 (0) 6181 &#8211; 9704 &#8211; 0<br \/>\n<strong>Fax:<\/strong> +49 (0) 6181 &#8211; 9704 &#8211; 99<\/p>\n<p><strong>E-Mail:<\/strong> <a href=\"mailto:info@epa.de\">info@epa.de<\/a><\/p>\n","protected":false},"excerpt":{"rendered":"<p>Kurz: Festkompensation betriebsbedingter 50 Hz Ableitstr\u00f6me von 5 mA bzw. 11 mA Erho\u0308ht die Betriebssicherheit von Anlagen Betrieb einphasiger Verbraucher an FI-Schutzschaltern mit Bemessungsfehlerstro\u0308men von 30 mA oder ho\u0308her nach DIN VDE 0100-530 mo\u0308glich \u2192 Einhaltung der Anforderungen zum Personen- und Brandschutz Der EPA dient der Kompensation kapazitiver Ableitstro\u0308me mit einer Frequenz von 50 Hz, [&hellip;]<\/p>\n","protected":false},"author":1,"featured_media":2517,"parent":0,"menu_order":0,"comment_status":"closed","ping_status":"closed","template":"page-leakcomp-1c.php","meta":{"footnotes":""},"class_list":["post-2500","page","type-page","status-publish","has-post-thumbnail","hentry"],"publishpress_future_action":{"enabled":false,"date":"2026-04-29 08:50:20","action":"change-status","newStatus":"draft","terms":[],"taxonomy":"","extraData":[]},"publishpress_future_workflow_manual_trigger":{"enabledWorkflows":[]},"_links":{"self":[{"href":"https:\/\/epa.de\/filter\/de\/wp-json\/wp\/v2\/pages\/2500","targetHints":{"allow":["GET"]}}],"collection":[{"href":"https:\/\/epa.de\/filter\/de\/wp-json\/wp\/v2\/pages"}],"about":[{"href":"https:\/\/epa.de\/filter\/de\/wp-json\/wp\/v2\/types\/page"}],"author":[{"embeddable":true,"href":"https:\/\/epa.de\/filter\/de\/wp-json\/wp\/v2\/users\/1"}],"replies":[{"embeddable":true,"href":"https:\/\/epa.de\/filter\/de\/wp-json\/wp\/v2\/comments?post=2500"}],"version-history":[{"count":15,"href":"https:\/\/epa.de\/filter\/de\/wp-json\/wp\/v2\/pages\/2500\/revisions"}],"predecessor-version":[{"id":2505,"href":"https:\/\/epa.de\/filter\/de\/wp-json\/wp\/v2\/pages\/2500\/revisions\/2505"}],"wp:featuredmedia":[{"embeddable":true,"href":"https:\/\/epa.de\/filter\/de\/wp-json\/wp\/v2\/media\/2517"}],"wp:attachment":[{"href":"https:\/\/epa.de\/filter\/de\/wp-json\/wp\/v2\/media?parent=2500"}],"curies":[{"name":"wp","href":"https:\/\/api.w.org\/{rel}","templated":true}]}}