{"id":2245,"date":"2016-12-02T15:45:40","date_gmt":"2016-12-02T14:45:40","guid":{"rendered":"https:\/\/epa.de\/filter\/de\/?page_id=2245"},"modified":"2021-11-23T11:25:10","modified_gmt":"2021-11-23T10:25:10","slug":"fi-schutzschalter-typ-b","status":"publish","type":"page","link":"https:\/\/epa.de\/filter\/de\/produkte\/fi-schutzschalter-typ-b\/","title":{"rendered":"FI-Schutzschalter Typ B \/ B+"},"content":{"rendered":"<p>F\u00fcr die Sicherheit in elektrischen Anlagen und Maschinen mit dreiphasigen Frequenzumrichtern hat die EPA GmbH ihr Portfolio mit den allstromsensitiven Fehlerstrom-(FI-)Schutzschaltern erweitert.\u00a0 Mit einer Spezialkennlinie f\u00fcr die Antriebstechnik werden unerw\u00fcnschte FI-Ausl\u00f6sungen durch hohe hochfrequente Ableitstr\u00f6me verhindert. Die Reihe EPA RCCB2 mit allstromsensitiver Technik hat gegen\u00fcber herk\u00f6mmlichen Modellen im oberen Frequenzbereich eine deutlich h\u00f6here Ausl\u00f6seschwelle, zudem erstreckt sich der Fehlerstromerfassungsbereich weit \u00fcber die in den Normen und Richtlinien geforderten 1 kHz (Typ B) bzw. 20 kHz (Typ B+) hinaus. EPA RCCB1 und RCCB2 erfassen Frequenzen bis 150 kHz!<\/p>\n<p>&nbsp;<\/p>\n<p><div class=\"products\"><br \/>\n<img loading=\"lazy\" decoding=\"async\" class=\"alignnone wp-image-1633 size-full\" src=\"https:\/\/epa.de\/antriebe\/de\/wp-content\/uploads\/sites\/3\/2015\/05\/rccb.jpg\" alt=\"\" width=\"1080\" height=\"1003\" \/><\/p>\n<h2>EPA RCCB Typ B\/B+<\/h2>\n<h3>Allstromsensitiver FI-Schutzschalter mit Spezialkennlinie f\u00fcr die Antriebstechnik<\/h3>\n<ul>\n<li>Ausl\u00f6sefrequenzgang f\u00fcr den Schutz von Anlagen mit Frequenzumrichtern<\/li>\n<li>Bemessungsfehlerstrom 30 mA f\u00fcr den Ber\u00fchrungsschutz entsprechend den Auswahlempfehlungen von DIN VDE 0100-530<\/li>\n<li>Bemessungsfehlerstrom 0,3 A f\u00fcr den Brandschutz gem\u00e4\u00df den Richtlinien des VDS 3501<\/li>\n<li>Sicherheit durch Erkennung glatter Gleichfehlerstr\u00f6me und Wechselfehlerstr\u00f6me bis 150 kHz<\/li>\n<\/ul>\n<p><a class=\"jump_to_downloads\" href=\"#downloads\"><i class=\"oi oi-data-transfer-download\"><\/i> Zu Downloads springen<\/a><\/div><\/p>\n<p>Fehlerstromschutzschalter der Baureihe EPA RCCB1, RCCB2 und RCCBplus sind f\u00fcr den Einsatz in 50-Hertz-Wechselstromanlagen mit elektronischen Betriebsmitteln, wie zum Beispiel Frequenzumrichtern, Phasenanschnittsteuerungen, USV, Schaltnetzteilen oder Hochfrequenzstromrichtern konzipiert.<\/p>\n<p><strong>Gegen\u00fcber herk\u00f6mmlichen FI-Schutzschaltern mit der Ausl\u00f6secharakteristik AC, A oder F dienen sie der zuverl\u00e4ssigen, l\u00fcckenlosen Erkennung aller Fehlerstromarten gem\u00e4\u00df der Ausl\u00f6secharakteristik B (nach IEC 60755). Dazu z\u00e4hlen auch glatte Gleichfehlerstr\u00f6me und Wechselfehlerstr\u00f6me unterschiedlichster, auch sehr hoher Frequenzen, wie sie im Fehlerfalle auftreten k\u00f6nnen.<\/strong><\/p>\n<p>Auch in der DIN VDE 0100-530 (\u201eErrichten von Niederspannungsanlagen \u2013 Teil 530: Auswahl und Errichtung von Betriebsmitteln \u2013 Schalt und Steuerger\u00e4te\u201c) wird f\u00fcr Fehlerstrom-Schutzschaltungen in Anlagen mit Betriebsmitteln, die einen glatten Gleichfehlerstrom erzeugen k\u00f6nnen (z. B. Frequenzumrichter), der Einsatz gerecht; diese fordert seit dem 01.06.2007 f\u00fcr neu errichtete elektrische Anlagen den Einsatz von allstromsensitiven FI-Schutzschaltern mit der Ausl\u00f6secharakteristik B \/ B+.<\/p>\n<p>Die FI-Schutzschalter der Baureihen EPA RCCB1, RCCB2 und RCCBplus kommen in allen Bereichen zum Einsatz, in denen dreiphasige elektronische Ger\u00e4te betrieben werden, zum Beispiel in elektrischen Anlagen f\u00fcr Aufz\u00fcge und Schwei\u00dfger\u00e4te, f\u00fcr L\u00fcftungsanlagen, Pumpensteuerungen und Baustromverteiler sowie in Einkaufszentren, in landwirtschaftlichen Betriebsst\u00e4tten, in Kl\u00e4ranlagen, in der Medizintechnik, in Kranbetrieben und in der Holz und Metall verarbeitenden Industrie. Der EPA RCCB2 sollte speziell in elektrischen Anlagen eingesetzt werden, in denen hochfrequente Ableitstr\u00f6me mit hoher Amplitude zu erwarten sind, zum Beispiel bei der Verwendung von Frequenzumrichtern mit EMV-Filtern und langen geschirmten Motorzuleitungen.<\/p>\n<h2><img loading=\"lazy\" decoding=\"async\" class=\"aligncenter size-full wp-image-3965\" src=\"https:\/\/epa.de\/filter\/de\/wp-content\/uploads\/sites\/3\/2021\/11\/epa_rccb_uebersicht.png\" alt=\"\" width=\"894\" height=\"602\" srcset=\"https:\/\/epa.de\/filter\/de\/wp-content\/uploads\/sites\/3\/2021\/11\/epa_rccb_uebersicht.png 894w, https:\/\/epa.de\/filter\/de\/wp-content\/uploads\/sites\/3\/2021\/11\/epa_rccb_uebersicht-480x323.png 480w, https:\/\/epa.de\/filter\/de\/wp-content\/uploads\/sites\/3\/2021\/11\/epa_rccb_uebersicht-768x517.png 768w\" sizes=\"auto, (max-width: 894px) 100vw, 894px\" \/><\/h2>\n<h2>Normen und Bestimmungen<\/h2>\n<ul>\n<li><strong>VDE 0100 Teil 410<\/strong><br \/>\nErrichten von Niederspannungsanlagen \u2013 Teil 410: Schutzma\u00dfnahmen \u2013 Schutz gegen elektrischen Schlag<\/li>\n<li><strong>VDE 0100 Teil 530<\/strong><br \/>\nErrichten von Niederspannungsanlagen \u2013 Teil 530: Auswahl und Errichtung von Betriebsmitteln \u2013 Schalt- und Steuerger\u00e4te<\/li>\n<li><strong>VDE 0100 Teil 482<\/strong><br \/>\nBrandschutz bei besonderen Risiken und Gefahren<\/li>\n<li><strong>VDE 0100 Teil 704 <\/strong><br \/>\nAnforderungen f\u00fcr Betriebsst\u00e4tten, R\u00e4ume und Anlagen besonderer Art &#8211; Baustellen<\/li>\n<li><strong>VDE 0100 Teil 712<\/strong><br \/>\nAnforderungen f\u00fcr Betriebsst\u00e4tten, R\u00e4ume und Anlagen besonderer Art &#8211; Solar-, Photovoltaik (PV)- Stromversorgungssysteme (neu)<\/li>\n<li><strong>VDE 0100 Teil 723<\/strong><br \/>\nAnforderungen f\u00fcr Betriebsst\u00e4tten, R\u00e4ume und Anlagen besonderer Art &#8211; Unterrichtsr\u00e4ume mit Experimentiereinrichtungen<\/li>\n<li><strong>VDE 0160 \/ EN 50178<\/strong><br \/>\n(besonders Abschnitte 5.2.11.2 und 5.3.2.3) &#8222;Ausr\u00fcstung von Starkstromanlagen mit elektronischen Betriebsmitteln&#8220;, &#8222;Einsatz allstromsensitiver Fehlerstrom-Schutzeinrichtungen&#8220;<\/li>\n<li><strong>VDE 0664 Teil 10 \/ EN 61008<\/strong><br \/>\nFehlerstrom-\/Differenzstrom-Schutzschalter ohne eingebauten \u00dcberstromschutz (RCCBs) f\u00fcr Hausinstallationen und f\u00fcr \u00e4hnliche Anwendungen<\/li>\n<li><strong>VDE 0664<\/strong><br \/>\nTeil 100 Fehlerstromschutzschalter Typ B zur Erfassung von Wechsel- und Gleichstr\u00f6men<\/li>\n<li><strong>IEC 60479<\/strong><br \/>\nWirkungen des elektrischen Stromes auf Menschen und Nutztiere &#8222;Gef\u00e4hrdungskurven Strom \/ mA zu Frequenz \/ 1 Hz \u2026 150 kHz&#8220;<\/li>\n<li><strong>IEC 60755<\/strong><br \/>\nZus\u00e4tzliche Anmerkungen zu Fehlerstromschutzeinrichtungen, speziell zu Ausl\u00f6secharakteristik A und B<\/li>\n<li><strong>Richtlinie VdS 3501 \/ GDV-Publikation Richtlinien zur Schadenverh\u00fctung und zum vorbeugender Brandschutz:<\/strong><br \/>\nIsolationsfehlerschutz in elektrischen Anlagen mit elektronischen Betriebsmitteln \u2013 RCCB und RCM<\/li>\n<li><strong>BGI 608 Sicherheitsregeln der Berufsgenossenschaft:<\/strong><br \/>\nAuswahl und Betrieb elektrischer Anlagen und Betriebsmittel auf Bau- und Montagestellen<\/li>\n<\/ul>\n","protected":false},"excerpt":{"rendered":"<p>F\u00fcr die Sicherheit in elektrischen Anlagen und Maschinen mit dreiphasigen Frequenzumrichtern hat die EPA GmbH ihr Portfolio mit den allstromsensitiven Fehlerstrom-(FI-)Schutzschaltern erweitert.\u00a0 Mit einer Spezialkennlinie f\u00fcr die Antriebstechnik werden unerw\u00fcnschte FI-Ausl\u00f6sungen durch hohe hochfrequente Ableitstr\u00f6me verhindert. Die Reihe EPA RCCB2 mit allstromsensitiver Technik hat gegen\u00fcber herk\u00f6mmlichen Modellen im oberen Frequenzbereich eine deutlich h\u00f6here Ausl\u00f6seschwelle, zudem [&hellip;]<\/p>\n","protected":false},"author":1,"featured_media":2248,"parent":26,"menu_order":0,"comment_status":"closed","ping_status":"closed","template":"page-downloads.php","meta":{"footnotes":""},"class_list":["post-2245","page","type-page","status-publish","has-post-thumbnail","hentry"],"publishpress_future_action":{"enabled":false,"date":"2026-05-02 10:28:20","action":"change-status","newStatus":"draft","terms":[],"taxonomy":"","extraData":[]},"publishpress_future_workflow_manual_trigger":{"enabledWorkflows":[]},"_links":{"self":[{"href":"https:\/\/epa.de\/filter\/de\/wp-json\/wp\/v2\/pages\/2245","targetHints":{"allow":["GET"]}}],"collection":[{"href":"https:\/\/epa.de\/filter\/de\/wp-json\/wp\/v2\/pages"}],"about":[{"href":"https:\/\/epa.de\/filter\/de\/wp-json\/wp\/v2\/types\/page"}],"author":[{"embeddable":true,"href":"https:\/\/epa.de\/filter\/de\/wp-json\/wp\/v2\/users\/1"}],"replies":[{"embeddable":true,"href":"https:\/\/epa.de\/filter\/de\/wp-json\/wp\/v2\/comments?post=2245"}],"version-history":[{"count":7,"href":"https:\/\/epa.de\/filter\/de\/wp-json\/wp\/v2\/pages\/2245\/revisions"}],"predecessor-version":[{"id":3968,"href":"https:\/\/epa.de\/filter\/de\/wp-json\/wp\/v2\/pages\/2245\/revisions\/3968"}],"up":[{"embeddable":true,"href":"https:\/\/epa.de\/filter\/de\/wp-json\/wp\/v2\/pages\/26"}],"wp:featuredmedia":[{"embeddable":true,"href":"https:\/\/epa.de\/filter\/de\/wp-json\/wp\/v2\/media\/2248"}],"wp:attachment":[{"href":"https:\/\/epa.de\/filter\/de\/wp-json\/wp\/v2\/media?parent=2245"}],"curies":[{"name":"wp","href":"https:\/\/api.w.org\/{rel}","templated":true}]}}