{"id":1716,"date":"2016-05-04T15:44:32","date_gmt":"2016-05-04T13:44:32","guid":{"rendered":"https:\/\/epa.de\/filter\/de\/?page_id=1716"},"modified":"2016-09-07T14:21:47","modified_gmt":"2016-09-07T12:21:47","slug":"maskottchen","status":"publish","type":"page","link":"https:\/\/epa.de\/filter\/de\/maskottchen\/","title":{"rendered":"Herr X braucht einen Namen"},"content":{"rendered":"<h2>Herr X<\/h2>\n<p>Bis jetzt zumindest. Wenn Sie uns auf einer der letzten Fachmessen besucht haben, kennen Sie ihn vermutlich bereits &#8211; wenn nicht: das ist <strong>Herr X<\/strong>, unser Fachberater f\u00fcr gute Laune, und er m\u00f6chte endlich <strong>einen richtigen Namen<\/strong>! \u2014 Helfen Sie ihm doch dabei einen zu finden, es k\u00f6nnte sich f\u00fcr Sie lohnen!<\/p>\n<hr \/>\n<h2>Vielen Dank!<\/h2>\n<p>Zuerst einmal m\u00f6chten wir uns ganz herzlich bei allen bedanken, die einen Namen f\u00fcr unser Maskottchen eingereicht haben &#8211; knapp 300 Vorschl\u00e4ge sind es am Ende geworden!<\/p>\n<p>Pflichtbewusst k\u00e4mpfte sich die Jury durch die beachtliche Liste und diskutierte Name um Name. Da sowohl ausgezeichnete Vor- wie auch Nachnamen eingegangen sind, entschied sich die Jury dazu, dem Maskottchen einen vollen Namen zu geben. Und da die favorisierten Namensvorschl\u00e4ge mehrfach genannt wurden, musste \u00fcber die Verteilung der Gewinne am Ende das Los entscheiden.<\/p>\n<div class=\"herr-x-preis-eins\"><img loading=\"lazy\" decoding=\"async\" src=\"https:\/\/epa.de\/filter\/de\/wp-content\/uploads\/sites\/3\/2016\/05\/1.platz_ipad_air_2.jpg\" alt=\"1.platz_ipad_air_2\" width=\"600\" height=\"600\" class=\"alignnone size-full wp-image-1737\" srcset=\"https:\/\/epa.de\/filter\/de\/wp-content\/uploads\/sites\/3\/2016\/05\/1.platz_ipad_air_2.jpg 600w, https:\/\/epa.de\/filter\/de\/wp-content\/uploads\/sites\/3\/2016\/05\/1.platz_ipad_air_2-150x150.jpg 150w, https:\/\/epa.de\/filter\/de\/wp-content\/uploads\/sites\/3\/2016\/05\/1.platz_ipad_air_2-300x300.jpg 300w\" sizes=\"auto, (max-width: 600px) 100vw, 600px\" \/><\/p>\n<h3>1. Preis<\/h3>\n<p>Ein Apple iPad Air 2 (16 GB)<\/p><\/div>\n<div class=\"herr-x-preis-zwei\"><img loading=\"lazy\" decoding=\"async\" src=\"https:\/\/epa.de\/filter\/de\/wp-content\/uploads\/sites\/3\/2016\/05\/2.platz_xciterc_quadcopter.jpg\" alt=\"2.platz_xciterc_quadcopter\" width=\"600\" height=\"600\" class=\"alignnone size-full wp-image-1734\" srcset=\"https:\/\/epa.de\/filter\/de\/wp-content\/uploads\/sites\/3\/2016\/05\/2.platz_xciterc_quadcopter.jpg 600w, https:\/\/epa.de\/filter\/de\/wp-content\/uploads\/sites\/3\/2016\/05\/2.platz_xciterc_quadcopter-150x150.jpg 150w, https:\/\/epa.de\/filter\/de\/wp-content\/uploads\/sites\/3\/2016\/05\/2.platz_xciterc_quadcopter-300x300.jpg 300w\" sizes=\"auto, (max-width: 600px) 100vw, 600px\" \/><\/p>\n<h3>2. Preis<\/h3>\n<p>Ein XciteRC<sup>&reg;<\/sup> Rocket 260 Quadrocopter mit Kamera<\/div>\n<div class=\"herr-x-preis-drei\"><img loading=\"lazy\" decoding=\"async\" src=\"https:\/\/epa.de\/filter\/de\/wp-content\/uploads\/sites\/3\/2016\/05\/3.platz_victorinox_cybertool.jpg\" alt=\"3.platz_victorinox_cybertool\" width=\"600\" height=\"600\" class=\"alignnone size-full wp-image-1738\" srcset=\"https:\/\/epa.de\/filter\/de\/wp-content\/uploads\/sites\/3\/2016\/05\/3.platz_victorinox_cybertool.jpg 600w, https:\/\/epa.de\/filter\/de\/wp-content\/uploads\/sites\/3\/2016\/05\/3.platz_victorinox_cybertool-150x150.jpg 150w, https:\/\/epa.de\/filter\/de\/wp-content\/uploads\/sites\/3\/2016\/05\/3.platz_victorinox_cybertool-300x300.jpg 300w\" sizes=\"auto, (max-width: 600px) 100vw, 600px\" \/><\/p>\n<h3>3. Preis<\/h3>\n<p>Ein Victorinox CyberTool<\/p><\/div>\n<p style=\"clear: left;\">Zudem erh\u00e4lt jeder Gewinnervorschlag, gleich ob erster, zweiter oder dritter, noch <strong>je ein riesiges 1m-Pl\u00fcsch-Maskottchen<\/strong> dazu!<\/p>\n<hr \/>\n<div id=\"herr-x-hinweise\">\n<h2>Teilnahmebedingungen<\/h2>\n<ol>\n<li>Die Teilnahme am Gewinnspiel ist kostenlos und freiwillig. Die Teilnahme ist nur auf der Webseite der EPA GmbH maskottchen.epa.de m\u00f6glich.<\/li>\n<li>Teilnahmeberechtigt sind Personen, die das 18. Lebensjahr vollendet haben. Nicht teilnahmeberechtigt sind Mitarbeiter der EPA GmbH sowie deren Angeh\u00f6rige. Nicht teilnahmeberechtigte Personen erlangen auch im Fall der Zuteilung eines Gewinns keinen Gewinnanspruch. Die EPA GmbH beh\u00e4lt sich vor, Personen von der Teilnahme auszuschlie\u00dfen, die sich durch Manipulation Vorteile verschaffen. In diesem F\u00e4llen kann der Gewinn auch noch aberkannt und ein Ersatzgewinner bestimmt werden.<\/li>\n<li>Jeder Teilnehmer kann mehrfach abstimmen.<\/li>\n<li>Die Teilnahme am Gewinnspiel ist zwischen dem 15. Juni und dem 31. Juli 2016 m\u00f6glich. Zur Fristwahrung ist der Zugang der Einsendungen bei der EPA GmbH ma\u00dfgebend.<\/li>\n<li>F\u00fcr technische St\u00f6rungen \u00fcbernimmt die EPA GmbH keine Haftung.<\/li>\n<li>Der Rechtsweg ist ausgeschlossen.<\/li>\n<li>Die Ermittlung der Gewinner erfolgt durch die EPA GmbH, deren Mitarbeiter oder beauftragte Dritte. Bei Mehrfachnennungen entscheidet das Los.<\/li>\n<li>Die Gewinner werden per E-Mail benachrichtigt. Sollte eine Teilnahme aus rechtlichen oder tats\u00e4chlichen Gr\u00fcnden nicht m\u00f6glich sein oder sollte der Gewinner nicht innerhalb von 21 Tagen auf die Gewinnbenachrichtigung antworten, verf\u00e4llt der Gewinn und ein Ersatzgewinner wird bestimmt. Mit deren Zustimmung werden die Gewinner auf den Webseiten der EPA GmbH ver\u00f6ffentlicht. Eine Barauszahlung, \u00c4nderung oder Umtausch der Gewinne ist nicht m\u00f6glich. Gewinnanspr\u00fcche sind nicht \u00fcbertragbar. Die jeweiligen Preise werden den Gewinnern zugesandt.<\/li>\n<li>Bei der Teilnahme am Gewinnspiel werden Pflichtangaben abgefragt. Die Angabe der Daten ist freiwillig. Die Daten werden vertraulich und gem\u00e4\u00df der Datenschutzbestimmungen behandelt und nur im Zusammenhang mit dem Gewinnspiel gespeichert.<\/li>\n<li>Jeder Teilnehmer r\u00e4umt der EPA GmbH das ausschlie\u00dfliche und \u00fcbertragbare und im \u00dcbrigen unentgeltliche Recht ein, den Namen zeitlich, r\u00e4umlich und inhaltlich unbeschr\u00e4nkt zu nutzen. Jeder Teilnehmer \u00fcbertr\u00e4gt zudem der EPA GmbH das Eigentum an den von ihm \u00fcbermittelten Namen. Der Gewinnername des Maskottchens wird auf der Webseite der EPA GmbH bekannt gegeben.<\/li>\n<\/ol>\n<\/div>\n","protected":false},"excerpt":{"rendered":"<p>Herr X Bis jetzt zumindest. Wenn Sie uns auf einer der letzten Fachmessen besucht haben, kennen Sie ihn vermutlich bereits &#8211; wenn nicht: das ist Herr X, unser Fachberater f\u00fcr gute Laune, und er m\u00f6chte endlich einen richtigen Namen! \u2014 Helfen Sie ihm doch dabei einen zu finden, es k\u00f6nnte sich f\u00fcr Sie lohnen! Vielen [&hellip;]<\/p>\n","protected":false},"author":1,"featured_media":0,"parent":0,"menu_order":0,"comment_status":"closed","ping_status":"closed","template":"page-herr-x-danke.php","meta":{"footnotes":""},"class_list":["post-1716","page","type-page","status-publish","hentry"],"publishpress_future_action":{"enabled":false,"date":"2026-04-12 14:01:37","action":"change-status","newStatus":"draft","terms":[],"taxonomy":"","extraData":[]},"publishpress_future_workflow_manual_trigger":{"enabledWorkflows":[]},"_links":{"self":[{"href":"https:\/\/epa.de\/filter\/de\/wp-json\/wp\/v2\/pages\/1716","targetHints":{"allow":["GET"]}}],"collection":[{"href":"https:\/\/epa.de\/filter\/de\/wp-json\/wp\/v2\/pages"}],"about":[{"href":"https:\/\/epa.de\/filter\/de\/wp-json\/wp\/v2\/types\/page"}],"author":[{"embeddable":true,"href":"https:\/\/epa.de\/filter\/de\/wp-json\/wp\/v2\/users\/1"}],"replies":[{"embeddable":true,"href":"https:\/\/epa.de\/filter\/de\/wp-json\/wp\/v2\/comments?post=1716"}],"version-history":[{"count":35,"href":"https:\/\/epa.de\/filter\/de\/wp-json\/wp\/v2\/pages\/1716\/revisions"}],"predecessor-version":[{"id":1718,"href":"https:\/\/epa.de\/filter\/de\/wp-json\/wp\/v2\/pages\/1716\/revisions\/1718"}],"wp:attachment":[{"href":"https:\/\/epa.de\/filter\/de\/wp-json\/wp\/v2\/media?parent=1716"}],"curies":[{"name":"wp","href":"https:\/\/api.w.org\/{rel}","templated":true}]}}