{"id":120,"date":"2015-02-24T10:44:37","date_gmt":"2015-02-24T09:44:37","guid":{"rendered":"https:\/\/epa.de\/filter\/de\/?page_id=120"},"modified":"2018-05-24T14:18:49","modified_gmt":"2018-05-24T12:18:49","slug":"ueber-epa","status":"publish","type":"page","link":"https:\/\/epa.de\/filter\/de\/unternehmen\/ueber-epa\/","title":{"rendered":"\u00dcber EPA"},"content":{"rendered":"<h2>EPA steht f\u00fcr EMV &#8211; Produkte &#8211; Antriebe<\/h2>\n<p>Die Firma EPA GmbH wurde 1988 als Vertriebsgesellschaft f\u00fcr Frequenzumrichter gegr\u00fcndet. Durch den untrennbaren Zusammenhang zwischen der elektrischen Antriebstechnik und der EMV, haben wir 1995 unser Produktportfolio um Funkentst\u00f6rkomponenten erweitert und mit der Herstellung von EMV-Filtern aus eigener Entwicklung begonnen. Inzwischen ist EPA ein bekannter Markenname, wenn es um qualitativ hochwertige Netzfilter und EMV-Produkte geht.<\/p>\n<p>Neben der Fertigung von Standardprodukten steht die Weiter- und Sonderentwicklung dieser Komponenten im Vordergrund. Dank unserer langj\u00e4hrigen Erfahrung auf den Gebieten der Funk-Entst\u00f6rungen, St\u00f6rfestigkeitspr\u00fcfungen, EMV-Messungen und Filterentwicklungen, k\u00f6nnen wir Sie fachlich und umfassend beraten.<\/p>\n<p>Durch konstruktive Ma\u00dfnahmen in Kombination mit geschicktem Einsatz von Filtern, k\u00f6nnen schon in der Entwicklungsphase sowohl die Anforderungen f\u00fcr CE-Konformit\u00e4t, als auch der zuverl\u00e4ssige Betrieb einer Anlage erreicht werden.<\/p>\n<p>Gerne bieten wir Ihnen unseren Service vor Ort oder in unserem hauseigenen EMV-Labor in Bruchk\u00f6bel an, um eventuell auftretende Schwierigkeiten bereits in der Planungsphase auszuschlie\u00dfen und Ihnen eine individuelle und kostenoptimierte L\u00f6sung anzubieten!<\/p>\n<div><div class=\"youtube-container\"><div class=\"youtube-player\" data-id=\"oEv9ddWU_uQ\"><\/div><\/div><div class=\"yt-info\"><span>Hinweis:<\/span> Nach einem Klick auf den Play-Button wird eine Verbindung zu den Servern von YouTube hergestellt und somit Daten dorthin \u00fcbertragen. N\u00e4here Informationen hierzu finden Sie in der <a href=\"https:\/\/epa.de\/filter\/de\/datenschutzerklaerung\/\" target=\"_blank\">Datenschutzerkl\u00e4rung<\/a>.<\/div><\/div>\n<p><strong>Entst\u00f6rtechnik von EPA &#8211; Notwendige Bestandteile eines Ger\u00e4tes oder einer Anlage zum Erreichen eines st\u00f6rsicheren Betriebes<\/strong><\/p>\n<p>Um einer anwendungsoptimierten L\u00f6sung hinsichtlich Funkentst\u00f6rung und Funkst\u00f6rfestigkeit gerecht zu werden, m\u00fcssen viele Kriterien beachtet werden. Aus diesem Grund bieten wir neben unseren Standardl\u00f6sungen, welche die meisten Anforderungen erf\u00fcllen, auch Sonderfilter an. Diese werden unter Ber\u00fccksichtigung der geltenden Normen hinsichtlich elektrischer Wirkung und mechanischer Handhabung auf die Applikation bezogen, entwickelt und auf Wunsch auch gerne von uns an der Anlage bzw. im Ger\u00e4t messtechnisch \u00fcberpr\u00fcft.<\/p>\n<p>EPA entwickelt st\u00e4ndig neue kundenspezifische Filterl\u00f6sungen, die sowohl mechanisch, als auch elektrisch optimiert werden und somit genau auf die Applikation unseres Kunden abgestimmt werden. Sollte ein EMV-Problem mechanisch oder elektrisch nicht mit einem Standardfilter gel\u00f6st werden k\u00f6nnen, so steht unseren Kunden eine gro\u00dfe Anzahl von bereits erprobten Sonderfiltern zur Verf\u00fcgung.<\/p>\n","protected":false},"excerpt":{"rendered":"<p>EPA steht f\u00fcr EMV &#8211; Produkte &#8211; Antriebe Die Firma EPA GmbH wurde 1988 als Vertriebsgesellschaft f\u00fcr Frequenzumrichter gegr\u00fcndet. Durch den untrennbaren Zusammenhang zwischen der elektrischen Antriebstechnik und der EMV, haben wir 1995 unser Produktportfolio um Funkentst\u00f6rkomponenten erweitert und mit der Herstellung von EMV-Filtern aus eigener Entwicklung begonnen. Inzwischen ist EPA ein bekannter Markenname, wenn [&hellip;]<\/p>\n","protected":false},"author":2,"featured_media":1281,"parent":71,"menu_order":0,"comment_status":"open","ping_status":"open","template":"","meta":{"footnotes":""},"class_list":["post-120","page","type-page","status-publish","has-post-thumbnail","hentry"],"publishpress_future_action":{"enabled":false,"date":"2026-04-29 08:51:41","action":"change-status","newStatus":"draft","terms":[],"taxonomy":"","extraData":[]},"publishpress_future_workflow_manual_trigger":{"enabledWorkflows":[]},"_links":{"self":[{"href":"https:\/\/epa.de\/filter\/de\/wp-json\/wp\/v2\/pages\/120","targetHints":{"allow":["GET"]}}],"collection":[{"href":"https:\/\/epa.de\/filter\/de\/wp-json\/wp\/v2\/pages"}],"about":[{"href":"https:\/\/epa.de\/filter\/de\/wp-json\/wp\/v2\/types\/page"}],"author":[{"embeddable":true,"href":"https:\/\/epa.de\/filter\/de\/wp-json\/wp\/v2\/users\/2"}],"replies":[{"embeddable":true,"href":"https:\/\/epa.de\/filter\/de\/wp-json\/wp\/v2\/comments?post=120"}],"version-history":[{"count":19,"href":"https:\/\/epa.de\/filter\/de\/wp-json\/wp\/v2\/pages\/120\/revisions"}],"predecessor-version":[{"id":2624,"href":"https:\/\/epa.de\/filter\/de\/wp-json\/wp\/v2\/pages\/120\/revisions\/2624"}],"up":[{"embeddable":true,"href":"https:\/\/epa.de\/filter\/de\/wp-json\/wp\/v2\/pages\/71"}],"wp:featuredmedia":[{"embeddable":true,"href":"https:\/\/epa.de\/filter\/de\/wp-json\/wp\/v2\/media\/1281"}],"wp:attachment":[{"href":"https:\/\/epa.de\/filter\/de\/wp-json\/wp\/v2\/media?parent=120"}],"curies":[{"name":"wp","href":"https:\/\/api.w.org\/{rel}","templated":true}]}}