{"id":1004,"date":"2015-06-19T15:31:04","date_gmt":"2015-06-19T13:31:04","guid":{"rendered":"https:\/\/epa.de\/filter\/de\/?page_id=1004"},"modified":"2025-03-11T13:36:07","modified_gmt":"2025-03-11T12:36:07","slug":"leakwatch","status":"publish","type":"page","link":"https:\/\/epa.de\/filter\/de\/leakwatch\/","title":{"rendered":"Ableitstromanalyse <strong>LEAK<\/strong>WATCH"},"content":{"rendered":"<p>In der Industrie kommen immer h\u00e4ufiger allstromsensitive Fehlerstromschutzschalter zum Einsatz. Die modernen Komponenten in der Automatisierungstechnik (wie z. B. Frequenzumrichter, Wechselrichter, EMV-Filter, Schaltnetzteile usw.) erzeugen systembedingt hohe Ableitstr\u00f6me. Diese betriebsbedingten Ableitstr\u00f6me werden von den RCD-Schutzeinrichtungen als Fehlerstrom (Differenzstrom) interpretiert, was h\u00e4ufig zu einem unsicheren Betriebszustand oder zur Abschaltung der Fehlerstromschutzeinrichtung f\u00fchrt.<\/p>\n<p><strong>Der FI-Schutzschalter kann nicht zwischen den betriebsm\u00e4\u00dfigen Ableitstr\u00f6men und echten Fehlerstr\u00f6men unterscheiden.<\/strong><\/p>\n<p>In der Praxis kann man zwar die H\u00f6he der Ableitstrombelastung messen, es fehlt jedoch eine Aussage \u00fcber die einzelnen Frequenzanteile dieser Belastung und die Beurteilungsm\u00f6glichkeit, in Bezug auf die Ausl\u00f6sekennlinie der verwendeten Fehlerstromschutzschalter (die FI-Ausl\u00f6seschwellen unterscheiden sich je nach verwendetem Typ und Hersteller).<\/p>\n<p>Das Mess- und Analysesystem <strong>LEAK<\/strong>WATCH wurde speziell f\u00fcr die Messung von Ableitstr\u00f6men (Differenzstr\u00f6men) entwickelt. Es bietet die M\u00f6glichkeit das Messsignal direkt in Bezug auf die Ausl\u00f6sekennlinie aller namhaften im Markt erh\u00e4ltlichen allstromsensitiven Fehlerstromschutzschalter (Typ B \/ B+) zu bringen. Mittels einer Prozentanzeige und farblichen Ampeldarstellung erkennt man sofort den Auslastungsgrad der ausgew\u00e4hlten Fehlerstromschutzeinrichtung.<\/p>\n<p>Die Frequenzanalyse und eine Betrachtung der Effektivwerte einzelner Frequenzanteile geben eine wertvolle Hilfestellung bei der Ableitstrombilanzierung und der Auswahl eventueller Filterma\u00dfnahmen (z. B. ableitstromarme Netzfilter, Ableitstromkompensation o. \u00e4.)<\/p>\n<p><strong>Somit ist das <strong>LEAK<\/strong>WATCH die L\u00f6sung bei der Erstellung der Ableitstrombilanz.<\/strong><\/p>\n<hr \/>\n<p><div id='gallery-1' class='gallery galleryid-1004 gallery-columns-4 gallery-size-medium'><figure class='gallery-item'>\n\t\t\t<div class='gallery-icon landscape'>\n\t\t\t\t<a href='https:\/\/epa.de\/filter\/de\/wp-content\/uploads\/sites\/3\/2025\/01\/00_0125.jpg' title=\"\" data-rl_title=\"\" class=\"rl-gallery-link\" data-rl_caption=\"\" data-rel=\"lightbox-gallery-1\"><img loading=\"lazy\" decoding=\"async\" width=\"480\" height=\"270\" src=\"https:\/\/epa.de\/filter\/de\/wp-content\/uploads\/sites\/3\/2025\/01\/00_0125-480x270.jpg\" class=\"attachment-medium size-medium\" alt=\"Ableitstrom als Zeitsignal (Oszilloskop-Funktion)\" aria-describedby=\"gallery-1-4758\" srcset=\"https:\/\/epa.de\/filter\/de\/wp-content\/uploads\/sites\/3\/2025\/01\/00_0125-480x270.jpg 480w, https:\/\/epa.de\/filter\/de\/wp-content\/uploads\/sites\/3\/2025\/01\/00_0125-1024x576.jpg 1024w, https:\/\/epa.de\/filter\/de\/wp-content\/uploads\/sites\/3\/2025\/01\/00_0125-768x432.jpg 768w, https:\/\/epa.de\/filter\/de\/wp-content\/uploads\/sites\/3\/2025\/01\/00_0125-1536x864.jpg 1536w, https:\/\/epa.de\/filter\/de\/wp-content\/uploads\/sites\/3\/2025\/01\/00_0125.jpg 1920w\" sizes=\"auto, (max-width: 480px) 100vw, 480px\" \/><\/a>\n\t\t\t<\/div>\n\t\t\t\t<figcaption class='wp-caption-text gallery-caption' id='gallery-1-4758'>\n\t\t\t\tAbleitstrom als Zeitsignal (Oszilloskop-Funktion)\n\t\t\t\t<\/figcaption><\/figure><figure class='gallery-item'>\n\t\t\t<div class='gallery-icon landscape'>\n\t\t\t\t<a href='https:\/\/epa.de\/filter\/de\/wp-content\/uploads\/sites\/3\/2025\/01\/01_0125.jpg' title=\"\" data-rl_title=\"\" class=\"rl-gallery-link\" data-rl_caption=\"\" data-rel=\"lightbox-gallery-1\"><img loading=\"lazy\" decoding=\"async\" width=\"480\" height=\"270\" src=\"https:\/\/epa.de\/filter\/de\/wp-content\/uploads\/sites\/3\/2025\/01\/01_0125-480x270.jpg\" class=\"attachment-medium size-medium\" alt=\"Frequenzspektrum des Ableitstroms (Fourieranalyse) mit FI-Bewertung von 20 Hz bis 100kHz\" aria-describedby=\"gallery-1-4759\" srcset=\"https:\/\/epa.de\/filter\/de\/wp-content\/uploads\/sites\/3\/2025\/01\/01_0125-480x270.jpg 480w, https:\/\/epa.de\/filter\/de\/wp-content\/uploads\/sites\/3\/2025\/01\/01_0125-1024x576.jpg 1024w, https:\/\/epa.de\/filter\/de\/wp-content\/uploads\/sites\/3\/2025\/01\/01_0125-768x432.jpg 768w, https:\/\/epa.de\/filter\/de\/wp-content\/uploads\/sites\/3\/2025\/01\/01_0125-1536x864.jpg 1536w, https:\/\/epa.de\/filter\/de\/wp-content\/uploads\/sites\/3\/2025\/01\/01_0125.jpg 1920w\" sizes=\"auto, (max-width: 480px) 100vw, 480px\" \/><\/a>\n\t\t\t<\/div>\n\t\t\t\t<figcaption class='wp-caption-text gallery-caption' id='gallery-1-4759'>\n\t\t\t\tFrequenzspektrum des Ableitstroms (Fourieranalyse) mit FI-Bewertung von 20 Hz bis 100kHz\n\t\t\t\t<\/figcaption><\/figure><figure class='gallery-item'>\n\t\t\t<div class='gallery-icon landscape'>\n\t\t\t\t<a href='https:\/\/epa.de\/filter\/de\/wp-content\/uploads\/sites\/3\/2025\/01\/02_0125.jpg' title=\"\" data-rl_title=\"\" class=\"rl-gallery-link\" data-rl_caption=\"\" data-rel=\"lightbox-gallery-1\"><img loading=\"lazy\" decoding=\"async\" width=\"480\" height=\"270\" src=\"https:\/\/epa.de\/filter\/de\/wp-content\/uploads\/sites\/3\/2025\/01\/02_0125-480x270.jpg\" class=\"attachment-medium size-medium\" alt=\"FI-Auswertung: Problematische Frequenzen werden rot, kritische gelb und niedrige gr\u00fcn angezeigt\" aria-describedby=\"gallery-1-4760\" srcset=\"https:\/\/epa.de\/filter\/de\/wp-content\/uploads\/sites\/3\/2025\/01\/02_0125-480x270.jpg 480w, https:\/\/epa.de\/filter\/de\/wp-content\/uploads\/sites\/3\/2025\/01\/02_0125-1024x576.jpg 1024w, https:\/\/epa.de\/filter\/de\/wp-content\/uploads\/sites\/3\/2025\/01\/02_0125-768x432.jpg 768w, https:\/\/epa.de\/filter\/de\/wp-content\/uploads\/sites\/3\/2025\/01\/02_0125-1536x864.jpg 1536w, https:\/\/epa.de\/filter\/de\/wp-content\/uploads\/sites\/3\/2025\/01\/02_0125.jpg 1920w\" sizes=\"auto, (max-width: 480px) 100vw, 480px\" \/><\/a>\n\t\t\t<\/div>\n\t\t\t\t<figcaption class='wp-caption-text gallery-caption' id='gallery-1-4760'>\n\t\t\t\tFI-Auswertung: Problematische Frequenzen werden rot, kritische gelb und niedrige gr\u00fcn angezeigt\n\t\t\t\t<\/figcaption><\/figure><figure class='gallery-item'>\n\t\t\t<div class='gallery-icon landscape'>\n\t\t\t\t<a href='https:\/\/epa.de\/filter\/de\/wp-content\/uploads\/sites\/3\/2025\/01\/03_0125.jpg' title=\"\" data-rl_title=\"\" class=\"rl-gallery-link\" data-rl_caption=\"\" data-rel=\"lightbox-gallery-1\"><img loading=\"lazy\" decoding=\"async\" width=\"480\" height=\"270\" src=\"https:\/\/epa.de\/filter\/de\/wp-content\/uploads\/sites\/3\/2025\/01\/03_0125-480x270.jpg\" class=\"attachment-medium size-medium\" alt=\"EPA Produkt-Finder (zeigt Produktvorschl\u00e4ge zur Ableitstromreduktion an)\" aria-describedby=\"gallery-1-4761\" srcset=\"https:\/\/epa.de\/filter\/de\/wp-content\/uploads\/sites\/3\/2025\/01\/03_0125-480x270.jpg 480w, https:\/\/epa.de\/filter\/de\/wp-content\/uploads\/sites\/3\/2025\/01\/03_0125-1024x576.jpg 1024w, https:\/\/epa.de\/filter\/de\/wp-content\/uploads\/sites\/3\/2025\/01\/03_0125-768x432.jpg 768w, https:\/\/epa.de\/filter\/de\/wp-content\/uploads\/sites\/3\/2025\/01\/03_0125-1536x864.jpg 1536w, https:\/\/epa.de\/filter\/de\/wp-content\/uploads\/sites\/3\/2025\/01\/03_0125.jpg 1920w\" sizes=\"auto, (max-width: 480px) 100vw, 480px\" \/><\/a>\n\t\t\t<\/div>\n\t\t\t\t<figcaption class='wp-caption-text gallery-caption' id='gallery-1-4761'>\n\t\t\t\tEPA Produkt-Finder (zeigt Produktvorschl\u00e4ge zur Ableitstromreduktion an)\n\t\t\t\t<\/figcaption><\/figure><figure class='gallery-item'>\n\t\t\t<div class='gallery-icon landscape'>\n\t\t\t\t<a href='https:\/\/epa.de\/filter\/de\/wp-content\/uploads\/sites\/3\/2025\/01\/04_0125.jpg' title=\"\" data-rl_title=\"\" class=\"rl-gallery-link\" data-rl_caption=\"\" data-rel=\"lightbox-gallery-1\"><img loading=\"lazy\" decoding=\"async\" width=\"480\" height=\"270\" src=\"https:\/\/epa.de\/filter\/de\/wp-content\/uploads\/sites\/3\/2025\/01\/04_0125-480x270.jpg\" class=\"attachment-medium size-medium\" alt=\"Simulation der Ausl\u00f6seschwellen handels\u00fcblicher FI-Schutzschalter des Typs B\" aria-describedby=\"gallery-1-4762\" srcset=\"https:\/\/epa.de\/filter\/de\/wp-content\/uploads\/sites\/3\/2025\/01\/04_0125-480x270.jpg 480w, https:\/\/epa.de\/filter\/de\/wp-content\/uploads\/sites\/3\/2025\/01\/04_0125-1024x576.jpg 1024w, https:\/\/epa.de\/filter\/de\/wp-content\/uploads\/sites\/3\/2025\/01\/04_0125-768x432.jpg 768w, https:\/\/epa.de\/filter\/de\/wp-content\/uploads\/sites\/3\/2025\/01\/04_0125-1536x864.jpg 1536w, https:\/\/epa.de\/filter\/de\/wp-content\/uploads\/sites\/3\/2025\/01\/04_0125.jpg 1920w\" sizes=\"auto, (max-width: 480px) 100vw, 480px\" \/><\/a>\n\t\t\t<\/div>\n\t\t\t\t<figcaption class='wp-caption-text gallery-caption' id='gallery-1-4762'>\n\t\t\t\tSimulation der Ausl\u00f6seschwellen handels\u00fcblicher FI-Schutzschalter des Typs B\n\t\t\t\t<\/figcaption><\/figure><figure class='gallery-item'>\n\t\t\t<div class='gallery-icon landscape'>\n\t\t\t\t<a href='https:\/\/epa.de\/filter\/de\/wp-content\/uploads\/sites\/3\/2025\/01\/05_0125.jpg' title=\"\" data-rl_title=\"\" class=\"rl-gallery-link\" data-rl_caption=\"\" data-rel=\"lightbox-gallery-1\"><img loading=\"lazy\" decoding=\"async\" width=\"480\" height=\"270\" src=\"https:\/\/epa.de\/filter\/de\/wp-content\/uploads\/sites\/3\/2025\/01\/05_0125-480x270.jpg\" class=\"attachment-medium size-medium\" alt=\"Bewertung nach DIN Normen\" aria-describedby=\"gallery-1-4763\" srcset=\"https:\/\/epa.de\/filter\/de\/wp-content\/uploads\/sites\/3\/2025\/01\/05_0125-480x270.jpg 480w, https:\/\/epa.de\/filter\/de\/wp-content\/uploads\/sites\/3\/2025\/01\/05_0125-1024x576.jpg 1024w, https:\/\/epa.de\/filter\/de\/wp-content\/uploads\/sites\/3\/2025\/01\/05_0125-768x432.jpg 768w, https:\/\/epa.de\/filter\/de\/wp-content\/uploads\/sites\/3\/2025\/01\/05_0125-1536x864.jpg 1536w, https:\/\/epa.de\/filter\/de\/wp-content\/uploads\/sites\/3\/2025\/01\/05_0125.jpg 1920w\" sizes=\"auto, (max-width: 480px) 100vw, 480px\" \/><\/a>\n\t\t\t<\/div>\n\t\t\t\t<figcaption class='wp-caption-text gallery-caption' id='gallery-1-4763'>\n\t\t\t\tBewertung nach DIN Normen\n\t\t\t\t<\/figcaption><\/figure><figure class='gallery-item'>\n\t\t\t<div class='gallery-icon landscape'>\n\t\t\t\t<a href='https:\/\/epa.de\/filter\/de\/wp-content\/uploads\/sites\/3\/2025\/01\/06_0125.jpg' title=\"\" data-rl_title=\"\" class=\"rl-gallery-link\" data-rl_caption=\"\" data-rel=\"lightbox-gallery-1\"><img loading=\"lazy\" decoding=\"async\" width=\"480\" height=\"270\" src=\"https:\/\/epa.de\/filter\/de\/wp-content\/uploads\/sites\/3\/2025\/01\/06_0125-480x270.jpg\" class=\"attachment-medium size-medium\" alt=\"Signalverlauf \u00fcber 5 Sekunden\" aria-describedby=\"gallery-1-4764\" srcset=\"https:\/\/epa.de\/filter\/de\/wp-content\/uploads\/sites\/3\/2025\/01\/06_0125-480x270.jpg 480w, https:\/\/epa.de\/filter\/de\/wp-content\/uploads\/sites\/3\/2025\/01\/06_0125-1024x576.jpg 1024w, https:\/\/epa.de\/filter\/de\/wp-content\/uploads\/sites\/3\/2025\/01\/06_0125-768x432.jpg 768w, https:\/\/epa.de\/filter\/de\/wp-content\/uploads\/sites\/3\/2025\/01\/06_0125-1536x864.jpg 1536w, https:\/\/epa.de\/filter\/de\/wp-content\/uploads\/sites\/3\/2025\/01\/06_0125.jpg 1920w\" sizes=\"auto, (max-width: 480px) 100vw, 480px\" \/><\/a>\n\t\t\t<\/div>\n\t\t\t\t<figcaption class='wp-caption-text gallery-caption' id='gallery-1-4764'>\n\t\t\t\tSignalverlauf \u00fcber 5 Sekunden\n\t\t\t\t<\/figcaption><\/figure><figure class='gallery-item'>\n\t\t\t<div class='gallery-icon landscape'>\n\t\t\t\t<a href='https:\/\/epa.de\/filter\/de\/wp-content\/uploads\/sites\/3\/2025\/01\/07_0125.jpg' title=\"\" data-rl_title=\"\" class=\"rl-gallery-link\" data-rl_caption=\"\" data-rel=\"lightbox-gallery-1\"><img loading=\"lazy\" decoding=\"async\" width=\"480\" height=\"270\" src=\"https:\/\/epa.de\/filter\/de\/wp-content\/uploads\/sites\/3\/2025\/01\/07_0125-480x270.jpg\" class=\"attachment-medium size-medium\" alt=\"Triggermodus f\u00fcr Ein- und Ausschaltimpulse\" aria-describedby=\"gallery-1-4765\" srcset=\"https:\/\/epa.de\/filter\/de\/wp-content\/uploads\/sites\/3\/2025\/01\/07_0125-480x270.jpg 480w, https:\/\/epa.de\/filter\/de\/wp-content\/uploads\/sites\/3\/2025\/01\/07_0125-1024x576.jpg 1024w, https:\/\/epa.de\/filter\/de\/wp-content\/uploads\/sites\/3\/2025\/01\/07_0125-768x432.jpg 768w, https:\/\/epa.de\/filter\/de\/wp-content\/uploads\/sites\/3\/2025\/01\/07_0125-1536x864.jpg 1536w, https:\/\/epa.de\/filter\/de\/wp-content\/uploads\/sites\/3\/2025\/01\/07_0125.jpg 1920w\" sizes=\"auto, (max-width: 480px) 100vw, 480px\" \/><\/a>\n\t\t\t<\/div>\n\t\t\t\t<figcaption class='wp-caption-text gallery-caption' id='gallery-1-4765'>\n\t\t\t\tTriggermodus f\u00fcr Ein- und Ausschaltimpulse\n\t\t\t\t<\/figcaption><\/figure><figure class='gallery-item'>\n\t\t\t<div class='gallery-icon landscape'>\n\t\t\t\t<a href='https:\/\/epa.de\/filter\/de\/wp-content\/uploads\/sites\/3\/2025\/01\/08_0125.jpg' title=\"\" data-rl_title=\"\" class=\"rl-gallery-link\" data-rl_caption=\"\" data-rel=\"lightbox-gallery-1\"><img loading=\"lazy\" decoding=\"async\" width=\"480\" height=\"270\" src=\"https:\/\/epa.de\/filter\/de\/wp-content\/uploads\/sites\/3\/2025\/01\/08_0125-480x270.jpg\" class=\"attachment-medium size-medium\" alt=\"Auswertung der Langzeitaufzeichnung\" aria-describedby=\"gallery-1-4766\" srcset=\"https:\/\/epa.de\/filter\/de\/wp-content\/uploads\/sites\/3\/2025\/01\/08_0125-480x270.jpg 480w, https:\/\/epa.de\/filter\/de\/wp-content\/uploads\/sites\/3\/2025\/01\/08_0125-1024x576.jpg 1024w, https:\/\/epa.de\/filter\/de\/wp-content\/uploads\/sites\/3\/2025\/01\/08_0125-768x432.jpg 768w, https:\/\/epa.de\/filter\/de\/wp-content\/uploads\/sites\/3\/2025\/01\/08_0125-1536x864.jpg 1536w, https:\/\/epa.de\/filter\/de\/wp-content\/uploads\/sites\/3\/2025\/01\/08_0125.jpg 1920w\" sizes=\"auto, (max-width: 480px) 100vw, 480px\" \/><\/a>\n\t\t\t<\/div>\n\t\t\t\t<figcaption class='wp-caption-text gallery-caption' id='gallery-1-4766'>\n\t\t\t\tAuswertung der Langzeitaufzeichnung\n\t\t\t\t<\/figcaption><\/figure><figure class='gallery-item'>\n\t\t\t<div class='gallery-icon landscape'>\n\t\t\t\t<a href='https:\/\/epa.de\/filter\/de\/wp-content\/uploads\/sites\/3\/2025\/01\/09_0125.jpg' title=\"\" data-rl_title=\"\" class=\"rl-gallery-link\" data-rl_caption=\"\" data-rel=\"lightbox-gallery-1\"><img loading=\"lazy\" decoding=\"async\" width=\"480\" height=\"270\" src=\"https:\/\/epa.de\/filter\/de\/wp-content\/uploads\/sites\/3\/2025\/01\/09_0125-480x270.jpg\" class=\"attachment-medium size-medium\" alt=\"Aufzeichnung- und Abspielfunktion\" aria-describedby=\"gallery-1-4767\" srcset=\"https:\/\/epa.de\/filter\/de\/wp-content\/uploads\/sites\/3\/2025\/01\/09_0125-480x270.jpg 480w, https:\/\/epa.de\/filter\/de\/wp-content\/uploads\/sites\/3\/2025\/01\/09_0125-1024x576.jpg 1024w, https:\/\/epa.de\/filter\/de\/wp-content\/uploads\/sites\/3\/2025\/01\/09_0125-768x432.jpg 768w, https:\/\/epa.de\/filter\/de\/wp-content\/uploads\/sites\/3\/2025\/01\/09_0125-1536x864.jpg 1536w, https:\/\/epa.de\/filter\/de\/wp-content\/uploads\/sites\/3\/2025\/01\/09_0125.jpg 1920w\" sizes=\"auto, (max-width: 480px) 100vw, 480px\" \/><\/a>\n\t\t\t<\/div>\n\t\t\t\t<figcaption class='wp-caption-text gallery-caption' id='gallery-1-4767'>\n\t\t\t\tAufzeichnung- und Abspielfunktion\n\t\t\t\t<\/figcaption><\/figure><figure class='gallery-item'>\n\t\t\t<div class='gallery-icon landscape'>\n\t\t\t\t<a href='https:\/\/epa.de\/filter\/de\/wp-content\/uploads\/sites\/3\/2025\/01\/10_0125.jpg' title=\"\" data-rl_title=\"\" class=\"rl-gallery-link\" data-rl_caption=\"\" data-rel=\"lightbox-gallery-1\"><img loading=\"lazy\" decoding=\"async\" width=\"480\" height=\"270\" src=\"https:\/\/epa.de\/filter\/de\/wp-content\/uploads\/sites\/3\/2025\/01\/10_0125-480x270.jpg\" class=\"attachment-medium size-medium\" alt=\"Langzeitaufzeichnung der Ableitst\u00f6me\" aria-describedby=\"gallery-1-4768\" srcset=\"https:\/\/epa.de\/filter\/de\/wp-content\/uploads\/sites\/3\/2025\/01\/10_0125-480x270.jpg 480w, https:\/\/epa.de\/filter\/de\/wp-content\/uploads\/sites\/3\/2025\/01\/10_0125-1024x576.jpg 1024w, https:\/\/epa.de\/filter\/de\/wp-content\/uploads\/sites\/3\/2025\/01\/10_0125-768x432.jpg 768w, https:\/\/epa.de\/filter\/de\/wp-content\/uploads\/sites\/3\/2025\/01\/10_0125-1536x864.jpg 1536w, https:\/\/epa.de\/filter\/de\/wp-content\/uploads\/sites\/3\/2025\/01\/10_0125.jpg 1920w\" sizes=\"auto, (max-width: 480px) 100vw, 480px\" \/><\/a>\n\t\t\t<\/div>\n\t\t\t\t<figcaption class='wp-caption-text gallery-caption' id='gallery-1-4768'>\n\t\t\t\tLangzeitaufzeichnung der Ableitst\u00f6me\n\t\t\t\t<\/figcaption><\/figure>\n\t\t<\/div>\n<\/p>\n<hr \/>\n<h3><strong>LEAK<\/strong>WATCH Messzange LW-MZ-50<\/h3>\n<p><a href=\"https:\/\/epa.de\/filter\/de\/wp-content\/uploads\/sites\/3\/2015\/06\/lw-mz-50.jpg\" data-rel=\"lightbox-gallery-7VQf6Toh\" data-rl_title=\"\" data-rl_caption=\"\" title=\"\"><img loading=\"lazy\" decoding=\"async\" class=\"alignnone size-full wp-image-1348\" src=\"https:\/\/epa.de\/filter\/de\/wp-content\/uploads\/sites\/3\/2015\/06\/lw-mz-50.jpg\" alt=\"lw-mz-50\" width=\"900\" height=\"900\" srcset=\"https:\/\/epa.de\/filter\/de\/wp-content\/uploads\/sites\/3\/2015\/06\/lw-mz-50.jpg 900w, https:\/\/epa.de\/filter\/de\/wp-content\/uploads\/sites\/3\/2015\/06\/lw-mz-50-150x150.jpg 150w, https:\/\/epa.de\/filter\/de\/wp-content\/uploads\/sites\/3\/2015\/06\/lw-mz-50-300x300.jpg 300w\" sizes=\"auto, (max-width: 900px) 100vw, 900px\" \/><\/a><\/p>\n<p><strong>Trennung unn\u00f6tig!<\/strong><\/p>\n<p>Eine Ableitstrom-Messung mit dem LEAKWATCH Mess- und Analysesystem ist jetzt mit der Stromzange schnell und einfach m\u00f6glich: Kein Trennen des Strompfades mehr n\u00f6tig. \u2013 Auch bei gr\u00f6\u00dferen Kabelquerschnitten m\u00f6glich. \u2013 2m Anschlussleitung mit BNC-Anschluss \u2013 Leitungsdurchf\u00fchrung \u00d8 53mm<\/p>\n<hr \/>\n<h2 id=\"downloads\">Downloads<\/h2>\n<ul>\n<li><a href=\"https:\/\/epa.de\/download\/de\/01_Prospekte\/01.03_Ableitstrom\/EPA_LEAKWATCH_Ableitstrom-Analyse_Prospekt.pdf\">EPA <strong>LEAK<\/strong>WATCH Prospekt<\/a><\/li>\n<li><a href=\"https:\/\/epa.de\/download\/de\/04_Betriebsanleitungen\/04.03_Ableitstrom\/EPA_LEAKWATCH_Betriebsanleitung.pdf\">EPA <strong>LEAK<\/strong>WATCH Betriebsanleitung<\/a><\/li>\n<li><a href=\"https:\/\/epa.de\/download\/de\/04_Betriebsanleitungen\/04.03_Ableitstrom\/EPA_LW-Stromzange_LW-MZ-50_Betriebsanleitung.pdf\">EPA <strong>LEAK<\/strong>WATCH Stromzange Betriebsanleitung<\/a><\/li>\n<li><a href=\"https:\/\/epa.de\/download\/de\/05_Software\/05.04_Ableitstrom\/EPA_LEAKWATCH_LW-Soft_3.3.zip\">EPA <strong>LEAK<\/strong>WATCH Software 3.3 f\u00fcr Windows 7\/8<\/a><\/li>\n<li><a href=\"https:\/\/epa.de\/download\/de\/05_Software\/05.04_Ableitstrom\/EPA_LEAKWATCH_LW-Soft_3.6.zip\">EPA <strong>LEAK<\/strong>WATCH Software 3.6 f\u00fcr Windows 10\/11<\/a> <span class=\"label label-primary\">Neu!<\/span><\/li>\n<li><a href=\"https:\/\/epa.de\/download\/de\/07_Dokumente\/07.03_Ableitstrom\/Produkt%C3%BCbersicht_Leakwatch.pdf\">EPA <strong>LEAK<\/strong>WATCH Produkt\u00fcbersicht<\/a><\/li>\n<li><a href=\"https:\/\/epa.de\/download\/de\/04_Betriebsanleitungen\/04.03_Ableitstrom\/EPA_LEAKWATCH_Treiberinstallation_LW-MK3plus_Anleitung.pdf\">EPA <strong>LEAK<\/strong>WATCH Anleitung Treiberinstallation Windows 10<\/a><\/li>\n<\/ul>\n<h2 id=\"video\">Videos<\/h2>\n<ul>\n<li><a href=\"https:\/\/youtu.be\/ehCBZ4cAo-4\">EPA <strong>LEAK<\/strong>WATCH Produktvorstellung<\/a><\/li>\n<\/ul>\n<hr \/>\n<h2>Auch als Mietger\u00e4t erh\u00e4ltlich!<\/h2>\n<p class=\"rent-a-system-claim\">Ausleihen und losmessen<\/p>\n<p><img loading=\"lazy\" decoding=\"async\" src=\"https:\/\/epa.de\/filter\/de\/wp-content\/uploads\/sites\/3\/2025\/02\/leakwatch-set-freigestellt_050225.png\" alt=\"LEAKWATCH Set\" width=\"800\" height=\"800\" class=\"alignnone size-full wp-image-4777\" srcset=\"https:\/\/epa.de\/filter\/de\/wp-content\/uploads\/sites\/3\/2025\/02\/leakwatch-set-freigestellt_050225.png 800w, https:\/\/epa.de\/filter\/de\/wp-content\/uploads\/sites\/3\/2025\/02\/leakwatch-set-freigestellt_050225-480x480.png 480w, https:\/\/epa.de\/filter\/de\/wp-content\/uploads\/sites\/3\/2025\/02\/leakwatch-set-freigestellt_050225-360x360.png 360w, https:\/\/epa.de\/filter\/de\/wp-content\/uploads\/sites\/3\/2025\/02\/leakwatch-set-freigestellt_050225-768x768.png 768w\" sizes=\"auto, (max-width: 800px) 100vw, 800px\" \/><\/p>\n<hr \/>\n<h2 id=\"kontakt\">Kontakt<\/h2>\n<p><figure id=\"attachment_1010\" aria-describedby=\"caption-attachment-1010\" style=\"width: 400px\" class=\"wp-caption alignright\"><a href=\"https:\/\/epa.de\"><img loading=\"lazy\" decoding=\"async\" class=\"size-full wp-image-1010\" src=\"https:\/\/epa.de\/filter\/de\/wp-content\/uploads\/sites\/3\/2015\/06\/logo_ohne_r1.png\" alt=\"Logo der EPA GmbH\" width=\"400\" height=\"483\" srcset=\"https:\/\/epa.de\/filter\/de\/wp-content\/uploads\/sites\/3\/2015\/06\/logo_ohne_r1.png 400w, https:\/\/epa.de\/filter\/de\/wp-content\/uploads\/sites\/3\/2015\/06\/logo_ohne_r1-248x300.png 248w\" sizes=\"auto, (max-width: 400px) 100vw, 400px\" \/><\/a><figcaption id=\"caption-attachment-1010\" class=\"wp-caption-text\"><a href=\"https:\/\/epa.de\">www.epa.de<\/a><\/figcaption><\/figure><\/p>\n<p>F\u00fcr Anfragen und Beratung wenden\u00a0Sie sich bitte direkt an:<\/p>\n<address><strong>EPA GmbH<\/strong><br \/>\nFliederstra\u00dfe 8<br \/>\nD-63486 Bruchk\u00f6bel<\/address>\n<p><strong>Tel.:<\/strong> +49 (0) 6181 &#8211; 9704 &#8211; 0<br \/>\n<strong>Fax:<\/strong> +49 (0) 6181 &#8211; 9704 &#8211; 99<\/p>\n<p><strong>E-Mail:<\/strong> <a href=\"mailto:info@epa.de\">info@epa.de<\/a><\/p>\n","protected":false},"excerpt":{"rendered":"<p>In der Industrie kommen immer h\u00e4ufiger allstromsensitive Fehlerstromschutzschalter zum Einsatz. Die modernen Komponenten in der Automatisierungstechnik (wie z. B. Frequenzumrichter, Wechselrichter, EMV-Filter, Schaltnetzteile usw.) erzeugen systembedingt hohe Ableitstr\u00f6me. Diese betriebsbedingten Ableitstr\u00f6me werden von den RCD-Schutzeinrichtungen als Fehlerstrom (Differenzstrom) interpretiert, was h\u00e4ufig zu einem unsicheren Betriebszustand oder zur Abschaltung der Fehlerstromschutzeinrichtung f\u00fchrt. Der FI-Schutzschalter kann nicht [&hellip;]<\/p>\n","protected":false},"author":1,"featured_media":4770,"parent":0,"menu_order":0,"comment_status":"open","ping_status":"closed","template":"page-leakwatch.php","meta":{"footnotes":""},"class_list":["post-1004","page","type-page","status-publish","has-post-thumbnail","hentry"],"publishpress_future_action":{"enabled":false,"date":"2026-05-02 12:02:42","action":"change-status","newStatus":"draft","terms":[],"taxonomy":"","extraData":[]},"publishpress_future_workflow_manual_trigger":{"enabledWorkflows":[]},"_links":{"self":[{"href":"https:\/\/epa.de\/filter\/de\/wp-json\/wp\/v2\/pages\/1004","targetHints":{"allow":["GET"]}}],"collection":[{"href":"https:\/\/epa.de\/filter\/de\/wp-json\/wp\/v2\/pages"}],"about":[{"href":"https:\/\/epa.de\/filter\/de\/wp-json\/wp\/v2\/types\/page"}],"author":[{"embeddable":true,"href":"https:\/\/epa.de\/filter\/de\/wp-json\/wp\/v2\/users\/1"}],"replies":[{"embeddable":true,"href":"https:\/\/epa.de\/filter\/de\/wp-json\/wp\/v2\/comments?post=1004"}],"version-history":[{"count":86,"href":"https:\/\/epa.de\/filter\/de\/wp-json\/wp\/v2\/pages\/1004\/revisions"}],"predecessor-version":[{"id":4800,"href":"https:\/\/epa.de\/filter\/de\/wp-json\/wp\/v2\/pages\/1004\/revisions\/4800"}],"wp:featuredmedia":[{"embeddable":true,"href":"https:\/\/epa.de\/filter\/de\/wp-json\/wp\/v2\/media\/4770"}],"wp:attachment":[{"href":"https:\/\/epa.de\/filter\/de\/wp-json\/wp\/v2\/media?parent=1004"}],"curies":[{"name":"wp","href":"https:\/\/api.w.org\/{rel}","templated":true}]}}