{"id":995,"date":"2015-05-18T10:50:08","date_gmt":"2015-05-18T08:50:08","guid":{"rendered":"https:\/\/epa.de\/antriebe\/de\/?page_id=995"},"modified":"2016-11-24T16:25:38","modified_gmt":"2016-11-24T15:25:38","slug":"qualitaetsmanagement","status":"publish","type":"page","link":"https:\/\/epa.de\/antriebe\/de\/unternehmen\/qualitaetsmanagement\/","title":{"rendered":"Qualit\u00e4tsmanagement"},"content":{"rendered":"<h2>Der Produktqualit\u00e4t wird allererste Priorit\u00e4t einger\u00e4umt!<\/h2>\n<p><img decoding=\"async\" class=\"size-full alignright\" src=\"https:\/\/epa.de\/filter\/de\/wp-content\/uploads\/sites\/3\/2015\/04\/ISO_Siegel.png\" \/>Als einer der f\u00fchrenden, deutschen Hersteller von Netzfiltern, EMV-Produkten und EMV-Systeml\u00f6sungen, legt das Unternehmen EPA GmbH besonderen Wert auf hochwertige Produkte in gleichbleibender Qualit\u00e4t.<\/p>\n<p>Ausgew\u00e4hlte Lieferanten liefern die besten Komponenten, die wir zur Fertigung ben\u00f6tigen und sorgen so f\u00fcr eine beinahe unbegrenzte Vielfalt an EMV-Filterl\u00f6sungen. Die EPA Qualit\u00e4tskontrolle beginnt bereits im Ursprung, denn alle Lieferanten pr\u00fcfen die Ware schon vor der Lieferung nach vielf\u00e4ltigen Kriterien und strengen EPA Qualit\u00e4tsvorgaben. Alle zugelieferten Komponenten werden zudem nach Anlieferung bei EPA nochmals einer sorgf\u00e4ltigen Eingangskontrolle unterzogen und erst dann f\u00fcr die bekannte EPA-Qualit\u00e4t freigegeben.<\/p>\n<p>Unter Ber\u00fccksichtigung neuester wissenschaftlicher Erkenntnisse und durch Verwendung modernster Technik wird sichergestellt, dass die Qualit\u00e4t von EPA nicht nur den gesetzlichen Mindestanforderungen gen\u00fcgt, sondern weit dar\u00fcber liegt.<\/p>\n<h2><strong>R\u00fccksendeverfahren im Reklamationsfall<\/strong><\/h2>\n<p>Wir arbeiten mit dem sogenannten \u201eReturn Material Authorization-Nummern-System\u201c (kurz RMA-Nummern-System), bei dem jeder R\u00fccksendung eine individuelle Nummer zugewiesen wird.<\/p>\n<p>Selbstverst\u00e4ndlich sind wir bestrebt, Ihnen nur hochwertige und qualitativ einwandfreie Produkte zu liefern. Sollten dennoch Beanstandungen auftreten, die Anlass zu einer Reklamation geben, so bitten wir Sie uns vor dem R\u00fcckversand der Ware zu informieren (Seriennummer und kurze Fehlerbeschreibung bereit halten).<\/p>\n<p>Unsere Auftragsabwicklung wird Ihnen dann einen R\u00fccklieferschein zusenden und eine individuelle RMA Nummer mitteilen, die den Vorgang eindeutig kennzeichnet. Diese Nummer sollte dann bei jeder Korrespondenz zu dem Vorgang angegeben werden, um einen reibungslosen Ablauf und eine schnelle, unkomplizierte Abwicklung zu erm\u00f6glichen. Vielen Dank f\u00fcr Ihre Mithilfe!<\/p>\n","protected":false},"excerpt":{"rendered":"<p>Der Produktqualit\u00e4t wird allererste Priorit\u00e4t einger\u00e4umt! Als einer der f\u00fchrenden, deutschen Hersteller von Netzfiltern, EMV-Produkten und EMV-Systeml\u00f6sungen, legt das Unternehmen EPA GmbH besonderen Wert auf hochwertige Produkte in gleichbleibender Qualit\u00e4t. Ausgew\u00e4hlte Lieferanten liefern die besten Komponenten, die wir zur Fertigung ben\u00f6tigen und sorgen so f\u00fcr eine beinahe unbegrenzte Vielfalt an EMV-Filterl\u00f6sungen. Die EPA Qualit\u00e4tskontrolle beginnt [&hellip;]<\/p>\n","protected":false},"author":2,"featured_media":0,"parent":71,"menu_order":0,"comment_status":"open","ping_status":"open","template":"page-downloads.php","meta":{"footnotes":""},"class_list":["post-995","page","type-page","status-publish","hentry"],"_links":{"self":[{"href":"https:\/\/epa.de\/antriebe\/de\/wp-json\/wp\/v2\/pages\/995","targetHints":{"allow":["GET"]}}],"collection":[{"href":"https:\/\/epa.de\/antriebe\/de\/wp-json\/wp\/v2\/pages"}],"about":[{"href":"https:\/\/epa.de\/antriebe\/de\/wp-json\/wp\/v2\/types\/page"}],"author":[{"embeddable":true,"href":"https:\/\/epa.de\/antriebe\/de\/wp-json\/wp\/v2\/users\/2"}],"replies":[{"embeddable":true,"href":"https:\/\/epa.de\/antriebe\/de\/wp-json\/wp\/v2\/comments?post=995"}],"version-history":[{"count":30,"href":"https:\/\/epa.de\/antriebe\/de\/wp-json\/wp\/v2\/pages\/995\/revisions"}],"predecessor-version":[{"id":1860,"href":"https:\/\/epa.de\/antriebe\/de\/wp-json\/wp\/v2\/pages\/995\/revisions\/1860"}],"up":[{"embeddable":true,"href":"https:\/\/epa.de\/antriebe\/de\/wp-json\/wp\/v2\/pages\/71"}],"wp:attachment":[{"href":"https:\/\/epa.de\/antriebe\/de\/wp-json\/wp\/v2\/media?parent=995"}],"curies":[{"name":"wp","href":"https:\/\/api.w.org\/{rel}","templated":true}]}}