{"id":97,"date":"2015-02-24T10:34:35","date_gmt":"2015-02-24T09:34:35","guid":{"rendered":"https:\/\/epa.de\/antriebe\/de\/?page_id=97"},"modified":"2016-09-15T14:29:54","modified_gmt":"2016-09-15T12:29:54","slug":"beratung","status":"publish","type":"page","link":"https:\/\/epa.de\/antriebe\/de\/dienstleistungen\/beratung\/","title":{"rendered":"Beratung"},"content":{"rendered":"<p><strong>Individuelle Beratung zu Ihren Projekten<\/strong><\/p>\n<h3>Pre-Design:<\/h3>\n<p><em>Sie sind dabei, ein neues Projekt zu beginnen und m\u00f6chten alles richtig machen?<\/em> \u2014 Entsprechend unserer Philosophie &#8222;von der Einspeisung bis zum Antrieb\u201d geh\u00f6ren diverse \u00dcberlegungen unbedingt an den Anfang Ihres Projektes! Im Rahmen einer individuellen Beratung in Ihrem Hause unterst\u00fctzen wir Sie dabei, in dieser wichtigen Phase des Projektes die Weichen richtig zu stellen. Fehler, welche bereits in der Entwurfsphase gemacht werden, lassen sich zum Ende des Projektes nur sehr schwer (und damit teuer) beheben.<\/p>\n<h3>Post-Design:<\/h3>\n<p><em>Sie haben gerade die erste Untersuchung hinter sich gebracht und haben leider ein negatives Ergebnis?<\/em> \u2014 Auch in dieser Situation bieten wir Ihnen unsere Hilfe an. Wir erarbeiten gemeinsam mit Ihnen praktische L\u00f6sungsvorschl\u00e4ge. Gerade in dieser meist terminkritischen Phase eines Projektes gilt es eine schnelle und unkomplizierte L\u00f6sung des Problems zu finden.<\/p>\n<p><strong>Themen k\u00f6nnen sein:<\/strong><\/p>\n<ul>\n<li>Antriebsauslegung (Umrichter, Motor)<\/li>\n<li>Parametrierung von Frequenzumrichtern<\/li>\n<li>Getriebeauslegung<\/li>\n<li>Ableitstr\u00f6me (z. B. RCD l\u00f6st aus)<\/li>\n<li>St\u00f6rungsbeseitigung (EMV, Filter)<\/li>\n<li>SPS-Programmierung<\/li>\n<li>EMV-gerechte Installation (inkl. Filterauslegung)<\/li>\n<\/ul>\n<p><strong>Sprechen Sie uns an!<\/strong><\/p>\n","protected":false},"excerpt":{"rendered":"<p>Individuelle Beratung zu Ihren Projekten Pre-Design: Sie sind dabei, ein neues Projekt zu beginnen und m\u00f6chten alles richtig machen? \u2014 Entsprechend unserer Philosophie &#8222;von der Einspeisung bis zum Antrieb\u201d geh\u00f6ren diverse \u00dcberlegungen unbedingt an den Anfang Ihres Projektes! Im Rahmen einer individuellen Beratung in Ihrem Hause unterst\u00fctzen wir Sie dabei, in dieser wichtigen Phase des [&hellip;]<\/p>\n","protected":false},"author":2,"featured_media":1453,"parent":74,"menu_order":0,"comment_status":"open","ping_status":"open","template":"","meta":{"footnotes":""},"class_list":["post-97","page","type-page","status-publish","has-post-thumbnail","hentry"],"_links":{"self":[{"href":"https:\/\/epa.de\/antriebe\/de\/wp-json\/wp\/v2\/pages\/97","targetHints":{"allow":["GET"]}}],"collection":[{"href":"https:\/\/epa.de\/antriebe\/de\/wp-json\/wp\/v2\/pages"}],"about":[{"href":"https:\/\/epa.de\/antriebe\/de\/wp-json\/wp\/v2\/types\/page"}],"author":[{"embeddable":true,"href":"https:\/\/epa.de\/antriebe\/de\/wp-json\/wp\/v2\/users\/2"}],"replies":[{"embeddable":true,"href":"https:\/\/epa.de\/antriebe\/de\/wp-json\/wp\/v2\/comments?post=97"}],"version-history":[{"count":12,"href":"https:\/\/epa.de\/antriebe\/de\/wp-json\/wp\/v2\/pages\/97\/revisions"}],"predecessor-version":[{"id":1827,"href":"https:\/\/epa.de\/antriebe\/de\/wp-json\/wp\/v2\/pages\/97\/revisions\/1827"}],"up":[{"embeddable":true,"href":"https:\/\/epa.de\/antriebe\/de\/wp-json\/wp\/v2\/pages\/74"}],"wp:featuredmedia":[{"embeddable":true,"href":"https:\/\/epa.de\/antriebe\/de\/wp-json\/wp\/v2\/media\/1453"}],"wp:attachment":[{"href":"https:\/\/epa.de\/antriebe\/de\/wp-json\/wp\/v2\/media?parent=97"}],"curies":[{"name":"wp","href":"https:\/\/api.w.org\/{rel}","templated":true}]}}