{"id":95,"date":"2015-02-24T10:34:18","date_gmt":"2015-02-24T09:34:18","guid":{"rendered":"https:\/\/epa.de\/antriebe\/de\/?page_id=95"},"modified":"2016-09-14T14:48:07","modified_gmt":"2016-09-14T12:48:07","slug":"ihre-vorteile","status":"publish","type":"page","link":"https:\/\/epa.de\/antriebe\/de\/unternehmen\/ihre-vorteile\/","title":{"rendered":"Ihre Vorteile"},"content":{"rendered":"<h2>Warum Sie auf EPA Vertrauen k\u00f6nnen!<\/h2>\n<p><img decoding=\"async\" class=\" alignright\" src=\"https:\/\/epa.de\/filter\/de\/wp-content\/uploads\/sites\/3\/2015\/04\/ISO9001.jpg\" alt=\"\" \/><\/p>\n<h3>Qualit\u00e4t steht an erster Stelle<\/h3>\n<p>Alle unsere Produkte unterliegen einer strengen Qualit\u00e4tskontrolle. In Zusammenarbeit mit unserer Entwicklungsabteilung und den Lieferanten wird stets darauf geachtet, dass nur hochwertige Materialien verarbeitet werden. Zudem \u00fcberpr\u00fcft unsere ISO9001-zertifizierte Qualit\u00e4tssicherung die fertigen Produkte und macht nur erstklassig Verarbeiteten den Weg zur Auslieferung frei: Kontrolle durch Selbstkontrolle!<\/p>\n<h3>5 Jahre Gew\u00e4hrleistung<\/h3>\n<p>Da wir von der Qualit\u00e4t unserer Produkte \u00fcberzeugt sind, geben wir 5 Jahre Gew\u00e4hrleistung ab Rechnungsdatum auf alle EMV-Netzfilter.<\/p>\n<h3>St\u00e4ndige Lieferbereitschaft<\/h3>\n<p>Wir verstehen uns als Partner des Elektro-Maschinenbaues. Durch unser weit reichendes Lagersortiment erreichen wir eine sehr hohe Sofortlieferbereitschaft. Wenn Sie sich auf uns verlassen, erleben Sie keine Verz\u00f6gerungen und k\u00f6nnen schon kurz nach der Bestellung Ihre Ware entgegennehmen.<\/p>\n<h3>Lieferf\u00e4higkeit<\/h3>\n<p>Wenn Sie bis 14:30 Uhr bestellen, so kann die Ware auf Wunsch &#8211; Lieferf\u00e4higkeit vorausgesetzt &#8211; am gleichen Tag unser Haus verlassen. Expresslieferungen mit einer Anlieferung am n\u00e4chsten Vormittag und Samstagslieferungen sind m\u00f6glich. Ein Tracking im Internet nach \u00dcbergabe der Ware an den Paketdienst bzw. Spediteur ist selbstverst\u00e4ndlich.<\/p>\n<h3>Gutes Preis-Leistungs-Verh\u00e4ltnis<\/h3>\n<p>Die Preise betreffend bietet unsere Produktpalette f\u00fcr jeden Bedarf das absolut Passende. Wir bem\u00fchen uns immer, die Entwicklungs- und Produktionskosten so niedrig wie m\u00f6glich zu halten, um Ihnen innovative Technik zu fairen Konditionen liefern zu k\u00f6nnen.<\/p>\n<h3>Kostenfreier Telefonsupport<\/h3>\n<p>Bei uns sprechen Sie mit Menschen \u00fcber eine normale Telefonleitung ohne zus\u00e4tzliche Kosten. Wir beraten Sie gerne bei der Auswahl der f\u00fcr Sie geeigneten Produkte.<\/p>\n<h3>24 h-Erreichbarkeit<\/h3>\n<p>Wir haben keinen Anrufbeantworter! F\u00fcr Notf\u00e4lle k\u00f6nnen Sie uns auch au\u00dferhalb der \u00fcblichen Gesch\u00e4ftszeiten erreichen.<\/p>\n<h3>Kundenn\u00e4he &#8211; nicht nur ein Schlagwort<\/h3>\n<p>Folgerichtig ist unsere Unternehmensstruktur konsequent an den Bed\u00fcrfnissen unserer Kunden ausgerichtet. Gute, langfristige Gesch\u00e4ftsbeziehungen stehen bei uns im Fokus.<\/p>\n<h3>Kundenspezifische Labels<\/h3>\n<p>W\u00fcnschen Sie zus\u00e4tzliche Logistikaufkleber auf der Verpackung oder dem Produkt, so teilen Sie uns bitte Ihre W\u00fcnsche diesbez\u00fcglich mit.<\/p>\n<h3>Spezielle Abwicklungen<\/h3>\n<p>Arbeiten Sie in Ihrem Unternehmen nach der KANBANMethode? Auch dies k\u00f6nnen wir gemeinsam mit Ihnen bew\u00e4ltigen.<\/p>\n<h3>Kundenfreundlichkeit<\/h3>\n<p>Diese ist in allen Bereichen unseres Betriebes gew\u00e4hrleistet. Unser kompetentes Service-, Beratungs- und Verkaufsteam, welches Ihnen vor Ort oder am Telefon zur Verf\u00fcgung steht, wird Ihnen Ihre Fragen gerne beantworten.<\/p>\n<h3>Speziall\u00f6sungen<\/h3>\n<p>In unserem Katalog sind \u201cStandard-EMV-Komponenten\u201d aufgezeigt. Nat\u00fcrlich haben wir im Laufe der Jahre sehr viele kundenspezifische Filter entwickelt. Sollten Sie eine speziell f\u00fcr Ihre Applikation oder Ihr Ger\u00e4t abgestimmte Speziall\u00f6sung ben\u00f6tigen, so sprechen Sie uns hierzu bitte an. Wir haben die Erfahrung und die M\u00f6glichkeiten, diese gemeinsam mit Ihnen zu entwickeln und die Einhaltung der EMV-Richtlinien zu \u00fcberpr\u00fcfen.<\/p>\n<h3>Antriebstechnische Erfahrung<\/h3>\n<p>Unser Unternehmen wurde vor mehr als 25 Jahren als Vertriebsgesellschaft f\u00fcr Frequenzumrichter gegr\u00fcndet. Da die meisten St\u00f6rungen durch elektrische Antriebe (Frequenzumrichter und Servoantriebe) verursacht werden, k\u00f6nnen wir auf eine gro\u00dfe Erfahrung in der Entst\u00f6rung dieser speziellen EMV-Probleme zur\u00fcckgreifen.<\/p>\n<h3>EMV-Messungen<\/h3>\n<p>Technologie und Menschen m\u00fcssen sich vertragen. Daher pr\u00fcfen wir mit unseren EMV-Messger\u00e4ten im eigenen Labor und bei Ihnen vor Ort diese Unvertr\u00e4glichkeiten und \u00fcberpr\u00fcfen die Einhaltung der g\u00fcltigen EMV-Normen und die CE-Konformit\u00e4t.<\/p>\n<h3>Ableitstr\u00f6me &amp; FI-Schutzschalter<\/h3>\n<p>Die &#8222;ungeliebten&#8220; Ableitstr\u00f6me geh\u00f6ren zur EMV! Wir befassen uns fast t\u00e4glich mit dem Thema FI-Schutzschalter in Anlagen mit EMV-Filtern und Frequenzumrichtern. Ableitstrom-Messung und -Reduzierung sind daher unser Steckenpferd. Lassen Sie sich zu diesem Thema von uns beraten!<\/p>\n","protected":false},"excerpt":{"rendered":"<p>Warum Sie auf EPA Vertrauen k\u00f6nnen! Qualit\u00e4t steht an erster Stelle Alle unsere Produkte unterliegen einer strengen Qualit\u00e4tskontrolle. In Zusammenarbeit mit unserer Entwicklungsabteilung und den Lieferanten wird stets darauf geachtet, dass nur hochwertige Materialien verarbeitet werden. Zudem \u00fcberpr\u00fcft unsere ISO9001-zertifizierte Qualit\u00e4tssicherung die fertigen Produkte und macht nur erstklassig Verarbeiteten den Weg zur Auslieferung frei: Kontrolle [&hellip;]<\/p>\n","protected":false},"author":2,"featured_media":0,"parent":71,"menu_order":0,"comment_status":"open","ping_status":"open","template":"","meta":{"footnotes":""},"class_list":["post-95","page","type-page","status-publish","hentry"],"_links":{"self":[{"href":"https:\/\/epa.de\/antriebe\/de\/wp-json\/wp\/v2\/pages\/95","targetHints":{"allow":["GET"]}}],"collection":[{"href":"https:\/\/epa.de\/antriebe\/de\/wp-json\/wp\/v2\/pages"}],"about":[{"href":"https:\/\/epa.de\/antriebe\/de\/wp-json\/wp\/v2\/types\/page"}],"author":[{"embeddable":true,"href":"https:\/\/epa.de\/antriebe\/de\/wp-json\/wp\/v2\/users\/2"}],"replies":[{"embeddable":true,"href":"https:\/\/epa.de\/antriebe\/de\/wp-json\/wp\/v2\/comments?post=95"}],"version-history":[{"count":9,"href":"https:\/\/epa.de\/antriebe\/de\/wp-json\/wp\/v2\/pages\/95\/revisions"}],"predecessor-version":[{"id":1818,"href":"https:\/\/epa.de\/antriebe\/de\/wp-json\/wp\/v2\/pages\/95\/revisions\/1818"}],"up":[{"embeddable":true,"href":"https:\/\/epa.de\/antriebe\/de\/wp-json\/wp\/v2\/pages\/71"}],"wp:attachment":[{"href":"https:\/\/epa.de\/antriebe\/de\/wp-json\/wp\/v2\/media?parent=95"}],"curies":[{"name":"wp","href":"https:\/\/api.w.org\/{rel}","templated":true}]}}