{"id":910,"date":"2015-05-13T10:31:56","date_gmt":"2015-05-13T08:31:56","guid":{"rendered":"https:\/\/epa.de\/antriebe\/de\/?page_id=910"},"modified":"2016-09-15T14:53:19","modified_gmt":"2016-09-15T12:53:19","slug":"steuerungs-und-schaltschrankbau","status":"publish","type":"page","link":"https:\/\/epa.de\/antriebe\/de\/steuerungs-und-schaltschrankbau\/","title":{"rendered":"Steuerungs- und Schaltschrankbau"},"content":{"rendered":"<p><img loading=\"lazy\" decoding=\"async\" class=\"size-full wp-image-1638 alignright\" src=\"https:\/\/epa.de\/antriebe\/de\/wp-content\/uploads\/sites\/3\/2015\/05\/schrank.jpg\" alt=\"schrank\" width=\"410\" height=\"561\" srcset=\"https:\/\/epa.de\/antriebe\/de\/wp-content\/uploads\/sites\/3\/2015\/05\/schrank.jpg 410w, https:\/\/epa.de\/antriebe\/de\/wp-content\/uploads\/sites\/3\/2015\/05\/schrank-219x300.jpg 219w\" sizes=\"auto, (max-width: 410px) 100vw, 410px\" \/><\/p>\n<p>\u00dcber unsere Schwesterfirma Ernst Pemsel Steuerungsbau (kurz EPS) k\u00f6nnen wir alle W\u00fcnsche im Rahmen des Steuerungs- und Schaltschrankbaus erf\u00fcllen und das mit voller Systemintegration unserer Produkte.<\/p>\n<p>Bitte sprechen Sie uns an.<\/p>\n<p><strong>Zur Webseite von Ernst Pemsel Steuerungsbau:<\/strong><\/p>\n<p><a href=\"http:\/\/www.eps-steuerungsbau.de\/\"><img loading=\"lazy\" decoding=\"async\" class=\"alignmiddle wp-image-911\" src=\"https:\/\/epa.de\/antriebe\/de\/wp-content\/uploads\/sites\/3\/2015\/05\/EPS_logo.png\" alt=\"EPS_logo\" width=\"188\" height=\"214\" srcset=\"https:\/\/epa.de\/antriebe\/de\/wp-content\/uploads\/sites\/3\/2015\/05\/EPS_logo.png 1025w, https:\/\/epa.de\/antriebe\/de\/wp-content\/uploads\/sites\/3\/2015\/05\/EPS_logo-263x300.png 263w, https:\/\/epa.de\/antriebe\/de\/wp-content\/uploads\/sites\/3\/2015\/05\/EPS_logo-899x1024.png 899w\" sizes=\"auto, (max-width: 188px) 100vw, 188px\" \/><\/a><\/p>\n<p><a href=\"http:\/\/www.eps-steuerungsbau.de\">http:\/\/www.eps-steuerungsbau.de<\/a><\/p>\n","protected":false},"excerpt":{"rendered":"<p>\u00dcber unsere Schwesterfirma Ernst Pemsel Steuerungsbau (kurz EPS) k\u00f6nnen wir alle W\u00fcnsche im Rahmen des Steuerungs- und Schaltschrankbaus erf\u00fcllen und das mit voller Systemintegration unserer Produkte. Bitte sprechen Sie uns an. Zur Webseite von Ernst Pemsel Steuerungsbau: http:\/\/www.eps-steuerungsbau.de<\/p>\n","protected":false},"author":2,"featured_media":1538,"parent":0,"menu_order":0,"comment_status":"open","ping_status":"open","template":"","meta":{"footnotes":""},"class_list":["post-910","page","type-page","status-publish","has-post-thumbnail","hentry"],"_links":{"self":[{"href":"https:\/\/epa.de\/antriebe\/de\/wp-json\/wp\/v2\/pages\/910","targetHints":{"allow":["GET"]}}],"collection":[{"href":"https:\/\/epa.de\/antriebe\/de\/wp-json\/wp\/v2\/pages"}],"about":[{"href":"https:\/\/epa.de\/antriebe\/de\/wp-json\/wp\/v2\/types\/page"}],"author":[{"embeddable":true,"href":"https:\/\/epa.de\/antriebe\/de\/wp-json\/wp\/v2\/users\/2"}],"replies":[{"embeddable":true,"href":"https:\/\/epa.de\/antriebe\/de\/wp-json\/wp\/v2\/comments?post=910"}],"version-history":[{"count":14,"href":"https:\/\/epa.de\/antriebe\/de\/wp-json\/wp\/v2\/pages\/910\/revisions"}],"predecessor-version":[{"id":1652,"href":"https:\/\/epa.de\/antriebe\/de\/wp-json\/wp\/v2\/pages\/910\/revisions\/1652"}],"wp:featuredmedia":[{"embeddable":true,"href":"https:\/\/epa.de\/antriebe\/de\/wp-json\/wp\/v2\/media\/1538"}],"wp:attachment":[{"href":"https:\/\/epa.de\/antriebe\/de\/wp-json\/wp\/v2\/media?parent=910"}],"curies":[{"name":"wp","href":"https:\/\/api.w.org\/{rel}","templated":true}]}}