{"id":907,"date":"2015-05-13T10:25:04","date_gmt":"2015-05-13T08:25:04","guid":{"rendered":"https:\/\/epa.de\/antriebe\/de\/?page_id=907"},"modified":"2021-06-22T10:53:44","modified_gmt":"2021-06-22T08:53:44","slug":"systemzubehoer","status":"publish","type":"page","link":"https:\/\/epa.de\/antriebe\/de\/produkte\/systemzubehoer\/","title":{"rendered":"Systemzubeh\u00f6r"},"content":{"rendered":"<p><div class=\"products\"><br \/>\n<img loading=\"lazy\" decoding=\"async\" src=\"https:\/\/epa.de\/antriebe\/de\/wp-content\/uploads\/sites\/3\/2021\/06\/Systemzubeho\u0308r.jpg\" alt=\"\" width=\"970\" height=\"900\" class=\"alignnone size-full wp-image-2252\" srcset=\"https:\/\/epa.de\/antriebe\/de\/wp-content\/uploads\/sites\/3\/2021\/06\/Systemzubeho\u0308r.jpg 970w, https:\/\/epa.de\/antriebe\/de\/wp-content\/uploads\/sites\/3\/2021\/06\/Systemzubeho\u0308r-480x445.jpg 480w, https:\/\/epa.de\/antriebe\/de\/wp-content\/uploads\/sites\/3\/2021\/06\/Systemzubeho\u0308r-768x713.jpg 768w\" sizes=\"auto, (max-width: 970px) 100vw, 970px\" \/><\/p>\n<ul>\n<li>Drehstrom-Asynchronmotore<\/li>\n<li>Servo-Motore<\/li>\n<li>Fremdl\u00fcfterhauben<\/li>\n<li>Inkrementalgeber<\/li>\n<li>Bremswiderst\u00e4nde<\/li>\n<li>EMV-Filter (Netzfilter und Motorfilter)<\/li>\n<li>Feldbusmodule (Profibus, CANOpen etc.)<\/li>\n<li>Schnittstellen-Converter<\/li>\n<li>Touch-Panels<\/li>\n<li>Motorpotis<\/li>\n<li>Schutzleiter\u00fcberwachungsger\u00e4te<\/li>\n<li>FI-Schutzschalter (allstromsensitiv, Typ B)<\/li>\n<li>Ableitstrommonitore<\/li>\n<li>Ableistromkompensator<\/li>\n<li>Software<\/li>\n<li>Kundenspezifische L\u00f6sungen<\/li>\n<\/ul>\n<p><\/div><\/p>\n<p><strong>Wir helfen Ihnen gerne, die f\u00fcr Ihre Anwendung beste und kosteng\u00fcnstigste L\u00f6sung zu finden!<\/strong><\/p>\n<div class=\"alert alert-info\"><strong>Rufen Sie uns an:<\/strong> +49 (0) 61 81 &#8211; 97 04 &#8211; 0<\/div>\n","protected":false},"excerpt":{"rendered":"<p>Wir helfen Ihnen gerne, die f\u00fcr Ihre Anwendung beste und kosteng\u00fcnstigste L\u00f6sung zu finden! Rufen Sie uns an: +49 (0) 61 81 &#8211; 97 04 &#8211; 0<\/p>\n","protected":false},"author":2,"featured_media":1543,"parent":26,"menu_order":0,"comment_status":"open","ping_status":"open","template":"","meta":{"footnotes":""},"class_list":["post-907","page","type-page","status-publish","has-post-thumbnail","hentry"],"_links":{"self":[{"href":"https:\/\/epa.de\/antriebe\/de\/wp-json\/wp\/v2\/pages\/907","targetHints":{"allow":["GET"]}}],"collection":[{"href":"https:\/\/epa.de\/antriebe\/de\/wp-json\/wp\/v2\/pages"}],"about":[{"href":"https:\/\/epa.de\/antriebe\/de\/wp-json\/wp\/v2\/types\/page"}],"author":[{"embeddable":true,"href":"https:\/\/epa.de\/antriebe\/de\/wp-json\/wp\/v2\/users\/2"}],"replies":[{"embeddable":true,"href":"https:\/\/epa.de\/antriebe\/de\/wp-json\/wp\/v2\/comments?post=907"}],"version-history":[{"count":10,"href":"https:\/\/epa.de\/antriebe\/de\/wp-json\/wp\/v2\/pages\/907\/revisions"}],"predecessor-version":[{"id":2253,"href":"https:\/\/epa.de\/antriebe\/de\/wp-json\/wp\/v2\/pages\/907\/revisions\/2253"}],"up":[{"embeddable":true,"href":"https:\/\/epa.de\/antriebe\/de\/wp-json\/wp\/v2\/pages\/26"}],"wp:featuredmedia":[{"embeddable":true,"href":"https:\/\/epa.de\/antriebe\/de\/wp-json\/wp\/v2\/media\/1543"}],"wp:attachment":[{"href":"https:\/\/epa.de\/antriebe\/de\/wp-json\/wp\/v2\/media?parent=907"}],"curies":[{"name":"wp","href":"https:\/\/api.w.org\/{rel}","templated":true}]}}