{"id":901,"date":"2015-05-13T10:23:28","date_gmt":"2015-05-13T08:23:28","guid":{"rendered":"https:\/\/epa.de\/antriebe\/de\/?page_id=901"},"modified":"2016-01-05T12:09:24","modified_gmt":"2016-01-05T11:09:24","slug":"komplettsysteme","status":"publish","type":"page","link":"https:\/\/epa.de\/antriebe\/de\/produkte\/komplettsysteme\/","title":{"rendered":"Komplettsysteme"},"content":{"rendered":"<p>Als Spezialist im Bereich elektronische Antriebstechnik sehen wir uns nicht nur als Komponentenlieferant, sondern auch als Systemanbieter. Angefangen mit dem Engineering, \u00fcber Beratung und Support, bis hin zur Inbetriebnahme, bieten wir alle Leistungen einschlie\u00dflich schl\u00fcsselfertiger Anlagen.<\/p>\n<p><strong>Unsere Aufgabenschwerpunkte sind:<\/strong><\/p>\n<ul>\n<li>Planung Ihrer Applikationen<\/li>\n<li>Auslegung von elektrischen Antriebskomponenten (Frequenzumrichter, Motor, Getriebe, Geber, Filter, Bremswiderst\u00e4nde etc.)<\/li>\n<li>Inbetriebnahme und Parametrierung von Frequenzumrichtern<\/li>\n<li>SPS-Programmierungen und Automatisierung<\/li>\n<li>Schaltschrankbau (in Kooperation mit unserer Schwesterfirma EPS)<\/li>\n<li>Installation der elektrischen Komponenten<\/li>\n<li>Entwicklung und Herstellung kundenspezifischer Netzfilter<\/li>\n<li>EMV-Messungen und EMV-Beratung<\/li>\n<li>Ableitstromoptimierung (Fehlausl\u00f6sungen FI-Schutzschalter)<\/li>\n<li>Netzanalysen (Oberschwingungen, Netzschwankungen etc.)<\/li>\n<li>Funkentst\u00f6rung an Anlagen und Ger\u00e4ten<\/li>\n<\/ul>\n<p><img loading=\"lazy\" decoding=\"async\" class=\"alignright wp-image-1638\" src=\"https:\/\/epa.de\/antriebe\/de\/wp-content\/uploads\/sites\/3\/2015\/05\/schrank.jpg\" alt=\"\" width=\"274\" height=\"375\" srcset=\"https:\/\/epa.de\/antriebe\/de\/wp-content\/uploads\/sites\/3\/2015\/05\/schrank.jpg 410w, https:\/\/epa.de\/antriebe\/de\/wp-content\/uploads\/sites\/3\/2015\/05\/schrank-219x300.jpg 219w\" sizes=\"auto, (max-width: 274px) 100vw, 274px\" \/>Neben Standardprodukten stehen die Weiter- und Sonderentwicklung individueller Antriebsl\u00f6sungen im Vordergrund. Oft entsteht aus der Identifikation mit unseren Kunden und deren Problemstellungen eine sehr partnerschaftliche Zusammenarbeit, die \u00fcber viele Jahre und Jahrzehnte w\u00e4hrt.<\/p>\n<p>In allen Bereichen der Antriebstechnik, sind wir zu Hause. Unsere Produkte werden in der F\u00f6rdertechnik, bei Pumpen-L\u00fcfteranwendungen, in der Automobil- und Nahrungsmittelindustrie, in Textil- und Werkzeugmaschinen bis hin zur Robotik eingesetzt. Durch unser umfangreiches, flexibles Baukastensystem k\u00f6nnen wir auch f\u00fcr kleinere Produktserien angepasste L\u00f6sungen anbieten.<\/p>\n<p><strong>System-Beispiele:<\/strong><\/p>\n<ul>\n<li>Motor mit angebauten Fremdl\u00fcfter und Inkrementalgeber<\/li>\n<li>Motor mit angebautem Frequenzumrichter<\/li>\n<li>Frequenzumrichter mit Unterbaufilter<\/li>\n<li>Master-Slave-Steuerungen mit 2 Frequenzumrichtern<\/li>\n<li>Frequenzumrichter mit Touch-Panel-Bedienung<\/li>\n<li>Motor-Leistungspr\u00fcfstand<\/li>\n<li>Schulungs- und Vorf\u00fchr-Racks<\/li>\n<li>Komplette Schaltschr\u00e4nke<\/li>\n<li>u. v. m.<\/li>\n<\/ul>\n<p><strong>Wir helfen Ihnen gerne, die f\u00fcr Ihre Anwendung beste und kosteng\u00fcnstigste L\u00f6sung zu finden!<\/strong><\/p>\n<div class=\"alert alert-info\"><strong>Rufen Sie uns an:<\/strong> +49 (0) 61 81 &#8211; 97 04 &#8211; 0<\/div>\n","protected":false},"excerpt":{"rendered":"<p>Als Spezialist im Bereich elektronische Antriebstechnik sehen wir uns nicht nur als Komponentenlieferant, sondern auch als Systemanbieter. Angefangen mit dem Engineering, \u00fcber Beratung und Support, bis hin zur Inbetriebnahme, bieten wir alle Leistungen einschlie\u00dflich schl\u00fcsselfertiger Anlagen. Unsere Aufgabenschwerpunkte sind: Planung Ihrer Applikationen Auslegung von elektrischen Antriebskomponenten (Frequenzumrichter, Motor, Getriebe, Geber, Filter, Bremswiderst\u00e4nde etc.) Inbetriebnahme und [&hellip;]<\/p>\n","protected":false},"author":2,"featured_media":1538,"parent":26,"menu_order":0,"comment_status":"open","ping_status":"open","template":"","meta":{"footnotes":""},"class_list":["post-901","page","type-page","status-publish","has-post-thumbnail","hentry"],"_links":{"self":[{"href":"https:\/\/epa.de\/antriebe\/de\/wp-json\/wp\/v2\/pages\/901","targetHints":{"allow":["GET"]}}],"collection":[{"href":"https:\/\/epa.de\/antriebe\/de\/wp-json\/wp\/v2\/pages"}],"about":[{"href":"https:\/\/epa.de\/antriebe\/de\/wp-json\/wp\/v2\/types\/page"}],"author":[{"embeddable":true,"href":"https:\/\/epa.de\/antriebe\/de\/wp-json\/wp\/v2\/users\/2"}],"replies":[{"embeddable":true,"href":"https:\/\/epa.de\/antriebe\/de\/wp-json\/wp\/v2\/comments?post=901"}],"version-history":[{"count":10,"href":"https:\/\/epa.de\/antriebe\/de\/wp-json\/wp\/v2\/pages\/901\/revisions"}],"predecessor-version":[{"id":1639,"href":"https:\/\/epa.de\/antriebe\/de\/wp-json\/wp\/v2\/pages\/901\/revisions\/1639"}],"up":[{"embeddable":true,"href":"https:\/\/epa.de\/antriebe\/de\/wp-json\/wp\/v2\/pages\/26"}],"wp:featuredmedia":[{"embeddable":true,"href":"https:\/\/epa.de\/antriebe\/de\/wp-json\/wp\/v2\/media\/1538"}],"wp:attachment":[{"href":"https:\/\/epa.de\/antriebe\/de\/wp-json\/wp\/v2\/media?parent=901"}],"curies":[{"name":"wp","href":"https:\/\/api.w.org\/{rel}","templated":true}]}}