{"id":894,"date":"2015-05-13T10:20:04","date_gmt":"2015-05-13T08:20:04","guid":{"rendered":"https:\/\/epa.de\/antriebe\/de\/?page_id=894"},"modified":"2016-06-09T10:22:25","modified_gmt":"2016-06-09T08:22:25","slug":"fi-schutzschalter-typ-b","status":"publish","type":"page","link":"https:\/\/epa.de\/antriebe\/de\/produkte\/fi-schutzschalter-typ-b\/","title":{"rendered":"FI-Schutzschalter Typ B"},"content":{"rendered":"<p>F\u00fcr die Sicherheit in elektrischen Anlagen und Maschinen mit Frequenzumrichtern hat die EPA GmbH ihr Vertriebsprogramm mit den allstromsensitiven Fehlerstrom-(FI-)Schutzschaltern mit einer Spezialkennlinie f\u00fcr die Antriebstechnik erweitert. Diese kompakten Produkte der Reihe EPA RCCB mit allstromsensitiver Technik haben gegen\u00fcber herk\u00f6mmlichen Modellen im oberen Frequenzbereich eine deutlich h\u00f6here Ausl\u00f6seschwelle von zwei Ampere. Aufgrund der festen oberen Ausl\u00f6seschwelle bis 100 kHz lassen sich mit dem EPA RCCB2 zum einen unerw\u00fcnschte Ausl\u00f6sungen vermeiden, die aus hochfrequenten Ableitstr\u00f6men resultieren k\u00f6nnen. Zum anderen l\u00e4sst sich ein maximaler Erdungswiderstand definieren, wodurch stets ein zuverl\u00e4ssiger Schutz bei indirektem Ber\u00fchren gegeben ist.<\/p>\n<p>Der allstromsensitive FI-Schutzschalter EPA RCCB, dessen Baugr\u00f6\u00dfe nur vier Teilungseinheiten (4 TE) betr\u00e4gt, ist f\u00fcr Bemessungsstr\u00f6me von 16 bis 125 Ampere (A) und f\u00fcr Bemessungsfehlerstr\u00f6me von 30 bis 500 Milliampere (mA) lieferbar und entspricht allen Anforderungen der DIN VDE 0664 T 100 E f\u00fcr FI-Schutzschalter des Typs B.<\/p>\n<p>Fehlerstromschutzschalter der Baureihen EPA RCCB sind f\u00fcr den Einsatz in 50-Hertz-Wechselstromanlagen mit elektronischen Betriebsmitteln wie zum Beispiel Frequenzumrichtern, Phasenanschnittsteuerungen, USV, Schaltnetzteilen oder Hochfrequenzstromrichtern konzipiert.<\/p>\n<p><strong>Gegen\u00fcber herk\u00f6mmlichen FI-Schutzschaltern mit der Ausl\u00f6secharakteristik A oder AC dienen sie der zuverl\u00e4ssigen, l\u00fcckenlosen Erkennung aller Fehlerstromarten gem\u00e4\u00df der Ausl\u00f6secharakteristik B (nach IEC 60755). Dazu z\u00e4hlen auch glatte Gleichfehlerstr\u00f6me und Wechselfehlerstr\u00f6me unterschiedlichster, auch sehr hoher Frequenzen, wie sie im Fehlerfalle auftreten k\u00f6nnen.<\/strong><\/p>\n<p>Auch in der DIN VDE 0100-530 (\u201eErrichten von Niederspannungsanlagen \u2013 Teil 530: Auswahl und Errichtung von Betriebsmitteln \u2013 Schalt und Steuerger\u00e4te\u201c) wird f\u00fcr Fehlerstrom-Schutzschaltungen in Anlagen mit Betriebsmitteln, die einen glatten Gleichfehlerstrom erzeugen k\u00f6nnen (z. B. Frequenzumrichter), der Einsatz gerecht; diese fordert ab dem 01.06.2007 f\u00fcr neu errichtete elektrische Anlagen den Einsatz von allstromsensitiven FI-Schutzschaltern mit der Ausl\u00f6secharakteristik B.<\/p>\n<p>Die FI-Schutzschalter der Baureihen EPA RCCB kommen in allen Bereichen zum Einsatz, in denen dreiphasige elektronische Ger\u00e4te betrieben werden, zum Beispiel in elektrischen Anlagen f\u00fcr Aufz\u00fcge und Schwei\u00dfger\u00e4te, f\u00fcr L\u00fcftungsanlagen, Pumpensteuerungen und Baustromverteiler sowie in Einkaufszentren, in landwirtschaftlichen Betriebsst\u00e4tten, in Kl\u00e4ranlagen, in der Medizintechnik, in Kranbetrieben und in der Holz und Metall verarbeitenden Industrie. Der EPA RCCB2 sollte speziell in elektrischen Anlagen eingesetzt werden, in denen hochfrequente Ableitstr\u00f6me mit hoher Amplitude zu erwarten sind, zum Beispiel bei der Verwendung von Frequenzumrichtern mit EMV-Filtern und langen geschirmten Motorzuleitungen.<\/p>\n<p><div class=\"products\"><br \/>\n<img loading=\"lazy\" decoding=\"async\" class=\"alignnone wp-image-1633 size-full\" src=\"https:\/\/epa.de\/antriebe\/de\/wp-content\/uploads\/sites\/3\/2015\/05\/rccb.jpg\" alt=\"\" width=\"1080\" height=\"1003\" srcset=\"https:\/\/epa.de\/antriebe\/de\/wp-content\/uploads\/sites\/3\/2015\/05\/rccb.jpg 1080w, https:\/\/epa.de\/antriebe\/de\/wp-content\/uploads\/sites\/3\/2015\/05\/rccb-300x279.jpg 300w, https:\/\/epa.de\/antriebe\/de\/wp-content\/uploads\/sites\/3\/2015\/05\/rccb-768x713.jpg 768w, https:\/\/epa.de\/antriebe\/de\/wp-content\/uploads\/sites\/3\/2015\/05\/rccb-1024x951.jpg 1024w\" sizes=\"auto, (max-width: 1080px) 100vw, 1080px\" \/><\/p>\n<h2>EPA RCCB<\/h2>\n<h3>Allstromsensitiver FI-Schutzschalter mit Spezialkennlinie f\u00fcr die Antriebstechnik (Typ B)<\/h3>\n<ul>\n<li>Ausl\u00f6sefrequenzgang f\u00fcr den Schutz von Anlagen mit Frequenzumrichtern<\/li>\n<li>Bemessungsfehlerstrom 30 mA f\u00fcr den Ber\u00fchrungsschutz entsprechend den Auswahlempfehlungen von DIN VDE 0100-530<\/li>\n<li>Bemessungsfehlerstrom 0,3 A f\u00fcr den Brandschutz gem\u00e4\u00df den Richtlinien des VDS 3501<\/li>\n<li>Sicherheit durch Erkennung glatter Gleichfehlerstr\u00f6me und Wechselfehlerstr\u00f6me bis 100 kHz bzw. 1 MHz<\/li>\n<\/ul>\n<p><a class=\"jump_to_downloads\" href=\"#downloads\"><i class=\"oi oi-data-transfer-download\"><\/i> Zu Downloads springen<\/a><\/div><\/p>\n<h2>Normen und Bestimmungen<\/h2>\n<ul>\n<li><strong>VDE 0100 Teil 410<\/strong><br \/>\nErrichten von Niederspannungsanlagen \u2013 Teil 410: Schutzma\u00dfnahmen \u2013 Schutz gegen elektrischen Schlag<\/li>\n<li><strong>VDE 0100 Teil 530<\/strong><br \/>\nErrichten von Niederspannungsanlagen \u2013 Teil 530: Auswahl und Errichtung von Betriebsmitteln \u2013 Schalt- und Steuerger\u00e4te<\/li>\n<li><strong>VDE 0100 Teil 482<\/strong><br \/>\nBrandschutz bei besonderen Risiken und Gefahren<\/li>\n<li><strong>VDE 0100 Teil 704 <\/strong><br \/>\nAnforderungen f\u00fcr Betriebsst\u00e4tten, R\u00e4ume und Anlagen besonderer Art &#8211; Baustellen<\/li>\n<li><strong>VDE 0100 Teil 712<\/strong><br \/>\nAnforderungen f\u00fcr Betriebsst\u00e4tten, R\u00e4ume und Anlagen besonderer Art &#8211; Solar-, Photovoltaik (PV)- Stromversorgungssysteme (neu)<\/li>\n<li><strong>VDE 0100 Teil 723<\/strong><br \/>\nAnforderungen f\u00fcr Betriebsst\u00e4tten, R\u00e4ume und Anlagen besonderer Art &#8211; Unterrichtsr\u00e4ume mit Experimentiereinrichtungen<\/li>\n<li><strong>VDE 0160 \/ EN 50178<\/strong><br \/>\n(besonders Abschnitte 5.2.11.2 und 5.3.2.3) &#8222;Ausr\u00fcstung von Starkstromanlagen mit elektronischen Betriebsmitteln&#8220;, &#8222;Einsatz allstromsensitiver Fehlerstrom-Schutzeinrichtungen&#8220;<\/li>\n<li><strong>VDE 0664 Teil 10 \/ EN 61008<\/strong><br \/>\nFehlerstrom-\/Differenzstrom-Schutzschalter ohne eingebauten \u00dcberstromschutz (RCCBs) f\u00fcr Hausinstallationen und f\u00fcr \u00e4hnliche Anwendungen<\/li>\n<li><strong>VDE 0664<\/strong><br \/>\nTeil 100 Fehlerstromschutzschalter Typ B zur Erfassung von Wechsel- und Gleichstr\u00f6men<\/li>\n<li><strong>IEC 60479<\/strong><br \/>\nWirkungen des elektrischen Stromes auf Menschen und Nutztiere &#8222;Gef\u00e4hrdungskurven Strom \/ mA zu Frequenz \/ 1 Hz \u2026 100 kHz&#8220;<\/li>\n<li><strong>IEC 60755<\/strong><br \/>\nZus\u00e4tzliche Anmerkungen zu Fehlerstromschutzeinrichtungen, speziell zu Ausl\u00f6secharakteristik A und B<\/li>\n<li><strong>Richtlinie VdS 3501 \/ GDV-Publikation Richtlinien zur Schadenverh\u00fctung und zum vorbeugender Brandschutz:<\/strong><br \/>\nIsolationsfehlerschutz in elektrischen Anlagen mit elektronischen Betriebsmitteln \u2013 RCCB und RCM<\/li>\n<li><strong>BGI 608 Sicherheitsregeln der Berufsgenossenschaft:<\/strong><br \/>\nAuswahl und Betrieb elektrischer Anlagen und Betriebsmittel auf Bau- und Montagestellen<\/li>\n<\/ul>\n","protected":false},"excerpt":{"rendered":"<p>F\u00fcr die Sicherheit in elektrischen Anlagen und Maschinen mit Frequenzumrichtern hat die EPA GmbH ihr Vertriebsprogramm mit den allstromsensitiven Fehlerstrom-(FI-)Schutzschaltern mit einer Spezialkennlinie f\u00fcr die Antriebstechnik erweitert. Diese kompakten Produkte der Reihe EPA RCCB mit allstromsensitiver Technik haben gegen\u00fcber herk\u00f6mmlichen Modellen im oberen Frequenzbereich eine deutlich h\u00f6here Ausl\u00f6seschwelle von zwei Ampere. Aufgrund der festen oberen [&hellip;]<\/p>\n","protected":false},"author":2,"featured_media":1503,"parent":26,"menu_order":0,"comment_status":"open","ping_status":"open","template":"page-downloads.php","meta":{"footnotes":""},"class_list":["post-894","page","type-page","status-publish","has-post-thumbnail","hentry"],"_links":{"self":[{"href":"https:\/\/epa.de\/antriebe\/de\/wp-json\/wp\/v2\/pages\/894","targetHints":{"allow":["GET"]}}],"collection":[{"href":"https:\/\/epa.de\/antriebe\/de\/wp-json\/wp\/v2\/pages"}],"about":[{"href":"https:\/\/epa.de\/antriebe\/de\/wp-json\/wp\/v2\/types\/page"}],"author":[{"embeddable":true,"href":"https:\/\/epa.de\/antriebe\/de\/wp-json\/wp\/v2\/users\/2"}],"replies":[{"embeddable":true,"href":"https:\/\/epa.de\/antriebe\/de\/wp-json\/wp\/v2\/comments?post=894"}],"version-history":[{"count":10,"href":"https:\/\/epa.de\/antriebe\/de\/wp-json\/wp\/v2\/pages\/894\/revisions"}],"predecessor-version":[{"id":1777,"href":"https:\/\/epa.de\/antriebe\/de\/wp-json\/wp\/v2\/pages\/894\/revisions\/1777"}],"up":[{"embeddable":true,"href":"https:\/\/epa.de\/antriebe\/de\/wp-json\/wp\/v2\/pages\/26"}],"wp:featuredmedia":[{"embeddable":true,"href":"https:\/\/epa.de\/antriebe\/de\/wp-json\/wp\/v2\/media\/1503"}],"wp:attachment":[{"href":"https:\/\/epa.de\/antriebe\/de\/wp-json\/wp\/v2\/media?parent=894"}],"curies":[{"name":"wp","href":"https:\/\/api.w.org\/{rel}","templated":true}]}}