{"id":59,"date":"2015-02-24T09:43:10","date_gmt":"2015-02-24T08:43:10","guid":{"rendered":"https:\/\/epa.de\/antriebe\/de\/?page_id=59"},"modified":"2018-01-11T16:29:26","modified_gmt":"2018-01-11T15:29:26","slug":"unterbau-netzfilter","status":"publish","type":"page","link":"https:\/\/epa.de\/antriebe\/de\/produkte\/unterbau-netzfilter\/","title":{"rendered":"Unterbau-Netzfilter"},"content":{"rendered":"<p><div class=\"products\"><br \/>\n<img loading=\"lazy\" decoding=\"async\" class=\"alignnone wp-image-1436 size-full\" src=\"https:\/\/epa.de\/filter\/de\/wp-content\/uploads\/sites\/3\/2015\/02\/nf-u.jpg\" alt=\"\" width=\"1100\" height=\"1021\" \/><\/p>\n<h2>NF-U<\/h2>\n<p>Platzsparende Montage unter dem Servo- oder Frequenzumrichter<\/p>\n<ul>\n<li>Spezial auf Umrichter abgestimmte Filter<\/li>\n<li>F\u00fcr viele Fabrikate vorhanden<\/li>\n<li>Niedriger Ableistrom, aber hohe D\u00e4mpfung<\/li>\n<li>Erm\u00f6glicht Einsatz der Umrichter im Wohngebiet<\/li>\n<li>Einhaltung der Grenzwerte auch mit langen Motorleitungen<\/li>\n<li>Entst\u00f6rung nach EN 55011\/55022 Klasse A und B<\/li>\n<li>Entst\u00f6rung nach EN 61800-3 Kategorie C1 und C2<\/li>\n<li>Gefertigt nach EN 60939, UL 1283, RoHS<\/li>\n<\/ul>\n<p><a class=\"jump_to_downloads\" href=\"#downloads\"><i class=\"oi oi-data-transfer-download\"><\/i> Zu Downloads springen<\/a><\/div><\/p>\n<p><strong>Unterbau-Netzfilter sind bereits f\u00fcr viele Frequenzumrichterfabrikate erh\u00e4ltlich oder k\u00f6nnen von uns speziell entwickelt werden.<\/strong><\/p>\n<p>Als Standard sind die Filter bereits f\u00fcr folgende Hersteller erh\u00e4ltlich:<br \/>\nEPA, Mitsubishi Electric, Delta Electronics, Yaskawa, Omron, Lenze, KEB, Hitachi, Siemens, Fuji, Moeller, Toshiba, Control Techniques, LG, LS, Shenzen, Schneider Electric, Sanyo Denki uvm.<\/p>\n<p><strong>Sollten Sie Ihren gew\u00fcnschten Typ nicht auf dieser Liste finden, so fragen Sie bitte bei uns nach. <\/strong><\/p>\n<p><strong>Wir haben f\u00fcr jeden Frequenzumrichter das passende Netzfilter!<\/strong><\/p>\n<h2>Normen<\/h2>\n<p>Die Umrichter-Filter-Kombinationen werden entwickelt und getestet, um die Grenzwerte der nachfolgenden genannten Normen einzuhalten:<br \/>\nDIN EN 61800-3 \u201eDrehzahlver\u00e4nderbare elektrische Antriebe \u2013 EMV-Anforderungen einschlie\u00dflich Pr\u00fcfverfahren\u201c und DIN EN 55011 \u201eIndustrielle, wissenschaftlich und medizinische Hochfrequenzger\u00e4te (ISM-Ger\u00e4te) \u2013 Funkst\u00f6rungen \u2013 Grenzwerte und Messverfahren\u201c.<\/p>\n<h2>Technische Informationen<\/h2>\n<p>F\u00fcr weitere Informationen stehen Ihnen separate Datenbl\u00e4tter f\u00fcr die jeweiligen Filterreihen zur Verf\u00fcgung. Darin finden Sie die Abmessungen, die Filterschaltungen und die elektrischen Daten.<\/p>\n<h2>Ableitstrom<\/h2>\n<p>Besonders bei einphasigen Anwendungen ist ein erh\u00f6hter Ableitstrom vorhanden. Bei dreiphasigen Anwendungen ist der Ableitstrom unter normalen Bedingungen (Symmetrie der drei Phasen) sehr gering. Die h\u00f6chsten Werte treten beim Einschalten oder beim Ausfall von ein oder zwei Phasen auf. Alle NF-U-Typen k\u00f6nnen auf Wunsch auch als \u201eableitstromarme Ausf\u00fchrung\u201c geliefert werden.<\/p>\n<ul>\n<li><strong>EPA<\/strong>\n<ul>\n<li>EPA UniDriveSP \/ Commander SK<\/li>\n<li>EPA UniDrive Classic<\/li>\n<li>EPA Commander SE<\/li>\n<li>EPA Commander SX<\/li>\n<li>EPA Affinity<\/li>\n<li>EPA Dinverter<\/li>\n<\/ul>\n<\/li>\n<li><strong>Mitsubishi<\/strong>\n<ul>\n<li>Mitsubishi FR-A500<\/li>\n<li>Mitsubishi FR-A700<\/li>\n<li>Mitsubishi FR-F700<\/li>\n<li>Mitsubishi FR-E500<\/li>\n<li>Mitsubishi FR-D720S, FR-E720S, FR-D740, FR-E740<\/li>\n<li>Mitsubishi FR-S500<\/li>\n<li>Mitsubishi FR-D700<\/li>\n<\/ul>\n<\/li>\n<li><strong>Control Techniques<\/strong><\/li>\n<li><strong>Delta VFD-B \/ E \/ F \/ V<\/strong><\/li>\n<li><strong>Lenze<\/strong>\n<ul>\n<li>Lenze 8200vector<\/li>\n<li>Lenze StateLine 8400<\/li>\n<\/ul>\n<\/li>\n<li><strong>LG \/ LS iG5A<\/strong><\/li>\n<li><strong>Hitachi<\/strong>\n<ul>\n<li>Hitachi L100<\/li>\n<li>Hitachi L300<\/li>\n<li>Hitachi SJ100<\/li>\n<li>Hitachi SJ300<\/li>\n<\/ul>\n<\/li>\n<li><strong>Siemens<\/strong>\n<ul>\n<li>Siemens MicroMaster 410<\/li>\n<li>Siemens MicroMaster 420<\/li>\n<li>Siemens MicroMaster 430<\/li>\n<li>Siemens MicroMaster 440<\/li>\n<\/ul>\n<\/li>\n<li><strong>Shenzen CHF100<\/strong><\/li>\n<li><strong>FUJI<\/strong>\n<ul>\n<li>FUJI FVR-C11S<\/li>\n<li>FUJI FVR-E11S<\/li>\n<li>FUJI FRN-G11S<\/li>\n<li>FUJI FRN-P11S<\/li>\n<\/ul>\n<\/li>\n<li><strong>Omron<\/strong>\n<ul>\n<li>Omron 3G3JV<\/li>\n<li>Omron 3G3MV<\/li>\n<li>Omron 3G3RV<\/li>\n<li>Omron 3G3PV<\/li>\n<li>Omron 3G3FV<\/li>\n<li>Omron 3G3HV<\/li>\n<\/ul>\n<\/li>\n<li><strong>Yaskawa<\/strong>\n<ul>\n<li>Yaskawa J7<\/li>\n<li>Yaskawa V7<\/li>\n<li>Yaskawa E7<\/li>\n<li>Yaskawa F7<\/li>\n<li>Yaskawa G5<\/li>\n<li>Yaskawa P5<\/li>\n<li>Yaskawa A1000<\/li>\n<li>Yaskawa V1000<\/li>\n<li>Yaskawa Sigma5<\/li>\n<li>Yaskawa Sigma7<\/li>\n<\/ul>\n<\/li>\n<li><strong>Toshiba<\/strong>\n<ul>\n<li>Toshiba VFS11<\/li>\n<li>Toshiba VFP7<\/li>\n<\/ul>\n<\/li>\n<li>Und viele mehr!<\/li>\n<\/ul>\n","protected":false},"excerpt":{"rendered":"<p>Unterbau-Netzfilter sind bereits f\u00fcr viele Frequenzumrichterfabrikate erh\u00e4ltlich oder k\u00f6nnen von uns speziell entwickelt werden. Als Standard sind die Filter bereits f\u00fcr folgende Hersteller erh\u00e4ltlich: EPA, Mitsubishi Electric, Delta Electronics, Yaskawa, Omron, Lenze, KEB, Hitachi, Siemens, Fuji, Moeller, Toshiba, Control Techniques, LG, LS, Shenzen, Schneider Electric, Sanyo Denki uvm. Sollten Sie Ihren gew\u00fcnschten Typ nicht auf [&hellip;]<\/p>\n","protected":false},"author":2,"featured_media":1499,"parent":26,"menu_order":11,"comment_status":"open","ping_status":"closed","template":"page-downloads.php","meta":{"footnotes":""},"class_list":["post-59","page","type-page","status-publish","has-post-thumbnail","hentry"],"_links":{"self":[{"href":"https:\/\/epa.de\/antriebe\/de\/wp-json\/wp\/v2\/pages\/59","targetHints":{"allow":["GET"]}}],"collection":[{"href":"https:\/\/epa.de\/antriebe\/de\/wp-json\/wp\/v2\/pages"}],"about":[{"href":"https:\/\/epa.de\/antriebe\/de\/wp-json\/wp\/v2\/types\/page"}],"author":[{"embeddable":true,"href":"https:\/\/epa.de\/antriebe\/de\/wp-json\/wp\/v2\/users\/2"}],"replies":[{"embeddable":true,"href":"https:\/\/epa.de\/antriebe\/de\/wp-json\/wp\/v2\/comments?post=59"}],"version-history":[{"count":10,"href":"https:\/\/epa.de\/antriebe\/de\/wp-json\/wp\/v2\/pages\/59\/revisions"}],"predecessor-version":[{"id":1967,"href":"https:\/\/epa.de\/antriebe\/de\/wp-json\/wp\/v2\/pages\/59\/revisions\/1967"}],"up":[{"embeddable":true,"href":"https:\/\/epa.de\/antriebe\/de\/wp-json\/wp\/v2\/pages\/26"}],"wp:featuredmedia":[{"embeddable":true,"href":"https:\/\/epa.de\/antriebe\/de\/wp-json\/wp\/v2\/media\/1499"}],"wp:attachment":[{"href":"https:\/\/epa.de\/antriebe\/de\/wp-json\/wp\/v2\/media?parent=59"}],"curies":[{"name":"wp","href":"https:\/\/api.w.org\/{rel}","templated":true}]}}