{"id":543,"date":"2015-03-13T10:16:16","date_gmt":"2015-03-13T09:16:16","guid":{"rendered":"https:\/\/epa.de\/antriebe\/de\/?page_id=543"},"modified":"2015-11-06T10:35:08","modified_gmt":"2015-11-06T09:35:08","slug":"mitsubishi-fr-d","status":"publish","type":"page","link":"https:\/\/epa.de\/antriebe\/de\/produkte\/frequenzumrichter\/mitsubishi-fr-d\/","title":{"rendered":"Mitsubishi FR-D"},"content":{"rendered":"<h3>FR-D720S<\/h3>\n<table class=\"table table-bordered table-striped\">\n<tr>\n<td><strong>Leistungsbereich:<\/strong><\/td>\n<td>100 W &#8211; 2,2 kW<\/td>\n<\/tr>\n<tr>\n<td><strong>Eingangsspannung:<\/strong><\/td>\n<td>200 &#8211; 240 V \/ 1-phasig<\/td>\n<\/tr>\n<tr>\n<td><strong>Schutzart:<\/strong><\/td>\n<td>IP20<\/td>\n<\/tr>\n<tr>\n<td><strong>Ausgangsfreqzuenz:<\/strong><\/td>\n<td>0,2 &#8211; 400 Hz<\/td>\n<\/tr>\n<\/table>\n<h3>FR-D740<\/h3>\n<table class=\"table table-bordered table-striped\">\n<tr>\n<td><strong>Leistungsbereich:<\/strong><\/td>\n<td>400 W &#8211; 7,5 kW<\/td>\n<\/tr>\n<tr>\n<td><strong>Eingangsspannung:<\/strong><\/td>\n<td>380 &#8211; 480 V \/ 3-phasig<\/td>\n<\/tr>\n<tr>\n<td><strong>Schutzart:<\/strong><\/td>\n<td>IP20<\/td>\n<\/tr>\n<tr>\n<td><strong>Ausgangsfreqzuenz:<\/strong><\/td>\n<td>0,2 &#8211; 400 Hz<\/td>\n<\/tr>\n<\/table>\n<p>Bei der Entwicklung des neuen Frequenzumrichters FR-D700 standen einfache und sichere Bedienbarkeit, kompakte Bauweise sowie die Verbesserung der Leistungsmerkmale im Vordergrund. Es wurde ein Antrieb geschaffen, der auf dem Gebiet der Kleinstantriebe neue Ma\u00dfst\u00e4be setzt.<\/p>\n<p>Verbesserte Funktionen und Ger\u00e4teeigenschaften, wie z. B. die vereinfachte Verkabelung dank Federkraftklemmen, das integrierte \u201eDigital Dial\u201c mit LED-Display, die verbesserte Leistungsausbeute im niedrigen Drehzahlbereich sowie die integrierte Not-Aus-Funktion machen den FR-D700 zum neuen Standard in der Ultra-Kompaktklasse.<\/p>\n<p>Der FR-D700 ist auf Grund seiner einfachen Bedienbarkeit besonders vorteilhaft f\u00fcr Standardanwendungen. Er ist sowohl bei einfachen als auch bei anspruchsvolleren Anwendungen die richtige Wahl. Typische Einsatzbeispiele sind dabei Zuf\u00fchr- und F\u00f6rderantriebe, Bearbeitungsmaschinen oder Tor- und T\u00fcrantriebe.<\/p>\n<h2>Ausfallsicher durch Selbstdiagnose<\/h2>\n<p>Dieser Umrichter \u00fcberwacht aktiv seine eigene Funktionssicherheit. So erfolgt zum Beispiel bei einer Abnahme der L\u00fcfterdrehzahl auf 50 % die Ausgabe eines Voralarms. Ein internes Messprogramm erfasst die Alterung der Hauptkreiskapazit\u00e4ten, ein Betriebsstundenz\u00e4hler erlaubt dem Betreiber die Festlegung des optimalen Wartungs- zeitpunktes. Schutz- und \u00dcberlastfunktionen wie etwa die Phasenausfallerkennung f\u00fcr den Eingangs- und den Ausgangskreis sichern den st\u00f6rungsfreien Betrieb ab.<\/p>\n<h2>Zus\u00e4tzlich Energie sparen<\/h2>\n<p>Die Energieeinsparung durch den generellen Einsatz von Frequenzumrichtern wird durch die OEC-Funktion des FR-D700 weiter ausgebaut. Die Strom- und Leistungsaufnahme des Motors wird so optimiert. Dies hat eine weitere Absenkung des Energiebedarfs zur Folge.<\/p>\n<h2>Lange Lebensdauer<\/h2>\n<p>Der FR-D700 ist auf \u00fcber 10 Jahre Standzeit ausgelegt. Dies wird unter anderem durch temperaturfeste Hochleistungskondensatoren, K\u00fchll\u00fcfter mit gekapselten Lagern und speziellen Fetten erreicht. Bei der K\u00fchlung werden ausschlie\u00dflich die K\u00fchlk\u00f6rper und nicht die Elektronikkomponenten bel\u00fcftet. Somit kann sich auch kein Staub oder Schmutz auf den Bauteilen ablagern. Die einfach oder doppelt lackierten Platinen sind vor aggressiven Umwelteinfl\u00fcssen bestens gesch\u00fctzt und haben somit eine h\u00f6here Lebenserwartung.<\/p>\n<h2>Erweiterter Funktionsumfang<\/h2>\n<p>Dank innovativer Funktionen kann der FR-D700 \u2013 zum Schutz und zur Sicherheit von Mensch und Maschine \u2013 hochsensibel auf verschiedene \u00e4u\u00dfere Ereignisse reagieren.<\/p>\n<h2>Einfach in der Bedienung<\/h2>\n<ul>\n<li>Einfache Verkabelung<\/li>\n<li>Komfortable Parametrierung<\/li>\n<li>Integrierte Bedieneinheit<\/li>\n<li>Einfache Vernetzung<\/li>\n<li>K\u00fchll\u00fcfterwechsel in nur 10 Sekunden<\/li>\n<li>Gef\u00fchrtes Herunterfahren bei kurzzeitigem Netzausfall<\/li>\n<li>Automatischer Wiederanlauf nach Spannungsausfall<\/li>\n<li>Integrierte Not-Aus-Funktion<\/li>\n<\/ul>\n<h2>Weitere standardm\u00e4\u00dfige Funktionen<\/h2>\n<ul>\n<li>Sensorlose Vektorregelung<\/li>\n<li>Autotuning<\/li>\n<li>200% \u00dcberlastf\u00e4higkeit<\/li>\n<li>Montage direkt nebeneinander m\u00f6glich<\/li>\n<li>Integrierter Brems-Chopper<\/li>\n<li>Passwortfunktion<\/li>\n<li>T\u00e4nzerregelung f\u00fcr Wickler<\/li>\n<li>Traversfunktion f\u00fcr Textilmaschinen<\/li>\n<li>Zwischenkreisf\u00fchrung der Ausgangsfrequenz<\/li>\n<li>Fliegender Start<\/li>\n<li>PTC-Eingang<\/li>\n<li>Dezentrale E\/A<\/li>\n<\/ul>\n","protected":false},"excerpt":{"rendered":"<p>FR-D720S Leistungsbereich: 100 W &#8211; 2,2 kW Eingangsspannung: 200 &#8211; 240 V \/ 1-phasig Schutzart: IP20 Ausgangsfreqzuenz: 0,2 &#8211; 400 Hz FR-D740 Leistungsbereich: 400 W &#8211; 7,5 kW Eingangsspannung: 380 &#8211; 480 V \/ 3-phasig Schutzart: IP20 Ausgangsfreqzuenz: 0,2 &#8211; 400 Hz Bei der Entwicklung des neuen Frequenzumrichters FR-D700 standen einfache und sichere Bedienbarkeit, kompakte [&hellip;]<\/p>\n","protected":false},"author":2,"featured_media":0,"parent":19,"menu_order":0,"comment_status":"open","ping_status":"open","template":"page-downloads.php","meta":{"footnotes":""},"class_list":["post-543","page","type-page","status-publish","hentry"],"_links":{"self":[{"href":"https:\/\/epa.de\/antriebe\/de\/wp-json\/wp\/v2\/pages\/543","targetHints":{"allow":["GET"]}}],"collection":[{"href":"https:\/\/epa.de\/antriebe\/de\/wp-json\/wp\/v2\/pages"}],"about":[{"href":"https:\/\/epa.de\/antriebe\/de\/wp-json\/wp\/v2\/types\/page"}],"author":[{"embeddable":true,"href":"https:\/\/epa.de\/antriebe\/de\/wp-json\/wp\/v2\/users\/2"}],"replies":[{"embeddable":true,"href":"https:\/\/epa.de\/antriebe\/de\/wp-json\/wp\/v2\/comments?post=543"}],"version-history":[{"count":8,"href":"https:\/\/epa.de\/antriebe\/de\/wp-json\/wp\/v2\/pages\/543\/revisions"}],"predecessor-version":[{"id":1579,"href":"https:\/\/epa.de\/antriebe\/de\/wp-json\/wp\/v2\/pages\/543\/revisions\/1579"}],"up":[{"embeddable":true,"href":"https:\/\/epa.de\/antriebe\/de\/wp-json\/wp\/v2\/pages\/19"}],"wp:attachment":[{"href":"https:\/\/epa.de\/antriebe\/de\/wp-json\/wp\/v2\/media?parent=543"}],"curies":[{"name":"wp","href":"https:\/\/api.w.org\/{rel}","templated":true}]}}