{"id":541,"date":"2015-03-13T10:15:56","date_gmt":"2015-03-13T09:15:56","guid":{"rendered":"https:\/\/epa.de\/antriebe\/de\/?page_id=541"},"modified":"2015-11-06T15:26:35","modified_gmt":"2015-11-06T14:26:35","slug":"mitsubishi-fr-f","status":"publish","type":"page","link":"https:\/\/epa.de\/antriebe\/de\/produkte\/frequenzumrichter\/mitsubishi-fr-f\/","title":{"rendered":"Mitsubishi FR-F"},"content":{"rendered":"<p>Mit der Frequenzumrichterreihe FR-F700 erweitert Mitsubishi Electric sein erfolgreiches Frequenzumrichterprogramm, welches sich durch ein hohes Energiesparpotenzial auszeichnet. Gerade im unteren Drehzahlbereich und in der Hochlauf- und Bremsphase werden drastische Energieeinsparungen erzielt. Der FR-F700 ist im Leistungsbereich von 0,75 bis 630 kW erh\u00e4ltlich.<\/p>\n<p>Innovatives Geb\u00e4udemanagement stellt heute unterschiedliche Anforderungen an das geplante Antriebssystem. Mehr denn je sind offene, flexible und frei skalierbare Antriebe gefragt. Gerade die Heizung-L\u00fcftung-Klima-Branche (HLK) stellt weitere Anforderungen wie Bedienerfreundlichkeit, Netzwerkf\u00e4higkeit und nat\u00fcrlich Zuverl\u00e4ssigkeit. Dar\u00fcber hinaus muss der Antrieb wirtschaftlich arbeiten &#8211; das hei\u00dft minimale Betriebskosten bei maximalem Energiesparpotential.<\/p>\n<p>Mit den Frequenzumrichtern der FR-F700 Serie steht ein moderner und intelligenter Antrieb zur Verf\u00fcgung, der problemlos in komplexe Geb\u00e4udeautomationsl\u00f6sungen integriert werden kann. Besonders eignet sich der FR-F700 aber f\u00fcr Pumpen und L\u00fcfter sowie Anwendungen mit reduzierter \u00dcberlast wie zum Beispiel Klimaanlagen in der Geb\u00e4udetechnik und Industrie, Absauganlagen und Gebl\u00e4se sowie Abwassertechnik, Grundwasser- und W\u00e4rmepumpen.<\/p>\n<p><strong>FR-F700 &#8211; Jetzt auch in Schutzklasse IP54 <\/strong>(siehe unten FR-F746)<\/p>\n<p>Neben den Schutzklassen IP00\/IP20 sind die Frequenzumrichter im Leistungsbereich bis 55 kW auch in der Schutzart IP54 erh\u00e4ltlich (FR-F746-Serie). Die neue Ger\u00e4teserie FR-F746 bietet somit einen direkten Schutz gegen Spritzwasser und kann daher auch problemlos au\u00dferhalb eines Schaltschranks installiert werden. Diese Ger\u00e4te sind speziell auf die Anforderungen von Pumpen und L\u00fcftern zugeschnitten. Die Antriebe sind sehr robust und f\u00fcr die Geb\u00e4udeautomatisierung in Industrie und Gewerbe sowie im Heizungs-, L\u00fcftungs- und Klimabau ideal geeignet.<\/p>\n<h3>FR-FSU &#8211; Unterbaueinheit f\u00fcr FR-F740 Frequenzumrichter<\/h3>\n<p>F\u00fcr die FR-F740-Serie bietet Mitsubishi Electric jetzt auch Unterbaueinheiten f\u00fcr den Aufbau von frei stehenden Frequenzumrichtern unabh\u00e4ngig vom Schaltschrank. Die stabilen, auf die Schutzart IP20 ausgelegten Floor Standing Units sind bereits vormontiert und erm\u00f6glichen es, eine Zwischenkreisdrossel oder einen zus\u00e4tzlichen EMV-Filter zu integrieren. Den FSU gibt es in unterschiedlichen Gr\u00f6\u00dfen angepasst an die verschiedenen Leistungsklassen der FR-F740 Frequenzumrichter. Er wird als komplettes Montagekit einschlie\u00dflich Schrauben, Kabel und Klemmenblock ausgeliefert.<\/p>\n<h3>Technische Details:<\/h3>\n<ul>\n<li>Leistungsbereich 0,75 kW bis 630 kW<\/li>\n<li>Im Leistungsbereich 0,75 kW bis 55 kW sind die Ger\u00e4te auch in der Schutzart IP54 lieferbar (Typ: FR-F746)!<\/li>\n<li>Netzanschluss dreiphasig 380-480 VAC (500VAC ab 75 kW)<\/li>\n<li>Durchg\u00e4ngiges Konzept f\u00fcr Anschluss und Parametrierung<\/li>\n<li>Soft-PWM f\u00fcr einen fl\u00fcsterleisen Antrieb<\/li>\n<li>Kompakte Bauform<\/li>\n<li>Programmierung \u00fcber Jog-Shuttle, Bedienteil, PC<\/li>\n<li>Energiesparbetrieb mit Anzeige der Energieeinsparung<\/li>\n<li>Zwei programmierbare Relais<\/li>\n<li>Variable 5-Punkt-U\/f-Kennlinie<\/li>\n<li>PWM-Taktfrequenz von 0,7 kHz bis 14,5 kHz einstellbar (ab FR-F710-01800-EC: bis 6 kHz)<\/li>\n<li>Umgebungstemperaturen von -10 \u00b0C bis +50 \u00b0C (IP 54-Version: 40 \u00b0C)<\/li>\n<li>Negative und positive (SPS-) Logik zur Ansteuerung<\/li>\n<li>Weiterf\u00fchrung des Betries bei kurzzeitigem Netzausfall<\/li>\n<li>Motorumschaltung auf direkten Netzbetrieb<\/li>\n<li>Fangen eines drehenden Motors<\/li>\n<li>Zwei serielle RS 485-Schnittstellen<\/li>\n<li>PTC-Kaltleitereingang<\/li>\n<li>15 Festdrehzahlen anw\u00e4hlbar<\/li>\n<li>Aktive Strombegrenzung<\/li>\n<li>Ausblendbare Frequenzbereiche<\/li>\n<li>Regelung auf optimalen Erregerstrom<\/li>\n<li>Traversefunktion<\/li>\n<li>2. Parametersatz f\u00fcr unterschiedliche Belastungen aktivierbar<\/li>\n<li>Umfangreiche Schutzfunktionen mit Fehlerdiagnose<\/li>\n<li>Weltweiter Standard CE, UL, cUL, CSA, Gost, CCC<\/li>\n<li>Zwischenkreisf\u00fchrung der Ausgangsfrequenz<\/li>\n<li>Erweiterte PID-Regelung mit Sleep-Funktion und Multi-Motor-Umschaltung<\/li>\n<li>8-sprachige LCD-Programmiereinheit verf\u00fcgbar<\/li>\n<li>EMV-Vertr\u00e4glichkeit durch integrierten EMV-Filter<\/li>\n<li>L\u00e4ngere Lebensdauer durch neu entwickelte Komponenten<\/li>\n<li>Integrierter Wartungstimer<\/li>\n<\/ul>\n<h2>FR-F746 <strong>(FR-F740 in Schutzart IP54)<\/strong><\/h2>\n<p>Die FR-F746 Frequenzumrichter von Mitsubishi Electric erg\u00e4nzen die FR-F 740 Serie um eine staub- und spritzwassergesch\u00fctzte Ger\u00e4teversion in der Schutzart IP54. Die FR-F746 Serie ist speziell f\u00fcr die Geb\u00e4udeautomatisierung und den Heizungs-, L\u00fcftungs- und Klimabau entwickelt worden. Die staub- und spritzwassergesch\u00fctzte Ger\u00e4teversion in der Schutzart IP 54 sorgt f\u00fcr die notwendige Robustheit und erm\u00f6glicht den Einbau und Einsatz des Ger\u00e4tes unter &#8222;harten&#8220; Umgebungsbedingungen.<\/p>\n<h3>Was k\u00f6nnen Sie von der FR-F746 Serie erwarten?<\/h3>\n<table class=\"table table-bordered table-striped\">\n<tr>\n<td><strong>Spannungsbereich:<\/strong><\/td>\n<td>3~ 380 &#8211; 500 V<\/td>\n<\/tr>\n<tr>\n<td><strong>Leistungsbereich:<\/strong><\/td>\n<td>0,75 &#8211; 55 kW<\/td>\n<\/tr>\n<\/table>\n<ul>\n<li>Staub- und Spritzwasserschutz nach IP 54<\/li>\n<li>Perfekt f\u00fcr die Geb\u00e4udeautomatisierung und den Heizung-, L\u00fcftung-, Klimabau sowie f\u00fcr Pumpen- und L\u00fcftersysteme in Gewerbe und Industrie<\/li>\n<li>Einfache Bedienung und Parametrisierung durch &#8222;Digital Dial&#8220; \u00b7 Umfangreiches Kontroll- und Datenmanagement inkl. Wartungstimer<\/li>\n<li>Max. Energieeinsparpotenzial durch &#8222;OEC- Control&#8220; (Optimum Exitation Control)<\/li>\n<li>LonWorks, Profibus DP, CC-Link, DeviceNet und RS485 Schnittstelle<\/li>\n<li>USB-Port (optional)<\/li>\n<li>Integr. EMV-Filter (EN 55011A \/ Zweite Umgebung)<\/li>\n<\/ul>\n<h3>Typische Einsatzgebiete des FR-F746 sind:<\/h3>\n<ul>\n<li>Zu- und Abluftger\u00e4te f\u00fcr Gewerbe und Industrie<\/li>\n<li>Entrauchungsventilatoren<\/li>\n<li>Warmlufterzeuger<\/li>\n<li>Wandluftheizer<\/li>\n<li>W\u00e4rmepumpen<\/li>\n<li>W\u00e4rme- und Trockenschr\u00e4nke<\/li>\n<li>Umluftheizger\u00e4te etc.<\/li>\n<\/ul>\n<p>oder auch z.B. in der:<\/p>\n<ul>\n<li>Lebensmittel- und Getr\u00e4nkeindustrie<\/li>\n<li>Druck- und Papierindustrie<\/li>\n<li>Chemische Industrie<\/li>\n<li>Textilindustrie<\/li>\n<li>Holzindustrie<\/li>\n<\/ul>\n<table id=\"table1\" class=\"table table-striped table-bordered\" border=\"0\">\n<thead><\/thead>\n<tbody>\n<tr>\n<th align=\"left\">Leistungsbereich<\/th>\n<td align=\"left\">0,75 &#8211; 55 kW<\/td>\n<\/tr>\n<tr>\n<th align=\"left\">Schutzart<\/th>\n<td align=\"left\">IP54<\/td>\n<\/tr>\n<tr>\n<th align=\"left\">Spannungsversorgung (50\/60 Hz)<\/th>\n<td align=\"left\">3-phasig 380-500 V<\/td>\n<\/tr>\n<tr>\n<th align=\"left\">Ausgangsfrequenz<\/th>\n<td align=\"left\">0,5-400 Hz<\/td>\n<\/tr>\n<tr>\n<th align=\"left\">Vorwahlgeschwindigkeiten<\/th>\n<td align=\"left\">15<\/td>\n<\/tr>\n<tr>\n<th align=\"left\">Kurzschluss-, \u00fcberlast- und leerlauffest<\/th>\n<td align=\"left\">o<\/td>\n<\/tr>\n<tr>\n<th align=\"left\">Intelligente Ausgangsstrom\u00fcberwachung<\/th>\n<td align=\"left\">o<\/td>\n<\/tr>\n<tr>\n<th align=\"left\">Automatische Energiesparfunktion<\/th>\n<td align=\"left\">o<\/td>\n<\/tr>\n<tr>\n<th align=\"left\">Eingebauter Bremstransistor, Bremswiderstand optional<\/th>\n<td align=\"left\">o (kein Bremswiderstand)<\/td>\n<\/tr>\n<tr>\n<th align=\"left\">Kommunikation \u00fcber RS422\/RS485-Schnittstelle<\/th>\n<td align=\"left\">Integriert<\/td>\n<\/tr>\n<tr>\n<th align=\"left\">Funkentst\u00f6rung<\/th>\n<td align=\"left\">Filter (integriert und Option)<\/td>\n<\/tr>\n<tr>\n<th align=\"left\">Hohe, einstellbare PWM-Taktfrequenz f\u00fcr fl\u00fcsterleisen Motorlauf<\/th>\n<td align=\"left\">o (+SoftPWM)<\/td>\n<\/tr>\n<tr>\n<th align=\"left\">Netzwerkanbindung<\/th>\n<td align=\"left\">Profibus DP, DeviceNet, CCLink, Modbus RTU, LonWorks<\/td>\n<\/tr>\n<tr>\n<th align=\"left\">PID-Regelung<\/th>\n<td align=\"left\">o<\/td>\n<\/tr>\n<tr>\n<th align=\"left\">positive\/negative Logik<\/th>\n<td align=\"left\">o<\/td>\n<\/tr>\n<tr>\n<th align=\"left\">Bedieneinheit mit Kopierfunktion<\/th>\n<td align=\"left\">o<\/td>\n<\/tr>\n<\/tbody>\n<\/table>\n<p><\/p>\n","protected":false},"excerpt":{"rendered":"<p>Mit der Frequenzumrichterreihe FR-F700 erweitert Mitsubishi Electric sein erfolgreiches Frequenzumrichterprogramm, welches sich durch ein hohes Energiesparpotenzial auszeichnet. Gerade im unteren Drehzahlbereich und in der Hochlauf- und Bremsphase werden drastische Energieeinsparungen erzielt. Der FR-F700 ist im Leistungsbereich von 0,75 bis 630 kW erh\u00e4ltlich. Innovatives Geb\u00e4udemanagement stellt heute unterschiedliche Anforderungen an das geplante Antriebssystem. Mehr denn je [&hellip;]<\/p>\n","protected":false},"author":2,"featured_media":0,"parent":19,"menu_order":0,"comment_status":"open","ping_status":"open","template":"page-downloads.php","meta":{"footnotes":""},"class_list":["post-541","page","type-page","status-publish","hentry"],"_links":{"self":[{"href":"https:\/\/epa.de\/antriebe\/de\/wp-json\/wp\/v2\/pages\/541","targetHints":{"allow":["GET"]}}],"collection":[{"href":"https:\/\/epa.de\/antriebe\/de\/wp-json\/wp\/v2\/pages"}],"about":[{"href":"https:\/\/epa.de\/antriebe\/de\/wp-json\/wp\/v2\/types\/page"}],"author":[{"embeddable":true,"href":"https:\/\/epa.de\/antriebe\/de\/wp-json\/wp\/v2\/users\/2"}],"replies":[{"embeddable":true,"href":"https:\/\/epa.de\/antriebe\/de\/wp-json\/wp\/v2\/comments?post=541"}],"version-history":[{"count":13,"href":"https:\/\/epa.de\/antriebe\/de\/wp-json\/wp\/v2\/pages\/541\/revisions"}],"predecessor-version":[{"id":1580,"href":"https:\/\/epa.de\/antriebe\/de\/wp-json\/wp\/v2\/pages\/541\/revisions\/1580"}],"up":[{"embeddable":true,"href":"https:\/\/epa.de\/antriebe\/de\/wp-json\/wp\/v2\/pages\/19"}],"wp:attachment":[{"href":"https:\/\/epa.de\/antriebe\/de\/wp-json\/wp\/v2\/media?parent=541"}],"curies":[{"name":"wp","href":"https:\/\/api.w.org\/{rel}","templated":true}]}}