{"id":539,"date":"2015-03-13T10:15:32","date_gmt":"2015-03-13T09:15:32","guid":{"rendered":"https:\/\/epa.de\/antriebe\/de\/?page_id=539"},"modified":"2015-11-06T10:09:57","modified_gmt":"2015-11-06T09:09:57","slug":"mitsubishi-fr-a","status":"publish","type":"page","link":"https:\/\/epa.de\/antriebe\/de\/produkte\/frequenzumrichter\/mitsubishi-fr-a\/","title":{"rendered":"Mitsubishi FR-A"},"content":{"rendered":"<p>Unvergleichliche Antriebspr\u00e4zision, schnelle Drehzahlregelung, einfache Inbetriebnahme und h\u00f6chste Flexibilit\u00e4t \u2013 Mitsubishi Electric hat eine neue Generation der Antriebstechnik entwickelt: den au\u00dfergew\u00f6hnlichen FR-A800.<\/p>\n<p>Einige der herausragenden Merkmale sind die integrierte USB-Schnittstelle f\u00fcr die Programmierung und das Kopieren von Parametern, die leicht ablesbare Bedieneinheit, die optimale Leistungsbilanz sowie Energiesparfunktionen, die erh\u00f6hte Systemsicherheit und drei Erweiterungssteckpl\u00e4tze f\u00fcr eine gro\u00dfe Auswahl an Options- und Netzwerkkarten.<\/p>\n<p>Die FR-A800-Serie ist vollst\u00e4ndig abw\u00e4rtskompatibel mit der FR-A700-Serie. Mit Hilfe der Setup-Software FR Configurator2 lassen sich Parameter problemlos kopieren. Zur Anpassung an l\u00e4ngere Ansprechzeiten \u00e4lterer Maschinen k\u00f6nnen die Ein-\/Ausgangssignale des FR-A800 verz\u00f6gert werden.<\/td>\n<h2>Leistungsstarke Ausstattung und intelligente Funktionen<\/h2>\n<p>Die FR-A800-Serie verf\u00fcgt \u00fcber einen zweikanaligen Not-Stopp f\u00fcr sicheren Halt. Dies erm\u00f6glicht einen sicheren Betrieb entsprechend der europ\u00e4ischen Maschinenrichtlinie, ohne dass ein zus\u00e4tzliches Sch\u00fctz vorgeschaltet werden muss. Damit entspricht der FR-A800 den Standards ISO13849-1, PLd und IEC60204-1 Cat. 3, EN 61508 und EN 61800-5-2 SIL2.<\/p>\n<p>Mit dem integrierten \u201eDigital Dial\u201c der Bedieneinheit hat der Anwender einen direkten Zugriff auf alle wichtigen Parameter. An die Frequenzumrichter der FR-A800-Serie k\u00f6nnen auch die grafischen Bedienger\u00e4te (GOT) von Mitsubishi Electric angeschlossen werden. Die Kommunikationsparameter f\u00fcr die HMI-Anbindung werden automatisch als Stapeldatei gesetzt.<\/p>\n<p>Mit dem serienm\u00e4\u00dfig eingebauten EMV-Filter entspricht der Antrieb den Anforderungen der EMV-Richtlinie (EN 61800-3, 2. Umgebung, Kategorie C3), sodass keine gesonderte Zertifizierung erforderlich ist.<\/p>\n<p>W\u00e4hlen Sie die Energiesparfunktion, die zu Ihrer Anwendung passt. Die eindrucksvollen Energieeinsparungen k\u00f6nnen im Men\u00fc zur Energie\u00fcberwachung angezeigt werden.<\/p>\n<p>Die K\u00fchlventilatoren und die eingebauten Kapazit\u00e4ten verf\u00fcgen \u00fcber eine Lebensdauer von etwa 10 Jahren. Durch die Nutzung der Steuerfunktion f\u00fcr die Ventilatoren kann deren Lebensdauer weiter erh\u00f6ht werden.<\/p>\n<h2>Anbindung an unterschiedliche Netzwerke<\/h2>\n<p>Die Frequenzumrichter der FR-A800 Serie k\u00f6nnen \u00fcber zahlreiche Netzwerke \u00fcberwacht und gesteuert werden. F\u00fcr die wichtigsten Netzwerke wie CC\u2011Link IE Field, CC\u2011Link, Profibus DP\/DPV1, Profinet\/EtherNet IP\/EtherCat (in K\u00fcrze erh\u00e4ltlich) und SSCNETIII\/H, DeviceNet\u2122 sowie LONWORKS stehen Optionseinheiten zur Verf\u00fcgung. Standardm\u00e4\u00dfig wird die RS485-Kommunikation unterst\u00fctzt (Mitsubishi-Electric-Frequenzumrichter-Protokoll, Modbus-RTU-Protokoll).<\/p>\n<ul>\n<li>Sensorlose Vektorregelung<\/li>\n<li>Perfektes Autotuning von PM- und IM-Motoren<\/li>\n<li>Absolutwertpositionierung &amp; SPS-Funktion<\/li>\n<li>Regelung auf optimalen Erregerstrom<\/li>\n<li>Hochflexibel dank integrierter SPS<\/li>\n<li>24-V-Spannungsversorgung des Steuerkreises<\/li>\n<li>Wartungsfreundlich<\/li>\n<li>Einfache Inbetriebnahme<\/li>\n<\/ul>\n","protected":false},"excerpt":{"rendered":"<p>Unvergleichliche Antriebspr\u00e4zision, schnelle Drehzahlregelung, einfache Inbetriebnahme und h\u00f6chste Flexibilit\u00e4t \u2013 Mitsubishi Electric hat eine neue Generation der Antriebstechnik entwickelt: den au\u00dfergew\u00f6hnlichen FR-A800. Einige der herausragenden Merkmale sind die integrierte USB-Schnittstelle f\u00fcr die Programmierung und das Kopieren von Parametern, die leicht ablesbare Bedieneinheit, die optimale Leistungsbilanz sowie Energiesparfunktionen, die erh\u00f6hte Systemsicherheit und drei Erweiterungssteckpl\u00e4tze f\u00fcr eine [&hellip;]<\/p>\n","protected":false},"author":2,"featured_media":0,"parent":19,"menu_order":0,"comment_status":"open","ping_status":"open","template":"page-downloads.php","meta":{"footnotes":""},"class_list":["post-539","page","type-page","status-publish","hentry"],"_links":{"self":[{"href":"https:\/\/epa.de\/antriebe\/de\/wp-json\/wp\/v2\/pages\/539","targetHints":{"allow":["GET"]}}],"collection":[{"href":"https:\/\/epa.de\/antriebe\/de\/wp-json\/wp\/v2\/pages"}],"about":[{"href":"https:\/\/epa.de\/antriebe\/de\/wp-json\/wp\/v2\/types\/page"}],"author":[{"embeddable":true,"href":"https:\/\/epa.de\/antriebe\/de\/wp-json\/wp\/v2\/users\/2"}],"replies":[{"embeddable":true,"href":"https:\/\/epa.de\/antriebe\/de\/wp-json\/wp\/v2\/comments?post=539"}],"version-history":[{"count":7,"href":"https:\/\/epa.de\/antriebe\/de\/wp-json\/wp\/v2\/pages\/539\/revisions"}],"predecessor-version":[{"id":1572,"href":"https:\/\/epa.de\/antriebe\/de\/wp-json\/wp\/v2\/pages\/539\/revisions\/1572"}],"up":[{"embeddable":true,"href":"https:\/\/epa.de\/antriebe\/de\/wp-json\/wp\/v2\/pages\/19"}],"wp:attachment":[{"href":"https:\/\/epa.de\/antriebe\/de\/wp-json\/wp\/v2\/media?parent=539"}],"curies":[{"name":"wp","href":"https:\/\/api.w.org\/{rel}","templated":true}]}}