{"id":537,"date":"2015-03-13T10:14:44","date_gmt":"2015-03-13T09:14:44","guid":{"rendered":"https:\/\/epa.de\/antriebe\/de\/?page_id=537"},"modified":"2021-11-25T13:39:29","modified_gmt":"2021-11-25T12:39:29","slug":"commander-sk","status":"publish","type":"page","link":"https:\/\/epa.de\/antriebe\/de\/produkte\/frequenzumrichter\/commander-sk\/","title":{"rendered":"Commander SK"},"content":{"rendered":"<p><!-- \n\n<div class=\"alert alert-warning\" role=\"alert\">Hinweis<\/div>\n\n --><\/p>\n<p><img loading=\"lazy\" decoding=\"async\" class=\"alignright wp-image-832\" src=\"https:\/\/epa.de\/antriebe\/de\/wp-content\/uploads\/sites\/3\/2015\/03\/SKB.jpg\" alt=\"SKB\" width=\"201\" height=\"350\" srcset=\"https:\/\/epa.de\/antriebe\/de\/wp-content\/uploads\/sites\/3\/2015\/03\/SKB.jpg 340w, https:\/\/epa.de\/antriebe\/de\/wp-content\/uploads\/sites\/3\/2015\/03\/SKB-173x300.jpg 173w\" sizes=\"auto, (max-width: 201px) 100vw, 201px\" \/>Die Frequenzumrichterreihe EPA Commander SK setzt neue Ma\u00dfst\u00e4be in der Kompaktklasse. Die einfache Programmierung und Handhabung des Ger\u00e4tes erm\u00f6glichen eine schnelle Inbetriebnahme. Die wichtigsten 10 Parameter sind auf der Vorderseite des Ger\u00e4tes aufgedruckt. Die Programmierung erfolgt \u00fcber Drucktasten am Ger\u00e4t. F\u00fcr komplexe Funktionen steht eine RS 485-Schnittstelle zum Anschluss eines PC zur Verf\u00fcgung. Der Commander SK ist sowohl f\u00fcr Einzel- aber auch f\u00fcr Serienanwendungen konzipiert; eine Kopierfunktion steht mit dem optionalen SmartStick zur Verf\u00fcgung.<\/p>\n<h3>Technische Details:<\/h3>\n<ul>\n<li>Leistungsbereich 0,25 kW bis 132,0 kW<\/li>\n<li>Drei Baugr\u00f6\u00dfen (A, B, C)<\/li>\n<li>Baugr\u00f6\u00dfe A &amp; B sind auf DIN-Hutschiene montierbar<\/li>\n<li>Netzanschluss ein- und dreiphasig, 230 VAC und 400 VAC<\/li>\n<li>Vektormessung des Motors und Autotuning<\/li>\n<li>Durchg\u00e4ngiges Konzept f\u00fcr Anschluss und Parametrierung<\/li>\n<li>Brems-Chopper ist eingebaut<\/li>\n<li>Ausgangsfrequenz 0&#8230;1500 Hz<\/li>\n<li>Steuerklemmleiste in Federzugklemmtechnik<\/li>\n<li>10 Parameter f\u00fcr 90 % der Anwendungen<\/li>\n<li>Einfaches Kopieren der Parameter (mit opt. SmartStick)<\/li>\n<li>Programmierbare analoge und digitale Ein- \/ Ausg\u00e4nge<\/li>\n<li>Programmierbares Relais<\/li>\n<li>Logische Gruppierung der Parameter<\/li>\n<li>Positive (SPS-) Logik zur Ansteuerung<\/li>\n<li>Drehzahl- und \/ oder Drehmomentregelung<\/li>\n<li>Spannungs- \/ Drehmoment-Boost<\/li>\n<li>Fangen eines drehenden Motors m\u00f6glich<\/li>\n<li>Serielle RS 485-Schnittstelle \u00fcber RJ45-Buchse<\/li>\n<li>Umfassender Motorschutz durch internes Temperaturmodell<\/li>\n<li>4 Festdrehzahlen anw\u00e4hlbar<\/li>\n<li>Mit 6 Parametern l\u00e4sst sich eine elektromechanische Bremse steuern<\/li>\n<li>Taktfrequenz bis 16 kHz einstellbar<\/li>\n<li>9 verschiedene Konfigurationen zur einfachen Programmierung anw\u00e4hlbar<\/li>\n<li>Betrieb bis zu einer Umgebungstemp. von 55 \u00b0C ist mit Leistungsreduktion m\u00f6glich<\/li>\n<li>Umfangreiche Schutzfunktionen mit Fehlerdiagnose<\/li>\n<li>Speicherung der letzten 4 Fehlerabschaltungen<\/li>\n<li>Programmierbarer Sicherheitscode<\/li>\n<li>Mit LogicStick (Option) die interne SPS-Funktion freigeben<\/li>\n<li>EMV-Vertr\u00e4glichkeit durch integrierten EMV-Filter (abschaltbar)<\/li>\n<li>Programmierbare Logik- und Vergleichsfunktionen<\/li>\n<li>Frei programmierbarer PID-Regler<\/li>\n<li>Niedriger Ableitstrom (Betrieb an FI-Schutzschalter m\u00f6glich)<\/li>\n<\/ul>\n","protected":false},"excerpt":{"rendered":"<p>Die Frequenzumrichterreihe EPA Commander SK setzt neue Ma\u00dfst\u00e4be in der Kompaktklasse. Die einfache Programmierung und Handhabung des Ger\u00e4tes erm\u00f6glichen eine schnelle Inbetriebnahme. Die wichtigsten 10 Parameter sind auf der Vorderseite des Ger\u00e4tes aufgedruckt. Die Programmierung erfolgt \u00fcber Drucktasten am Ger\u00e4t. F\u00fcr komplexe Funktionen steht eine RS 485-Schnittstelle zum Anschluss eines PC zur Verf\u00fcgung. Der Commander [&hellip;]<\/p>\n","protected":false},"author":2,"featured_media":0,"parent":19,"menu_order":0,"comment_status":"open","ping_status":"open","template":"page-downloads.php","meta":{"footnotes":""},"class_list":["post-537","page","type-page","status-publish","hentry"],"_links":{"self":[{"href":"https:\/\/epa.de\/antriebe\/de\/wp-json\/wp\/v2\/pages\/537","targetHints":{"allow":["GET"]}}],"collection":[{"href":"https:\/\/epa.de\/antriebe\/de\/wp-json\/wp\/v2\/pages"}],"about":[{"href":"https:\/\/epa.de\/antriebe\/de\/wp-json\/wp\/v2\/types\/page"}],"author":[{"embeddable":true,"href":"https:\/\/epa.de\/antriebe\/de\/wp-json\/wp\/v2\/users\/2"}],"replies":[{"embeddable":true,"href":"https:\/\/epa.de\/antriebe\/de\/wp-json\/wp\/v2\/comments?post=537"}],"version-history":[{"count":14,"href":"https:\/\/epa.de\/antriebe\/de\/wp-json\/wp\/v2\/pages\/537\/revisions"}],"predecessor-version":[{"id":2194,"href":"https:\/\/epa.de\/antriebe\/de\/wp-json\/wp\/v2\/pages\/537\/revisions\/2194"}],"up":[{"embeddable":true,"href":"https:\/\/epa.de\/antriebe\/de\/wp-json\/wp\/v2\/pages\/19"}],"wp:attachment":[{"href":"https:\/\/epa.de\/antriebe\/de\/wp-json\/wp\/v2\/media?parent=537"}],"curies":[{"name":"wp","href":"https:\/\/api.w.org\/{rel}","templated":true}]}}