{"id":535,"date":"2015-03-13T10:14:23","date_gmt":"2015-03-13T09:14:23","guid":{"rendered":"https:\/\/epa.de\/antriebe\/de\/?page_id=535"},"modified":"2024-02-13T15:03:26","modified_gmt":"2024-02-13T14:03:26","slug":"unidrive-sp","status":"publish","type":"page","link":"https:\/\/epa.de\/antriebe\/de\/produkte\/frequenzumrichter\/unidrive-sp\/","title":{"rendered":"Unidrive SP"},"content":{"rendered":"<div class=\"alert alert-warning\">\nDieses Ger\u00e4t wurde abgek\u00fcndigt! &#8211; Passende Alternativen k\u00f6nnen wir Ihnen gerne nach vorheriger technischer Beratung anbieten.\n<\/div>\n<p>Der Universal-Frequenzumrichter EPA Unidrive SP ist die Weiterentwicklung des Unidrive Classic mit neuen Eigenschaften, zus\u00e4tzlichen Parametern und einer flexibleren Ausbaubarkeit des Antriebssystems. Die internen Algorithmen mit ihren ultrakurzen Zykluszeiten l\u00e4uten eine neue \u00c4ra in Bezug auf die Dynamik eines Antriessystemes ein.<\/p>\n<p>Der EPA Unidrive SP arbeitet wahlweise in den Betriebsmodi &#8222;open-loop&#8220;, &#8222;closed-loop-vector&#8220; oder &#8222;Servo&#8220;, d. h. er kann sogar standardm\u00e4\u00dfig die R\u00fcckf\u00fchrungssignale eines Inkrementalgebers auswerten. Es werden zur Zeit 14 verschiedene R\u00fcckmeldesysteme ( z. B. SinCos, Hyperface, etc.) unterst\u00fctzt. Zum Anpassen des Antriebssystemes gibt es weit \u00fcber 600 Parameter, welche \u00fcbersichtlich in Gruppen zusammengefasst sind. Alle Ger\u00e4te haben einen eingebauten Bremsschopper und k\u00f6nnen gleichzeitig drei Optionsmodule (u. a. Profibus) aufnehmen. Die max. Frequenz betr\u00e4gt 3000 Hz.<\/p>\n<p><a href=\"https:\/\/epa.de\/antriebe\/de\/wp-content\/uploads\/sites\/3\/2015\/03\/UniSP.png\" data-rel=\"lightbox-image-0\" data-rl_title=\"\" data-rl_caption=\"\" title=\"\"><img loading=\"lazy\" decoding=\"async\" class=\"img-responsive wp-image-836 alignright\" src=\"https:\/\/epa.de\/antriebe\/de\/wp-content\/uploads\/sites\/3\/2015\/03\/UniSP-108x300.png\" alt=\"Unidrive SP\" width=\"164\" height=\"455\" srcset=\"https:\/\/epa.de\/antriebe\/de\/wp-content\/uploads\/sites\/3\/2015\/03\/UniSP-108x300.png 108w, https:\/\/epa.de\/antriebe\/de\/wp-content\/uploads\/sites\/3\/2015\/03\/UniSP-368x1024.png 368w, https:\/\/epa.de\/antriebe\/de\/wp-content\/uploads\/sites\/3\/2015\/03\/UniSP.png 430w\" sizes=\"auto, (max-width: 164px) 100vw, 164px\" \/><\/a><\/p>\n<h3>Technische Details:<\/h3>\n<ul>\n<li>5 Betriebsarten (open-loop, open-loop vector, closed-loop vector, servo,regenerativ)<\/li>\n<li>Optional Bedieneinheit in LCD oder LED<\/li>\n<li>Optionale Zusatzkarten (f\u00fcr Profibus, DeviceNet, CANOpen, Interbus usw.)<\/li>\n<li>Smartcard zum Programmieren und Kopieren der Parameter und Makros<\/li>\n<li>Normen und Empfehlungen IEC6100-6-2 &amp; EN61800-3, EN61800-3, IEC61131-2, IEC61131-3, EN954-1 Kat. 3, EN50178, UL508C, EN81-1<\/li>\n<li>Steckbare Anschlussklemmen erm\u00f6glichen die saubere Trennung in Leistung und Steuerung f\u00fcr EMV-gerechten Berieb<\/li>\n<li>Durchsteckmontage ist m\u00f6glich in IP54<\/li>\n<li>Schwerlastbetrieb und Normallastbetrieb (200% \u00dcberlast mit 4-poligem DS-Asynchronmotor und Servomotor m\u00f6glich)<\/li>\n<li>Erweiterte Netzspannung: 200VAC bis 600VAC, 50\/60Hz<\/li>\n<li>DC-Zwischenkreiskopplung erlaubt gemeinsames Antreiben und Bremsen<\/li>\n<li>Separate 48VDC-Einspeisung als Sicherheitsfunktion f\u00fcr Aufz\u00fcge<\/li>\n<li>Separate 24VDC-Einspeisung f\u00fcr die Versorgung der Regelelektronik und der Busleitung<\/li>\n<li>Schnelle Abtastzeiten von 250\u00b5s f\u00fcr die Drehzahlvorgabe und 83\u00b5s f\u00fcr die Drehmomentvorgabe<\/li>\n<li>High Performance mit verbesserten Regelparametern f\u00fcr Positionierungsaufgaben<\/li>\n<li>Selektierbare Verst\u00e4rkungsfaktoren f\u00fcr Einzel- und Mehrmotorenantriebe<\/li>\n<li>Online Autotuning jetzt stufenlos<\/li>\n<li>Drehzahlr\u00fcckf\u00fchrung kann frei und flexibel gew\u00e4hlt werden<\/li>\n<li>Umschaltung von open-loop auf closed-loop w\u00e4hrend des Betriebes ist m\u00f6glich<\/li>\n<li>Automatische Drehmomentkorrektur w\u00e4hrend der Beschleunigungsphase<\/li>\n<li>Vorgabe eines Pr\u00e4zisionsdrehmoments<\/li>\n<li>Maximale Ausgangsfrequenz 3000Hz (open-loop) und 1200Hz (closed-loop)<\/li>\n<li>Taktfrequenz 16kHz f\u00fcr fl\u00fcsterleise Antriebe<\/li>\n<li>Zweiter Motorparametersatz mit High-Speed-Umschaltung aktivierbar<\/li>\n<li>Unterst\u00fctzung der seriellen \u00dcbertragung von Motordaten \u00fcber den Encoder<\/li>\n<li>14 verschiedene Drehzahlr\u00fcckf\u00fchrungssysteme werden unterst\u00fctzt (Inkrementalgeber, SinCos (Single und Multiturn, Hiperface und Endat, SSI und Grey Code). Ein zus\u00e4tzliches Optionsmodul kann f\u00fcr Synchronisations- und Positionieraufgaben gesteckt werden. Eine Encodersimulation kann in unterschiedlichen Formaten ausgegeben werden. 4 unterschiedliche R\u00fcckf\u00fchrsysteme k\u00f6nnen gleichzeitig verarbeitet werden.<\/li>\n<li>Alle Modelle haben die gleiche Steuerklemmleiste, die digitalen Ein- und Ausg\u00e4nge entsprechen der Norm IEC61131-2. Der hoch aufl\u00f6sende analoge Eingang hat 16bit plus Vorzeichen (im closed-loop).\n<ul>\n<li>analoge Eing\u00e4nge: Drehzahlsollwert 250\u00b5s Abtastzyklus, zwei weitere Eing\u00e4nge mit 4ms Abtastzyklus<\/li>\n<li>analoge Ausg\u00e4nge: zwei Ausg\u00e4nge mit 4ms Abtastzyklus<\/li>\n<li>digitale Eing\u00e4nge: sieben Eing\u00e4nge mit 4ms Abtastzyklus, zwei Freeze\/Trigger\/Limit-Eing\u00e4nge mit 250\u00b5s Abtastzyklus<\/li>\n<li>digitale Ausg\u00e4nge: drei Ausg\u00e4nge mit 4ms Abtastzyklus<\/li>\n<\/ul>\n<\/li>\n<li>Eingebautes EMV-Filter f\u00fcr kurze Motorleitungen<\/li>\n<li>Optionskarten erm\u00f6glichen Gateway-L\u00f6sungen<\/li>\n<li>Applikationsmodul erm\u00f6glicht die Synchronisation mehrer Unidrive SP<\/li>\n<li>KEIN Motorsch\u00fctz n\u00f6tig, ein Steuereingang der Unidrive SP nach EN954-1 Kat. 3 \u00fcbernimmt diese Funktion<\/li>\n<\/ul>\n","protected":false},"excerpt":{"rendered":"<p>Dieses Ger\u00e4t wurde abgek\u00fcndigt! &#8211; Passende Alternativen k\u00f6nnen wir Ihnen gerne nach vorheriger technischer Beratung anbieten. Der Universal-Frequenzumrichter EPA Unidrive SP ist die Weiterentwicklung des Unidrive Classic mit neuen Eigenschaften, zus\u00e4tzlichen Parametern und einer flexibleren Ausbaubarkeit des Antriebssystems. Die internen Algorithmen mit ihren ultrakurzen Zykluszeiten l\u00e4uten eine neue \u00c4ra in Bezug auf die Dynamik eines [&hellip;]<\/p>\n","protected":false},"author":2,"featured_media":0,"parent":19,"menu_order":0,"comment_status":"open","ping_status":"open","template":"page-downloads.php","meta":{"footnotes":""},"class_list":["post-535","page","type-page","status-publish","hentry"],"_links":{"self":[{"href":"https:\/\/epa.de\/antriebe\/de\/wp-json\/wp\/v2\/pages\/535","targetHints":{"allow":["GET"]}}],"collection":[{"href":"https:\/\/epa.de\/antriebe\/de\/wp-json\/wp\/v2\/pages"}],"about":[{"href":"https:\/\/epa.de\/antriebe\/de\/wp-json\/wp\/v2\/types\/page"}],"author":[{"embeddable":true,"href":"https:\/\/epa.de\/antriebe\/de\/wp-json\/wp\/v2\/users\/2"}],"replies":[{"embeddable":true,"href":"https:\/\/epa.de\/antriebe\/de\/wp-json\/wp\/v2\/comments?post=535"}],"version-history":[{"count":15,"href":"https:\/\/epa.de\/antriebe\/de\/wp-json\/wp\/v2\/pages\/535\/revisions"}],"predecessor-version":[{"id":2603,"href":"https:\/\/epa.de\/antriebe\/de\/wp-json\/wp\/v2\/pages\/535\/revisions\/2603"}],"up":[{"embeddable":true,"href":"https:\/\/epa.de\/antriebe\/de\/wp-json\/wp\/v2\/pages\/19"}],"wp:attachment":[{"href":"https:\/\/epa.de\/antriebe\/de\/wp-json\/wp\/v2\/media?parent=535"}],"curies":[{"name":"wp","href":"https:\/\/api.w.org\/{rel}","templated":true}]}}