{"id":49,"date":"2015-02-24T09:38:24","date_gmt":"2015-02-24T08:38:24","guid":{"rendered":"https:\/\/epa.de\/antriebe\/de\/?page_id=49"},"modified":"2022-09-06T11:44:38","modified_gmt":"2022-09-06T09:44:38","slug":"servo-technik","status":"publish","type":"page","link":"https:\/\/epa.de\/antriebe\/de\/produkte\/servo-technik\/","title":{"rendered":"Servo-Technik"},"content":{"rendered":"<p>Zu unserem Lieferprogramm geh\u00f6ren die Hochleistungs-AC-Servomotore der SH-Serie mit Stillstandsdrehmomenten von 0,5 &#8211; 94 Nm.<\/p>\n<p>Zusammen mit der Servoumrichterreihe Digitax ST profitieren Sie von einem hoch dynamischen und flexiblen Servosystem.<\/p>\n<p>Als Systemzubeh\u00f6r liefern wir Ihnen auch passende Servogetriebe sowie vorkonfektionierte Anschlussleitungen.<\/p>\n<p><img loading=\"lazy\" decoding=\"async\" class=\"alignnone size-full wp-image-1495\" src=\"https:\/\/epa.de\/antriebe\/de\/wp-content\/uploads\/sites\/3\/2015\/02\/digitax_servos_kabel.jpg\" alt=\"digitax_servos_kabel\" width=\"1376\" height=\"888\" srcset=\"https:\/\/epa.de\/antriebe\/de\/wp-content\/uploads\/sites\/3\/2015\/02\/digitax_servos_kabel.jpg 1376w, https:\/\/epa.de\/antriebe\/de\/wp-content\/uploads\/sites\/3\/2015\/02\/digitax_servos_kabel-300x194.jpg 300w, https:\/\/epa.de\/antriebe\/de\/wp-content\/uploads\/sites\/3\/2015\/02\/digitax_servos_kabel-1024x661.jpg 1024w\" sizes=\"auto, (max-width: 1376px) 100vw, 1376px\" \/><\/p>\n<h2>Servomotore<\/h2>\n<p>Die Familie der Drehstrom-Servomotore der Baureihe SH erf\u00fcllt h\u00f6chste Anforderungen an Dynamik und Genauigkeit.<\/p>\n<p>Drei Baugr\u00f6\u00dfen mit jeweils zwei bis vier Baul\u00e4ngen bieten f\u00fcr nahezu jeden Anwendungsfall die richtige L\u00f6sung.<\/p>\n<h2>Servogetriebe<\/h2>\n<p>Viele Anwendungen erfordern die Verwendung von hochdynamischen Drehstrom-Servomotoren. Die Bauart dieser Motore l\u00e4sst allerdings nur eine bestimmte Anzahl von Polen zu; daher ist bei niedrigen Drehzahlen und hohem Drehmomentbedarf ein Getriebe einzusetzen.<\/p>\n<p>Hier eignet sich hervorragend das Servo-Planetengetriebe der Baureihe AL. Dieses Getriebe ist mit wenigen Handgriffen an den Servomotor montiert und einsatzf\u00e4hig.<\/p>\n<p><div class=\"products\"><br \/>\n<img loading=\"lazy\" decoding=\"async\" class=\"alignnone wp-image-1631 size-full\" src=\"https:\/\/epa.de\/antriebe\/de\/wp-content\/uploads\/sites\/3\/2015\/02\/servogetriebe.jpg\" alt=\"\" width=\"1100\" height=\"1021\" srcset=\"https:\/\/epa.de\/antriebe\/de\/wp-content\/uploads\/sites\/3\/2015\/02\/servogetriebe.jpg 1100w, https:\/\/epa.de\/antriebe\/de\/wp-content\/uploads\/sites\/3\/2015\/02\/servogetriebe-300x278.jpg 300w, https:\/\/epa.de\/antriebe\/de\/wp-content\/uploads\/sites\/3\/2015\/02\/servogetriebe-768x713.jpg 768w, https:\/\/epa.de\/antriebe\/de\/wp-content\/uploads\/sites\/3\/2015\/02\/servogetriebe-1024x950.jpg 1024w\" sizes=\"auto, (max-width: 1100px) 100vw, 1100px\" \/><\/p>\n<p><strong>Die Vorteile des Servo-Planetengetriebes der Baureihe AL sind:<\/strong><\/p>\n<ul>\n<li>Gro\u00dfer Untersetzungsbereich<\/li>\n<li>Hohe \u00dcberlastsicherheit<\/li>\n<li>Hohe Zuverl\u00e4ssigkeit<\/li>\n<li>Geringes Laufger\u00e4usch<\/li>\n<li>Hoher Wirkungsgrad &gt;95%<\/li>\n<li>Einfacher Motoranbau<\/li>\n<li>Lebensdauerfettschmierung<\/li>\n<\/ul>\n<p><a class=\"jump_to_downloads\" href=\"#downloads\"><i class=\"oi oi-data-transfer-download\"><\/i> Zu Downloads springen<\/a><\/div><\/p>\n","protected":false},"excerpt":{"rendered":"<p>Zu unserem Lieferprogramm geh\u00f6ren die Hochleistungs-AC-Servomotore der SH-Serie mit Stillstandsdrehmomenten von 0,5 &#8211; 94 Nm. Zusammen mit der Servoumrichterreihe Digitax ST profitieren Sie von einem hoch dynamischen und flexiblen Servosystem. Als Systemzubeh\u00f6r liefern wir Ihnen auch passende Servogetriebe sowie vorkonfektionierte Anschlussleitungen. Servomotore Die Familie der Drehstrom-Servomotore der Baureihe SH erf\u00fcllt h\u00f6chste Anforderungen an Dynamik und [&hellip;]<\/p>\n","protected":false},"author":2,"featured_media":1494,"parent":26,"menu_order":5,"comment_status":"open","ping_status":"open","template":"page-downloads.php","meta":{"footnotes":""},"class_list":["post-49","page","type-page","status-publish","has-post-thumbnail","hentry"],"_links":{"self":[{"href":"https:\/\/epa.de\/antriebe\/de\/wp-json\/wp\/v2\/pages\/49","targetHints":{"allow":["GET"]}}],"collection":[{"href":"https:\/\/epa.de\/antriebe\/de\/wp-json\/wp\/v2\/pages"}],"about":[{"href":"https:\/\/epa.de\/antriebe\/de\/wp-json\/wp\/v2\/types\/page"}],"author":[{"embeddable":true,"href":"https:\/\/epa.de\/antriebe\/de\/wp-json\/wp\/v2\/users\/2"}],"replies":[{"embeddable":true,"href":"https:\/\/epa.de\/antriebe\/de\/wp-json\/wp\/v2\/comments?post=49"}],"version-history":[{"count":11,"href":"https:\/\/epa.de\/antriebe\/de\/wp-json\/wp\/v2\/pages\/49\/revisions"}],"predecessor-version":[{"id":1632,"href":"https:\/\/epa.de\/antriebe\/de\/wp-json\/wp\/v2\/pages\/49\/revisions\/1632"}],"up":[{"embeddable":true,"href":"https:\/\/epa.de\/antriebe\/de\/wp-json\/wp\/v2\/pages\/26"}],"wp:featuredmedia":[{"embeddable":true,"href":"https:\/\/epa.de\/antriebe\/de\/wp-json\/wp\/v2\/media\/1494"}],"wp:attachment":[{"href":"https:\/\/epa.de\/antriebe\/de\/wp-json\/wp\/v2\/media?parent=49"}],"curies":[{"name":"wp","href":"https:\/\/api.w.org\/{rel}","templated":true}]}}