{"id":43,"date":"2015-02-24T09:35:30","date_gmt":"2015-02-24T08:35:30","guid":{"rendered":"https:\/\/epa.de\/antriebe\/de\/?page_id=43"},"modified":"2016-01-05T11:53:01","modified_gmt":"2016-01-05T10:53:01","slug":"drehstrom_asynchron_motore","status":"publish","type":"page","link":"https:\/\/epa.de\/antriebe\/de\/produkte\/drehstrom_asynchron_motore\/","title":{"rendered":"DS-Asynchronmotore"},"content":{"rendered":"<p>Motorenhersteller gibt es viele\u2026 Wir haben seit mehr als 20 Jahren hochwertige Qualit\u00e4tsmotoren aus dem Hause VEM in unserem Lieferprogramm. Wir liefern Ihnen die Drehstrommotore nach der neuesten Energie-Effizienzklasse IE2 oder h\u00f6her in g\u00e4ngigen Bauformen ab Lager; gr\u00f6\u00dfere Leistungen sind innerhalb k\u00fcrzester Zeit verf\u00fcgbar. F\u00fcr schnelle Umbauten haben wir Flansche, Kaltleiter und Thermokontakte vorr\u00e4tig.<\/p>\n<p>Auf Wunsch werden die Motore in unserem Hause mit allen g\u00e4ngigen R\u00fcckf\u00fchrungssystemen professionell und kosteng\u00fcnstig ausger\u00fcstet. Nat\u00fcrlich haben wir auch die passenden Fremdl\u00fcfteraggregate f\u00fcr die Motore in unserem Lager vorr\u00e4tig.<\/p>\n<p><div class=\"products\"><br \/>\n<img loading=\"lazy\" decoding=\"async\" class=\"alignnone wp-image-1627 size-full\" src=\"https:\/\/epa.de\/antriebe\/de\/wp-content\/uploads\/sites\/3\/2015\/02\/ds-asynchronmotor.jpg\" alt=\"\" width=\"1100\" height=\"1021\" srcset=\"https:\/\/epa.de\/antriebe\/de\/wp-content\/uploads\/sites\/3\/2015\/02\/ds-asynchronmotor.jpg 1100w, https:\/\/epa.de\/antriebe\/de\/wp-content\/uploads\/sites\/3\/2015\/02\/ds-asynchronmotor-300x278.jpg 300w, https:\/\/epa.de\/antriebe\/de\/wp-content\/uploads\/sites\/3\/2015\/02\/ds-asynchronmotor-768x713.jpg 768w, https:\/\/epa.de\/antriebe\/de\/wp-content\/uploads\/sites\/3\/2015\/02\/ds-asynchronmotor-1024x950.jpg 1024w\" sizes=\"auto, (max-width: 1100px) 100vw, 1100px\" \/><\/p>\n<p><strong>Drehstrom-Asynchronmotore mit K\u00e4figl\u00e4ufer Leistungsbereich 60 W bis 500 kW<\/strong><\/p>\n<ul>\n<li>verschiedene Drehzahlen m\u00f6glich<\/li>\n<li>polumschaltbare Ausf\u00fchrungen m\u00f6glich<\/li>\n<li>geeignet f\u00fcr Betrieb am Frequenzumrichter<\/li>\n<li>energie\u00f6konomisch und umweltfreundlich<\/li>\n<li>Ausf\u00fchrung nach DIN EN 60034 (IEC 72)<\/li>\n<li>Anbauabmessungen und Zuordnung der Leistungen nach DIN 42673, 42677 oder progressiv<\/li>\n<li>robuste schwingungsarme Graugussausf\u00fchrung<\/li>\n<li>Schutzart IP55 (h\u00f6her bis IP65 auf Anfrage)<\/li>\n<li>W\u00e4rmeklasse F mit thermischer Reserve (H optional)<\/li>\n<li>Anschlussk\u00e4sten bis BG 315 wahlweise oben, rechts und links lieferbar<\/li>\n<li>vielf\u00e4ltige Modifizierbarkeit<\/li>\n<li>optional mit angebautem Inkrementalgeber (notwendig f\u00fcr Drehzahlr\u00fcckf\u00fchrung)<\/li>\n<li>optional mit zus\u00e4tzlicher Fremdl\u00fcfterhaube (sinnvoll im Betrieb bei niedriger Drehzahl)<\/li>\n<li>optional in explosionsgesch\u00fctzter Ausf\u00fchrung<\/li>\n<\/ul>\n<p><\/div><\/p>\n<p>Wir bieten die M\u00f6glichkeit die Drehstrommotore\u00a0 zus\u00e4tzlich mit Inkrementalgeber (notwendig f\u00fcr Drehzahlr\u00fcckf\u00fchrung z. B. f\u00fcr den Betrieb mit Frequenzumrichter im &#8218;Closed Loop&#8216;-Modus ) und Fremdl\u00fcfteraggregat (sinnvoll bei Betrieb mit niedriger Drehzahl, wo die Eigenbel\u00fcftung nicht ausreicht) auszustatten.<\/p>\n<p><a href=\"https:\/\/epa.de\/antriebe\/de\/wp-content\/uploads\/sites\/3\/2015\/02\/inkrementalgeber_small.jpg\" data-rel=\"lightbox-image-0\" data-rl_title=\"\" data-rl_caption=\"\" title=\"\"><img loading=\"lazy\" decoding=\"async\" class=\"alignnone size-full wp-image-721\" src=\"https:\/\/epa.de\/antriebe\/de\/wp-content\/uploads\/sites\/3\/2015\/02\/inkrementalgeber_small.jpg\" alt=\"inkrementalgeber_small\" width=\"300\" height=\"200\" \/><\/a><\/p>\n<p>Angebauter Inkrementalgeber f\u00fcr Drehzahlr\u00fcckf\u00fchrung<\/p>\n<p><a href=\"https:\/\/epa.de\/antriebe\/de\/wp-content\/uploads\/sites\/3\/2015\/02\/fremdluefter_Anbau.jpg\" data-rel=\"lightbox-image-1\" data-rl_title=\"\" data-rl_caption=\"\" title=\"\"><img loading=\"lazy\" decoding=\"async\" class=\"alignnone size-full wp-image-704\" src=\"https:\/\/epa.de\/antriebe\/de\/wp-content\/uploads\/sites\/3\/2015\/02\/fremdluefter_Anbau.jpg\" alt=\"fremdluefter_Anbau\" width=\"285\" height=\"200\" \/><\/a><\/p>\n<p>Fremdl\u00fcfteranbau zur Motor-K\u00fchlung<\/p>\n<p><a href=\"https:\/\/epa.de\/antriebe\/de\/wp-content\/uploads\/sites\/3\/2015\/02\/DSC_0021b.jpg\" data-rel=\"lightbox-image-2\" data-rl_title=\"\" data-rl_caption=\"\" title=\"\"><img loading=\"lazy\" decoding=\"async\" class=\"alignnone wp-image-720\" src=\"https:\/\/epa.de\/antriebe\/de\/wp-content\/uploads\/sites\/3\/2015\/02\/DSC_0021b.jpg\" alt=\"DSC_0021b\" width=\"287\" height=\"279\" srcset=\"https:\/\/epa.de\/antriebe\/de\/wp-content\/uploads\/sites\/3\/2015\/02\/DSC_0021b.jpg 617w, https:\/\/epa.de\/antriebe\/de\/wp-content\/uploads\/sites\/3\/2015\/02\/DSC_0021b-300x292.jpg 300w\" sizes=\"auto, (max-width: 287px) 100vw, 287px\" \/><\/a><\/p>\n<p>Motor mit Frequenzumrichteranbau<\/p>\n","protected":false},"excerpt":{"rendered":"<p>Motorenhersteller gibt es viele\u2026 Wir haben seit mehr als 20 Jahren hochwertige Qualit\u00e4tsmotoren aus dem Hause VEM in unserem Lieferprogramm. Wir liefern Ihnen die Drehstrommotore nach der neuesten Energie-Effizienzklasse IE2 oder h\u00f6her in g\u00e4ngigen Bauformen ab Lager; gr\u00f6\u00dfere Leistungen sind innerhalb k\u00fcrzester Zeit verf\u00fcgbar. F\u00fcr schnelle Umbauten haben wir Flansche, Kaltleiter und Thermokontakte vorr\u00e4tig. Auf [&hellip;]<\/p>\n","protected":false},"author":2,"featured_media":1516,"parent":26,"menu_order":3,"comment_status":"open","ping_status":"open","template":"","meta":{"footnotes":""},"class_list":["post-43","page","type-page","status-publish","has-post-thumbnail","hentry"],"_links":{"self":[{"href":"https:\/\/epa.de\/antriebe\/de\/wp-json\/wp\/v2\/pages\/43","targetHints":{"allow":["GET"]}}],"collection":[{"href":"https:\/\/epa.de\/antriebe\/de\/wp-json\/wp\/v2\/pages"}],"about":[{"href":"https:\/\/epa.de\/antriebe\/de\/wp-json\/wp\/v2\/types\/page"}],"author":[{"embeddable":true,"href":"https:\/\/epa.de\/antriebe\/de\/wp-json\/wp\/v2\/users\/2"}],"replies":[{"embeddable":true,"href":"https:\/\/epa.de\/antriebe\/de\/wp-json\/wp\/v2\/comments?post=43"}],"version-history":[{"count":12,"href":"https:\/\/epa.de\/antriebe\/de\/wp-json\/wp\/v2\/pages\/43\/revisions"}],"predecessor-version":[{"id":1628,"href":"https:\/\/epa.de\/antriebe\/de\/wp-json\/wp\/v2\/pages\/43\/revisions\/1628"}],"up":[{"embeddable":true,"href":"https:\/\/epa.de\/antriebe\/de\/wp-json\/wp\/v2\/pages\/26"}],"wp:featuredmedia":[{"embeddable":true,"href":"https:\/\/epa.de\/antriebe\/de\/wp-json\/wp\/v2\/media\/1516"}],"wp:attachment":[{"href":"https:\/\/epa.de\/antriebe\/de\/wp-json\/wp\/v2\/media?parent=43"}],"curies":[{"name":"wp","href":"https:\/\/api.w.org\/{rel}","templated":true}]}}