{"id":4,"date":"2015-02-23T10:12:45","date_gmt":"2015-02-23T09:12:45","guid":{"rendered":"https:\/\/epa.de\/antriebe\/de\/?page_id=4"},"modified":"2021-02-05T10:28:47","modified_gmt":"2021-02-05T09:28:47","slug":"herzlich-willkommen-bei-der-epa-gmbh","status":"publish","type":"page","link":"https:\/\/epa.de\/antriebe\/de\/","title":{"rendered":"Was wir f\u00fcr Sie tun k\u00f6nnen"},"content":{"rendered":"<p>EMV-Qualit\u00e4tsprodukte zu attraktiven Preisen bei kurzen Lieferzeiten.<\/p>\n<p>Unsere langj\u00e4hrige Erfahrung und unser Know-how garantieren Ihnen preiswerte Produkte bei erstklassiger Qualit\u00e4t. Wir helfen Ihnen EMV-gerechte und sichere Anlagen und Ger\u00e4te herzustellen, damit Sie die Grenzwerte nach den EN-Standards einhalten. Wir unterst\u00fctzen Sie bei der Erarbeitung eines EMV- und Erdungskonzeptes f\u00fcr Ihre Maschinen und Ger\u00e4te, bei einer EMV-gerechten Ausf\u00fchrung Ihrer Schaltschr\u00e4nke sowie bei der Realisierung der CE-Konformit\u00e4t Ihrer Produkte.<\/p>\n<p>Als mittelst\u00e4ndisches Unternehmen haben wir schnelle Entwicklungszeiten f\u00fcr Sonderl\u00f6sungen und kurze Bearbeitungszeiten f\u00fcr Anfragen und Auftr\u00e4ge. Unser \u00fcber 1.500 m\u00b2 gro\u00dfes Lager mit \u00fcber 2.000 verschiedenen Produkten sorgt f\u00fcr schnelle und kurzfristige Lieferungen, auch innerhalb von wenigen Stunden.<\/p>\n<p>Kundenzufriedenheit, Kundenorientierung und Leistungsst\u00e4rke sind das Credo unseres Unternehmens.<\/p>\n<p>Sie m\u00f6chten gerne eine individuelle Fachberatung oder eine EMV-Messung vor Ort? Kein Problem, auch Messtermine direkt an Ihrem Ger\u00e4t, Ihrer Maschine oder in unserer eigenen EMV-Absorberkabine sind kurzfristig verf\u00fcgbar. Unsere Kundenberater erwarten Ihren Terminvorschlag!<\/p>\n<p>Ein eingespieltes, erfahrenes Mitarbeiterteam bietet Ihnen die M\u00f6glichkeit zu all Ihren Fragen und Problemen die passenden Antworten und L\u00f6sungen zu finden.<\/p>\n<p>Haben Sie weitere W\u00fcnsche? Flexibel sein ist unsere St\u00e4rke! Lassen Sie sich davon \u00fcberzeugen, dass wir der richtige Partner f\u00fcr Sie sind!<\/p>\n","protected":false},"excerpt":{"rendered":"<p>EMV-Qualit\u00e4tsprodukte zu attraktiven Preisen bei kurzen Lieferzeiten. Unsere langj\u00e4hrige Erfahrung und unser Know-how garantieren Ihnen preiswerte Produkte bei erstklassiger Qualit\u00e4t. Wir helfen Ihnen EMV-gerechte und sichere Anlagen und Ger\u00e4te herzustellen, damit Sie die Grenzwerte nach den EN-Standards einhalten. Wir unterst\u00fctzen Sie bei der Erarbeitung eines EMV- und Erdungskonzeptes f\u00fcr Ihre Maschinen und Ger\u00e4te, bei einer [&hellip;]<\/p>\n","protected":false},"author":1,"featured_media":0,"parent":0,"menu_order":0,"comment_status":"open","ping_status":"open","template":"page-welcome.php","meta":{"footnotes":""},"class_list":["post-4","page","type-page","status-publish","hentry"],"_links":{"self":[{"href":"https:\/\/epa.de\/antriebe\/de\/wp-json\/wp\/v2\/pages\/4","targetHints":{"allow":["GET"]}}],"collection":[{"href":"https:\/\/epa.de\/antriebe\/de\/wp-json\/wp\/v2\/pages"}],"about":[{"href":"https:\/\/epa.de\/antriebe\/de\/wp-json\/wp\/v2\/types\/page"}],"author":[{"embeddable":true,"href":"https:\/\/epa.de\/antriebe\/de\/wp-json\/wp\/v2\/users\/1"}],"replies":[{"embeddable":true,"href":"https:\/\/epa.de\/antriebe\/de\/wp-json\/wp\/v2\/comments?post=4"}],"version-history":[{"count":10,"href":"https:\/\/epa.de\/antriebe\/de\/wp-json\/wp\/v2\/pages\/4\/revisions"}],"predecessor-version":[{"id":1908,"href":"https:\/\/epa.de\/antriebe\/de\/wp-json\/wp\/v2\/pages\/4\/revisions\/1908"}],"wp:attachment":[{"href":"https:\/\/epa.de\/antriebe\/de\/wp-json\/wp\/v2\/media?parent=4"}],"curies":[{"name":"wp","href":"https:\/\/api.w.org\/{rel}","templated":true}]}}