{"id":2618,"date":"2024-06-05T16:06:31","date_gmt":"2024-06-05T14:06:31","guid":{"rendered":"https:\/\/epa.de\/antriebe\/de\/?page_id=2618"},"modified":"2024-06-05T16:06:31","modified_gmt":"2024-06-05T14:06:31","slug":"qualitaets-und-umweltpolitik","status":"publish","type":"page","link":"https:\/\/epa.de\/antriebe\/de\/unternehmen\/qualitaets-und-umweltpolitik\/","title":{"rendered":"Qualit\u00e4ts- und Umweltpolitik"},"content":{"rendered":"<div class=\"entry-content\">\n<h2>Qualit\u00e4tspolitik<\/h2>\n<p>\u201eDie EPA GmbH f\u00fchrt ihre T\u00e4tigkeiten so aus, dass sie nachhaltig den Anforderungen der Kunden und der Anteilseigner der GmbH entspricht. Die Firma macht ihren Mitarbeitern und Lieferanten bewusst, dass Kundenzufriedenheit in den Vordergrund gestellt werden muss. Zu diesem Zweck definiert, entwickelt, und verwendet die EPA GmbH ihr Managementsystem, ihre Infrastruktur sowie ihre materiellen und personellen Ressourcen. Jedes Handeln erfolgt unter Ber\u00fccksichtigung aller Aspekte des Managementsystems. Diese unternehmerischen T\u00e4tigkeiten dienen der Festigung und Ausweitung der Marktposition sowie der Sicherung unserer Arbeitspl\u00e4tze.\u201c<\/p>\n<h2>Umweltpolitik<\/h2>\n<p>\u201eDie EPA GmbH verpflichtet sich, im Rahmen ihrer unternehmerischen T\u00e4tigkeit einen aktiven Beitrag f\u00fcr eine sichere Zukunft von Umwelt, dem Unternehmen und somit auch ihren Mitarbeitern zu leisten. Dies will sie durch nachhaltiges Wirtschaften und angemessenes Wachstum erreichen. Das firmeneigene (Umwelt-)Managementsystem bildet die Basis f\u00fcr Nachhaltigkeit.\u201c<\/p>\n<\/div>\n","protected":false},"excerpt":{"rendered":"<p>Qualit\u00e4tspolitik \u201eDie EPA GmbH f\u00fchrt ihre T\u00e4tigkeiten so aus, dass sie nachhaltig den Anforderungen der Kunden und der Anteilseigner der GmbH entspricht. Die Firma macht ihren Mitarbeitern und Lieferanten bewusst, dass Kundenzufriedenheit in den Vordergrund gestellt werden muss. Zu diesem Zweck definiert, entwickelt, und verwendet die EPA GmbH ihr Managementsystem, ihre Infrastruktur sowie ihre materiellen [&hellip;]<\/p>\n","protected":false},"author":1,"featured_media":0,"parent":71,"menu_order":0,"comment_status":"closed","ping_status":"closed","template":"","meta":{"footnotes":""},"class_list":["post-2618","page","type-page","status-publish","hentry"],"_links":{"self":[{"href":"https:\/\/epa.de\/antriebe\/de\/wp-json\/wp\/v2\/pages\/2618","targetHints":{"allow":["GET"]}}],"collection":[{"href":"https:\/\/epa.de\/antriebe\/de\/wp-json\/wp\/v2\/pages"}],"about":[{"href":"https:\/\/epa.de\/antriebe\/de\/wp-json\/wp\/v2\/types\/page"}],"author":[{"embeddable":true,"href":"https:\/\/epa.de\/antriebe\/de\/wp-json\/wp\/v2\/users\/1"}],"replies":[{"embeddable":true,"href":"https:\/\/epa.de\/antriebe\/de\/wp-json\/wp\/v2\/comments?post=2618"}],"version-history":[{"count":1,"href":"https:\/\/epa.de\/antriebe\/de\/wp-json\/wp\/v2\/pages\/2618\/revisions"}],"predecessor-version":[{"id":2619,"href":"https:\/\/epa.de\/antriebe\/de\/wp-json\/wp\/v2\/pages\/2618\/revisions\/2619"}],"up":[{"embeddable":true,"href":"https:\/\/epa.de\/antriebe\/de\/wp-json\/wp\/v2\/pages\/71"}],"wp:attachment":[{"href":"https:\/\/epa.de\/antriebe\/de\/wp-json\/wp\/v2\/media?parent=2618"}],"curies":[{"name":"wp","href":"https:\/\/api.w.org\/{rel}","templated":true}]}}