{"id":26,"date":"2015-02-23T10:28:03","date_gmt":"2015-02-23T09:28:03","guid":{"rendered":"https:\/\/epa.de\/antriebe\/de\/?page_id=26"},"modified":"2018-07-11T15:23:37","modified_gmt":"2018-07-11T13:23:37","slug":"produkte","status":"publish","type":"page","link":"https:\/\/epa.de\/antriebe\/de\/produkte\/","title":{"rendered":"Produkte"},"content":{"rendered":"<div class=\"product_categories\"><div class=\"product_category\"><img loading=\"lazy\" decoding=\"async\" width=\"360\" height=\"360\" src=\"https:\/\/epa.de\/antriebe\/de\/wp-content\/uploads\/sites\/3\/2015\/03\/@drive_header-360x360.jpg\" class=\"attachment-thumbnail size-thumbnail wp-post-image\" alt=\"\" \/><a href=\"https:\/\/epa.de\/antriebe\/de\/produkte\/frequenzumrichter\/\"><span><h3 class=\"product_category_title\">Frequenzumrichter<\/h3><\/span><\/a><\/div><div class=\"product_category\"><img loading=\"lazy\" decoding=\"async\" width=\"360\" height=\"360\" src=\"https:\/\/epa.de\/antriebe\/de\/wp-content\/uploads\/sites\/3\/2015\/02\/header_ds-motore-360x360.jpg\" class=\"attachment-thumbnail size-thumbnail wp-post-image\" alt=\"\" \/><a href=\"https:\/\/epa.de\/antriebe\/de\/produkte\/drehstrom_asynchron_motore\/\"><span><h3 class=\"product_category_title\">DS-Asynchronmotore<\/h3><\/span><\/a><\/div><div class=\"product_category\"><img loading=\"lazy\" decoding=\"async\" width=\"360\" height=\"360\" src=\"https:\/\/epa.de\/antriebe\/de\/wp-content\/uploads\/sites\/3\/2015\/02\/header_fremdluefter-360x360.jpg\" class=\"attachment-thumbnail size-thumbnail wp-post-image\" alt=\"\" \/><a href=\"https:\/\/epa.de\/antriebe\/de\/produkte\/fremdluefteraggregate_motore\/\"><span><h3 class=\"product_category_title\">Fremdl\u00fcfter f\u00fcr Motore<\/h3><\/span><\/a><\/div><div class=\"product_category\"><img loading=\"lazy\" decoding=\"async\" width=\"360\" height=\"360\" src=\"https:\/\/epa.de\/antriebe\/de\/wp-content\/uploads\/sites\/3\/2015\/02\/header_servomotore-360x360.jpg\" class=\"attachment-thumbnail size-thumbnail wp-post-image\" alt=\"\" \/><a href=\"https:\/\/epa.de\/antriebe\/de\/produkte\/servo-technik\/\"><span><h3 class=\"product_category_title\">Servo-Technik<\/h3><\/span><\/a><\/div><div class=\"product_category\"><img loading=\"lazy\" decoding=\"async\" width=\"360\" height=\"360\" src=\"https:\/\/epa.de\/antriebe\/de\/wp-content\/uploads\/sites\/3\/2015\/02\/header_sinusfilter-360x360.jpg\" class=\"attachment-thumbnail size-thumbnail wp-post-image\" alt=\"\" \/><a href=\"https:\/\/epa.de\/antriebe\/de\/produkte\/sinusfilter\/\"><span><h3 class=\"product_category_title\">Sinusfilter<\/h3><\/span><\/a><\/div><div class=\"product_category\"><img loading=\"lazy\" decoding=\"async\" width=\"360\" height=\"360\" src=\"https:\/\/epa.de\/antriebe\/de\/wp-content\/uploads\/sites\/3\/2015\/02\/header_motordrosseln-360x360.jpg\" class=\"attachment-thumbnail size-thumbnail wp-post-image\" alt=\"\" \/><a href=\"https:\/\/epa.de\/antriebe\/de\/produkte\/motordrosseln\/\"><span><h3 class=\"product_category_title\">Motordrosseln<\/h3><\/span><\/a><\/div><div class=\"product_category\"><img loading=\"lazy\" decoding=\"async\" width=\"360\" height=\"360\" src=\"https:\/\/epa.de\/antriebe\/de\/wp-content\/uploads\/sites\/3\/2015\/02\/header_sonderfilter-360x360.jpg\" class=\"attachment-thumbnail size-thumbnail wp-post-image\" alt=\"\" \/><a href=\"https:\/\/epa.de\/antriebe\/de\/produkte\/sonderloesungen-kundenspezifische-filter\/\"><span><h3 class=\"product_category_title\">Sonderl\u00f6sungen (kundenspezifische Filter)<\/h3><\/span><\/a><\/div><div class=\"product_category\"><img loading=\"lazy\" decoding=\"async\" width=\"360\" height=\"360\" src=\"https:\/\/epa.de\/antriebe\/de\/wp-content\/uploads\/sites\/3\/2015\/02\/header_nf-u-360x360.jpg\" class=\"attachment-thumbnail size-thumbnail wp-post-image\" alt=\"\" \/><a href=\"https:\/\/epa.de\/antriebe\/de\/produkte\/unterbau-netzfilter\/\"><span><h3 class=\"product_category_title\">Unterbau-Netzfilter<\/h3><\/span><\/a><\/div><div class=\"product_category\"><img loading=\"lazy\" decoding=\"async\" width=\"360\" height=\"360\" src=\"https:\/\/epa.de\/antriebe\/de\/wp-content\/uploads\/sites\/3\/2015\/02\/header_harmonic-360x360.jpg\" class=\"attachment-thumbnail size-thumbnail wp-post-image\" alt=\"\" \/><a href=\"https:\/\/epa.de\/antriebe\/de\/produkte\/harmonic-filter-oberschwingungsfilter\/\"><span><h3 class=\"product_category_title\">Harmonic-Filter \/ Oberschwingungsfilter<\/h3><\/span><\/a><\/div><div class=\"product_category\"><img loading=\"lazy\" decoding=\"async\" width=\"360\" height=\"360\" src=\"https:\/\/epa.de\/antriebe\/de\/wp-content\/uploads\/sites\/3\/2015\/02\/header_ableitstrom_reduktionsfilter-360x360.jpg\" class=\"attachment-thumbnail size-thumbnail wp-post-image\" alt=\"\" \/><a href=\"https:\/\/epa.de\/antriebe\/de\/produkte\/ableitstrom-filter\/\"><span><h3 class=\"product_category_title\">Ableitstrom-Reduktionsfilter<\/h3><\/span><\/a><\/div><div class=\"product_category\"><img loading=\"lazy\" decoding=\"async\" width=\"360\" height=\"360\" src=\"https:\/\/epa.de\/antriebe\/de\/wp-content\/uploads\/sites\/3\/2015\/04\/header_bremswiderstaende-360x360.jpg\" class=\"attachment-thumbnail size-thumbnail wp-post-image\" alt=\"\" \/><a href=\"https:\/\/epa.de\/antriebe\/de\/produkte\/bremswiderstaende\/\"><span><h3 class=\"product_category_title\">Bremswiderst\u00e4nde<\/h3><\/span><\/a><\/div><div class=\"product_category\"><img loading=\"lazy\" decoding=\"async\" width=\"360\" height=\"360\" src=\"https:\/\/epa.de\/antriebe\/de\/wp-content\/uploads\/sites\/3\/2015\/05\/header_rccb-360x360.jpg\" class=\"attachment-thumbnail size-thumbnail wp-post-image\" alt=\"\" \/><a href=\"https:\/\/epa.de\/antriebe\/de\/produkte\/fi-schutzschalter-typ-b\/\"><span><h3 class=\"product_category_title\">FI-Schutzschalter Typ B<\/h3><\/span><\/a><\/div><div class=\"product_category\"><img loading=\"lazy\" decoding=\"async\" width=\"360\" height=\"360\" src=\"https:\/\/epa.de\/antriebe\/de\/wp-content\/uploads\/sites\/3\/2015\/05\/komplettsysteme-360x360.jpg\" class=\"attachment-thumbnail size-thumbnail wp-post-image\" alt=\"\" \/><a href=\"https:\/\/epa.de\/antriebe\/de\/produkte\/komplettsysteme\/\"><span><h3 class=\"product_category_title\">Komplettsysteme<\/h3><\/span><\/a><\/div><div class=\"product_category\"><img loading=\"lazy\" decoding=\"async\" width=\"360\" height=\"360\" src=\"https:\/\/epa.de\/antriebe\/de\/wp-content\/uploads\/sites\/3\/2015\/05\/header_pecon-360x360.jpg\" class=\"attachment-thumbnail size-thumbnail wp-post-image\" alt=\"\" \/><a href=\"https:\/\/epa.de\/antriebe\/de\/produkte\/schutzleiterueberwachung-pecon\/\"><span><h3 class=\"product_category_title\">Schutzleiter\u00fcberwachung PECON+<\/h3><\/span><\/a><\/div><div class=\"product_category\"><img loading=\"lazy\" decoding=\"async\" width=\"360\" height=\"360\" src=\"https:\/\/epa.de\/antriebe\/de\/wp-content\/uploads\/sites\/3\/2015\/05\/header_systemzubehoer-360x360.jpg\" class=\"attachment-thumbnail size-thumbnail wp-post-image\" alt=\"\" \/><a href=\"https:\/\/epa.de\/antriebe\/de\/produkte\/systemzubehoer\/\"><span><h3 class=\"product_category_title\">Systemzubeh\u00f6r<\/h3><\/span><\/a><\/div><div class=\"product_category\"><img loading=\"lazy\" decoding=\"async\" width=\"360\" height=\"360\" src=\"https:\/\/epa.de\/antriebe\/de\/wp-content\/uploads\/sites\/3\/2016\/11\/header_nf-1phasig-360x360.jpg\" class=\"attachment-thumbnail size-thumbnail wp-post-image\" alt=\"\" \/><a href=\"https:\/\/epa.de\/antriebe\/de\/produkte\/netzfilter-einphasig\/\"><span><h3 class=\"product_category_title\">Netzfilter einphasig<\/h3><\/span><\/a><\/div><div class=\"product_category\"><img loading=\"lazy\" decoding=\"async\" width=\"360\" height=\"360\" src=\"https:\/\/epa.de\/antriebe\/de\/wp-content\/uploads\/sites\/3\/2016\/11\/header_nf-3phasig-360x360.jpg\" class=\"attachment-thumbnail size-thumbnail wp-post-image\" alt=\"\" \/><a href=\"https:\/\/epa.de\/antriebe\/de\/produkte\/netzfilter-dreiphasig\/\"><span><h3 class=\"product_category_title\">Netzfilter dreiphasig<\/h3><\/span><\/a><\/div><div class=\"product_category\"><img loading=\"lazy\" decoding=\"async\" width=\"360\" height=\"360\" src=\"https:\/\/epa.de\/antriebe\/de\/wp-content\/uploads\/sites\/3\/2016\/11\/header_nf-3phasig_mit_neutral-360x360.jpg\" class=\"attachment-thumbnail size-thumbnail wp-post-image\" alt=\"\" \/><a href=\"https:\/\/epa.de\/antriebe\/de\/produkte\/netzfilter-dreiphasig-mit-neutralleiter\/\"><span><h3 class=\"product_category_title\">Netzfilter dreiphasig (mit Neutralleiter)<\/h3><\/span><\/a><\/div><div class=\"product_category\"><img loading=\"lazy\" decoding=\"async\" width=\"360\" height=\"360\" src=\"https:\/\/epa.de\/antriebe\/de\/wp-content\/uploads\/sites\/3\/2016\/12\/AF-BCR_Header-360x360.jpg\" class=\"attachment-thumbnail size-thumbnail wp-post-image\" alt=\"\" \/><a href=\"https:\/\/epa.de\/antriebe\/de\/produkte\/absorptionsfilter\/\"><span><h3 class=\"product_category_title\">Absorptionsfilter<\/h3><\/span><\/a><\/div><div class=\"product_category\"><img loading=\"lazy\" decoding=\"async\" width=\"360\" height=\"360\" src=\"https:\/\/epa.de\/antriebe\/de\/wp-content\/uploads\/sites\/3\/2018\/07\/header_netzdrosseln-360x360.jpg\" class=\"attachment-thumbnail size-thumbnail wp-post-image\" alt=\"\" \/><a href=\"https:\/\/epa.de\/antriebe\/de\/produkte\/netzdrosseln\/\"><span><h3 class=\"product_category_title\">Netzdrosseln<\/h3><\/span><\/a><\/div><div class=\"product_category\"><img loading=\"lazy\" decoding=\"async\" width=\"360\" height=\"360\" src=\"https:\/\/epa.de\/antriebe\/de\/wp-content\/uploads\/sites\/3\/2020\/03\/header_rccb_typ_f-360x360.jpg\" class=\"attachment-thumbnail size-thumbnail wp-post-image\" alt=\"\" \/><a href=\"https:\/\/epa.de\/antriebe\/de\/produkte\/fi-schutzschalter-typ-f\/\"><span><h3 class=\"product_category_title\">FI-Schutzschalter Typ F<\/h3><\/span><\/a><\/div><\/div>\r\n\r\n<div style=\"clear: both; padding-top: 2em;\">\r\n<p>Wir helfen Ihnen gerne, die f\u00fcr Ihre Anwendung beste und kosteng\u00fcnstigste L\u00f6sung zu finden!<\/p>\r\n\r\n<p><strong>Rufen Sie uns an +49 (0) 61 81 \u2013 97 04 \u2013 0<\/strong><\/p>\r\n<\/div>","protected":false},"excerpt":{"rendered":"<p>Wir helfen Ihnen gerne, die f\u00fcr Ihre Anwendung beste und kosteng\u00fcnstigste L\u00f6sung zu finden! Rufen Sie uns an +49 (0) 61 81 \u2013 97 04 \u2013 0<\/p>\n","protected":false},"author":1,"featured_media":0,"parent":0,"menu_order":0,"comment_status":"open","ping_status":"open","template":"page-products.php","meta":{"footnotes":""},"class_list":["post-26","page","type-page","status-publish","hentry"],"_links":{"self":[{"href":"https:\/\/epa.de\/antriebe\/de\/wp-json\/wp\/v2\/pages\/26","targetHints":{"allow":["GET"]}}],"collection":[{"href":"https:\/\/epa.de\/antriebe\/de\/wp-json\/wp\/v2\/pages"}],"about":[{"href":"https:\/\/epa.de\/antriebe\/de\/wp-json\/wp\/v2\/types\/page"}],"author":[{"embeddable":true,"href":"https:\/\/epa.de\/antriebe\/de\/wp-json\/wp\/v2\/users\/1"}],"replies":[{"embeddable":true,"href":"https:\/\/epa.de\/antriebe\/de\/wp-json\/wp\/v2\/comments?post=26"}],"version-history":[{"count":16,"href":"https:\/\/epa.de\/antriebe\/de\/wp-json\/wp\/v2\/pages\/26\/revisions"}],"predecessor-version":[{"id":2034,"href":"https:\/\/epa.de\/antriebe\/de\/wp-json\/wp\/v2\/pages\/26\/revisions\/2034"}],"wp:attachment":[{"href":"https:\/\/epa.de\/antriebe\/de\/wp-json\/wp\/v2\/media?parent=26"}],"curies":[{"name":"wp","href":"https:\/\/api.w.org\/{rel}","templated":true}]}}