{"id":2453,"date":"2022-07-27T14:06:38","date_gmt":"2022-07-27T12:06:38","guid":{"rendered":"https:\/\/epa.de\/antriebe\/de\/?page_id=2453"},"modified":"2022-07-27T14:06:38","modified_gmt":"2022-07-27T12:06:38","slug":"kostal-inveor-m","status":"publish","type":"page","link":"https:\/\/epa.de\/antriebe\/de\/produkte\/frequenzumrichter\/kostal-inveor-m\/","title":{"rendered":"KOSTAL INVEOR M"},"content":{"rendered":"<p>Robuster und effizienter Antriebsregler f\u00fcr Anwendungen mit Asynchron- und Synchronmotoren mit umfangreicher Ausstattung wie Feldbus, Bluetooth, Safety, Soft SPS.<\/p>\n<p><div class=\"products\"><br \/>\n<img loading=\"lazy\" decoding=\"async\" src=\"https:\/\/epa.de\/antriebe\/de\/wp-content\/uploads\/sites\/3\/2022\/07\/KOSTSAL_INVEOR_M.jpg\" alt=\"\" width=\"1100\" height=\"1021\" class=\"alignnone size-full wp-image-2467\" srcset=\"https:\/\/epa.de\/antriebe\/de\/wp-content\/uploads\/sites\/3\/2022\/07\/KOSTSAL_INVEOR_M.jpg 1100w, https:\/\/epa.de\/antriebe\/de\/wp-content\/uploads\/sites\/3\/2022\/07\/KOSTSAL_INVEOR_M-480x446.jpg 480w, https:\/\/epa.de\/antriebe\/de\/wp-content\/uploads\/sites\/3\/2022\/07\/KOSTSAL_INVEOR_M-1024x950.jpg 1024w, https:\/\/epa.de\/antriebe\/de\/wp-content\/uploads\/sites\/3\/2022\/07\/KOSTSAL_INVEOR_M-768x713.jpg 768w\" sizes=\"auto, (max-width: 1100px) 100vw, 1100px\" \/><\/p>\n<ul>\n<li>Unterst\u00fctzung aller Synchron-, Synchronreluktanz und Asynchronmotoren mit maximaler Energieeffizenz<\/li>\n<li>Kein Schaltschrank erforderlich, Motor- und Wandmontage m\u00f6glich<\/li>\n<li>Bis zu 200% \u00dcberlast f\u00fcr 3 Sekunden, 150% \u00dcberlast f\u00fcr 60 Sekunden<\/li>\n<li>Leistungsbereich 0,37kW bis 30kW<\/li>\n<li>Wartungsfrei bis zu 7,5 kW dank l\u00fcfterlosem Design<\/li>\n<li>Einfache Inbetriebnahme per Bluetooth-App, PC-Software oder MMI<\/li>\n<li>Alle g\u00e4ngigen Feldbusse verf\u00fcgbar<\/li>\n<li>Flexibler Einsatz sowohl in 1- und 3-Phasen-Versorgungsnetzen wie auch in DC-Netzen<\/li>\n<li>Geringe Netzr\u00fcckwirkung (THD) dankintegrierter Netzdrossel, keine zus\u00e4tzlichen, externen Filter n\u00f6tig<\/li>\n<li>Geringe Ableit- und Ber\u00fchrungsstr\u00f6me<\/li>\n<li>Integrierter EMV-Filter Klasse C1<\/li>\n<li>Schutzart: IP65<\/li>\n<\/ul>\n<p><a class=\"jump_to_downloads\" href=\"#downloads\"><i class=\"oi oi-data-transfer-download\"><\/i> Zu Downloads springen<\/a><\/div><\/p>\n","protected":false},"excerpt":{"rendered":"<p>Robuster und effizienter Antriebsregler f\u00fcr Anwendungen mit Asynchron- und Synchronmotoren mit umfangreicher Ausstattung wie Feldbus, Bluetooth, Safety, Soft SPS.<\/p>\n","protected":false},"author":1,"featured_media":0,"parent":19,"menu_order":0,"comment_status":"closed","ping_status":"closed","template":"page-downloads.php","meta":{"footnotes":""},"class_list":["post-2453","page","type-page","status-publish","hentry"],"_links":{"self":[{"href":"https:\/\/epa.de\/antriebe\/de\/wp-json\/wp\/v2\/pages\/2453","targetHints":{"allow":["GET"]}}],"collection":[{"href":"https:\/\/epa.de\/antriebe\/de\/wp-json\/wp\/v2\/pages"}],"about":[{"href":"https:\/\/epa.de\/antriebe\/de\/wp-json\/wp\/v2\/types\/page"}],"author":[{"embeddable":true,"href":"https:\/\/epa.de\/antriebe\/de\/wp-json\/wp\/v2\/users\/1"}],"replies":[{"embeddable":true,"href":"https:\/\/epa.de\/antriebe\/de\/wp-json\/wp\/v2\/comments?post=2453"}],"version-history":[{"count":9,"href":"https:\/\/epa.de\/antriebe\/de\/wp-json\/wp\/v2\/pages\/2453\/revisions"}],"predecessor-version":[{"id":2488,"href":"https:\/\/epa.de\/antriebe\/de\/wp-json\/wp\/v2\/pages\/2453\/revisions\/2488"}],"up":[{"embeddable":true,"href":"https:\/\/epa.de\/antriebe\/de\/wp-json\/wp\/v2\/pages\/19"}],"wp:attachment":[{"href":"https:\/\/epa.de\/antriebe\/de\/wp-json\/wp\/v2\/media?parent=2453"}],"curies":[{"name":"wp","href":"https:\/\/api.w.org\/{rel}","templated":true}]}}