{"id":2403,"date":"2022-04-06T15:39:43","date_gmt":"2022-04-06T13:39:43","guid":{"rendered":"https:\/\/epa.de\/antriebe\/de\/?page_id=2403"},"modified":"2022-07-27T11:51:01","modified_gmt":"2022-07-27T09:51:01","slug":"schneider-electric-altivar-atv12","status":"publish","type":"page","link":"https:\/\/epa.de\/antriebe\/de\/produkte\/frequenzumrichter\/schneider-electric-altivar-atv12\/","title":{"rendered":"Schneider Electric Altivar ATV12"},"content":{"rendered":"<p>Die Baureihe Altivar Machine wurde f\u00fcr einfache Anforderungen bis hin zu Spitzenanforderungen f\u00fcr den Maschinen- und Anlagenbau entwickelt.<\/p>\n<p><div class=\"products\"><br \/>\n<img loading=\"lazy\" decoding=\"async\" src=\"https:\/\/epa.de\/antriebe\/de\/wp-content\/uploads\/sites\/3\/2022\/04\/ATV12.jpg\" alt=\"\" width=\"1100\" height=\"1021\" class=\"alignnone size-full wp-image-2404\" srcset=\"https:\/\/epa.de\/antriebe\/de\/wp-content\/uploads\/sites\/3\/2022\/04\/ATV12.jpg 1100w, https:\/\/epa.de\/antriebe\/de\/wp-content\/uploads\/sites\/3\/2022\/04\/ATV12-480x446.jpg 480w, https:\/\/epa.de\/antriebe\/de\/wp-content\/uploads\/sites\/3\/2022\/04\/ATV12-1024x950.jpg 1024w, https:\/\/epa.de\/antriebe\/de\/wp-content\/uploads\/sites\/3\/2022\/04\/ATV12-768x713.jpg 768w\" sizes=\"auto, (max-width: 1100px) 100vw, 1100px\" \/><\/p>\n<h2>Altivar 12<\/h2>\n<p>Frequenzumrichter f\u00fcr einfache Anwendungen, wie z.B. zur Bel\u00fcftung von Gro\u00dfk\u00fcchen, in Einsackmaschinen, B\u00e4ckerei-Knetmaschinen, Gew\u00e4chsh\u00e4usern, Autowaschanlagen, holzverarbeitenden Maschinen, Reinigungsmaschinen, Schimmbad- oder Bew\u00e4sserungspumpen, etc.<\/p>\n<ul>\n<li>F\u00fcr Asynchronmotoren<\/li>\n<li>Leistungsbereich in kW: 0,18 bis 4 kW<\/li>\n<li>Spannung einphasig: 120 bis 240 V (50\/60Hz)<\/li>\n<li>Spannung dreiphasig: 240 V (50\/60Hz)<\/li>\n<li>Standardm\u00e4\u00dfig integrierter EMV-Filter der Klasse C1 &#8211; geeignet zum Einsatz in \u00f6ffentlichen Bereichen<\/li>\n<li>Konfiguration im spannungsfreien Zustand, auch in der Verpackung<\/li>\n<li>Integrierte Modbus Kommunikation<\/li>\n<li>Kompakte Bauform<\/li>\n<li>Schutzart: IP20<\/li>\n<\/ul>\n<p><a class=\"jump_to_downloads\" href=\"#downloads\"><i class=\"oi oi-data-transfer-download\"><\/i> Zu Downloads springen<\/a><\/div><\/p>\n","protected":false},"excerpt":{"rendered":"<p>Die Baureihe Altivar Machine wurde f\u00fcr einfache Anforderungen bis hin zu Spitzenanforderungen f\u00fcr den Maschinen- und Anlagenbau entwickelt.<\/p>\n","protected":false},"author":1,"featured_media":0,"parent":19,"menu_order":0,"comment_status":"closed","ping_status":"closed","template":"page-downloads.php","meta":{"footnotes":""},"class_list":["post-2403","page","type-page","status-publish","hentry"],"_links":{"self":[{"href":"https:\/\/epa.de\/antriebe\/de\/wp-json\/wp\/v2\/pages\/2403","targetHints":{"allow":["GET"]}}],"collection":[{"href":"https:\/\/epa.de\/antriebe\/de\/wp-json\/wp\/v2\/pages"}],"about":[{"href":"https:\/\/epa.de\/antriebe\/de\/wp-json\/wp\/v2\/types\/page"}],"author":[{"embeddable":true,"href":"https:\/\/epa.de\/antriebe\/de\/wp-json\/wp\/v2\/users\/1"}],"replies":[{"embeddable":true,"href":"https:\/\/epa.de\/antriebe\/de\/wp-json\/wp\/v2\/comments?post=2403"}],"version-history":[{"count":10,"href":"https:\/\/epa.de\/antriebe\/de\/wp-json\/wp\/v2\/pages\/2403\/revisions"}],"predecessor-version":[{"id":2414,"href":"https:\/\/epa.de\/antriebe\/de\/wp-json\/wp\/v2\/pages\/2403\/revisions\/2414"}],"up":[{"embeddable":true,"href":"https:\/\/epa.de\/antriebe\/de\/wp-json\/wp\/v2\/pages\/19"}],"wp:attachment":[{"href":"https:\/\/epa.de\/antriebe\/de\/wp-json\/wp\/v2\/media?parent=2403"}],"curies":[{"name":"wp","href":"https:\/\/api.w.org\/{rel}","templated":true}]}}