{"id":2366,"date":"2022-04-05T10:09:55","date_gmt":"2022-04-05T08:09:55","guid":{"rendered":"https:\/\/epa.de\/antriebe\/de\/?page_id=2366"},"modified":"2022-07-29T14:53:20","modified_gmt":"2022-07-29T12:53:20","slug":"control-techniques-commander-c300","status":"publish","type":"page","link":"https:\/\/epa.de\/antriebe\/de\/produkte\/frequenzumrichter\/control-techniques-commander-c300\/","title":{"rendered":"Control Techniques Commander C300"},"content":{"rendered":"<p>Diese Umrichter sind f\u00fcr jede noch so herausfordernde Anwendung geeignet. Und dank ihrer bahnbrechenden Bauweise ist die neue Baureihe auch superschnell und einfach einzurichten.<\/p>\n<p><div class=\"products\"><br \/>\n<img loading=\"lazy\" decoding=\"async\" src=\"https:\/\/epa.de\/antriebe\/de\/wp-content\/uploads\/sites\/3\/2022\/04\/Control_Techniques_Commander_C300.jpg\" alt=\"\" width=\"1100\" height=\"1021\" class=\"alignnone size-full wp-image-2373\" srcset=\"https:\/\/epa.de\/antriebe\/de\/wp-content\/uploads\/sites\/3\/2022\/04\/Control_Techniques_Commander_C300.jpg 1100w, https:\/\/epa.de\/antriebe\/de\/wp-content\/uploads\/sites\/3\/2022\/04\/Control_Techniques_Commander_C300-480x446.jpg 480w, https:\/\/epa.de\/antriebe\/de\/wp-content\/uploads\/sites\/3\/2022\/04\/Control_Techniques_Commander_C300-1024x950.jpg 1024w, https:\/\/epa.de\/antriebe\/de\/wp-content\/uploads\/sites\/3\/2022\/04\/Control_Techniques_Commander_C300-768x713.jpg 768w\" sizes=\"auto, (max-width: 1100px) 100vw, 1100px\" \/><\/p>\n<h2>Commander C300<\/h2>\n<p>Umrichter f\u00fcr Maschinen wie z. B. Hebezeuge, F\u00f6rderer, Verpackungstechnik, Textilmaschinen, Materialbearbeitung, Pumpen, L\u00fcfter \u2026<\/p>\n<ul>\n<li>Leistungsbereich in kW (45 bis 66 Hz Netz): 0,25kW bi 132kW<\/li>\n<li>Spannung:\n<ul>\n<li>100-V-Modelle: 100 bis 120 VAC \u00b1 10 %<\/li>\n<li>200-V-Modelle: 200 bis 240 VAC \u00b1 10 %<\/li>\n<li>400-V-Modelle: 380 bis 480 VAC \u00b1 10 %<\/li>\n<\/ul>\n<\/li>\n<li>Schutzart: Baus\u00e4tze f\u00fcr IP20, NEMA 1 erh\u00e4ltlich<\/li>\n<li>Mit nur 4 Parametern k\u00f6nnen Sie Ihren Umrichter in Betrieb nehmen<\/li>\n<li>Plugin-Optionen f\u00fcr erweiterte Steuerung<\/li>\n<li>2 STO-Anschl\u00fcsse (Safe Torque Off)<\/li>\n<li>Ausgestattet mit den neuesten Energiesparfunktionen<\/li>\n<li>Bis zu 180 % \u00dcberlast f\u00fcr Anwendungen mit hohem Drehmomentbedarf<\/li>\n<li>Onboard-SPS<\/li>\n<li>Unkomplizierte Installation und Inbetriebnahme<\/li>\n<li>Einfache Ankopplung des Motors und Leistungsregelung<\/li>\n<li>Einfache Installation, Einrichtung und Konfiguration<\/li>\n<\/ul>\n<p><a class=\"jump_to_downloads\" href=\"#downloads\"><i class=\"oi oi-data-transfer-download\"><\/i> Zu Downloads springen<\/a><\/div><\/p>\n","protected":false},"excerpt":{"rendered":"<p>Diese Umrichter sind f\u00fcr jede noch so herausfordernde Anwendung geeignet. Und dank ihrer bahnbrechenden Bauweise ist die neue Baureihe auch superschnell und einfach einzurichten.<\/p>\n","protected":false},"author":1,"featured_media":0,"parent":19,"menu_order":0,"comment_status":"closed","ping_status":"closed","template":"page-downloads.php","meta":{"footnotes":""},"class_list":["post-2366","page","type-page","status-publish","hentry"],"_links":{"self":[{"href":"https:\/\/epa.de\/antriebe\/de\/wp-json\/wp\/v2\/pages\/2366","targetHints":{"allow":["GET"]}}],"collection":[{"href":"https:\/\/epa.de\/antriebe\/de\/wp-json\/wp\/v2\/pages"}],"about":[{"href":"https:\/\/epa.de\/antriebe\/de\/wp-json\/wp\/v2\/types\/page"}],"author":[{"embeddable":true,"href":"https:\/\/epa.de\/antriebe\/de\/wp-json\/wp\/v2\/users\/1"}],"replies":[{"embeddable":true,"href":"https:\/\/epa.de\/antriebe\/de\/wp-json\/wp\/v2\/comments?post=2366"}],"version-history":[{"count":7,"href":"https:\/\/epa.de\/antriebe\/de\/wp-json\/wp\/v2\/pages\/2366\/revisions"}],"predecessor-version":[{"id":2374,"href":"https:\/\/epa.de\/antriebe\/de\/wp-json\/wp\/v2\/pages\/2366\/revisions\/2374"}],"up":[{"embeddable":true,"href":"https:\/\/epa.de\/antriebe\/de\/wp-json\/wp\/v2\/pages\/19"}],"wp:attachment":[{"href":"https:\/\/epa.de\/antriebe\/de\/wp-json\/wp\/v2\/media?parent=2366"}],"curies":[{"name":"wp","href":"https:\/\/api.w.org\/{rel}","templated":true}]}}