{"id":2363,"date":"2022-04-05T10:09:41","date_gmt":"2022-04-05T08:09:41","guid":{"rendered":"https:\/\/epa.de\/antriebe\/de\/?page_id=2363"},"modified":"2022-09-07T09:16:44","modified_gmt":"2022-09-07T07:16:44","slug":"control-techniques-commander-s","status":"publish","type":"page","link":"https:\/\/epa.de\/antriebe\/de\/produkte\/frequenzumrichter\/control-techniques-commander-s\/","title":{"rendered":"Control Techniques Commander S"},"content":{"rendered":"<p>\u00dcbernehmen Sie selbst die Kontrolle \u00fcber Motorsteuerung und Energieeinsparungen! Mit einer Reihe von Funktionen, die f\u00fcr einfache Anwendungen optimiert sind, bietet der Commander S eine kosteng\u00fcnstige L\u00f6sung f\u00fcr Installationen, die Plug-and-Play-Komfort direkt aus der Box erfordern.<\/p>\n<h3>Marshal, Ihr Umrichterexperte vor Ort!<\/h3>\n<p>Commander S ist der erste Umrichter, der serienm\u00e4\u00dfig mit einer App-Schnittstelle ausgestattet ist. Die Marshal App revolutioniert die Kommunikation mit dem Umrichter und erm\u00f6glicht die Inbetriebnahme, das \u00dcbertragen von Parametern, die Diagnose von Systemproblemen und die \u00dcberwachung des Umrichters mit nur wenigen Ber\u00fchrungen des Bildschirms. Halten Sie Ihr Smartphone einfach in die N\u00e4he des NFC-Logos, um eine Verbindung mit dem Umrichter herzustellen.<\/p>\n<p><a href=\"https:\/\/www.commander.shop\/\" target=\"_blank\" rel=\"noopener\"><strong>Commander S &#8211; macht einfache Anwendungen einfach!<\/strong><\/a><\/p>\n<p><div class=\"youtube-container\"><div class=\"youtube-player\" data-id=\"0TUT-t_IWic\"><\/div><\/div><div class=\"yt-info\"><span>Hinweis:<\/span> Nach einem Klick auf den Play-Button wird eine Verbindung zu den Servern von YouTube hergestellt und somit Daten dorthin \u00fcbertragen. N\u00e4here Informationen hierzu finden Sie in der <a href=\"https:\/\/epa.de\/antriebe\/de\/datenschutzerklaerung\/\" target=\"_blank\">Datenschutzerkl\u00e4rung.<\/a><\/div><\/p>\n<p><div class=\"products\"><br \/>\n<img loading=\"lazy\" decoding=\"async\" class=\"alignnone size-full wp-image-2376\" src=\"https:\/\/epa.de\/antriebe\/de\/wp-content\/uploads\/sites\/3\/2022\/04\/CT-Commader-S.jpg\" alt=\"\" width=\"1100\" height=\"1021\" srcset=\"https:\/\/epa.de\/antriebe\/de\/wp-content\/uploads\/sites\/3\/2022\/04\/CT-Commader-S.jpg 1100w, https:\/\/epa.de\/antriebe\/de\/wp-content\/uploads\/sites\/3\/2022\/04\/CT-Commader-S-480x446.jpg 480w, https:\/\/epa.de\/antriebe\/de\/wp-content\/uploads\/sites\/3\/2022\/04\/CT-Commader-S-1024x950.jpg 1024w, https:\/\/epa.de\/antriebe\/de\/wp-content\/uploads\/sites\/3\/2022\/04\/CT-Commader-S-768x713.jpg 768w\" sizes=\"auto, (max-width: 1100px) 100vw, 1100px\" \/><\/p>\n<h2>Commander S<\/h2>\n<p>Umrichter f\u00fcr Maschinen wie z. B. Hebezeuge, F\u00f6rderer, Verpackungstechnik, Textilmaschinen, Materialbearbeitung, Pumpen, L\u00fcfter \u2026<\/p>\n<ul>\n<li>Click-on\/Click-off-DIN-Hutschienenmontage UND \/ ODER Montage mit Bolzen und Unterlegscheibe.<\/li>\n<li>Besonders einfach zu bedienen, dank der neuen Marshal App (Android\/iOS)<\/li>\n<li>Zuverl\u00e4ssig und langlebig<\/li>\n<li>Kosteneffizient<\/li>\n<li>Leistungsbereich in kW: 0,18 bis 4 kW (45 bis 66 Hz Netz)<\/li>\n<li>Spannung:\n<ul>\n<li>100-V-Modelle: 100 bis 120 VAC \u00b1 10 %<\/li>\n<li>200-V-Modelle: 200 bis 240 VAC \u00b1 10 %<\/li>\n<li>400-V-Modelle: 380 bis 480 VAC \u00b1 10 %<\/li>\n<\/ul>\n<\/li>\n<li>Ausgangsfrequenz-\/Drehzahlbereich: 0 bis 300 Hz<\/li>\n<li>Taktfrequenz: 4 kHz oder 12 kHz<\/li>\n<li>Ein- und Ausg\u00e4nge: 2 Analogeing\u00e4nge, 1 Analogausgang, 4 Digitaleing\u00e4nge, 1 Digitaleingang\/-ausgang<\/li>\n<li>M\u00f6glicher Betrieb mit hoher \u00dcberlast (Heavy Duty) 150 % f\u00fcr 60 s (Kaltstart), 150 % f\u00fcr 8 s (Warmstart)<\/li>\n<li>Kommunikation: RJ45 f\u00fcr ModbusRTU, NFC als App-Schnittstelle<\/li>\n<li>Schutzart: IP20<\/li>\n<\/ul>\n<p><a class=\"jump_to_downloads\" href=\"#downloads\"><i class=\"oi oi-data-transfer-download\"><\/i> Zu Downloads springen<\/a><\/div><\/p>\n","protected":false},"excerpt":{"rendered":"<p>\u00dcbernehmen Sie selbst die Kontrolle \u00fcber Motorsteuerung und Energieeinsparungen! Mit einer Reihe von Funktionen, die f\u00fcr einfache Anwendungen optimiert sind, bietet der Commander S eine kosteng\u00fcnstige L\u00f6sung f\u00fcr Installationen, die Plug-and-Play-Komfort direkt aus der Box erfordern. Marshal, Ihr Umrichterexperte vor Ort! Commander S ist der erste Umrichter, der serienm\u00e4\u00dfig mit einer App-Schnittstelle ausgestattet ist. Die [&hellip;]<\/p>\n","protected":false},"author":1,"featured_media":0,"parent":19,"menu_order":0,"comment_status":"closed","ping_status":"closed","template":"page-downloads.php","meta":{"footnotes":""},"class_list":["post-2363","page","type-page","status-publish","hentry"],"_links":{"self":[{"href":"https:\/\/epa.de\/antriebe\/de\/wp-json\/wp\/v2\/pages\/2363","targetHints":{"allow":["GET"]}}],"collection":[{"href":"https:\/\/epa.de\/antriebe\/de\/wp-json\/wp\/v2\/pages"}],"about":[{"href":"https:\/\/epa.de\/antriebe\/de\/wp-json\/wp\/v2\/types\/page"}],"author":[{"embeddable":true,"href":"https:\/\/epa.de\/antriebe\/de\/wp-json\/wp\/v2\/users\/1"}],"replies":[{"embeddable":true,"href":"https:\/\/epa.de\/antriebe\/de\/wp-json\/wp\/v2\/comments?post=2363"}],"version-history":[{"count":16,"href":"https:\/\/epa.de\/antriebe\/de\/wp-json\/wp\/v2\/pages\/2363\/revisions"}],"predecessor-version":[{"id":2508,"href":"https:\/\/epa.de\/antriebe\/de\/wp-json\/wp\/v2\/pages\/2363\/revisions\/2508"}],"up":[{"embeddable":true,"href":"https:\/\/epa.de\/antriebe\/de\/wp-json\/wp\/v2\/pages\/19"}],"wp:attachment":[{"href":"https:\/\/epa.de\/antriebe\/de\/wp-json\/wp\/v2\/media?parent=2363"}],"curies":[{"name":"wp","href":"https:\/\/api.w.org\/{rel}","templated":true}]}}