{"id":2351,"date":"2022-04-06T15:51:03","date_gmt":"2022-04-06T13:51:03","guid":{"rendered":"https:\/\/epa.de\/antriebe\/de\/?page_id=2351"},"modified":"2022-07-27T11:37:28","modified_gmt":"2022-07-27T09:37:28","slug":"schneider-electric-altivar-atv320","status":"publish","type":"page","link":"https:\/\/epa.de\/antriebe\/de\/produkte\/frequenzumrichter\/schneider-electric-altivar-atv320\/","title":{"rendered":"Schneider Electric Altivar ATV320"},"content":{"rendered":"<p>Die Baureihe Altivar Machine wurde f\u00fcr einfache Anforderungen bis hin zu Spitzenanforderungen f\u00fcr den Maschinen- und Anlagenbau entwickelt.<\/p>\n<p><div class=\"products\"><br \/>\n<img loading=\"lazy\" decoding=\"async\" src=\"https:\/\/epa.de\/antriebe\/de\/wp-content\/uploads\/sites\/3\/2022\/04\/ATV320.jpg\" alt=\"\" width=\"1100\" height=\"1021\" class=\"alignnone size-full wp-image-2400\" srcset=\"https:\/\/epa.de\/antriebe\/de\/wp-content\/uploads\/sites\/3\/2022\/04\/ATV320.jpg 1100w, https:\/\/epa.de\/antriebe\/de\/wp-content\/uploads\/sites\/3\/2022\/04\/ATV320-480x446.jpg 480w, https:\/\/epa.de\/antriebe\/de\/wp-content\/uploads\/sites\/3\/2022\/04\/ATV320-1024x950.jpg 1024w, https:\/\/epa.de\/antriebe\/de\/wp-content\/uploads\/sites\/3\/2022\/04\/ATV320-768x713.jpg 768w\" sizes=\"auto, (max-width: 1100px) 100vw, 1100px\" \/><\/p>\n<h2>Altivar 320<\/h2>\n<p>Umrichter f\u00fcr Maschinen wie z. B. Hebezeuge, F\u00f6rderer, Verpackungstechnik, Textilmaschinen, Materialbearbeitung, Pumpen, L\u00fcfter \u2026<\/p>\n<ul>\n<li>Leistungsbereich in kW: 0,18 bis 15 kW<\/li>\n<li>Spannung einphasig: 200 bis 240 V (50\/60 Hz)<\/li>\n<li>Spannung dreiphasig 200 bis 600 V (50\/60 Hz)<\/li>\n<li>Schutzart: IP20 (bis IP66 erh\u00e4ltlich)<\/li>\n<li>Geberlose Regelung von Asynchron- und Synchronmotoren<\/li>\n<li>Integrierte Sicherheitsfunktionen (STO, SS1, SLS, SMS, GDL)<\/li>\n<li>Integrierte Modbus Kommunikation + weitere Feldbusse optional<\/li>\n<li>Konfiguration im spannungsfreien Zustand, auch in der Verpackung<\/li>\n<li>Integrierte Logik<\/li>\n<li>Kompakte Bauform<\/li>\n<\/ul>\n<p><a class=\"jump_to_downloads\" href=\"#downloads\"><i class=\"oi oi-data-transfer-download\"><\/i> Zu Downloads springen<\/a><\/div><\/p>\n","protected":false},"excerpt":{"rendered":"<p>Die Baureihe Altivar Machine wurde f\u00fcr einfache Anforderungen bis hin zu Spitzenanforderungen f\u00fcr den Maschinen- und Anlagenbau entwickelt.<\/p>\n","protected":false},"author":1,"featured_media":0,"parent":19,"menu_order":0,"comment_status":"closed","ping_status":"closed","template":"page-downloads.php","meta":{"footnotes":""},"class_list":["post-2351","page","type-page","status-publish","hentry"],"_links":{"self":[{"href":"https:\/\/epa.de\/antriebe\/de\/wp-json\/wp\/v2\/pages\/2351","targetHints":{"allow":["GET"]}}],"collection":[{"href":"https:\/\/epa.de\/antriebe\/de\/wp-json\/wp\/v2\/pages"}],"about":[{"href":"https:\/\/epa.de\/antriebe\/de\/wp-json\/wp\/v2\/types\/page"}],"author":[{"embeddable":true,"href":"https:\/\/epa.de\/antriebe\/de\/wp-json\/wp\/v2\/users\/1"}],"replies":[{"embeddable":true,"href":"https:\/\/epa.de\/antriebe\/de\/wp-json\/wp\/v2\/comments?post=2351"}],"version-history":[{"count":7,"href":"https:\/\/epa.de\/antriebe\/de\/wp-json\/wp\/v2\/pages\/2351\/revisions"}],"predecessor-version":[{"id":2418,"href":"https:\/\/epa.de\/antriebe\/de\/wp-json\/wp\/v2\/pages\/2351\/revisions\/2418"}],"up":[{"embeddable":true,"href":"https:\/\/epa.de\/antriebe\/de\/wp-json\/wp\/v2\/pages\/19"}],"wp:attachment":[{"href":"https:\/\/epa.de\/antriebe\/de\/wp-json\/wp\/v2\/media?parent=2351"}],"curies":[{"name":"wp","href":"https:\/\/api.w.org\/{rel}","templated":true}]}}