{"id":2031,"date":"2018-07-11T10:39:55","date_gmt":"2018-07-11T08:39:55","guid":{"rendered":"https:\/\/epa.de\/antriebe\/de\/?page_id=2031"},"modified":"2021-10-20T09:30:28","modified_gmt":"2021-10-20T07:30:28","slug":"ableitstrom-messungen","status":"publish","type":"page","link":"https:\/\/epa.de\/antriebe\/de\/dienstleistungen\/ableitstrom-messungen\/","title":{"rendered":"Ableitstrom-Messungen"},"content":{"rendered":"<div id=\"content\">\n<div id=\"content_left\">\n<h2>Wir messen den Ableitstrom Ihrer Anlage und helfen bei FI-Ausl\u00f6sungen!<a href=\"https:\/\/epa.de\/filter\/de\/wp-content\/uploads\/sites\/3\/2015\/02\/rccb.jpg\" data-rel=\"lightbox-image-0\" data-rl_title=\"\" data-rl_caption=\"\" title=\"\"><img loading=\"lazy\" decoding=\"async\" class=\" wp-image-319 alignright\" src=\"https:\/\/epa.de\/filter\/de\/wp-content\/uploads\/sites\/3\/2015\/02\/rccb.jpg\" alt=\"rccb\" width=\"218\" height=\"172\" \/><\/a><\/h2>\n<p><strong>Mit unserem selbstentwickelten Ableitstrom Mess- und Anlaysesystem EPA LEAKWATCH messen wir den Differenzstrom Ihrer Maschine. Dabei geben wir wertvolle Hinweise und Tipps, wie die Anlage zuk\u00fcnftig an einem FI-Schutzschalter (RCCB) betrieben werden kann.<\/strong><\/p>\n<p>In der Industrie kommen immer h\u00e4ufiger allstromsensitive Fehlerstromschutzschalter (Typ B\/B+) zum Einsatz. Die modernen Komponenten in der Automatisierungstechnik wie z. B. Frequenzumrichter, Wechselrichter, EMV-Filter und Schaltnetzteile, erzeugen systembedingt hohe Ableitstr\u00f6me.<\/p>\n<p>Diese betriebsbedingten Ableitstr\u00f6me werden von den RCD-Schutzeinrichtungen als Fehlerstrom interpretiert, was h\u00e4ufig zu einem unsicheren Betriebszustand oder zur Abschaltung der Fehlerstromschutzeinrichtung f\u00fchrt. Der FI-Schutzschalter kann nicht zwischen den betriebsm\u00e4\u00dfigen Ableitstr\u00f6men und echten Fehlerstr\u00f6men unterscheiden, er detektiert nur einen Differenzstrom!<\/p>\n<p><img loading=\"lazy\" decoding=\"async\" class=\"aligncenter wp-image-2293 size-large\" src=\"https:\/\/epa.de\/antriebe\/de\/wp-content\/uploads\/sites\/3\/2021\/10\/Screenshot-LW-Soft_FFT-1024x533.jpeg\" alt=\"\" width=\"640\" height=\"333\" srcset=\"https:\/\/epa.de\/antriebe\/de\/wp-content\/uploads\/sites\/3\/2021\/10\/Screenshot-LW-Soft_FFT-1024x533.jpeg 1024w, https:\/\/epa.de\/antriebe\/de\/wp-content\/uploads\/sites\/3\/2021\/10\/Screenshot-LW-Soft_FFT-480x250.jpeg 480w, https:\/\/epa.de\/antriebe\/de\/wp-content\/uploads\/sites\/3\/2021\/10\/Screenshot-LW-Soft_FFT-768x400.jpeg 768w, https:\/\/epa.de\/antriebe\/de\/wp-content\/uploads\/sites\/3\/2021\/10\/Screenshot-LW-Soft_FFT.jpeg 1532w\" sizes=\"auto, (max-width: 640px) 100vw, 640px\" \/><\/p>\n<h6>Dieses Beispiel zeigt eine LEAKWATCH Ableitstrommessung an zwei 5,5 kW Frequenzumrichter mit 50 m geschirmter Motorleitung (FFT im Messbereich 1 Hz bis 100 kHz). Besonders ausgepr\u00e4gt sind die Ableitstr\u00f6me bei 150,\u00a0 450, 750 und 1050 Hz. Zus\u00e4tzlich sind im Bereich der Taktfrequenz (2-18 kHz) Ableitstr\u00f6me sichtbar. Die Auslastung des FI-Schutzschalters betr\u00e4gt hier 224%! Unser Ziel ist es, die FI-Auslastung auf unter 40% zu reduzieren, was uns fast immer gelingt!<\/h6>\n<p>In der Praxis kann man zwar die H\u00f6he der Ableitstrombelastung messen (z.B. mit einer Leckstromzange), es fehlt jedoch eine Aussage \u00fcber die einzelnen Frequenzanteile und die Beurteilungsm\u00f6glichkeit, in Bezug auf die Ausl\u00f6sekennlinie des verwendeten Fehlerstromschutzschalters (die FI-Ausl\u00f6seschwellen unterscheiden sich je nach verwendetem Typ und Hersteller).<\/p>\n<p>Das o. g. Mess- und Analysesystem LEAKWATCH wurde speziell f\u00fcr die Messung von Ableitstr\u00f6men entwickelt. Es bietet die M\u00f6glichkeit das Messsignal direkt in Bezug auf die Ausl\u00f6sekennlinie aller namhaften im Markt erh\u00e4ltlichen Fehlerstromschutzschalter zu bringen. Mittels einer Prozentanzeige und farblichen Ampeldarstellung erkennt man sofort den Auslastungsgrad der ausgew\u00e4hlten Fehlerstromschutzeinrichtung.<\/p>\n<p><a href=\"https:\/\/epa.de\/filter\/de\/wp-content\/uploads\/sites\/3\/2015\/02\/Ableitstrom-Messung.jpg\" data-rel=\"lightbox-image-1\" data-rl_title=\"\" data-rl_caption=\"\" title=\"\"><img loading=\"lazy\" decoding=\"async\" class=\"wp-image-317 aligncenter\" src=\"https:\/\/epa.de\/filter\/de\/wp-content\/uploads\/sites\/3\/2015\/02\/Ableitstrom-Messung.jpg\" alt=\"Ableitstrom-Messung\" width=\"640\" height=\"516\" \/><\/a><\/p>\n<p>Die Frequenzanalyse und eine Betrachtung der Effektivwerte einzelner Frequenzanteile, geben eine wertvolle Hilfestellung bei der Ableitstrombilanzierung und der Auswahl eventueller Filterma\u00dfnahmen (z. B. ableitstromarme Netzfilter, Ableitstromkompensation o. \u00e4.)<\/p>\n<p><strong>Wir helfen Ihnen bei der Reduzierung des Ableitstroms auf ein RCD-vertr\u00e4gliches Ma\u00df!<\/strong><\/p>\n<p>&nbsp;<\/p>\n<p><a title=\"Ableitstrom messen\" href=\"http:\/\/leakwatch.de\/\" target=\"_blank\" rel=\"noopener\">Weitere Informationen zum Ableitstrom Mess- und Analysesystem LEAKWATCH finden Sie hier.<\/a><\/p>\n<\/div>\n<\/div>\n","protected":false},"excerpt":{"rendered":"<p>Wir messen den Ableitstrom Ihrer Anlage und helfen bei FI-Ausl\u00f6sungen! Mit unserem selbstentwickelten Ableitstrom Mess- und Anlaysesystem EPA LEAKWATCH messen wir den Differenzstrom Ihrer Maschine. Dabei geben wir wertvolle Hinweise und Tipps, wie die Anlage zuk\u00fcnftig an einem FI-Schutzschalter (RCCB) betrieben werden kann. In der Industrie kommen immer h\u00e4ufiger allstromsensitive Fehlerstromschutzschalter (Typ B\/B+) zum Einsatz. [&hellip;]<\/p>\n","protected":false},"author":1,"featured_media":0,"parent":74,"menu_order":0,"comment_status":"closed","ping_status":"closed","template":"","meta":{"footnotes":""},"class_list":["post-2031","page","type-page","status-publish","hentry"],"_links":{"self":[{"href":"https:\/\/epa.de\/antriebe\/de\/wp-json\/wp\/v2\/pages\/2031","targetHints":{"allow":["GET"]}}],"collection":[{"href":"https:\/\/epa.de\/antriebe\/de\/wp-json\/wp\/v2\/pages"}],"about":[{"href":"https:\/\/epa.de\/antriebe\/de\/wp-json\/wp\/v2\/types\/page"}],"author":[{"embeddable":true,"href":"https:\/\/epa.de\/antriebe\/de\/wp-json\/wp\/v2\/users\/1"}],"replies":[{"embeddable":true,"href":"https:\/\/epa.de\/antriebe\/de\/wp-json\/wp\/v2\/comments?post=2031"}],"version-history":[{"count":4,"href":"https:\/\/epa.de\/antriebe\/de\/wp-json\/wp\/v2\/pages\/2031\/revisions"}],"predecessor-version":[{"id":2296,"href":"https:\/\/epa.de\/antriebe\/de\/wp-json\/wp\/v2\/pages\/2031\/revisions\/2296"}],"up":[{"embeddable":true,"href":"https:\/\/epa.de\/antriebe\/de\/wp-json\/wp\/v2\/pages\/74"}],"wp:attachment":[{"href":"https:\/\/epa.de\/antriebe\/de\/wp-json\/wp\/v2\/media?parent=2031"}],"curies":[{"name":"wp","href":"https:\/\/api.w.org\/{rel}","templated":true}]}}