{"id":1840,"date":"2016-11-04T16:07:08","date_gmt":"2016-11-04T15:07:08","guid":{"rendered":"https:\/\/epa.de\/antriebe\/de\/?page_id=1840"},"modified":"2025-09-24T16:37:21","modified_gmt":"2025-09-24T14:37:21","slug":"netzfilter-dreiphasig","status":"publish","type":"page","link":"https:\/\/epa.de\/antriebe\/de\/produkte\/netzfilter-dreiphasig\/","title":{"rendered":"Netzfilter dreiphasig"},"content":{"rendered":"<ul>\n<li><strong>Spannungsbereich:<\/strong> 400 V AC bis\u00a0 690 V AC,\u00a0 50\/60 Hz<\/li>\n<li><strong>Nennstr\u00f6me:<\/strong> 4 A bis 2500 A<\/li>\n<li>3-phasig, ohne Neutralleiter<\/li>\n<\/ul>\n<h2>400 &#8211; 520 V AC<\/h2>\n<p><div class=\"products\"><br \/>\n<a href=\"https:\/\/epa.de\/filter\/de\/wp-content\/uploads\/sites\/3\/2018\/03\/NF-32-DIN4_WEB.jpg\" data-rel=\"lightbox-image-0\" data-rl_title=\"\" data-rl_caption=\"\" title=\"\"><img loading=\"lazy\" decoding=\"async\" class=\"alignnone size-large wp-image-2546\" src=\"https:\/\/epa.de\/filter\/de\/wp-content\/uploads\/sites\/3\/2018\/03\/NF-32-DIN4_WEB-1024x950.jpg\" alt=\"\" width=\"640\" height=\"594\" \/><\/a><\/p>\n<h2>NF-DIN4<\/h2>\n<p>Kompaktfilter zur Hutschienenmontage<\/p>\n<ul>\n<li>Nennstr\u00f6me von 5 A bis 32 A<\/li>\n<li>Kompakte Bauform<\/li>\n<li>Einfache Hutschienenmontage<\/li>\n<li>Auch f\u00fcr Wohngeb\u00e4ude-Installationen geeignet<\/li>\n<\/ul>\n<p><a class=\"jump_to_downloads\" href=\"#downloads\"><i class=\"oi oi-data-transfer-download\"><\/i> Zu Downloads springen<\/a><\/div><\/p>\n<p><div class=\"products\"><br \/>\n<img loading=\"lazy\" decoding=\"async\" class=\"alignleft wp-image-3309 size-full\" src=\"https:\/\/epa.de\/filter\/de\/wp-content\/uploads\/sites\/3\/2020\/11\/NF-30-BFG_web.jpg\" alt=\"\" width=\"480\" height=\"446\" \/><\/p>\n<h2>NF-BFG<\/h2>\n<p>Kompaktfilter f\u00fcr DIN-Hutschienenmontage<\/p>\n<ul>\n<li>Nennstr\u00f6me von 10 A bis 50 A<\/li>\n<li>Hohe Gleich- und Gegentaktd\u00e4mpfung<\/li>\n<li>Kompaktes Geh\u00e4use<\/li>\n<li>Optinale DIN-Hutschienenmontage (Bauart CD)<\/li>\n<li>Niedriger Ableitstrom<\/li>\n<li>Auch f\u00fcr Wohngeb\u00e4ude-Installationen geeignet<\/li>\n<\/ul>\n<p><a class=\"jump_to_downloads\" href=\"#downloads\"><i class=\"oi oi-data-transfer-download\"><\/i> Zu Downloads springen<\/a><\/div><\/p>\n<p><div class=\"products\"><br \/>\n<img loading=\"lazy\" decoding=\"async\" src=\"https:\/\/epa.de\/filter\/de\/wp-content\/uploads\/sites\/3\/2025\/09\/NF-CF-16.jpg\" alt=\"\" width=\"1024\" height=\"950\" class=\"alignnone size-full wp-image-4925\" \/><\/p>\n<h2>NF-CF<\/h2>\n<p>Kompaktfilter f\u00fcr Frequenzumrichter und Antriebssysteme<\/p>\n<ul>\n<li>Nennstr\u00f6me von 10 A bis 230 A<\/li>\n<li>Sehr kleine Grundfl\u00e4che (Buchform)<\/li>\n<li>Sehr gute D\u00e4mpfungseigenschaften<\/li>\n<li>Ber\u00fchrungssichere Klemmen<\/li>\n<\/ul>\n<p><a class=\"jump_to_downloads\" href=\"#downloads\"><i class=\"oi oi-data-transfer-download\"><\/i> Zu Downloads springen<\/a><\/div><\/p>\n<p><div class=\"products\"><br \/>\n<img loading=\"lazy\" decoding=\"async\" class=\"alignnone wp-image-1394 size-full\" src=\"https:\/\/epa.de\/filter\/de\/wp-content\/uploads\/sites\/3\/2015\/02\/nf-kc.jpg\" alt=\"\" width=\"1100\" height=\"1021\" \/><\/p>\n<h2>NF-KC<\/h2>\n<p>Hochleistungsnetzfilter<\/p>\n<ul>\n<li>Nennstr\u00f6me 7 &#8211; 180 A<\/li>\n<li>Kleine Grundfl\u00e4che (Buchform)<\/li>\n<li>Sehr hohe symmetrische und asymmetrische D\u00e4mpfung<\/li>\n<li>F\u00fcr erh\u00f6hte Anforderungen<\/li>\n<li>Ber\u00fchrungssichere Klemmen<\/li>\n<li>UL Pr\u00fcfzeichen<\/li>\n<\/ul>\n<p><a class=\"jump_to_downloads\" href=\"#downloads\"><i class=\"oi oi-data-transfer-download\"><\/i> Zu Downloads springen<\/a><\/div><\/p>\n<p><div class=\"products\"><br \/>\n<img loading=\"lazy\" decoding=\"async\" class=\"alignnone wp-image-1395 size-full\" src=\"https:\/\/epa.de\/filter\/de\/wp-content\/uploads\/sites\/3\/2015\/02\/nf-kc-ll.jpg\" alt=\"\" width=\"1100\" height=\"1021\" \/><\/p>\n<h2>NF-KC-LL<\/h2>\n<p>Ableitstromarme Kompakt-Netzfilter<\/p>\n<ul>\n<li>Nennstr\u00f6me 7 &#8211; 180 A<\/li>\n<li>Kleine Grundfl\u00e4che (Buchform)<\/li>\n<li>Hohe symmetrische und asymmetrische D\u00e4mpfung<\/li>\n<li>Niedriger Ableitstrom<\/li>\n<li>Ber\u00fchrungssichere Klemmen<\/li>\n<li>UL Pr\u00fcfzeichen<\/li>\n<\/ul>\n<p><a class=\"jump_to_downloads\" href=\"#downloads\"><i class=\"oi oi-data-transfer-download\"><\/i> Zu Downloads springen<\/a><\/div><\/p>\n<p><div class=\"products\"><br \/>\n<img loading=\"lazy\" decoding=\"async\" id=\"nf-kc-dar\" class=\"alignnone wp-image-1396 size-full\" src=\"https:\/\/epa.de\/filter\/de\/wp-content\/uploads\/sites\/3\/2015\/02\/nf-kc-dar.jpg\" alt=\"\" width=\"1100\" height=\"1021\" \/><\/p>\n<h2>NF-KC-DAR<\/h2>\n<p>Kombinierte EMV- und Ableitstromreduktionsfilter<\/p>\n<ul>\n<li>Nennstr\u00f6me 10A &#8211; 180 A<\/li>\n<li>Zur Unterdr\u00fcckung unerw\u00fcnschter Ableitstr\u00f6me \u2265 2kHz<\/li>\n<li>Geeignet f\u00fcr Frequenzumrichter und Servoregler mit langer Motorleitung<\/li>\n<li>Kleine Grundfl\u00e4che (Buchform)<\/li>\n<li>Ber\u00fchrungssichere Klemmen<\/li>\n<li>Niedriger Ableitstrom<\/li>\n<\/ul>\n<p><a class=\"jump_to_downloads\" href=\"#downloads\"><i class=\"oi oi-data-transfer-download\"><\/i> Zu Downloads springen<\/a><\/div><\/p>\n<p><div class=\"products\"><br \/>\n<img loading=\"lazy\" decoding=\"async\" class=\"alignnone size-full wp-image-3929\" src=\"https:\/\/epa.de\/filter\/de\/wp-content\/uploads\/sites\/3\/2021\/10\/NF-KC-LKY.jpg\" alt=\"\" width=\"1100\" height=\"1021\" \/><\/p>\n<h2>NF-KC-LKY<\/h2>\n<p>Netzfilter mit Pre<strong>LEAK<\/strong>\u00ae TECHNOLOGY f\u00fcr den sicheren Betrieb am FI<\/p>\n<ul>\n<li>Keine fehlerhaften RCD-Ausl\u00f6sungen beim Zu- bzw. Abschalten von Maschinen und Anlagen<\/li>\n<li>Keine Ableitstromspitzen beim Ein-und Ausstecken des CEE-Steckers<\/li>\n<li>Sehr gute D\u00e4mpfungseigenschaften<\/li>\n<\/ul>\n<p><strong>Weitere Infos unter <\/strong><a href=\"http:\/\/leaky.de\"><strong>leaky.de<\/strong><\/a><\/p>\n<p><a class=\"jump_to_downloads\" href=\"#downloads\"><i class=\"oi oi-data-transfer-download\"><\/i> Zu Downloads springen<\/a><\/div><\/p>\n<p><div class=\"products\"><br \/>\n<img loading=\"lazy\" decoding=\"async\" src=\"https:\/\/epa.de\/filter\/de\/wp-content\/uploads\/sites\/3\/2025\/09\/nf-mhu_240925.jpg\" alt=\"\" width=\"1024\" height=\"950\" class=\"alignnone size-full wp-image-4927\" \/><\/p>\n<h2>NF-MHU<\/h2>\n<p>Hochleistungsfilter f\u00fcr elektr. Antriebe<\/p>\n<ul>\n<li>Nennstr\u00f6me 6 &#8211; 180 A<\/li>\n<li>Einbau stehend und liegend<\/li>\n<li>Sehr hohe symmetrische und asymmetrische D\u00e4mpfung<\/li>\n<li>Ber\u00fchrungssichere Klemmen<\/li>\n<li>F\u00fcr erh\u00f6hte Anforderungen<\/li>\n<\/ul>\n<p><a class=\"jump_to_downloads\" href=\"#downloads\"><i class=\"oi oi-data-transfer-download\"><\/i> Zu Downloads springen<\/a><\/div><\/p>\n<p><div class=\"products\"><br \/>\n<img loading=\"lazy\" decoding=\"async\" class=\"alignnone wp-image-1392 size-full\" src=\"https:\/\/epa.de\/filter\/de\/wp-content\/uploads\/sites\/3\/2015\/02\/nf-k.jpg\" alt=\"\" width=\"1100\" height=\"1021\" \/><\/p>\n<h2>NF-K<\/h2>\n<p>Universal-Kompaktfilter f\u00fcr elektr. Abtriebe<\/p>\n<ul>\n<li>Nennstr\u00f6me 7 &#8211; 180 A<\/li>\n<li>Nennspannung 480 V<\/li>\n<li>Kleine Grundfl\u00e4che (Buchform)<\/li>\n<li>Hohe symmetrische und asymmetrische D\u00e4mpfung<\/li>\n<li>Ber\u00fchrungssichere Klemmen<\/li>\n<li>UL Pr\u00fcfzeichen<\/li>\n<\/ul>\n<p><a class=\"jump_to_downloads\" href=\"#downloads\"><i class=\"oi oi-data-transfer-download\"><\/i> Zu Downloads springen<\/a><\/div><\/p>\n<p><div class=\"products\"><br \/>\n<img loading=\"lazy\" decoding=\"async\" class=\"alignnone wp-image-1393 size-full\" src=\"https:\/\/epa.de\/filter\/de\/wp-content\/uploads\/sites\/3\/2015\/02\/nf-k-ftfe.jpg\" alt=\"\" width=\"1100\" height=\"1021\" \/><\/p>\n<h2>NF-K-FTF\/E<\/h2>\n<p>Kompaktfilter mit Anschlusslitzen<\/p>\n<ul>\n<li>Nennstr\u00f6me 7 &#8211; 55 A<\/li>\n<li>Kleine Grundfl\u00e4che (Buchform)<\/li>\n<li>Hohe symmetrische und asymmetrische D\u00e4mpfung<\/li>\n<li>Flexible Anschlusslitzen auf der Last-Seite<\/li>\n<\/ul>\n<p><a class=\"jump_to_downloads\" href=\"#downloads\"><i class=\"oi oi-data-transfer-download\"><\/i> Zu Downloads springen<\/a><\/div><\/p>\n<p><div class=\"products\"><br \/>\n<img loading=\"lazy\" decoding=\"async\" class=\"alignnone wp-image-1397 size-full\" src=\"https:\/\/epa.de\/filter\/de\/wp-content\/uploads\/sites\/3\/2015\/02\/nf.jpg\" alt=\"\" width=\"1100\" height=\"1021\" \/><\/p>\n<h2>NF, NF-H<\/h2>\n<p>Universal-Netzfilter<\/p>\n<ul>\n<li>Nennstr\u00f6me 8 &#8211; 180 A<\/li>\n<li>Flache Bauform<\/li>\n<li>Hohe symmetrische und asymmetrische D\u00e4mpfung<\/li>\n<li>F\u00fcr erh\u00f6hte Anforderungen<\/li>\n<li>Ber\u00fchrungssichere Klemmen<\/li>\n<li>UL Pr\u00fcfzeichen (16 &#8211; 50A)<\/li>\n<\/ul>\n<p><a class=\"jump_to_downloads\" href=\"#downloads\"><i class=\"oi oi-data-transfer-download\"><\/i> Zu Downloads springen<\/a><\/div><\/p>\n<p><div class=\"products\"><br \/>\n<img loading=\"lazy\" decoding=\"async\" src=\"https:\/\/epa.de\/filter\/de\/wp-content\/uploads\/sites\/3\/2025\/03\/nf-h_0325.jpg\" alt=\"\" width=\"1100\" height=\"1021\" class=\"alignnone size-full wp-image-4803\" \/><\/p>\n<h2>NF, NF-H<\/h2>\n<p>Hochstrom-Netzfilter<\/p>\n<ul>\n<li>Nennstr\u00f6me 250 &#8211; 2500 A<\/li>\n<li>Flache Bauform<\/li>\n<li>Hohe symmetrische und asymmetrische D\u00e4mpfung<\/li>\n<li>Niedriger Ableitstrom<\/li>\n<li>Anschluss \u00fcber Kupferschienen<\/li>\n<\/ul>\n<p><a class=\"jump_to_downloads\" href=\"#downloads\"><i class=\"oi oi-data-transfer-download\"><\/i> Zu Downloads springen<\/a><\/div><\/p>\n<p><div class=\"products\"><br \/>\n<img loading=\"lazy\" decoding=\"async\" class=\"alignnone size-full wp-image-4100\" src=\"https:\/\/epa.de\/filter\/de\/wp-content\/uploads\/sites\/3\/2022\/05\/NF-600-STIE_2.jpg\" alt=\"\" width=\"1100\" height=\"1021\" \/><\/p>\n<h2>NF-STIE<\/h2>\n<p>Hochleistungs-Netzfilter<\/p>\n<ul>\n<li>Nennstr\u00f6me 300 &#8211; 1600 A<\/li>\n<li>Mehrstufige Filterschaltung<\/li>\n<li>Sehr hohe symmetrische und asymmetrische D\u00e4mpfung<\/li>\n<li>F\u00fcr erh\u00f6hte Anforderungen<\/li>\n<li>UL Pr\u00fcfzeichen<\/li>\n<\/ul>\n<p><a class=\"jump_to_downloads\" href=\"#downloads\"><i class=\"oi oi-data-transfer-download\"><\/i> Zu Downloads springen<\/a><\/div><\/p>\n<p><div class=\"products\"><br \/>\n<img loading=\"lazy\" decoding=\"async\" class=\"alignnone wp-image-1401 size-full\" src=\"https:\/\/epa.de\/filter\/de\/wp-content\/uploads\/sites\/3\/2015\/02\/nf-r.jpg\" alt=\"\" width=\"1100\" height=\"1021\" \/><\/p>\n<h2>NF-R, NF-R-CBL<\/h2>\n<p>Mehrstufige Industriefilter<\/p>\n<ul>\n<li>Nennstr\u00f6me 7 &#8211; 250 A<\/li>\n<li>Einbau stehend und liegend<\/li>\n<li>Sehr hohe symmetrische und asymmetrische D\u00e4mpfung<\/li>\n<li>Ber\u00fchrungssichere Klemmen<\/li>\n<li>F\u00fcr erh\u00f6hte Anforderungen<\/li>\n<\/ul>\n<p><a class=\"jump_to_downloads\" href=\"#downloads\"><i class=\"oi oi-data-transfer-download\"><\/i> Zu Downloads springen<\/a><\/div><\/p>\n<p><div class=\"products\"><br \/>\n<img loading=\"lazy\" decoding=\"async\" class=\"alignnone wp-image-1402 size-full\" src=\"https:\/\/epa.de\/filter\/de\/wp-content\/uploads\/sites\/3\/2015\/02\/nf-fsg.jpg\" alt=\"\" width=\"1100\" height=\"1021\" \/><\/p>\n<h2>NF-FSG<\/h2>\n<p>Kompaktfilter mit Anschlusslitzen<\/p>\n<ul>\n<li>Nennstr\u00f6me 4 &#8211; 24 A<\/li>\n<li>Niedriger Ableitstrom<\/li>\n<li>Sehr hohe symmetrische und asymmetrische D\u00e4mpfung<\/li>\n<li>Kompakte Bauform<\/li>\n<li>Ausgang mit Anschlusslitzen<\/li>\n<\/ul>\n<p><a class=\"jump_to_downloads\" href=\"#downloads\"><i class=\"oi oi-data-transfer-download\"><\/i> Zu Downloads springen<\/a><\/div><\/p>\n<p><div class=\"products\"><br \/>\n<img loading=\"lazy\" decoding=\"async\" class=\"alignnone wp-image-1403 size-full\" src=\"https:\/\/epa.de\/filter\/de\/wp-content\/uploads\/sites\/3\/2015\/02\/nf-t.jpg\" alt=\"\" width=\"1100\" height=\"1021\" \/><\/p>\n<h2>NF-T<\/h2>\n<p>Kompaktfilter f\u00fcr R\u00fcckspeisebetrieb<\/p>\n<ul>\n<li>Nennstr\u00f6me 35 &#8211; 230 A<\/li>\n<li>Ausgelegt f\u00fcr R\u00fcckspeisebetrieb<\/li>\n<li>Erh\u00f6hte S\u00e4ttigungsfestigkeit<\/li>\n<li>Sehr hohe symmetrische und asymmetrische D\u00e4mpfung<\/li>\n<li>Ber\u00fchrungssichere Klemmen<\/li>\n<li>F\u00fcr erh\u00f6hte Anforderungen<\/li>\n<li>UL Pr\u00fcfzeichen<\/li>\n<\/ul>\n<p><a class=\"jump_to_downloads\" href=\"#downloads\"><i class=\"oi oi-data-transfer-download\"><\/i> Zu Downloads springen<\/a><\/div><\/p>\n<p><div class=\"products\"><br \/>\n<img loading=\"lazy\" decoding=\"async\" class=\"alignnone wp-image-1404 size-full\" src=\"https:\/\/epa.de\/filter\/de\/wp-content\/uploads\/sites\/3\/2015\/02\/nf-ftk.jpg\" alt=\"\" width=\"1100\" height=\"1021\" \/><\/p>\n<h2>NF-FTK<\/h2>\n<p>Sammelfunkentst\u00f6rfilter<\/p>\n<ul>\n<li>Nennstr\u00f6me 12 &#8211; 230 A<\/li>\n<li>Hohe symmetrische und asymmetrische D\u00e4mpfung<\/li>\n<li>Kompakte Bauform<\/li>\n<li>Ber\u00fchrungssichere Klemmen<\/li>\n<\/ul>\n<p><a class=\"jump_to_downloads\" href=\"#downloads\"><i class=\"oi oi-data-transfer-download\"><\/i> Zu Downloads springen<\/a><\/div><\/p>\n<p><div class=\"products\"><br \/>\n<img loading=\"lazy\" decoding=\"async\" class=\"alignnone wp-image-1405 size-full\" src=\"https:\/\/epa.de\/filter\/de\/wp-content\/uploads\/sites\/3\/2015\/02\/nf-ftx.jpg\" alt=\"\" width=\"1100\" height=\"1021\" \/><\/p>\n<h2>NF-FTX<\/h2>\n<p>Werkzeugmaschinenfilter<\/p>\n<ul>\n<li>Nennstr\u00f6me 10 &#8211; 600 A<\/li>\n<li>Hohe symmetrische und asymmetrische D\u00e4mpfung<\/li>\n<li>Kompakte Bauform<\/li>\n<li>Als Sammelfilter geeignet<\/li>\n<\/ul>\n<p><a class=\"jump_to_downloads\" href=\"#downloads\"><i class=\"oi oi-data-transfer-download\"><\/i> Zu Downloads springen<\/a><\/div><\/p>\n<h2>690V AC \/ IT-Netze<\/h2>\n<p><div class=\"products\"><br \/>\n<img loading=\"lazy\" decoding=\"async\" class=\"alignnone wp-image-1406 size-full\" src=\"https:\/\/epa.de\/filter\/de\/wp-content\/uploads\/sites\/3\/2015\/02\/nf-k-it.jpg\" alt=\"\" width=\"1100\" height=\"1021\" \/><\/p>\n<h2>NF-K-IT<\/h2>\n<p>Kompaktfilter f\u00fcr 400V-IT-Netze und 690V-TN-Netze<\/p>\n<ul>\n<li>Nennstr\u00f6me 7 &#8211; 180 A<\/li>\n<li>Erh\u00f6hte Spannungsfestigkeit<\/li>\n<li>Nahezu kein Ableitstrom, niedrige Y-Kapazit\u00e4t<\/li>\n<li>Hohe symmetrische D\u00e4mpfung<\/li>\n<li>Kleine Grundfl\u00e4che (Buchform)<\/li>\n<li>Ber\u00fchrungssichere Klemmen<\/li>\n<li>UL Pr\u00fcfzeichen (bis 600V)<\/li>\n<\/ul>\n<p><a class=\"jump_to_downloads\" href=\"#downloads\"><i class=\"oi oi-data-transfer-download\"><\/i> Zu Downloads springen<\/a><\/div><\/p>\n<p><div class=\"products\"><br \/>\n<img loading=\"lazy\" decoding=\"async\" class=\"alignnone wp-image-1401 size-full\" src=\"https:\/\/epa.de\/filter\/de\/wp-content\/uploads\/sites\/3\/2015\/02\/nf-r.jpg\" alt=\"\" width=\"1100\" height=\"1021\" \/><\/p>\n<h2>NF-R-HV<\/h2>\n<p>Industriefilter mehrstufig f\u00fcr 400V-IT-Netze und 690V-TN-Netze<\/p>\n<ul>\n<li>Nennstr\u00f6me 7 &#8211; 250 A<\/li>\n<li>Erh\u00f6hte Spannungsfestigkeit<\/li>\n<li>Nahezu kein Ableitstrom, niedrige Y-Kapazit\u00e4t<\/li>\n<li>Sehr hohe symmetrische D\u00e4mpfung<\/li>\n<li>Einbau stehend und liegend m\u00f6glich<\/li>\n<li>Ber\u00fchrungssichere Klemmen<\/li>\n<\/ul>\n<p><a class=\"jump_to_downloads\" href=\"#downloads\"><i class=\"oi oi-data-transfer-download\"><\/i> Zu Downloads springen<\/a><\/div><\/p>\n<p><div class=\"products\"><br \/>\n<img loading=\"lazy\" decoding=\"async\" src=\"https:\/\/epa.de\/filter\/de\/wp-content\/uploads\/sites\/3\/2025\/03\/nf-h_0325.jpg\" alt=\"\" width=\"1100\" height=\"1021\" class=\"alignnone size-full wp-image-4803\" \/><\/p>\n<h2>NF-HV<\/h2>\n<p>Hochstrom-Netzfilter f\u00fcr 400V-IT-Netze und 690V-TN-Netze<\/p>\n<ul>\n<li>Nennstr\u00f6me 250 &#8211; 2500 A<\/li>\n<li>Erh\u00f6hte Spannungsfestigkeit<\/li>\n<li>Nahezu kein Ableitstrom, niedrige Y-Kapazit\u00e4t<\/li>\n<li>Hohe symmetrische D\u00e4mpfung<\/li>\n<li>Flache Bauform<\/li>\n<li>Anschluss \u00fcber Kupferschienen<\/li>\n<\/ul>\n<p><a class=\"jump_to_downloads\" href=\"#downloads\"><i class=\"oi oi-data-transfer-download\"><\/i> Zu Downloads springen<\/a><\/div><\/p>\n","protected":false},"excerpt":{"rendered":"<p>Spannungsbereich: 400 V AC bis\u00a0 690 V AC,\u00a0 50\/60 Hz Nennstr\u00f6me: 4 A bis 2500 A 3-phasig, ohne Neutralleiter 400 &#8211; 520 V AC 690V AC \/ IT-Netze<\/p>\n","protected":false},"author":1,"featured_media":1873,"parent":26,"menu_order":0,"comment_status":"closed","ping_status":"closed","template":"page-downloads.php","meta":{"footnotes":""},"class_list":["post-1840","page","type-page","status-publish","has-post-thumbnail","hentry"],"_links":{"self":[{"href":"https:\/\/epa.de\/antriebe\/de\/wp-json\/wp\/v2\/pages\/1840","targetHints":{"allow":["GET"]}}],"collection":[{"href":"https:\/\/epa.de\/antriebe\/de\/wp-json\/wp\/v2\/pages"}],"about":[{"href":"https:\/\/epa.de\/antriebe\/de\/wp-json\/wp\/v2\/types\/page"}],"author":[{"embeddable":true,"href":"https:\/\/epa.de\/antriebe\/de\/wp-json\/wp\/v2\/users\/1"}],"replies":[{"embeddable":true,"href":"https:\/\/epa.de\/antriebe\/de\/wp-json\/wp\/v2\/comments?post=1840"}],"version-history":[{"count":10,"href":"https:\/\/epa.de\/antriebe\/de\/wp-json\/wp\/v2\/pages\/1840\/revisions"}],"predecessor-version":[{"id":2691,"href":"https:\/\/epa.de\/antriebe\/de\/wp-json\/wp\/v2\/pages\/1840\/revisions\/2691"}],"up":[{"embeddable":true,"href":"https:\/\/epa.de\/antriebe\/de\/wp-json\/wp\/v2\/pages\/26"}],"wp:featuredmedia":[{"embeddable":true,"href":"https:\/\/epa.de\/antriebe\/de\/wp-json\/wp\/v2\/media\/1873"}],"wp:attachment":[{"href":"https:\/\/epa.de\/antriebe\/de\/wp-json\/wp\/v2\/media?parent=1840"}],"curies":[{"name":"wp","href":"https:\/\/api.w.org\/{rel}","templated":true}]}}