{"id":1734,"date":"2016-03-18T09:09:20","date_gmt":"2016-03-18T08:09:20","guid":{"rendered":"https:\/\/epa.de\/antriebe\/de\/?page_id=1734"},"modified":"2023-05-12T16:21:14","modified_gmt":"2023-05-12T14:21:14","slug":"videos","status":"publish","type":"page","link":"https:\/\/epa.de\/antriebe\/de\/unternehmen\/videos\/","title":{"rendered":"Videos"},"content":{"rendered":"<p><div class=\"video-row\"><br \/>\n\t<div class=\"col-sm-6\"><div class=\"embed-responsive embed-responsive-16by9\"><div class=\"youtube-container\"><div class=\"youtube-player\" data-id=\"LaH9SRDGQXA\"><\/div><\/div><\/div><a class=\"video-link\" href=\"https:\/\/www.youtube-nocookie.com\/watch?v=LaH9SRDGQXA\" target=\"_blank\"><i class=\"oi oi-share\"><\/i><\/a><br \/>\n\t<div class=\"video-description\"><\/p>\n<h3>Schnellinbetriebnahme eines Unidrive M400<\/h3>\n<p>In diesem Video erfahren Sie Schritt f\u00fcr Schritt welche Parameter beim Unidrive M400 mindestens eingestellt werden m\u00fcssen und wie sie die Parametrierung durchf\u00fchren k\u00f6nnen, um den Motor so schnell wie m\u00f6glich drehen zu lassen.<\/p>\n<p>\t<\/div><\/div><!-- .col-md-4\/.col-md-6 --><br \/>\n<\/div><!-- .video-row --><br \/>\n<div class=\"video-row\"><br \/>\n\t<div class=\"col-sm-6\"><div class=\"embed-responsive embed-responsive-16by9\"><div class=\"youtube-container\"><div class=\"youtube-player\" data-id=\"oEv9ddWU_uQ\"><\/div><\/div><\/div><a class=\"video-link\" href=\"https:\/\/www.youtube-nocookie.com\/watch?v=oEv9ddWU_uQ\" target=\"_blank\"><i class=\"oi oi-share\"><\/i><\/a><br \/>\n\t<div class=\"video-description\"><\/p>\n<h3>Imagefilm<\/h3>\n<p>Wer die EPA GmbH ist und was sie f\u00fcr Sie tun kann, das erfahren Sie hier.<\/p>\n<p>\t<\/div><\/div><!-- .col-md-4\/.col-md-6 --><\/p>\n<p>\t<div class=\"col-sm-6\"><div class=\"embed-responsive embed-responsive-16by9\"><div class=\"youtube-container\"><div class=\"youtube-player\" data-id=\"aywi4jIqHmc\"><\/div><\/div><\/div><a class=\"video-link\" href=\"https:\/\/www.youtube-nocookie.com\/watch?v=aywi4jIqHmc\" target=\"_blank\"><i class=\"oi oi-share\"><\/i><\/a><br \/>\n\t<div class=\"video-description\"><\/p>\n<h3>Messefilm<\/h3>\n<p>Um den Besuchern der <a href=\"..\/messe\/\">diversen Fachmessen<\/a> kurz und pr\u00e4gnant n\u00e4herzubringen, wer wir sind und was wir tun, gibt es diesen Film.<\/p>\n<p>\t<\/div><\/div><!-- .col-md-4\/.col-md-6 --><br \/>\n<\/div><!-- .video-row --><\/p>\n<p><div class=\"video-row\"><br \/>\n\t<div class=\"col-sm-4\"><div class=\"embed-responsive embed-responsive-16by9\"><div class=\"youtube-container\"><div class=\"youtube-player\" data-id=\"XkfbJuNTSig\"><\/div><\/div><\/div><a class=\"video-link\" href=\"https:\/\/www.youtube-nocookie.come\/watch?v=XkfbJuNTSig\" target=\"_blank\"><i class=\"oi oi-share\"><\/i><\/a><br \/>\n\t<div class=\"video-description\"><\/p>\n<h3>Der EPA LEAKCOMP<sup>\u00ae<\/sup> <i>HP<\/i><\/h3>\n<p>Mit der Ableitstromkompensation <a href=\"https:\/\/epa.de\/filter\/de\/leakcomp-hp\/\"><strong>LEAK<\/strong>COMP\u00ae <strong><i>HP<\/i><\/strong><\/a> k\u00f6nnen Frequenzumrichter und Servoantriebe sicher an allstromsensitiven FI-Schutzschaltern mit einem Bemessungsfehlerstrom von 30mA oder h\u00f6her betrieben werden.<\/p>\n<p>\t<\/div><\/div><!-- .col-md-4\/.col-md-6 --><\/p>\n<p>\t<div class=\"col-sm-4\"><div class=\"embed-responsive embed-responsive-16by9\"><div class=\"youtube-container\"><div class=\"youtube-player\" data-id=\"ulGMiVyoAoA\"><\/div><\/div><\/div><a class=\"video-link\" href=\"https:\/\/www.youtube-nocookie.come\/watch?v=ulGMiVyoAoA\" target=\"_blank\"><i class=\"oi oi-share\"><\/i><\/a><br \/>\n\t<div class=\"video-description\"><\/p>\n<h3>Der EPA LEAKCOMP<sup>\u00ae<\/sup> <i>1P<\/i><\/h3>\n<p>Der <a href=\"https:\/\/epa.de\/filter\/de\/ableitstromkompensation-leakcomp-1p\/\"><strong>LEAK<\/strong>COMP<sup>\u00ae<\/sup> <strong><i>1P<\/i><\/strong><\/a> kompensiert die in der Anlage \/ Maschine auftretenden betriebsbedingten Ableitstr\u00f6me und verhindert somit Fehlausl\u00f6sungen von Fehlerstrom-Schutzeinrichtungen, welche durch zu hohe 50 Hz Ableitstr\u00f6me hervorgerufen werden.<\/p>\n<p>\t<\/div><\/div><!-- .col-md-4\/.col-md-6 --><\/p>\n<p>\t<div class=\"col-sm-4\"><div class=\"embed-responsive embed-responsive-16by9\"><div class=\"youtube-container\"><div class=\"youtube-player\" data-id=\"OaYgeIbOzwM\"><\/div><\/div><\/div><a class=\"video-link\" href=\"https:\/\/www.youtube-nocookie.come\/watch?v=OaYgeIbOzwM\" target=\"_blank\"><i class=\"oi oi-share\"><\/i><\/a><br \/>\n\t<div class=\"video-description\"><\/p>\n<h3>EMV-Messung an einem Ninebot Scooter<\/h3>\n<p>EMV Messung und Entst\u00f6rung eines Ninebot PT1 Scooters zur Erlangung der Zulassung nach der Stra\u00dfenverkehrszulassungsordnung (StVZO).<\/p>\n<p>\t<\/div><\/div><!-- .col-md-4\/.col-md-6 --><br \/>\n<\/div><!-- .video-row --><\/p>\n","protected":false},"excerpt":{"rendered":"","protected":false},"author":1,"featured_media":0,"parent":71,"menu_order":0,"comment_status":"closed","ping_status":"closed","template":"page-videos.php","meta":{"footnotes":""},"class_list":["post-1734","page","type-page","status-publish","hentry"],"_links":{"self":[{"href":"https:\/\/epa.de\/antriebe\/de\/wp-json\/wp\/v2\/pages\/1734","targetHints":{"allow":["GET"]}}],"collection":[{"href":"https:\/\/epa.de\/antriebe\/de\/wp-json\/wp\/v2\/pages"}],"about":[{"href":"https:\/\/epa.de\/antriebe\/de\/wp-json\/wp\/v2\/types\/page"}],"author":[{"embeddable":true,"href":"https:\/\/epa.de\/antriebe\/de\/wp-json\/wp\/v2\/users\/1"}],"replies":[{"embeddable":true,"href":"https:\/\/epa.de\/antriebe\/de\/wp-json\/wp\/v2\/comments?post=1734"}],"version-history":[{"count":4,"href":"https:\/\/epa.de\/antriebe\/de\/wp-json\/wp\/v2\/pages\/1734\/revisions"}],"predecessor-version":[{"id":2540,"href":"https:\/\/epa.de\/antriebe\/de\/wp-json\/wp\/v2\/pages\/1734\/revisions\/2540"}],"up":[{"embeddable":true,"href":"https:\/\/epa.de\/antriebe\/de\/wp-json\/wp\/v2\/pages\/71"}],"wp:attachment":[{"href":"https:\/\/epa.de\/antriebe\/de\/wp-json\/wp\/v2\/media?parent=1734"}],"curies":[{"name":"wp","href":"https:\/\/api.w.org\/{rel}","templated":true}]}}