{"id":1406,"date":"2015-07-10T11:16:31","date_gmt":"2015-07-10T09:16:31","guid":{"rendered":"https:\/\/epa.de\/antriebe\/de\/?page_id=1406"},"modified":"2024-06-21T16:04:07","modified_gmt":"2024-06-21T14:04:07","slug":"datenschutzerklaerung","status":"publish","type":"page","link":"https:\/\/epa.de\/antriebe\/de\/datenschutzerklaerung\/","title":{"rendered":"Datenschutzerkl\u00e4rung"},"content":{"rendered":"<p><span class=\"Haendlerbund_Rechtstext_Absatz\">Soweit nachstehend keine anderen Angaben gemacht werden, ist die Bereitstellung Ihrer personenbezogenen Daten weder gesetzlich oder vertraglich vorgeschrieben, noch f\u00fcr einen Vertragsabschluss erforderlich. Sie sind zur Bereitstellung der Daten nicht verpflichtet. Eine Nichtbereitstellung hat keine Folgen. Dies gilt nur soweit bei den nachfolgenden Verarbeitungsvorg\u00e4ngen keine anderweitige Angabe gemacht wird.<br \/>\n&#8222;Personenbezogene Daten&#8220; sind alle Informationen, die sich auf eine identifizierte oder identifizierbare nat\u00fcrliche Person beziehen.<\/span><\/p>\n<div><strong><span class=\"Haendlerbund_Rechtstext_Absatz\">Server-Logfiles<\/span><\/strong><\/div>\n<div><span class=\"Haendlerbund_Rechtstext_Absatz\">Sie k\u00f6nnen unsere Webseiten besuchen, ohne Angaben zu Ihrer Person zu machen.\u00a0<\/span><\/div>\n<div><span class=\"Haendlerbund_Rechtstext_Absatz\">Bei jedem Zugriff auf unsere Website werden an uns oder unseren Webhoster \/ IT-Dienstleister Nutzungsdaten durch Ihren Internet Browser \u00fcbermittelt und in Protokolldaten (sog. Server-Logfiles) gespeichert. Zu diesen gespeicherten Daten geh\u00f6ren z.B. der Name der aufgerufenen Seite, Datum und Uhrzeit des Abrufs, die IP-Adresse, die \u00fcbertragene Datenmenge und der anfragende Provider.<br \/>\nDie Verarbeitung erfolgt auf Grundlage des Art. 6 Abs. 1 lit. f DSGVO aus unserem \u00fcberwiegenden berechtigten Interesse an der Gew\u00e4hrleistung eines st\u00f6rungsfreien Betriebs unserer Website sowie zur Verbesserung unseres Angebotes.\u00a0<\/span><\/div>\n<p><span class=\"Haendlerbund_Rechtstext_Absatz\">Ihre Daten werden dabei gegebenenfalls in Drittstaaten au\u00dferhalb der Europ\u00e4ischen Union \u00fcbermittelt, f\u00fcr die ein Angemessenheitsbeschluss der EU-Kommission vorliegt.<\/span><\/p>\n<p><em><strong>Kontakt<\/strong><\/em><\/p>\n<p><span class=\"Haendlerbund_Rechtstext_Absatz\"><strong>Verantwortlicher<\/strong><\/span><strong><span class=\"Haendlerbund_Rechtstext_Absatz\">\/Datenschutzbeauftragter<\/span><\/strong><br \/>\n<span class=\"Haendlerbund_Rechtstext_Absatz\">Kontaktieren Sie uns auf Wunsch.\u00a0Verantwortlicher f\u00fcr die Datenverarbeitung ist:\u00a0<\/span><span class=\"Haendlerbund_Rechtstext_Absatz\">Herr Dipl.-Ing. Thortsten Pemsel,\u00a0<\/span><span class=\"Haendlerbund_Rechtstext_Absatz\">Fliederstr. 8,\u00a0<\/span><span class=\"Haendlerbund_Rechtstext_Absatz\">63486\u00a0<\/span><span class=\"Haendlerbund_Rechtstext_Absatz\">Bruchk\u00f6bel\u00a0<\/span><span class=\"Haendlerbund_Rechtstext_Absatz\">Deutschland,\u00a0<\/span><span class=\"Haendlerbund_Rechtstext_Absatz\">+49(0) 6181 9704 0,\u00a0<\/span><a href=\"mailto:dv@epa.de\"><span class=\"Haendlerbund_Rechtstext_Absatz\">dv@epa.de<\/span><\/a><\/p>\n<p><span class=\"Haendlerbund_Rechtstext_Absatz\">Unseren Datenschutzbeauftragten erreichen Sie direkt unter: <a href=\"mailto:datenschutzbeauftragter@epa.de\">datenschutzbeauftragter@epa.de<\/a><\/span><\/p>\n<p><span class=\"Haendlerbund_Rechtstext_Absatz\"><strong>Initiativ-Kontaktaufnahme des Kunden per E-Mail<\/strong><br \/>\nWenn Sie per E-Mail initiativ mit uns in Gesch\u00e4ftskontakt treten, erheben wir Ihre personenbezogenen Daten (Name, E-Mail-Adresse, Nachrichtentext) nur in dem von Ihnen zur Verf\u00fcgung gestellten Umfang. Die Datenverarbeitung dient der Bearbeitung und Beantwortung Ihrer Kontaktanfrage.<br \/>\nWenn die Kontaktaufnahme der Durchf\u00fchrung vorvertraglichen Ma\u00dfnahmen (bspw. Beratung bei Kaufinteresse, Angebotserstellung) dient oder einen bereits zwischen Ihnen und uns geschlossenen Vertrag betrifft, erfolgt diese Datenverarbeitung auf Grundlage des Art. 6 Abs. 1 lit. b DSGVO.<br \/>\nErfolgt die Kontaktaufnahme aus anderen Gr\u00fcnden, erfolgt diese Datenverarbeitung auf Grundlage des Art. 6 Abs. 1 lit. f DSGVO aus unserem \u00fcberwiegenden berechtigten Interesse an der Bearbeitung und Beantwortung Ihrer Anfrage. <em><strong>In diesem Fall haben Sie das Recht, aus Gr\u00fcnden, die sich aus Ihrer besonderen Situation ergeben, jederzeit dieser auf Art. 6 Abs. 1 lit. f DSGVO beruhenden Verarbeitungen Sie betreffender personenbezogener Daten zu widersprechen.<\/strong><\/em><br \/>\nIhre E-Mail-Adresse nutzen wir nur zur Bearbeitung Ihrer Anfrage. Ihre Daten werden anschlie\u00dfend unter Beachtung gesetzlicher Aufbewahrungsfristen gel\u00f6scht, sofern Sie der weitergehenden Verarbeitung und Nutzung nicht zugestimmt haben.<\/span><\/p>\n<p><span class=\"Haendlerbund_Rechtstext_Absatz\"><strong>Erhebung und Verarbeitung bei Nutzung des Kontaktformulars <\/strong><br \/>\nBei der Nutzung des Kontaktformulars erheben wir Ihre personenbezogenen Daten (Name, E-Mail-Adresse, Nachrichtentext) nur in dem von Ihnen zur Verf\u00fcgung gestellten Umfang. Die Datenverarbeitung dient dem Zweck der Kontaktaufnahme.<\/span><br \/>\n<span class=\"Haendlerbund_Rechtstext_Absatz\">Wenn die Kontaktaufnahme der Durchf\u00fchrung vorvertraglichen Ma\u00dfnahmen (bspw. Beratung bei Kaufinteresse, Angebotserstellung) dient oder einen bereits zwischen Ihnen und uns geschlossenen Vertrag betrifft, erfolgt diese Datenverarbeitung auf Grundlage des Art. 6 Abs. 1 lit. b DSGVO.<\/span><br \/>\n<span class=\"Haendlerbund_Rechtstext_Absatz\">Erfolgt die Kontaktaufnahme aus anderen Gr\u00fcnden, erfolgt diese Datenverarbeitung auf Grundlage des Art. 6 Abs. 1 lit. f DSGVO aus unserem \u00fcberwiegenden berechtigten Interesse an der Bearbeitung und Beantwortung Ihrer Anfrage.\u00a0<\/span><em><strong>In diesem Fall haben Sie das Recht, aus Gr\u00fcnden, die sich aus Ihrer besonderen Situation ergeben, jederzeit dieser auf Art. 6 Abs. 1 lit. f DSGVO beruhenden Verarbeitungen Sie betreffender personenbezogener Daten zu widersprechen.<\/strong><\/em><br \/>\n<span class=\"Haendlerbund_Rechtstext_Absatz\">Ihre E-Mail-Adresse nutzen wir nur zur Bearbeitung Ihrer Anfrage. Ihre Daten werden anschlie\u00dfend unter Beachtung gesetzlicher Aufbewahrungsfristen gel\u00f6scht, sofern Sie der weitergehenden Verarbeitung und Nutzung nicht zugestimmt haben.<\/span><\/p>\n<p><strong><em>Werbung\u00a0\u00a0\u00a0\u00a0\u00a0\u00a0<\/em><\/strong><\/p>\n<p><span class=\"Haendlerbund_Rechtstext_Absatz\"><strong>Verwendung Ihrer personenbezogenen Daten f\u00fcr die Zusendung postalischer Werbung<\/strong><\/span><br \/>\n<span class=\"Haendlerbund_Rechtstext_Absatz\">Wir nutzen Ihre personenbezogenen Daten (Name, Anschrift), die wir im Rahmen des Verkaufs einer Ware oder Dienstleistung erhalten haben, um Ihnen postalische Werbung zuzusenden, sofern Sie dieser Verwendung nicht widersprochen haben. Die Bereitstellung dieser Daten ist f\u00fcr den Vertragsschluss erforderlich. Eine Nichtbereitstellung hat zur Folge, dass kein Vertrag geschlossen werden kann.<\/span><br \/>\n<span class=\"Haendlerbund_Rechtstext_Absatz\">Die Verarbeitung erfolgt auf Grundlage des Art. 6 Abs. 1 lit. f DSGVO aus unserem \u00fcberwiegenden berechtigten Interesse an Direktwerbung. <em><strong>Sie k\u00f6nnen dieser Verwendung Ihrer Adressdaten jederzeit durch Mitteilung an uns widersprechen. <\/strong><\/em>Die Kontaktdaten f\u00fcr die Aus\u00fcbung des Widerspruchs finden Sie im Impressum.<\/span><\/p>\n<div><em><strong>Cookies<\/strong><\/em><span class=\"Haendlerbund_Rechtstext_Absatz\">Unsere Website verwendet Cookies. Cookies sind kleine Textdateien, die im Internetbrowser bzw. vom Internetbrowser auf dem Computersystem eines Nutzers gespeichert werden. Ruft ein Nutzer eine Website auf, so kann ein Cookie auf dem Betriebssystem des Nutzers gespeichert werden. Dieser Cookie enth\u00e4lt eine charakteristische Zeichenfolge, die eine eindeutige Identifizierung des Browsers beim erneuten Aufrufen der Website erm\u00f6glicht.<\/span><\/p>\n<\/div>\n<div><\/div>\n<div><span class=\"Haendlerbund_Rechtstext_Absatz\">Cookies werden auf Ihrem Rechner gespeichert. Daher haben Sie die volle Kontrolle \u00fcber die Verwendung von Cookies. Durch die Auswahl entsprechender technischer Einstellungen in Ihrem Internetbrowser k\u00f6nnen Sie vor dem Setzen von Cookies benachrichtigt werden und \u00fcber die Annahme einzeln entscheiden sowie die Speicherung der Cookies und \u00dcbermittlung der enthaltenen Daten verhindern. Bereits gespeicherte Cookies k\u00f6nnen jederzeit gel\u00f6scht werden. Wir weisen Sie jedoch darauf hin, dass Sie dann gegebenenfalls nicht s\u00e4mtliche Funktionen dieser Website vollumf\u00e4nglich nutzen k\u00f6nnen.<\/span><\/div>\n<div><\/div>\n<div><span class=\"Haendlerbund_Rechtstext_Absatz\">Unter den nachstehenden Links k\u00f6nnen Sie sich informieren, wie Sie die Cookies bei den wichtigsten Browsern verwalten (u.a. auch deaktivieren) k\u00f6nnen:<\/span><\/div>\n<div><span class=\"Haendlerbund_Rechtstext_Absatz\">Chrome: <a href=\"https:\/\/support.google.com\/accounts\/answer\/61416?hl=de\" target=\"_blank\" rel=\"noopener\">https:\/\/support.google.com\/accounts\/answer\/61416?hl=de<\/a><br \/>\nMicrosoft Edge:\u00a0<a href=\"https:\/\/support.microsoft.com\/de-de\/microsoft-edge\/cookies-in-microsoft-edge-lB6schen-63947406-40ac-c3b8-57b9-2a946a29ae09\" target=\"_blank\" rel=\"noopener\">https:\/\/support.microsoft.com\/de-de\/microsoft-edge\/cookies-in-microsoft-edge-lB6schen-63947406-40ac-c3b8-57b9-2a946a29ae09<\/a><\/span><\/div>\n<div><span class=\"Haendlerbund_Rechtstext_Absatz\">Mozilla Firefox: <a href=\"https:\/\/support.mozilla.org\/de\/kb\/cookies-erlauben-und-ablehnen\" target=\"_blank\" rel=\"noopener\">https:\/\/support.mozilla.org\/de\/kb\/cookies-erlauben-und-ablehnen<\/a><\/span><\/div>\n<div><span class=\"Haendlerbund_Rechtstext_Absatz\">Safari: <a href=\"https:\/\/support.apple.com\/de-de\/guide\/safari\/manage-cookies-and-website-data-sfri11471\/mac\" target=\"_blank\" rel=\"noopener\">https:\/\/support.apple.com\/de-de\/guide\/safari\/manage-cookies-and-website-data-sfri11471\/mac<\/a><\/span><\/div>\n<div><\/div>\n<div><strong><span class=\"Haendlerbund_Rechtstext_Absatz\">Technisch notwendige Cookies<\/span><\/strong><\/div>\n<div><span class=\"Haendlerbund_Rechtstext_Absatz\">Soweit nachstehend in der Datenschutzerkl\u00e4rung keine anderen Angaben gemacht werden setzen wir nur diese technisch notwendigen Cookies zu dem Zweck ein, unser Angebot nutzerfreundlicher, effektiver und sicherer zu machen. Des Weiteren erm\u00f6glichen Cookies unseren Systemen, Ihren Browser auch nach einem Seitenwechsel zu erkennen und Ihnen Services anzubieten. Einige Funktionen unserer Internetseite k\u00f6nnen ohne den Einsatz von Cookies nicht angeboten werden. F\u00fcr diese ist es erforderlich, dass der Browser auch nach einem Seitenwechsel wiedererkannt wird.<\/span><\/div>\n<div><\/div>\n<div><span class=\"Haendlerbund_Rechtstext_Absatz\">Die Nutzung von Cookies oder vergleichbarer Technologien erfolgt auf Grundlage des \u00a7 25 Abs. 2 TDDDG. Die Verarbeitung Ihrer personenbezogenen Daten erfolgt auf Grundlage des Art. 6 Abs. 1 lit. f DSGVO aus unserem \u00fcberwiegenden berechtigten Interesse\u00a0an der Gew\u00e4hrleistung der optimalen Funktionalit\u00e4t der Website sowie einer nutzerfreundlichen und effektiven Gestaltung unseres Angebots.<\/span><\/div>\n<div><span class=\"Haendlerbund_Rechtstext_Absatz\"><em><strong>Sie haben das Recht aus Gr\u00fcnden, die sich aus Ihrer besonderen Situation ergeben, jederzeit dieser Verarbeitung Sie betreffender personenbezogener Daten zu widersprechen.<\/strong><\/em><\/span><\/div>\n<p><em><strong>Plug-ins und Sonstiges<\/strong><\/em><\/p>\n<p><span class=\"Haendlerbund_Rechtstext_Absatz\"><strong>Verwendung von YouTube <\/strong><br \/>\nWir verwenden auf unserer Website die Funktion zur Einbettung von YouTube-Videos der Google Ireland Limited (Gordon House, Barrow Street, Dublin 4, Irland; \u201eYouTube\u201c).YouTube ist ein mit der Google LLC (1600 Amphitheatre Parkway, Mountain View, CA 94043, USA; \u201cGoogle\u201d) verbundenes Unternehmen.<br \/>\nDie Funktion zeigt bei YouTube hinterlegte Videos in einem iFrame auf der Website an. Dabei ist die Option \u201eErweiterter Datenschutzmodus\u201c aktiviert. Dadurch werden von YouTube keine Informationen \u00fcber die Besucher der Website gespeichert. Erst wenn Sie sich ein Video ansehen, werden Informationen dar\u00fcber an YouTube \u00fcbermittelt und dort gespeichert.\u00a0Ihre Daten werden gegebenenfalls in die USA \u00fcbermittelt. F\u00fcr die USA ist ein Angemessenheitsbeschluss der EU-Kommission vorhanden, das Trans-Atlantic Data Privacy Framework (TADPF). YouTube\u00a0<\/span><span class=\"Haendlerbund_Rechtstext_Absatz\">hat sich nach dem TADPF zertifiziert und damit verpflichtet, europ\u00e4ische Datenschutzgrunds\u00e4tze einzuhalten.<\/span><br \/>\n<span class=\"Haendlerbund_Rechtstext_Absatz\">Die Nutzung von Cookies oder vergleichbarer Technologien erfolgt mit Ihrer Einwilligung auf Grundlage des \u00a7 25 Abs. 1 S. 1 TDDDG i.V.m. Art. 6 Abs. 1 lit. a DSGVO. Die Verarbeitung Ihrer personenbezogenen Daten erfolgt mit Ihrer Einwilligung auf Grundlage des Art. 6 Abs. 1 lit. a DSGVO. Sie k\u00f6nnen die Einwilligung jederzeit widerrufen, ohne dass die Rechtm\u00e4\u00dfigkeit der aufgrund der Einwilligung bis zum Widerruf erfolgten Verarbeitung ber\u00fchrt wird.<br \/>\nN\u00e4here Informationen zur Erhebung und Nutzung der Daten durch YouTube und Google, \u00fcber Ihre diesbez\u00fcglichen Rechte und M\u00f6glichkeiten zum Schutz Ihrer Privatsph\u00e4re finden Sie in den Datenschutzhinweisen von YouTube unter <a href=\"https:\/\/www.youtube.com\/t\/privacy\" target=\"_blank\" rel=\"noopener\">https:\/\/www.youtube.com\/t\/privacy<\/a>.<\/span><\/p>\n<p><em><strong>Verwendung von IONOS WebAnalytics<\/strong><\/em><\/p>\n<div>\n<p>Wir verwenden auf unserer Website den Dienst WebAnalytics der IONOS SE (Elgendorfer Str. 57, 56410 Montabaur, Deutschland \u201eIONOS\u201c) im Rahmen einer Auftragsverarbeitung.<br \/>\nDie Datenverarbeitung dient dem Zweck der Analyse dieser Website und ihrer Besucher sowie f\u00fcr Marketing- und Werbezwecke. Dazu wird IONOS im Auftrag des Betreibers dieser Website die durch Pixel oder ein Logfile gewonnenen Informationen benutzen, um Ihre Nutzung der Website auszuwerten und das Webangebot zu optimieren. Diese Daten werden durch einen Pixel ermittelt. Zum Schutz von personenbezogenen Daten verwendet IONOS keine Cookies. Zum Schutz der Besucher werden zudem durch IONOS keine personenbezogenen Daten von Websitenbesucher gespeichert, damit keine R\u00fcckschl\u00fcsse auf die einzelnen Besucher gezogen werden k\u00f6nnen. Dabei k\u00f6nnen jedoch u.a. folgende Informationen erhoben werden: IP-Adresse des Besuchers, welche jedoch nach der \u00dcbermittlung direkt anonymisiert und ohne Personenbezug verarbeitet wird, Referrer (zuvor besuchte Webseite), angeforderte Webseite oder Datei, Browsertyp und Browserversion, verwendetes Betriebssystem, verwendeter Ger\u00e4tetyp, Uhrzeit des Zugriffs.<\/p>\n<p>Die Verarbeitung Ihrer personenbezogenen Daten erfolgt auf Grundlage des Art. 6 Abs. 1 lit. f DSGVO aus unserem \u00fcberwiegenden berechtigten Interesse an der cookielosen Auswertung der Websitebesuche und der bedarfsgerechten und zielgerichteten Gestaltung der unserer Marketingma\u00dfnahmen. Sie haben das Recht aus Gr\u00fcnden, die sich aus Ihrer besonderen Situation ergeben, jederzeit dieser auf Art. 6 Abs. 1 lit. f DSGVO beruhenden Verarbeitungen Sie betreffender personenbezogener Daten zu widersprechen.<br \/>\nN\u00e4here Informationen zur Datenverarbeitung durch IONOS finden Sie unter <a href=\"https:\/\/www.ionos.de\/terms-gtc\/datenschutzerklaerung\/\" target=\"_blank\" rel=\"noopener\">https:\/\/www.ionos.de\/terms-gtc\/datenschutzerklaerung\/<\/a> und <a href=\"https:\/\/www.ionos.de\/terms-gtc\/avv\/\" target=\"_blank\" rel=\"noopener\">https:\/\/www.ionos.de\/terms-gtc\/avv\/<\/a>.<\/p>\n<\/div>\n<p><strong><em>Betroffenenrechte und Speicherdauer<\/em><\/strong><\/p>\n<p><strong><span class=\"Haendlerbund_Rechtstext_Absatz\">Dauer der Speicherung<\/span><\/strong><\/p>\n<div><span class=\"Haendlerbund_Rechtstext_Absatz\">Die Daten werden unter Ber\u00fccksichtigung gesetzlicher Aufbewahrungsfristen gespeichert und dann nach Fristablauf gel\u00f6scht, sofern Sie der weitergehenden Verarbeitung und Nutzung nicht zugestimmt haben.<\/span><\/div>\n<p><span class=\"Haendlerbund_Rechtstext_Absatz\"><strong>Rechte der betroffenen Person<\/strong><br \/>\nIhnen stehen bei Vorliegen der gesetzlichen Voraussetzungen folgende Rechte nach Art. 15 bis 20 DSGVO zu: Recht auf Auskunft, auf Berichtigung, auf L\u00f6schung, auf Einschr\u00e4nkung der Verarbeitung, auf Daten\u00fcbertragbarkeit.<br \/>\nAu\u00dferdem steht Ihnen nach Art. 21 Abs. 1 DSGVO ein Widerspruchsrecht gegen die Verarbeitungen zu, die auf Art. 6 Abs. 1 f DSGVO beruhen, sowie gegen die Verarbeitung zum Zwecke von Direktwerbung.<\/span><\/p>\n<p><span class=\"Haendlerbund_Rechtstext_Absatz\"><strong>Beschwerderecht bei der Aufsichtsbeh\u00f6rde<\/strong><br \/>\nSie haben gem\u00e4\u00df Art. 77 DSGVO das Recht, sich bei der Aufsichtsbeh\u00f6rde zu beschweren, wenn Sie der Ansicht sind, dass die Verarbeitung Ihrer personenbezogenen Daten nicht rechtm\u00e4\u00dfig erfolgt.<\/span><\/p>\n<p><span class=\"Haendlerbund_Rechtstext_Absatz\">Eine Beschwerde k\u00f6nnen Sie unter anderem bei der f\u00fcr uns zust\u00e4ndigen Aufsichtsbeh\u00f6rde einlegen, die Sie unter folgenden Kontaktdaten erreichen:<\/span><\/p>\n<p><span class=\"Haendlerbund_Rechtstext_Absatz\">Hessischer Beauftragter f\u00fcr Datenschutz und Informationsfreiheit<br \/>\nPostfach 3163<br \/>\n65021 Wiesbaden<br \/>\nTel.: +49 611 14080<br \/>\nFax: +49 611 1408900 oder +49 611 1408901<br \/>\nE-Mail: <a href=\"mailto:poststelle@datenschutz.hessen.de\">poststelle@datenschutz.hessen.de<\/a><\/span><\/p>\n<p><span class=\"Haendlerbund_Rechtstext_Absatz\"><strong>Widerspruchsrecht<\/strong><br \/>\nBeruhen die hier aufgef\u00fchrten personenbezogenen Datenverarbeitungen auf Grundlage unseres berechtigten Interesses nach Art. 6 Abs. 1 lit. f DSGVO, haben Sie das Recht aus Gr\u00fcnden, die sich aus Ihrer besonderen Situation ergeben, jederzeit diesen Verarbeitungen mit Wirkung f\u00fcr die Zukunft zu widersprechen.<br \/>\nNach erfolgtem Widerspruch wird die Verarbeitung der betroffenen Daten beendet, es sei denn, wir k\u00f6nnen zwingende schutzw\u00fcrdige Gr\u00fcnde f\u00fcr die Verarbeitung nachweisen, die Ihren Interessen, Rechten und Freiheiten \u00fcberwiegen, oder wenn die Verarbeitung der Geltendmachung, Aus\u00fcbung oder Verteidigung von Rechtsanspr\u00fcchen dient.<\/span><\/p>\n<p><span class=\"Haendlerbund_Rechtstext_Absatz\">Erfolgt die personenbezogene Datenverarbeitung zu Zwecken der Direktwerbung, k\u00f6nnen Sie dieser Verarbeitung jederzeit durch Mitteilung an uns widersprechen. Nach erfolgtem Widerspruch beenden wir die Verarbeitung der betroffenen Daten zum Zwecke der Direktwerbung.<\/span><\/p>\n<p><span class=\"Haendlerbund_Rechtstext_Absatz\">letzte Aktualisierung: 29.11.2023<\/span><\/p>\n","protected":false},"excerpt":{"rendered":"<p>Soweit nachstehend keine anderen Angaben gemacht werden, ist die Bereitstellung Ihrer personenbezogenen Daten weder gesetzlich oder vertraglich vorgeschrieben, noch f\u00fcr einen Vertragsabschluss erforderlich. Sie sind zur Bereitstellung der Daten nicht verpflichtet. Eine Nichtbereitstellung hat keine Folgen. Dies gilt nur soweit bei den nachfolgenden Verarbeitungsvorg\u00e4ngen keine anderweitige Angabe gemacht wird. &#8222;Personenbezogene Daten&#8220; sind alle Informationen, die [&hellip;]<\/p>\n","protected":false},"author":1,"featured_media":0,"parent":0,"menu_order":0,"comment_status":"open","ping_status":"open","template":"","meta":{"footnotes":""},"class_list":["post-1406","page","type-page","status-publish","hentry"],"_links":{"self":[{"href":"https:\/\/epa.de\/antriebe\/de\/wp-json\/wp\/v2\/pages\/1406","targetHints":{"allow":["GET"]}}],"collection":[{"href":"https:\/\/epa.de\/antriebe\/de\/wp-json\/wp\/v2\/pages"}],"about":[{"href":"https:\/\/epa.de\/antriebe\/de\/wp-json\/wp\/v2\/types\/page"}],"author":[{"embeddable":true,"href":"https:\/\/epa.de\/antriebe\/de\/wp-json\/wp\/v2\/users\/1"}],"replies":[{"embeddable":true,"href":"https:\/\/epa.de\/antriebe\/de\/wp-json\/wp\/v2\/comments?post=1406"}],"version-history":[{"count":16,"href":"https:\/\/epa.de\/antriebe\/de\/wp-json\/wp\/v2\/pages\/1406\/revisions"}],"predecessor-version":[{"id":2623,"href":"https:\/\/epa.de\/antriebe\/de\/wp-json\/wp\/v2\/pages\/1406\/revisions\/2623"}],"wp:attachment":[{"href":"https:\/\/epa.de\/antriebe\/de\/wp-json\/wp\/v2\/media?parent=1406"}],"curies":[{"name":"wp","href":"https:\/\/api.w.org\/{rel}","templated":true}]}}