{"id":120,"date":"2015-02-24T10:44:37","date_gmt":"2015-02-24T09:44:37","guid":{"rendered":"https:\/\/epa.de\/antriebe\/de\/?page_id=120"},"modified":"2017-02-21T12:11:51","modified_gmt":"2017-02-21T11:11:51","slug":"ueber-epa","status":"publish","type":"page","link":"https:\/\/epa.de\/antriebe\/de\/unternehmen\/ueber-epa\/","title":{"rendered":"\u00dcber EPA"},"content":{"rendered":"<h2>EPA steht f\u00fcr EMV &#8211; Produkte &#8211; Antriebe<\/h2>\n<p>Die Firma EPA GmbH, 1988 als Vertriebsgesellschaft f\u00fcr Frequenzumrichter gegr\u00fcndet, ist heute ein renommierter Anbieter von Antriebskomponenten. Die breite Angebotspalette reicht von der einzelnen Komponente bis zum kompletten Antriebssystem f\u00fcr nahezu alle Industrieanwendungen. Alle Antriebskomponenten vom Motor \u00fcber Getriebe, Bremsen, Geber-Technologie, Frequenzumrichter bis hin zum EMV-Filter kommen aus einer Hand. Selbst komplette Schaltschr\u00e4nke sind erh\u00e4ltlich.<\/p>\n<p>Neben der Auslegung von Antrieben und Motoren, wird bei der Einrichtung von EMV-gerechten und sicheren Anlagen und Ger\u00e4ten unterst\u00fctzt, damit die Grenzwerte nach den EN-Standards eingehalten werden und die CE-Konformit\u00e4t erlangt werden kann. \u00dcber 25 Jahre Branchenerfahrung erm\u00f6glicht schnelle Entwicklungszeiten f\u00fcr Sonderl\u00f6sungen und kurze Bearbeitungszeiten f\u00fcr Anfragen und Auftr\u00e4ge.<\/p>\n<p>Das \u00fcber 1.500 m\u00b2 gro\u00dfe Lager mit \u00fcber 2.000 verschiedenen Produkten sorgt f\u00fcr hohe Verf\u00fcgbarkeit und kurzfristige Lieferungen, auch innerhalb von wenigen Stunden. Kundenzufriedenheit, Kundenorientierung und Leistungsst\u00e4rke sind das Credo des Unternehmens.<\/p>\n<div><div class=\"youtube-container\"><div class=\"youtube-player\" data-id=\"oEv9ddWU_uQ\"><\/div><\/div><\/div>\n<p><\/p>\n","protected":false},"excerpt":{"rendered":"<p>EPA steht f\u00fcr EMV &#8211; Produkte &#8211; Antriebe Die Firma EPA GmbH, 1988 als Vertriebsgesellschaft f\u00fcr Frequenzumrichter gegr\u00fcndet, ist heute ein renommierter Anbieter von Antriebskomponenten. Die breite Angebotspalette reicht von der einzelnen Komponente bis zum kompletten Antriebssystem f\u00fcr nahezu alle Industrieanwendungen. Alle Antriebskomponenten vom Motor \u00fcber Getriebe, Bremsen, Geber-Technologie, Frequenzumrichter bis hin zum EMV-Filter kommen [&hellip;]<\/p>\n","protected":false},"author":2,"featured_media":1455,"parent":71,"menu_order":0,"comment_status":"open","ping_status":"open","template":"","meta":{"footnotes":""},"class_list":["post-120","page","type-page","status-publish","has-post-thumbnail","hentry"],"_links":{"self":[{"href":"https:\/\/epa.de\/antriebe\/de\/wp-json\/wp\/v2\/pages\/120","targetHints":{"allow":["GET"]}}],"collection":[{"href":"https:\/\/epa.de\/antriebe\/de\/wp-json\/wp\/v2\/pages"}],"about":[{"href":"https:\/\/epa.de\/antriebe\/de\/wp-json\/wp\/v2\/types\/page"}],"author":[{"embeddable":true,"href":"https:\/\/epa.de\/antriebe\/de\/wp-json\/wp\/v2\/users\/2"}],"replies":[{"embeddable":true,"href":"https:\/\/epa.de\/antriebe\/de\/wp-json\/wp\/v2\/comments?post=120"}],"version-history":[{"count":11,"href":"https:\/\/epa.de\/antriebe\/de\/wp-json\/wp\/v2\/pages\/120\/revisions"}],"predecessor-version":[{"id":1907,"href":"https:\/\/epa.de\/antriebe\/de\/wp-json\/wp\/v2\/pages\/120\/revisions\/1907"}],"up":[{"embeddable":true,"href":"https:\/\/epa.de\/antriebe\/de\/wp-json\/wp\/v2\/pages\/71"}],"wp:featuredmedia":[{"embeddable":true,"href":"https:\/\/epa.de\/antriebe\/de\/wp-json\/wp\/v2\/media\/1455"}],"wp:attachment":[{"href":"https:\/\/epa.de\/antriebe\/de\/wp-json\/wp\/v2\/media?parent=120"}],"curies":[{"name":"wp","href":"https:\/\/api.w.org\/{rel}","templated":true}]}}