{"id":109,"date":"2015-02-24T10:37:44","date_gmt":"2015-02-24T09:37:44","guid":{"rendered":"https:\/\/epa.de\/antriebe\/de\/?page_id=109"},"modified":"2024-04-19T15:42:51","modified_gmt":"2024-04-19T13:42:51","slug":"impressum","status":"publish","type":"page","link":"https:\/\/epa.de\/antriebe\/de\/impressum\/","title":{"rendered":"Impressum"},"content":{"rendered":"<p><strong><span class=\"Haendlerbund_Rechtstext_Absatz\"><span class=\"Haendlerbund_Rechtstext_Paragraph\"><span class=\"Haendlerbund_Rechtstext_Untertitel\">Gesetzliche Anbieterkennung:<\/span><\/span><\/span><\/p>\n<p><span class=\"Haendlerbund_Rechtstext_Absatz\">EPA GmbH<br \/>\ndiese vertr. d. d. Gesch\u00e4ftsf\u00fchrer Thorsten Pemsel<\/span><br \/>\n<span class=\"Haendlerbund_Rechtstext_Absatz\">Fliederstra\u00dfe 8<br \/>\n63486 Bruchk\u00f6bel<br \/>\nDeutschland<\/span><br \/>\n<span class=\"Haendlerbund_Rechtstext_Absatz\">Telefon: 0618197040<\/span><br \/>\n<span class=\"Haendlerbund_Rechtstext_Absatz\">Telefax: 06181970499<\/span><br \/>\n<span class=\"Haendlerbund_Rechtstext_Absatz\">E-Mail: <\/span><span class=\"Haendlerbund_Rechtstext_Absatz\">webmaster@epa.de<\/p>\n<p>USt-IdNr.: DE113545686<\/span><\/strong><br \/>\n<strong><span class=\"Haendlerbund_Rechtstext_Absatz\">eingetragen im Handelsregister des Amtsgerichtes Hanau<br \/>\nHandelsregisternummer HRB 3891<\/span><\/strong><\/p>\n<p><span class=\"Haendlerbund_Rechtstext_Absatz\"><strong>Inhaltlich Verantwortlicher gem\u00e4\u00df \u00a7 18 Abs. 2 MStV:<\/strong><br \/>\nHerr Dipl.-Ing. Thorsten Pemsel<br \/>\nFliederstra\u00dfe 8<br \/>\n63486 Bruchk\u00f6bel<br \/>\nDeutschland<\/span><\/p>\n<p><strong><span class=\"Haendlerbund_Rechtstext_Absatz\">zust\u00e4ndige Aufsichtsbeh\u00f6rde f\u00fcr audiovisuelle Mediendienste:<\/span><\/strong><\/p>\n<p><span class=\"Haendlerbund_Rechtstext_Absatz\">Medienanstalt Hessen<br \/>\nWilhelmsh\u00f6her Allee 262<br \/>\n34131 Kassel<\/span><br \/>\n<span class=\"Haendlerbund_Rechtstext_Absatz\">Internet:\u00a0<\/span><a href=\"https:\/\/www.medienanstalt-hessen.de\/\" target=\"_blank\" rel=\"noopener\"><span class=\"Haendlerbund_Rechtstext_Absatz\">https:\/\/www.medienanstalt-hessen.de\/<\/span><\/a><\/p>\n<p><span class=\"Haendlerbund_Rechtstext_Absatz\"><strong>Wir sind seit <\/strong><\/span><span class=\"Haendlerbund_Rechtstext_Absatz\"><strong>18.05.2018\u00a0<\/strong><\/span><span class=\"Haendlerbund_Rechtstext_Absatz\"><strong>Mitglied der Initiative &#8222;FairCommerce&#8220;.<\/strong><br \/>\nN\u00e4here Informationen hierzu finden Sie unter\u00a0<a href=\"https:\/\/www.haendlerbund.de\/de\/haendlerbund\/interessenvertretung\/faircommerce\" target=\"_blank\" rel=\"noopener\">www.haendlerbund.de\/faircommerce<\/a>.<\/span><\/p>\n<hr \/>\n<h3>Quellennachweise:<\/h3>\n<p>\u00a9 EPA GmbH &#8211; epa.de<br \/>\n\u00a9 Fotolia &#8211; fotolia.com<\/p>\n","protected":false},"excerpt":{"rendered":"<p>Gesetzliche Anbieterkennung: EPA GmbH diese vertr. d. d. Gesch\u00e4ftsf\u00fchrer Thorsten Pemsel Fliederstra\u00dfe 8 63486 Bruchk\u00f6bel Deutschland Telefon: 0618197040 Telefax: 06181970499 E-Mail: webmaster@epa.de USt-IdNr.: DE113545686 eingetragen im Handelsregister des Amtsgerichtes Hanau Handelsregisternummer HRB 3891 Inhaltlich Verantwortlicher gem\u00e4\u00df \u00a7 18 Abs. 2 MStV: Herr Dipl.-Ing. Thorsten Pemsel Fliederstra\u00dfe 8 63486 Bruchk\u00f6bel Deutschland zust\u00e4ndige Aufsichtsbeh\u00f6rde f\u00fcr audiovisuelle Mediendienste: [&hellip;]<\/p>\n","protected":false},"author":2,"featured_media":0,"parent":0,"menu_order":0,"comment_status":"open","ping_status":"open","template":"","meta":{"footnotes":""},"class_list":["post-109","page","type-page","status-publish","hentry"],"_links":{"self":[{"href":"https:\/\/epa.de\/antriebe\/de\/wp-json\/wp\/v2\/pages\/109","targetHints":{"allow":["GET"]}}],"collection":[{"href":"https:\/\/epa.de\/antriebe\/de\/wp-json\/wp\/v2\/pages"}],"about":[{"href":"https:\/\/epa.de\/antriebe\/de\/wp-json\/wp\/v2\/types\/page"}],"author":[{"embeddable":true,"href":"https:\/\/epa.de\/antriebe\/de\/wp-json\/wp\/v2\/users\/2"}],"replies":[{"embeddable":true,"href":"https:\/\/epa.de\/antriebe\/de\/wp-json\/wp\/v2\/comments?post=109"}],"version-history":[{"count":18,"href":"https:\/\/epa.de\/antriebe\/de\/wp-json\/wp\/v2\/pages\/109\/revisions"}],"predecessor-version":[{"id":2611,"href":"https:\/\/epa.de\/antriebe\/de\/wp-json\/wp\/v2\/pages\/109\/revisions\/2611"}],"wp:attachment":[{"href":"https:\/\/epa.de\/antriebe\/de\/wp-json\/wp\/v2\/media?parent=109"}],"curies":[{"name":"wp","href":"https:\/\/api.w.org\/{rel}","templated":true}]}}