{"id":103,"date":"2015-02-24T10:35:36","date_gmt":"2015-02-24T09:35:36","guid":{"rendered":"https:\/\/epa.de\/antriebe\/de\/?page_id=103"},"modified":"2020-06-16T14:25:21","modified_gmt":"2020-06-16T12:25:21","slug":"parametrierungen","status":"publish","type":"page","link":"https:\/\/epa.de\/antriebe\/de\/dienstleistungen\/parametrierungen\/","title":{"rendered":"Parametrierungen \/ Inbetriebnahmen"},"content":{"rendered":"<p>Gerne \u00fcbernehmen wir f\u00fcr Sie die individuelle Parametrierung von Frequenzumrichtern nach Ihren Vorgaben oder auch die komplette Inbetriebnahme vor Ort. F\u00fcr Serienanwendungen k\u00f6nnen wir Ihnen die Frequenzumrichter und Servoregler auf Wunsch auch mit Ihren Daten vorparametriert liefern. Das spart Ihnen wertvolle Arbeitszeit.<\/p>\n<h2>Parametrier-Service<\/h2>\n<p><strong>Wir helfen Ihnen beim Einstellen der richtigen Frequenzumrichter-Parameter!<\/strong><\/p>\n<p><img loading=\"lazy\" decoding=\"async\" width=\"1920\" height=\"1080\" class=\"alignnone wp-image-529 size-large\" src=\"https:\/\/epa.de\/antriebe\/de\/wp-content\/uploads\/sites\/3\/2015\/02\/Messefilm_EPA_25p-022.jpg\" alt=\"022\" srcset=\"https:\/\/epa.de\/antriebe\/de\/wp-content\/uploads\/sites\/3\/2015\/02\/Messefilm_EPA_25p-022.jpg 1920w, https:\/\/epa.de\/antriebe\/de\/wp-content\/uploads\/sites\/3\/2015\/02\/Messefilm_EPA_25p-022-300x169.jpg 300w, https:\/\/epa.de\/antriebe\/de\/wp-content\/uploads\/sites\/3\/2015\/02\/Messefilm_EPA_25p-022-1024x576.jpg 1024w\" sizes=\"auto, (max-width: 1920px) 100vw, 1920px\" \/><\/a><\/p>\n<p>Wir bieten Ihnen die M\u00f6glichkeit, die Frequenzumrichter bei uns im Werk vorparametrieren zu lassen.<\/p>\n<h2>Inbetriebnahme-Service<\/h2>\n<p>Sie ben\u00f6tigen einen Serice-Techniker vor Ort, der Frequenzumrichter fachgerecht montiert und inbetrieb nimmt?<\/p>\n<p>Sie haben einen Frequenzumrichter in einer bestehenden Anlage und m\u00f6chten auf einen neuen EPA Frequenzumrichter umsteigen?<\/p>\n<p>Wir bieten Ihnen das Rundum-Sorglos-Paket f\u00fcr die Sanierung und Erneuerung Ihrer bestehenden Anlagen. Gemeinsam mit Ihnen werden die Vorgaben und W\u00fcnsche f\u00fcr die neue Anlage erarbeitet. Ohne Eingriffe in die bestehende Steuerung r\u00fcsten wir Ihre Antriebstechnik auf den neuesten Stand der Technik um. Ausfallzeiten und damit verbundene Kosten werden vermieden.<\/p>\n<p>Sprechen Sie uns an!<\/p>\n<p>Telefonisch stehen wir Ihnen kostenlos Rede und Antwort unter <strong>0 61 81 &#8211; 97 04 44<\/strong><\/p>\n<p><strong>Beispiel: Umstellung von Unidrive Classic auf Unidrive SP oder Unidrive M<\/strong><\/p>\n","protected":false},"excerpt":{"rendered":"<p>Gerne \u00fcbernehmen wir f\u00fcr Sie die individuelle Parametrierung von Frequenzumrichtern nach Ihren Vorgaben oder auch die komplette Inbetriebnahme vor Ort. F\u00fcr Serienanwendungen k\u00f6nnen wir Ihnen die Frequenzumrichter und Servoregler auf Wunsch auch mit Ihren Daten vorparametriert liefern. Das spart Ihnen wertvolle Arbeitszeit. Parametrier-Service Wir helfen Ihnen beim Einstellen der richtigen Frequenzumrichter-Parameter! Wir bieten Ihnen die [&hellip;]<\/p>\n","protected":false},"author":2,"featured_media":0,"parent":74,"menu_order":0,"comment_status":"open","ping_status":"open","template":"","meta":{"footnotes":""},"class_list":["post-103","page","type-page","status-publish","hentry"],"_links":{"self":[{"href":"https:\/\/epa.de\/antriebe\/de\/wp-json\/wp\/v2\/pages\/103","targetHints":{"allow":["GET"]}}],"collection":[{"href":"https:\/\/epa.de\/antriebe\/de\/wp-json\/wp\/v2\/pages"}],"about":[{"href":"https:\/\/epa.de\/antriebe\/de\/wp-json\/wp\/v2\/types\/page"}],"author":[{"embeddable":true,"href":"https:\/\/epa.de\/antriebe\/de\/wp-json\/wp\/v2\/users\/2"}],"replies":[{"embeddable":true,"href":"https:\/\/epa.de\/antriebe\/de\/wp-json\/wp\/v2\/comments?post=103"}],"version-history":[{"count":15,"href":"https:\/\/epa.de\/antriebe\/de\/wp-json\/wp\/v2\/pages\/103\/revisions"}],"predecessor-version":[{"id":2178,"href":"https:\/\/epa.de\/antriebe\/de\/wp-json\/wp\/v2\/pages\/103\/revisions\/2178"}],"up":[{"embeddable":true,"href":"https:\/\/epa.de\/antriebe\/de\/wp-json\/wp\/v2\/pages\/74"}],"wp:attachment":[{"href":"https:\/\/epa.de\/antriebe\/de\/wp-json\/wp\/v2\/media?parent=103"}],"curies":[{"name":"wp","href":"https:\/\/api.w.org\/{rel}","templated":true}]}}