{"id":100,"date":"2015-02-24T10:34:58","date_gmt":"2015-02-24T09:34:58","guid":{"rendered":"https:\/\/epa.de\/antriebe\/de\/?page_id=100"},"modified":"2021-06-22T10:50:03","modified_gmt":"2021-06-22T08:50:03","slug":"emv-messungen","status":"publish","type":"page","link":"https:\/\/epa.de\/antriebe\/de\/emv-messungen\/","title":{"rendered":"EMV-Messungen"},"content":{"rendered":"<div id=\"content_left\">\n<h3>Wir messen!<\/h3>\n<p>In unserem komplett ausgestatteten EMV-Pr\u00fcflabor werden nicht nur eigene Produkte eingemessen, sondern wir bieten Ihnen auch die EMV-relevanten Messungen und Pr\u00fcfungen als Dienstleistung. Unsere kompetente Unterst\u00fctzung bei Ihrer EMV-gerechten Ger\u00e4te- und Anlagenentwicklung bzw. Konstruktion, geh\u00f6rt ebenso zu unserem Dienstleistungsportfolio, wie auch die \u201eVor-Ort-Messung\u201c der elektromagnetischen Vertr\u00e4glichkeit. Dazu geh\u00f6ren Messungen der St\u00f6rspannungen und der St\u00f6rfeldst\u00e4rke, Pr\u00fcfungen der St\u00f6rfestigkeit, EMV-Fehlersuche sowie Analyse der Ableitstr\u00f6me, Netzqualit\u00e4t und der Oberschwingungen.<\/p>\n<p><a href=\"https:\/\/epa.de\/antriebe\/de\/wp-content\/uploads\/sites\/3\/2015\/02\/DSC_0481_sm.jpg\" rel=\"attachment wp-att-1606\" data-rel=\"lightbox-image-0\" data-rl_title=\"\" data-rl_caption=\"\" title=\"\"><img loading=\"lazy\" decoding=\"async\" class=\"alignnone wp-image-1606 size-large\" src=\"https:\/\/epa.de\/antriebe\/de\/wp-content\/uploads\/sites\/3\/2015\/02\/DSC_0481_sm-1024x678.jpg\" alt=\"DSC_0481_sm\" width=\"640\" height=\"424\" srcset=\"https:\/\/epa.de\/antriebe\/de\/wp-content\/uploads\/sites\/3\/2015\/02\/DSC_0481_sm-1024x678.jpg 1024w, https:\/\/epa.de\/antriebe\/de\/wp-content\/uploads\/sites\/3\/2015\/02\/DSC_0481_sm-300x199.jpg 300w, https:\/\/epa.de\/antriebe\/de\/wp-content\/uploads\/sites\/3\/2015\/02\/DSC_0481_sm-768x508.jpg 768w, https:\/\/epa.de\/antriebe\/de\/wp-content\/uploads\/sites\/3\/2015\/02\/DSC_0481_sm.jpg 2000w\" sizes=\"auto, (max-width: 640px) 100vw, 640px\" \/><\/a><\/p>\n<p><strong>Folgende Messungen sind in unserem Labor m\u00f6glich:<\/strong><\/p>\n<ul>\n<li>Messung der leitungsgebundenen St\u00f6rgr\u00f6\u00dfen<\/li>\n<li>Messung der abgestrahlten St\u00f6rgr\u00f6\u00dfen in der Absorberkabine<\/li>\n<li>St\u00f6rfestigkeitspr\u00fcfungen (Surge, Burst und ESD)<\/li>\n<li>Ableitstrom-\/Fehlerstrom-Messungen<\/li>\n<li>Messungen am Frequenzumrichterausgang<\/li>\n<li>Messungen am Belastungspr\u00fcfstand mit R\u00fcckspeiseeinrichtung<\/li>\n<li>Messung der Einf\u00fcgungsd\u00e4mpfung von Netzfiltern<\/li>\n<\/ul>\n<p><strong>Folgende Messungen an installierten Anlagen sind m\u00f6glich:<\/strong><\/p>\n<ul>\n<li>Messung der leitungsgebundenen St\u00f6rgr\u00f6\u00dfen<\/li>\n<li>St\u00f6rspannungsmessung mit Netznachbildung bis 350A<\/li>\n<li>St\u00f6raussendungen im Frequenzbereich von 9 kHz bis 1000 MHz<\/li>\n<li>Oberschwingungsmessungen bis zur 49. Harmonischen<\/li>\n<li>St\u00f6rstrahlungen (magnetische und elektrische Komponenten)<\/li>\n<li>Netzqualit\u00e4tsanalysen bis 2500 A<\/li>\n<li>Messungen am Frequenzumrichterausgang<\/li>\n<li>Allgemeine EMV-St\u00f6rungsanalyse und Fehlersuche<\/li>\n<li>Ableitstrom- und Fehlerstrom-Analysen<\/li>\n<\/ul>\n<p><a href=\"https:\/\/epa.de\/antriebe\/de\/wp-content\/uploads\/sites\/3\/2015\/02\/Messauto_sm.jpg\" rel=\"attachment wp-att-1607\" data-rel=\"lightbox-image-1\" data-rl_title=\"\" data-rl_caption=\"\" title=\"\"><img loading=\"lazy\" decoding=\"async\" class=\"alignnone wp-image-1607 size-large\" src=\"https:\/\/epa.de\/antriebe\/de\/wp-content\/uploads\/sites\/3\/2015\/02\/Messauto_sm-683x1024.jpg\" alt=\"Messauto_sm\" width=\"640\" height=\"960\" srcset=\"https:\/\/epa.de\/antriebe\/de\/wp-content\/uploads\/sites\/3\/2015\/02\/Messauto_sm-683x1024.jpg 683w, https:\/\/epa.de\/antriebe\/de\/wp-content\/uploads\/sites\/3\/2015\/02\/Messauto_sm-200x300.jpg 200w, https:\/\/epa.de\/antriebe\/de\/wp-content\/uploads\/sites\/3\/2015\/02\/Messauto_sm-768x1151.jpg 768w, https:\/\/epa.de\/antriebe\/de\/wp-content\/uploads\/sites\/3\/2015\/02\/Messauto_sm.jpg 1334w\" sizes=\"auto, (max-width: 640px) 100vw, 640px\" \/><\/a><\n\n\n\n<h3>Funkst\u00f6rspannungen<\/h3>\n<p>Es werden Messungen auf dem normkonformen EMV-Messplatz oder in der EMV-Absorberkabine zum einen unentst\u00f6rt und zum anderen mit der Verwendung eines Entst\u00f6rmittels aus dem EPA-Standardprogramm durchgef\u00fchrt. Falls die Applikation eine Modifizierung in Bauform und Entst\u00f6rwirkung bedarf, so wird die Wirksamkeit mit dieser Messung \u00fcberpr\u00fcft. Die Messungen werden mit Hilfe einer Netznachbildung und eines EMV-Messempf\u00e4ngers durchgef\u00fchrt. Hierbei wird der Frequenzbereich von 150 kHz bis 30 MHz gemessen und die Einhaltung der, f\u00fcr Ihr Produkt g\u00fcltigen, Grenzwerte \u00fcberpr\u00fcft.<\/p>\n<p><a href=\"https:\/\/epa.de\/antriebe\/de\/wp-content\/uploads\/sites\/3\/2015\/02\/EMV-Messschrank_sm.jpg\" rel=\"attachment wp-att-1608\" data-rel=\"lightbox-image-2\" data-rl_title=\"\" data-rl_caption=\"\" title=\"\"><img loading=\"lazy\" decoding=\"async\" class=\"alignnone wp-image-1608 size-large\" src=\"https:\/\/epa.de\/antriebe\/de\/wp-content\/uploads\/sites\/3\/2015\/02\/EMV-Messschrank_sm-683x1024.jpg\" alt=\"EMV-Messschrank_sm\" width=\"640\" height=\"960\" srcset=\"https:\/\/epa.de\/antriebe\/de\/wp-content\/uploads\/sites\/3\/2015\/02\/EMV-Messschrank_sm-683x1024.jpg 683w, https:\/\/epa.de\/antriebe\/de\/wp-content\/uploads\/sites\/3\/2015\/02\/EMV-Messschrank_sm-200x300.jpg 200w, https:\/\/epa.de\/antriebe\/de\/wp-content\/uploads\/sites\/3\/2015\/02\/EMV-Messschrank_sm-768x1151.jpg 768w, https:\/\/epa.de\/antriebe\/de\/wp-content\/uploads\/sites\/3\/2015\/02\/EMV-Messschrank_sm.jpg 1334w\" sizes=\"auto, (max-width: 640px) 100vw, 640px\" \/><\/a><\/p>\n<h3>Funkst\u00f6rstrahlung<\/h3>\n<p>Es werden Messungen der magnetischen und elektrischen Komponente des Feldes mit speziell abgestimmten Antennen in der Absorberkabine durchgef\u00fchrt. Um die Stelle mit der maximalen Emission ermitteln zu k\u00f6nnen, befindet sich der Pr\u00fcfling auf einer Drehscheibe, die sich um 360\u00b0 drehen l\u00e4sst. Zudem wird bei der Messung die Antennenh\u00f6he variiert und die Polarit\u00e4t der Antenne zwischen horizontal und vertikal ge\u00e4ndert. Der Abstand zwischen dem Pr\u00fcfling und der Antenne betr\u00e4gt 3 Meter. Die Grenzwerte f\u00fcr die abgestrahlte Feldst\u00e4rke, werden f\u00fcr den Frequenzbereich von 30 MHz bis 1000 MHz bewertet.<\/p>\n<p><a href=\"https:\/\/epa.de\/filter\/de\/wp-content\/uploads\/sites\/3\/2015\/02\/EPA_EMV-Antenne.jpg\" data-rel=\"lightbox-image-3\" data-rl_title=\"\" data-rl_caption=\"\" title=\"\"><img loading=\"lazy\" decoding=\"async\" class=\"alignnone wp-image-147\" src=\"https:\/\/epa.de\/filter\/de\/wp-content\/uploads\/sites\/3\/2015\/02\/EPA_EMV-Antenne.jpg\" alt=\"EPA_EMV-Antenne\" width=\"499\" height=\"362\" \/><\/a><\/p>\n<h3>Analyse von Oberschwingungen und Netzqualit\u00e4t<\/h3>\n<p>Mit speziellen Messger\u00e4ten \u00fcberpr\u00fcfen wir vor Ort den Oberschwingungsanteil nach EN 61000-3-2 und EN 61000-3-12 sowie die Netzqualit\u00e4t nach EN 50160 (Langzeitmessungen).<\/p>\n<h3>Ableitstromanalyse<\/h3>\n<p>Probleme mit dem Ausl\u00f6sen des Fehlerstromschutzschalters z. B. beim Einsatz von Frequenzumrichtern?<br \/>\nMit Hilfe unserer LEAKWATCH Analysesoftware wird der Ableitstrom und dessen Ursache genau ermittelt. Wir helfen Ihnen gerne!<\/p>\n<h3>\u00dcbersicht der Normen, nach denen wir messen und pr\u00fcfen:<\/h3>\n<p><strong>Funk-St\u00f6rspannungsmessungen: (leitungsgebunden 9 kHz bis 30 MHz)<\/strong><\/p>\n<ul>\n<li>EN 61000-6-3 (alt: EN 50081-1) Wohnbereich und leichte Industrie<\/li>\n<li>EN 61000-6-4 (alt: EN 50081-2) Industriebereich<\/li>\n<li>EN 55011 Industrielle, wissenschaftliche und medizinische Ger\u00e4te (ISM)<\/li>\n<li>EN 55014 Haushaltger\u00e4te, Elektrowerkzeuge und \u00e4hnliche Elektroger\u00e4te<\/li>\n<li>EN 55015 Beleuchtungseinrichtungen und \u00e4hnlichen Elektroger\u00e4te<\/li>\n<li>EN 55022 Einrichtungen der Informationstechnik (IT)<\/li>\n<li>EN 50370-1 Werkzeugmaschinen<\/li>\n<li>EN 61800-3 Elektrische Antriebe<\/li>\n<\/ul>\n<p><strong>Funk-St\u00f6rfeldst\u00e4rkemessungen (abgestrahlt 30 MHz bis 1 GHz):<\/strong><\/p>\n<ul>\n<li>EN 61000-6-3 (alt: EN 50081-1) Wohnbereich und leichte Industrie<\/li>\n<li>EN 61000-6-4 (alt: EN 50081-2) Industriebereich<\/li>\n<li>EN 55011 Industrielle, wissenschaftliche und medizinische Ger\u00e4te (ISM)<\/li>\n<li>EN 55014 Haushaltger\u00e4te, Elektrowerkzeuge und \u00e4hnliche Elektroger\u00e4te<\/li>\n<li>EN 55022 Einrichtungen der Informationstechnik (IT)<\/li>\n<li>EN 50370-1 Werkzeugmaschinen<\/li>\n<li>EN 61800-3 Elektrische Antriebe<\/li>\n<\/ul>\n<p><strong>St\u00f6rfestigkeitspr\u00fcfungen<\/strong><\/p>\n<ul>\n<li>EN 61000-6-1 (alt: EN 50082-1) Wohnbereich und leichte Industrie<\/li>\n<li>EN 61000-6-2 (alt: EN 50082-2) Industriebereich<\/li>\n<li>EN 61000-4-2 Elektrische Entladung (ESD)<\/li>\n<li>EN 61000-4-4 Schnelle Transienten (Burst)<\/li>\n<li>EN 61000-4-5 Energiereiche Sto\u00dfspannungen (Surge)<\/li>\n<li>EN 61000-4-11 Spannungseinbr\u00fcche, Kurzzeitunterbrechungen, Spannungsschwankungen<\/li>\n<li>EN 50370-2 Werkzeugmaschinen<\/li>\n<li>EN 61800-3 Elektrische Antriebe<\/li>\n<\/ul>\n<p><strong>Weitere Normen auf Anfrage<\/strong><\/p>\n<\/div>\n","protected":false},"excerpt":{"rendered":"<p>Wir messen! In unserem komplett ausgestatteten EMV-Pr\u00fcflabor werden nicht nur eigene Produkte eingemessen, sondern wir bieten Ihnen auch die EMV-relevanten Messungen und Pr\u00fcfungen als Dienstleistung. Unsere kompetente Unterst\u00fctzung bei Ihrer EMV-gerechten Ger\u00e4te- und Anlagenentwicklung bzw. Konstruktion, geh\u00f6rt ebenso zu unserem Dienstleistungsportfolio, wie auch die \u201eVor-Ort-Messung\u201c der elektromagnetischen Vertr\u00e4glichkeit. Dazu geh\u00f6ren Messungen der St\u00f6rspannungen und der [&hellip;]<\/p>\n","protected":false},"author":2,"featured_media":1605,"parent":0,"menu_order":0,"comment_status":"open","ping_status":"open","template":"","meta":{"footnotes":""},"class_list":["post-100","page","type-page","status-publish","has-post-thumbnail","hentry"],"_links":{"self":[{"href":"https:\/\/epa.de\/antriebe\/de\/wp-json\/wp\/v2\/pages\/100","targetHints":{"allow":["GET"]}}],"collection":[{"href":"https:\/\/epa.de\/antriebe\/de\/wp-json\/wp\/v2\/pages"}],"about":[{"href":"https:\/\/epa.de\/antriebe\/de\/wp-json\/wp\/v2\/types\/page"}],"author":[{"embeddable":true,"href":"https:\/\/epa.de\/antriebe\/de\/wp-json\/wp\/v2\/users\/2"}],"replies":[{"embeddable":true,"href":"https:\/\/epa.de\/antriebe\/de\/wp-json\/wp\/v2\/comments?post=100"}],"version-history":[{"count":12,"href":"https:\/\/epa.de\/antriebe\/de\/wp-json\/wp\/v2\/pages\/100\/revisions"}],"predecessor-version":[{"id":2251,"href":"https:\/\/epa.de\/antriebe\/de\/wp-json\/wp\/v2\/pages\/100\/revisions\/2251"}],"wp:featuredmedia":[{"embeddable":true,"href":"https:\/\/epa.de\/antriebe\/de\/wp-json\/wp\/v2\/media\/1605"}],"wp:attachment":[{"href":"https:\/\/epa.de\/antriebe\/de\/wp-json\/wp\/v2\/media?parent=100"}],"curies":[{"name":"wp","href":"https:\/\/api.w.org\/{rel}","templated":true}]}}